{"id":52847,"date":"2025-05-23T16:56:20","date_gmt":"2025-05-23T16:56:20","guid":{"rendered":"https:\/\/snus-malmo.se\/?post_type=product&#038;p=52847"},"modified":"2025-07-23T14:59:41","modified_gmt":"2025-07-23T14:59:41","slug":"ettan-lossnus","status":"publish","type":"product","link":"https:\/\/snus-malmo.se\/sv\/produkt\/ettan-lossnus\/","title":{"rendered":"Ettan L\u00f6ssnus"},"content":{"rendered":"<h1>Ettan L\u00f6ssnus<\/h1>\n<article class=\"product-text\">Ettan l\u00f6s \u00e4r ett av Sveriges \u00e4ldsta snus med en traditionell tobakssmak. Fyllig, robust och l\u00e4tt r\u00f6kig. Ettan \u00e4r tradition.<\/article>\n<article class=\"product-text\">Ettan L\u00f6s \u00e4r ett av Sveriges \u00e4ldsta snusm\u00e4rken och har i stort sett inte f\u00f6r\u00e4ndrats i receptet sedan 1822 n\u00e4r det skapades av snusfabrik\u00f6r Jacob Fredrik Ljungl\u00f6f. Den traditionella tobakssmaken \u00e4r n\u00e5got mildare i sin karakt\u00e4r, vilket g\u00f6r att de r\u00f6kiga aromerna lyser igenom. Du anar \u00e4ven inslag av torkat gr\u00e4s, tj\u00e4ra och malt. En hint av m\u00f6rk choklad kan ocks\u00e5 lysa igenom. Ettan l\u00f6s \u00e4r fyllig och robust i sin smakupplevelse och det \u00e4r ett l\u00e4ttbakat smidigt snus.Tidigare tillverkades Ettan av snusfabrikanten Ljungl\u00f6f, men p\u00e5 senare \u00e5r har Swedish Match&#8217;s tagit \u00f6ver tillverkningen. Kvaliteten \u00e4r dock fortfarande densamma!Passa p\u00e5 att k\u00f6pa ett lock till din dosa. Se Ettan Snuslock i guldf\u00e4rg\u00a0h\u00e4r<\/p>\n<table class=\"product-specs\">\n<thead>\n<tr>\n<th>Fakta om produkten<\/th>\n<th class=\"text-right\"><\/th>\n<\/tr>\n<\/thead>\n<tbody>\n<tr>\n<td class=\"spec-key\">Varum\u00e4rke<\/td>\n<td class=\"spec-value text-right\">Ettan<\/td>\n<\/tr>\n<tr>\n<td class=\"spec-key\">Produkttyp<\/td>\n<td class=\"spec -value text-right\">l\u00f6ssnus<\/td>\n<\/tr>\n<tr>\n<td class=\"spec-key\">Nikotinstyrka<\/td>\n<td class=\"spec -value text-right\">normal<\/td>\n<\/tr>\n<tr>\n<td class=\"spec-key\">Nikotinhalt<\/td>\n<td class=\"spec -value text-right\">7,5 mg\/g<\/td>\n<\/tr>\n<tr>\n<td class=\"spec-key\">Smak<\/td>\n<td class=\"spec -value text-right\">Traditionell<\/td>\n<\/tr>\n<tr>\n<td class=\"spec-key\">Inneh\u00e5ll\/f\u00f6rpackning<\/td>\n<td class=\"spec -value text-right\">42 g<\/td>\n<\/tr>\n<tr>\n<td class=\"spec-key\">Format<\/td>\n<td class=\"spec -value text-right\">L\u00f6s<\/td>\n<\/tr>\n<tr>\n<td class=\"spec-key\">Kornighet<\/td>\n<td class=\"spec -value text-right\">Medel<\/td>\n<\/tr>\n<tr>\n<td class=\"spec-key\">Producent<\/td>\n<td class=\"spec-value text-right\">Swedish Match<\/td>\n<\/tr>\n<\/tbody>\n<\/table>\n<\/article>","protected":false},"excerpt":{"rendered":"<h1>Ettan L\u00f6ssnus<\/h1>\n<article class=\"product-text\">Ettan l\u00f6s \u00e4r ett av Sveriges \u00e4ldsta snus med en traditionell tobakssmak. Fyllig, robust och l\u00e4tt r\u00f6kig. Ettan \u00e4r tradition.<\/article>\n<article class=\"product-text\">Ettan L\u00f6s \u00e4r ett av Sveriges \u00e4ldsta snusm\u00e4rken och har i stort sett inte f\u00f6r\u00e4ndrats i receptet sedan 1822 n\u00e4r det skapades av snusfabrik\u00f6r Jacob Fredrik Ljungl\u00f6f.<\/article>","protected":false},"featured_media":16600,"comment_status":"open","ping_status":"closed","template":"","meta":[],"product_brand":[367,359],"product_cat":[85,276,368],"product_tag":[],"class_list":{"0":"post-52847","1":"product","2":"type-product","3":"status-publish","4":"has-post-thumbnail","6":"product_brand-ettan","7":"product_brand-los-snus","8":"product_cat-ettan","9":"product_cat-los-snus","10":"product_cat-snus-tobakssnus-traditionellt-snus","12":"first","13":"instock","14":"taxable","15":"shipping-taxable","16":"purchasable","17":"product-type-variable"},"_links":{"self":[{"href":"https:\/\/snus-malmo.se\/sv\/wp-json\/wp\/v2\/product\/52847","targetHints":{"allow":["GET"]}}],"collection":[{"href":"https:\/\/snus-malmo.se\/sv\/wp-json\/wp\/v2\/product"}],"about":[{"href":"https:\/\/snus-malmo.se\/sv\/wp-json\/wp\/v2\/types\/product"}],"replies":[{"embeddable":true,"href":"https:\/\/snus-malmo.se\/sv\/wp-json\/wp\/v2\/comments?post=52847"}],"version-history":[{"count":0,"href":"https:\/\/snus-malmo.se\/sv\/wp-json\/wp\/v2\/product\/52847\/revisions"}],"wp:featuredmedia":[{"embeddable":true,"href":"https:\/\/snus-malmo.se\/sv\/wp-json\/wp\/v2\/media\/16600"}],"wp:attachment":[{"href":"https:\/\/snus-malmo.se\/sv\/wp-json\/wp\/v2\/media?parent=52847"}],"wp:term":[{"taxonomy":"product_brand","embeddable":true,"href":"https:\/\/snus-malmo.se\/sv\/wp-json\/wp\/v2\/product_brand?post=52847"},{"taxonomy":"product_cat","embeddable":true,"href":"https:\/\/snus-malmo.se\/sv\/wp-json\/wp\/v2\/product_cat?post=52847"},{"taxonomy":"product_tag","embeddable":true,"href":"https:\/\/snus-malmo.se\/sv\/wp-json\/wp\/v2\/product_tag?post=52847"}],"curies":[{"name":"wp","href":"https:\/\/api.w.org\/{rel}","templated":true}]}}