{"id":52853,"date":"2025-05-23T16:56:20","date_gmt":"2025-05-23T16:56:20","guid":{"rendered":"https:\/\/snus-malmo.se\/?post_type=product&#038;p=52853"},"modified":"2025-10-28T08:18:55","modified_gmt":"2025-10-28T08:18:55","slug":"camel-breeze-super-slim","status":"publish","type":"product","link":"https:\/\/snus-malmo.se\/sv\/produkt\/camel-breeze-super-slim\/","title":{"rendered":"Camel Breeze Super Slim"},"content":{"rendered":"<p>Camel Breeze Slim<\/p>\n<p>NYHET!, Camel Breeze Slim smakar som dem vanliga Camel Breeze men kommer nu \u00e4ven som slim-cigaretter.<\/p>\n<p>Nya\u00a0Camel Breeze Slim\u00a0f\u00f6ljer det nya regelverket kring mentolcigaretter och g\u00f6r att dessa inte klassas som tidigare, allts\u00e5 med \u201dkarakt\u00e4ristisk smak\u201d av mentol.<\/p>\n<p>20-pack. En limpa med 10 askar.<\/p>\n<p><strong><em>N\u00e4r tr\u00e4der f\u00f6rbudet av menthol cigaretter i kraft?<\/em><\/strong><\/p>\n<p>F\u00f6rbudet tr\u00e4dde i kraft den 20 maj, alla Menthol &amp; Capsyl-cigaretter f\u00f6rbjuds att s\u00e4ljas i b\u00e5de Sverige och \u00f6ver hela EU.<\/p>\n<p>I samband med den nya lagstiftningen f\u00e5r cigaretter inte l\u00e4ngre ha \u201dkarakt\u00e4ristisk smak\u201d av mentol.<\/p>","protected":false},"excerpt":{"rendered":"<p>Camel Breeze Slim<\/p>\n<p>NYHET!, Camel Breeze Slim smakar som dem vanliga Camel Breeze men kommer nu \u00e4ven som slim-cigaretter.<\/p>\n<p>Nya\u00a0Camel Breeze Slim\u00a0f\u00f6ljer det nya regelverket kring mentolcigaretter och g\u00f6r att dessa inte klassas som tidigare, allts\u00e5 med \u201dkarakt\u00e4ristisk smak\u201d av mentol.<\/p>","protected":false},"featured_media":16624,"comment_status":"open","ping_status":"closed","template":"","meta":[],"product_brand":[],"product_cat":[181,28,137],"product_tag":[],"class_list":{"0":"post-52853","1":"product","2":"type-product","3":"status-publish","4":"has-post-thumbnail","6":"product_cat-camel","7":"product_cat-cigaretter","8":"product_cat-slim","10":"first","11":"instock","12":"taxable","13":"shipping-taxable","14":"purchasable","15":"product-type-variable"},"_links":{"self":[{"href":"https:\/\/snus-malmo.se\/sv\/wp-json\/wp\/v2\/product\/52853","targetHints":{"allow":["GET"]}}],"collection":[{"href":"https:\/\/snus-malmo.se\/sv\/wp-json\/wp\/v2\/product"}],"about":[{"href":"https:\/\/snus-malmo.se\/sv\/wp-json\/wp\/v2\/types\/product"}],"replies":[{"embeddable":true,"href":"https:\/\/snus-malmo.se\/sv\/wp-json\/wp\/v2\/comments?post=52853"}],"version-history":[{"count":0,"href":"https:\/\/snus-malmo.se\/sv\/wp-json\/wp\/v2\/product\/52853\/revisions"}],"wp:featuredmedia":[{"embeddable":true,"href":"https:\/\/snus-malmo.se\/sv\/wp-json\/wp\/v2\/media\/16624"}],"wp:attachment":[{"href":"https:\/\/snus-malmo.se\/sv\/wp-json\/wp\/v2\/media?parent=52853"}],"wp:term":[{"taxonomy":"product_brand","embeddable":true,"href":"https:\/\/snus-malmo.se\/sv\/wp-json\/wp\/v2\/product_brand?post=52853"},{"taxonomy":"product_cat","embeddable":true,"href":"https:\/\/snus-malmo.se\/sv\/wp-json\/wp\/v2\/product_cat?post=52853"},{"taxonomy":"product_tag","embeddable":true,"href":"https:\/\/snus-malmo.se\/sv\/wp-json\/wp\/v2\/product_tag?post=52853"}],"curies":[{"name":"wp","href":"https:\/\/api.w.org\/{rel}","templated":true}]}}