{"id":52862,"date":"2025-05-23T16:56:20","date_gmt":"2025-05-23T16:56:20","guid":{"rendered":"https:\/\/snus-malmo.se\/?post_type=product&#038;p=52862"},"modified":"2025-07-29T14:24:17","modified_gmt":"2025-07-29T14:24:17","slug":"swedsnus-express-blend-no-7-20-dosor-grovmald-los","status":"publish","type":"product","link":"https:\/\/snus-malmo.se\/sv\/produkt\/swedsnus-express-blend-no-7-20-dosor-grovmald-los\/","title":{"rendered":"Swedsnus Express Blend No.7 20 Dosor Grovmald L\u00f6s"},"content":{"rendered":"<div class=\"product__description rte quick-add-hidden\">\n<article class=\"product-text\">NYHET! Swedsnus Blend No.7 Grovmald &#8211; Fyllig snussmak med tydliga inslag av m\u00f6rkare tobakskarakt\u00e4r och balanserad mjuk avrundning. Tillverkad enligt svensk hantverkstradition med tobak av h\u00f6gsta premiumkvalitet. Klar p\u00e5 5 minuter &#8211; Tills\u00e4tt bara vatten. Ger ca 20 dosor f\u00e4rdigt l\u00f6ssnus.<\/article>\n<div class=\"buy-pane\">\n<div class=\"tab-content buy-tabs-content\">\n<div id=\"buy\" class=\"tab-pane active\">\n<div>\n<div class=\"variants list\">\n<p>Blend No.7 \u00e4r Swedsnus senaste tobaksblandning f\u00f6r Express L\u00f6ssnus och \u00e4r gjord med tobak av h\u00f6gsta premiumkvalitet. Den har en fyllig naturlig tobakssmak med mjuk avrundning, som kryddats med tydliga inslag av m\u00f6rkare tobakskarakt\u00e4r.<\/p>\n<p>Genom en unik process har Swedsnus skapat originalet f\u00f6r ett \u201dg\u00f6r-det-sj\u00e4lv-l\u00f6ssnus\u201d som man slipper att baka i ugn eller tryckkokare. Man bereder den enkelt genom att bara tills\u00e4tta vatten enligt medf\u00f6ljande instruktioner. Den kan anv\u00e4ndas naturell som den \u00e4r, kryddas p\u00e5 egen hand eller med Swedsnus specialanpassade Expressaromer f\u00f6r b\u00e4sta resultat och krambarhet. Anv\u00e4nd g\u00e4rna ocks\u00e5 Swedsnus Konsistensp\u00e5se &#8211; Suver\u00e4nt effektiv f\u00f6r att bearbeta sitt f\u00e4rdiga l\u00f6ssnus till perfekt konsistens. Snuset tillverkas enligt svensk hantverksm\u00e4ssig tradition i Swedsnus egen fabrik. Swedsnus L\u00f6ssnus Blend No.7 Grovmald Express ger ca 0,75 kilo f\u00e4rdigt l\u00f6ssnus.<\/p>\n<p>\u2022\u00a0Originalet p\u00e5 marknaden sedan 2012.<br \/>\n\u2022\u00a0L\u00e5ng h\u00e5llbarhet.<br \/>\n\u2022\u00a0Tills\u00e4tt bara vatten.<br \/>\n\u2022\u00a0F\u00e4rdigberedd p\u00e5 5 minuter.<br \/>\n\u2022\u00a0Ingen bakning n\u00f6dv\u00e4ndig.<br \/>\n\u2022\u00a0Ger ca 20 dosor l\u00f6ssnus.<br \/>\n\u2022\u00a0Burk f\u00f6r f\u00f6rvaring av f\u00e4rdigt snus.<\/p>\n<table class=\"product-specs\">\n<thead>\n<tr>\n<th>Fakta om produkten<\/th>\n<th class=\"text-right\"><\/th>\n<\/tr>\n<\/thead>\n<tbody>\n<tr>\n<td class=\"spec-key\">Varum\u00e4rke<\/td>\n<td class=\"spec-value text-right\">Swedsnus<\/td>\n<\/tr>\n<tr>\n<td class=\"spec-key\">Produkttyp<\/td>\n<td class=\"spec -value text-right\">snussats l\u00f6s<\/td>\n<\/tr>\n<tr>\n<td class=\"spec-key\">Nikotinstyrka<\/td>\n<td class=\"spec -value text-right\">normal<\/td>\n<\/tr>\n<tr>\n<td class=\"spec-key\">Pris\/dosa<\/td>\n<td class=\"spec -value text-right\">17,90<\/td>\n<\/tr>\n<tr>\n<td class=\"spec-key\">F\u00e4rdiga dosor<\/td>\n<td class=\"spec -value text-right\">20<\/td>\n<\/tr>\n<tr>\n<td class=\"spec-key\">Producent<\/td>\n<td class=\"spec-value text-right\">Swedsnus<\/td>\n<\/tr>\n<\/tbody>\n<\/table>\n<\/div>\n<\/div>\n<\/div>\n<\/div>\n<\/div>\n<\/div>\n<p>&nbsp;<\/p>","protected":false},"excerpt":{"rendered":"<article class=\"product-text\">NYHET! Swedsnus Blend No.7 Grovmald &#8211; Fyllig snussmak med tydliga inslag av m\u00f6rkare tobakskarakt\u00e4r och balanserad mjuk avrundning. Tillverkad enligt svensk hantverkstradition med tobak av h\u00f6gsta premiumkvalitet. Klar p\u00e5 5 minuter &#8211; Tills\u00e4tt bara vatten. Ger ca 20 dosor f\u00e4rdigt l\u00f6ssnus.<\/article>\n<div class=\"buy-pane\">\n<div class=\"tab-content buy-tabs-content\">\n<div id=\"buy\" class=\"tab-pane active\">\n<div>\n<div class=\"variants list\">\n<p>Blend No.7 \u00e4r Swedsnus senaste tobaksblandning f\u00f6r Express L\u00f6ssnus och \u00e4r gjord med tobak av h\u00f6gsta premiumkvalitet. Den har en fyllig naturlig tobakssmak med mjuk avrundning, som kryddats med tydliga inslag av m\u00f6rkare tobakskarakt\u00e4r.<\/p>\n<\/div>\n<\/div>\n<\/div>\n<\/div>\n<\/div>","protected":false},"featured_media":16643,"comment_status":"open","ping_status":"closed","template":"","meta":[],"product_brand":[351,427],"product_cat":[91,368,278,121,283],"product_tag":[],"class_list":{"0":"post-52862","1":"product","2":"type-product","3":"status-publish","4":"has-post-thumbnail","6":"product_brand-gr-det-sjlv","7":"product_brand-swedsnus","8":"product_cat-grov","9":"product_cat-snus-tobakssnus-traditionellt-snus","10":"product_cat-snussatser-ls","11":"product_cat-swedsnus","12":"product_cat-tillbehor-gora-eget-snus","14":"first","15":"instock","16":"taxable","17":"shipping-taxable","18":"purchasable","19":"product-type-variable"},"_links":{"self":[{"href":"https:\/\/snus-malmo.se\/sv\/wp-json\/wp\/v2\/product\/52862","targetHints":{"allow":["GET"]}}],"collection":[{"href":"https:\/\/snus-malmo.se\/sv\/wp-json\/wp\/v2\/product"}],"about":[{"href":"https:\/\/snus-malmo.se\/sv\/wp-json\/wp\/v2\/types\/product"}],"replies":[{"embeddable":true,"href":"https:\/\/snus-malmo.se\/sv\/wp-json\/wp\/v2\/comments?post=52862"}],"version-history":[{"count":0,"href":"https:\/\/snus-malmo.se\/sv\/wp-json\/wp\/v2\/product\/52862\/revisions"}],"wp:featuredmedia":[{"embeddable":true,"href":"https:\/\/snus-malmo.se\/sv\/wp-json\/wp\/v2\/media\/16643"}],"wp:attachment":[{"href":"https:\/\/snus-malmo.se\/sv\/wp-json\/wp\/v2\/media?parent=52862"}],"wp:term":[{"taxonomy":"product_brand","embeddable":true,"href":"https:\/\/snus-malmo.se\/sv\/wp-json\/wp\/v2\/product_brand?post=52862"},{"taxonomy":"product_cat","embeddable":true,"href":"https:\/\/snus-malmo.se\/sv\/wp-json\/wp\/v2\/product_cat?post=52862"},{"taxonomy":"product_tag","embeddable":true,"href":"https:\/\/snus-malmo.se\/sv\/wp-json\/wp\/v2\/product_tag?post=52862"}],"curies":[{"name":"wp","href":"https:\/\/api.w.org\/{rel}","templated":true}]}}