{"id":52902,"date":"2025-05-23T16:56:23","date_gmt":"2025-05-23T16:56:23","guid":{"rendered":"https:\/\/snus-malmo.se\/?post_type=product&#038;p=52902"},"modified":"2025-11-22T09:42:34","modified_gmt":"2025-11-22T09:42:34","slug":"knox-portion","status":"publish","type":"product","link":"https:\/\/snus-malmo.se\/sv\/produkt\/knox-portion\/","title":{"rendered":"Knox Portion"},"content":{"rendered":"<h1 class=\"material-item__headline\">Knox Portion<\/h1>\n<h2 data-start=\"129\" data-end=\"248\"><strong data-start=\"133\" data-end=\"248\">Knox Portion \u2013 Fullstor Portion Snus med Traditionell Tobakssmak &amp; Citrus | 13 mg\/g Nikotin | K\u00f6p hos Veloop.se<\/strong><\/h2>\n<p data-start=\"250\" data-end=\"579\"><strong data-start=\"250\" data-end=\"266\">Knox Portion<\/strong> \u00e4r en fullstor prilla som levererar en <strong data-start=\"306\" data-end=\"344\">traditionell och fyllig tobakssmak<\/strong> med subtila inslag av frisk citrus. Snuset kommer i originalstyrka med 13 mg\/g nikotin och \u00e4r varsamt fuktat f\u00f6r att ge en behaglig rinnighet och tydlig smakprofil. Perfekt f\u00f6r dig som uppskattar ett klassiskt snus med en frisk twist.<\/p>\n<hr data-start=\"581\" data-end=\"584\" \/>\n<h2 data-start=\"586\" data-end=\"616\">\ud83d\udd0d <strong data-start=\"594\" data-end=\"616\">Produktinformation<\/strong><\/h2>\n<ul data-start=\"617\" data-end=\"987\">\n<li data-start=\"617\" data-end=\"650\">\n<p data-start=\"619\" data-end=\"650\"><strong data-start=\"619\" data-end=\"635\">Produktnamn:<\/strong> Knox Portion<\/p>\n<\/li>\n<li data-start=\"651\" data-end=\"680\">\n<p data-start=\"653\" data-end=\"680\"><strong data-start=\"653\" data-end=\"661\">Typ:<\/strong> Fullstor portion<\/p>\n<\/li>\n<li data-start=\"681\" data-end=\"748\">\n<p data-start=\"683\" data-end=\"748\"><strong data-start=\"683\" data-end=\"698\">Smakprofil:<\/strong> Traditionell tobak med subtila inslag av citrus<\/p>\n<\/li>\n<li data-start=\"749\" data-end=\"799\">\n<p data-start=\"751\" data-end=\"799\"><strong data-start=\"751\" data-end=\"767\">Nikotinhalt:<\/strong> 13 mg\/g (ca 12 mg per prilla)<\/p>\n<\/li>\n<li data-start=\"800\" data-end=\"834\">\n<p data-start=\"802\" data-end=\"834\"><strong data-start=\"802\" data-end=\"829\">Antal prillor per dosa:<\/strong> 24<\/p>\n<\/li>\n<li data-start=\"835\" data-end=\"864\">\n<p data-start=\"837\" data-end=\"864\"><strong data-start=\"837\" data-end=\"855\">Vikt per dosa:<\/strong> 21,6 g<\/p>\n<\/li>\n<li data-start=\"865\" data-end=\"896\">\n<p data-start=\"867\" data-end=\"896\"><strong data-start=\"867\" data-end=\"887\">Vikt per prilla:<\/strong> 0,90 g<\/p>\n<\/li>\n<li data-start=\"897\" data-end=\"926\">\n<p data-start=\"899\" data-end=\"926\"><strong data-start=\"899\" data-end=\"918\">Vikt per stock:<\/strong> 216 g<\/p>\n<\/li>\n<li data-start=\"927\" data-end=\"987\">\n<p data-start=\"929\" data-end=\"987\"><strong data-start=\"929\" data-end=\"941\">Segment:<\/strong> Portion \u2013 varsamt fuktad med l\u00e4tt rinnighet<\/p>\n<\/li>\n<\/ul>\n<hr data-start=\"989\" data-end=\"992\" \/>\n<h3 data-start=\"994\" data-end=\"1020\">\ud83e\uddea <strong data-start=\"1002\" data-end=\"1018\">Ingredienser<\/strong><\/h3>\n<p data-start=\"1021\" data-end=\"1137\">Tobak, vatten, fuktighetsbevarande medel (E1520), surhetsreglerande medel (E500), smakf\u00f6rst\u00e4rkare (koksalt), aromer.<\/p>\n<hr data-start=\"1139\" data-end=\"1142\" \/>\n<h3 data-start=\"1144\" data-end=\"1190\">\ud83c\udf4b <strong data-start=\"1152\" data-end=\"1188\">Klassisk smak med en frisk touch<\/strong><\/h3>\n<p data-start=\"1191\" data-end=\"1412\">Knox Portion kombinerar en kraftfull och traditionell tobakssmak med en l\u00e4tt citrusdoft som ger snuset en fr\u00e4sch och balanserad karakt\u00e4r. Den varsamma fuktningen g\u00f6r portionerna sk\u00f6na att anv\u00e4nda utan att bli f\u00f6r rinniga.<\/p>\n<hr data-start=\"1414\" data-end=\"1417\" \/>\n<h4 data-start=\"1419\" data-end=\"1466\">\ud83d\ude9a <strong data-start=\"1427\" data-end=\"1464\">Varf\u00f6r handla snus hos Veloop.se?<\/strong><\/h4>\n<ul data-start=\"1467\" data-end=\"1607\">\n<li data-start=\"1467\" data-end=\"1502\">\n<p data-start=\"1469\" data-end=\"1502\">Snabba och p\u00e5litliga leveranser<\/p>\n<\/li>\n<li data-start=\"1503\" data-end=\"1538\">\n<p data-start=\"1505\" data-end=\"1538\">Diskret och neutral f\u00f6rpackning<\/p>\n<\/li>\n<li data-start=\"1539\" data-end=\"1567\">\n<p data-start=\"1541\" data-end=\"1567\">Trygga betalningsmetoder<\/p>\n<\/li>\n<li data-start=\"1568\" data-end=\"1607\">\n<p data-start=\"1570\" data-end=\"1607\">Stort sortiment av kvalitativt snus<\/p>\n<\/li>\n<\/ul>\n<hr data-start=\"1609\" data-end=\"1612\" \/>\n<p data-start=\"1614\" data-end=\"1780\">\ud83d\uded2 <strong data-start=\"1617\" data-end=\"1714\">Best\u00e4ll Knox Portion idag hos Veloop.se \u2013 klassiskt snus med frisk karakt\u00e4r och h\u00f6g kvalitet.<\/strong><br data-start=\"1714\" data-end=\"1717\" \/>\ud83d\udc49 <a class=\"\" href=\"https:\/\/snus-malmo.se\/sv\/knox\/\" target=\"_new\" rel=\"noopener\" data-start=\"1720\" data-end=\"1780\">Uppt\u00e4ck hela Knox-sortimentet h\u00e4r<\/a><\/p>","protected":false},"excerpt":{"rendered":"<h1 class=\"material-item__headline\">Knox Portion<\/h1>\n<p>K\u00f6p Knox Portion \u2013 fullstor portion snus med fyllig tobakssmak och subtil citrus. 13 mg\/g nikotin. Snabb leverans och tryggt k\u00f6p hos Veloop.se.<\/p>\n<p>\ud83d\udc49 <a class=\"\" href=\"https:\/\/snus-malmo.se\/sv\/knox\/\" target=\"_new\" rel=\"noopener\" data-start=\"1720\" data-end=\"1780\">Uppt\u00e4ck hela Knox-sortimentet h\u00e4r<\/a><\/p>","protected":false},"featured_media":61665,"comment_status":"open","ping_status":"closed","template":"","meta":[],"product_brand":[329],"product_cat":[390,362,73,368],"product_tag":[],"class_list":{"0":"post-52902","1":"product","2":"type-product","3":"status-publish","4":"has-post-thumbnail","6":"product_brand-knox","7":"product_cat-knox","8":"product_cat-original-portion","9":"product_cat-portionssnus","10":"product_cat-snus-tobakssnus-traditionellt-snus","12":"first","13":"instock","14":"taxable","15":"shipping-taxable","16":"purchasable","17":"product-type-variable"},"_links":{"self":[{"href":"https:\/\/snus-malmo.se\/sv\/wp-json\/wp\/v2\/product\/52902","targetHints":{"allow":["GET"]}}],"collection":[{"href":"https:\/\/snus-malmo.se\/sv\/wp-json\/wp\/v2\/product"}],"about":[{"href":"https:\/\/snus-malmo.se\/sv\/wp-json\/wp\/v2\/types\/product"}],"replies":[{"embeddable":true,"href":"https:\/\/snus-malmo.se\/sv\/wp-json\/wp\/v2\/comments?post=52902"}],"version-history":[{"count":0,"href":"https:\/\/snus-malmo.se\/sv\/wp-json\/wp\/v2\/product\/52902\/revisions"}],"wp:featuredmedia":[{"embeddable":true,"href":"https:\/\/snus-malmo.se\/sv\/wp-json\/wp\/v2\/media\/61665"}],"wp:attachment":[{"href":"https:\/\/snus-malmo.se\/sv\/wp-json\/wp\/v2\/media?parent=52902"}],"wp:term":[{"taxonomy":"product_brand","embeddable":true,"href":"https:\/\/snus-malmo.se\/sv\/wp-json\/wp\/v2\/product_brand?post=52902"},{"taxonomy":"product_cat","embeddable":true,"href":"https:\/\/snus-malmo.se\/sv\/wp-json\/wp\/v2\/product_cat?post=52902"},{"taxonomy":"product_tag","embeddable":true,"href":"https:\/\/snus-malmo.se\/sv\/wp-json\/wp\/v2\/product_tag?post=52902"}],"curies":[{"name":"wp","href":"https:\/\/api.w.org\/{rel}","templated":true}]}}