{"id":52951,"date":"2025-05-23T16:56:26","date_gmt":"2025-05-23T16:56:26","guid":{"rendered":"https:\/\/snus-malmo.se\/?post_type=product&#038;p=52951"},"modified":"2025-11-29T10:38:08","modified_gmt":"2025-11-29T10:38:08","slug":"kaliber-original-portion","status":"publish","type":"product","link":"https:\/\/snus-malmo.se\/sv\/produkt\/kaliber-original-portion\/","title":{"rendered":"Kaliber Original Portion"},"content":{"rendered":"<h1 data-start=\"292\" data-end=\"329\">Kaliber Original Portion<\/h1>\n<h2 data-start=\"330\" data-end=\"390\"><strong data-start=\"330\" data-end=\"390\">\ud83d\udfe9 Klassisk Svensk Tobakssmak i Prisv\u00e4rd Originalportion<\/strong><\/h2>\n<p data-start=\"392\" data-end=\"647\"><strong data-start=\"392\" data-end=\"420\">Kaliber Original Portion<\/strong> \u00e4r ett portionssnus f\u00f6r dig som f\u00f6redrar en traditionell, okomplicerad tobakssmak med milda inslag av bergamott och \u00f6rter. Det \u00e4r en av de mest prisv\u00e4rda produkterna p\u00e5 marknaden \u2013 utan att kompromissa med kvalitet eller smak.<\/p>\n<p data-start=\"649\" data-end=\"913\">Med sin fuktiga originalportion f\u00e5r du en snabb och j\u00e4mn smakrelease, vilket g\u00f6r Kaliber Original till ett utm\u00e4rkt val f\u00f6r dagligt bruk. Snuset har en normal nikotinhalt, vilket passar b\u00e5de nya och erfarna snusare som s\u00f6ker ett balanserat snus med tydlig karakt\u00e4r.<\/p>\n<p data-start=\"915\" data-end=\"1055\">Kaliber \u00e4r ett av Sveriges mest popul\u00e4ra snusvarum\u00e4rken \u2013 och <strong data-start=\"977\" data-end=\"1005\">Kaliber Original Portion<\/strong> \u00e4r en uppskattad klassiker bland portionssnusare.<\/p>\n<hr data-start=\"1057\" data-end=\"1060\" \/>\n<h2 data-start=\"1062\" data-end=\"1116\">\ud83d\udd0d <strong data-start=\"1065\" data-end=\"1114\">Produktinformation \u2013 Kaliber Original Portion<\/strong><\/h2>\n<ul data-start=\"1117\" data-end=\"1395\">\n<li data-start=\"1117\" data-end=\"1143\">\n<p data-start=\"1119\" data-end=\"1143\"><strong data-start=\"1119\" data-end=\"1133\">Varum\u00e4rke:<\/strong> Kaliber<\/p>\n<\/li>\n<li data-start=\"1144\" data-end=\"1173\">\n<p data-start=\"1146\" data-end=\"1173\"><strong data-start=\"1146\" data-end=\"1154\">Typ:<\/strong> Original Portion<\/p>\n<\/li>\n<li data-start=\"1174\" data-end=\"1217\">\n<p data-start=\"1176\" data-end=\"1217\"><strong data-start=\"1176\" data-end=\"1191\">Smakprofil:<\/strong> Tobak, bergamott, \u00f6rter<\/p>\n<\/li>\n<li data-start=\"1218\" data-end=\"1239\">\n<p data-start=\"1220\" data-end=\"1239\"><strong data-start=\"1220\" data-end=\"1231\">Format:<\/strong> Large<\/p>\n<\/li>\n<li data-start=\"1240\" data-end=\"1262\">\n<p data-start=\"1242\" data-end=\"1262\"><strong data-start=\"1242\" data-end=\"1253\">Styrka:<\/strong> Normal<\/p>\n<\/li>\n<li data-start=\"1263\" data-end=\"1310\">\n<p data-start=\"1265\" data-end=\"1310\"><strong data-start=\"1265\" data-end=\"1281\">Nikotinhalt:<\/strong> ca 0,85 % (ca 8,5 mg\/p\u00e5se)<\/p>\n<\/li>\n<li data-start=\"1311\" data-end=\"1344\">\n<p data-start=\"1313\" data-end=\"1344\"><strong data-start=\"1313\" data-end=\"1333\">Antal portioner:<\/strong> ca 24 st<\/p>\n<\/li>\n<li data-start=\"1345\" data-end=\"1373\">\n<p data-start=\"1347\" data-end=\"1373\"><strong data-start=\"1347\" data-end=\"1361\">Nettovikt:<\/strong> ca 21,6 g<\/p>\n<\/li>\n<li data-start=\"1374\" data-end=\"1395\">\n<p data-start=\"1376\" data-end=\"1395\"><strong data-start=\"1376\" data-end=\"1389\">Fukthalt:<\/strong> H\u00f6g<\/p>\n<\/li>\n<\/ul>\n<hr data-start=\"1397\" data-end=\"1400\" \/>\n<h3 data-start=\"1402\" data-end=\"1707\">\u2b50 <strong data-start=\"1404\" data-end=\"1446\">Varf\u00f6r v\u00e4lja Kaliber Original Portion?<\/strong><\/h3>\n<p data-start=\"1402\" data-end=\"1707\"><br data-start=\"1446\" data-end=\"1449\" \/><strong>\u2705 Klassisk tobakssmak med fr\u00e4sch bergamott och \u00f6rtighet<\/strong><br data-start=\"1504\" data-end=\"1507\" \/><strong>\u2705 Prisv\u00e4rt val utan att tumma p\u00e5 smak eller kvalitet<\/strong><br data-start=\"1559\" data-end=\"1562\" \/><strong>\u2705 Fuktig originalportion f\u00f6r snabb smakleverans<\/strong><br data-start=\"1609\" data-end=\"1612\" \/><strong>\u2705 Passar b\u00e5de nya och vana snusare<\/strong><br data-start=\"1646\" data-end=\"1649\" \/><strong>\u2705 Ett givet alternativ i basutbudet hos snusbutiker online<\/strong><\/p>\n<hr data-start=\"1709\" data-end=\"1712\" \/>\n<p data-start=\"1714\" data-end=\"1996\">\ud83d\uded2 <strong data-start=\"1717\" data-end=\"1770\">K\u00f6p Kaliber Original<\/strong> Portion<strong data-start=\"1717\" data-end=\"1770\"> online hos Veloop.se<\/strong><br data-start=\"1770\" data-end=\"1773\" \/>Hos <strong data-start=\"1777\" data-end=\"1790\">Veloop.se<\/strong> hittar du alltid Kaliber Original till ett bra pris, med snabb leverans och h\u00f6g produktkvalitet. Vi har ett brett sortiment av svenskt portionssnus \u2013 och Kaliber Original \u00e4r en sj\u00e4lvklar del av v\u00e5rt utbud.<\/p>\n<p data-start=\"1998\" data-end=\"2142\">\ud83d\udc49 <strong data-start=\"2001\" data-end=\"2142\">Best\u00e4ll Kaliber Original Portion idag och uppt\u00e4ck varf\u00f6r det \u00e4r en favorit bland snusare som gillar klassisk smak i ett p\u00e5litligt format.<\/strong><\/p>","protected":false},"excerpt":{"rendered":"<h1 data-start=\"292\" data-end=\"329\">Kaliber Original Portion<\/h1>\n<h2 data-start=\"330\" data-end=\"390\"><strong data-start=\"330\" data-end=\"390\">\ud83d\udfe9 Klassisk Svensk Tobakssmak i Prisv\u00e4rd Originalportion<\/strong><\/h2>\n<p><strong data-start=\"2214\" data-end=\"2242\">Kaliber Original Portion<\/strong> \u2013 portionssnus med klassisk tobakssmak, bergamott och \u00f6rter. Originalportion med normal nikotinhalt. Prisv\u00e4rt och p\u00e5litligt val f\u00f6r dig som vill ha enkelhet och tradition i varje prilla.<\/p>\n<p>\ud83d\udc49 <strong data-start=\"2001\" data-end=\"2142\">Best\u00e4ll Kaliber Original Portion idag och uppt\u00e4ck varf\u00f6r det \u00e4r en favorit bland snusare som gillar klassisk smak i ett p\u00e5litligt format.<\/strong><\/p>","protected":false},"featured_media":61154,"comment_status":"open","ping_status":"closed","template":"","meta":[],"product_brand":[369],"product_cat":[95,362,73,368],"product_tag":[],"class_list":{"0":"post-52951","1":"product","2":"type-product","3":"status-publish","4":"has-post-thumbnail","6":"product_brand-kaliber","7":"product_cat-kaliber","8":"product_cat-original-portion","9":"product_cat-portionssnus","10":"product_cat-snus-tobakssnus-traditionellt-snus","12":"first","13":"instock","14":"taxable","15":"shipping-taxable","16":"purchasable","17":"product-type-variable"},"_links":{"self":[{"href":"https:\/\/snus-malmo.se\/sv\/wp-json\/wp\/v2\/product\/52951","targetHints":{"allow":["GET"]}}],"collection":[{"href":"https:\/\/snus-malmo.se\/sv\/wp-json\/wp\/v2\/product"}],"about":[{"href":"https:\/\/snus-malmo.se\/sv\/wp-json\/wp\/v2\/types\/product"}],"replies":[{"embeddable":true,"href":"https:\/\/snus-malmo.se\/sv\/wp-json\/wp\/v2\/comments?post=52951"}],"version-history":[{"count":0,"href":"https:\/\/snus-malmo.se\/sv\/wp-json\/wp\/v2\/product\/52951\/revisions"}],"wp:featuredmedia":[{"embeddable":true,"href":"https:\/\/snus-malmo.se\/sv\/wp-json\/wp\/v2\/media\/61154"}],"wp:attachment":[{"href":"https:\/\/snus-malmo.se\/sv\/wp-json\/wp\/v2\/media?parent=52951"}],"wp:term":[{"taxonomy":"product_brand","embeddable":true,"href":"https:\/\/snus-malmo.se\/sv\/wp-json\/wp\/v2\/product_brand?post=52951"},{"taxonomy":"product_cat","embeddable":true,"href":"https:\/\/snus-malmo.se\/sv\/wp-json\/wp\/v2\/product_cat?post=52951"},{"taxonomy":"product_tag","embeddable":true,"href":"https:\/\/snus-malmo.se\/sv\/wp-json\/wp\/v2\/product_tag?post=52951"}],"curies":[{"name":"wp","href":"https:\/\/api.w.org\/{rel}","templated":true}]}}