{"id":52956,"date":"2025-05-23T16:56:26","date_gmt":"2025-05-23T16:56:26","guid":{"rendered":"https:\/\/snus-malmo.se\/?post_type=product&#038;p=52956"},"modified":"2025-07-24T23:50:05","modified_gmt":"2025-07-24T23:50:05","slug":"kronan-stark-portion","status":"publish","type":"product","link":"https:\/\/snus-malmo.se\/sv\/produkt\/kronan-stark-portion\/","title":{"rendered":"Kronan Stark Portion"},"content":{"rendered":"<h1 data-start=\"251\" data-end=\"322\">Kronan Stark Portion<\/h1>\n<h2 data-start=\"251\" data-end=\"322\">\ud83d\udfe9 <strong data-start=\"257\" data-end=\"322\">Kronan Stark Portion \u2013 Extra K\u00e4nsla med Svensk Tobakskarakt\u00e4r<\/strong><\/h2>\n<p data-start=\"382\" data-end=\"699\"><strong data-start=\"382\" data-end=\"406\">Kronan Stark Portion<\/strong> \u00e4r det sj\u00e4lvklara valet f\u00f6r dig som vill ha den klassiska Kronan-smaken \u2013 men med <strong data-start=\"489\" data-end=\"534\">extra styrka och mer tryck i varje prilla<\/strong>. Med sin djupa tobakskarakt\u00e4r, f\u00f6rst\u00e4rkt med <strong data-start=\"580\" data-end=\"606\">\u00f6rter och frisk citrus<\/strong>, erbjuder den en kraftfull men balanserad smakupplevelse i ett traditionellt portionsformat.<\/p>\n<p data-start=\"701\" data-end=\"912\">Den h\u00f6ga nikotinhalten g\u00f6r detta till ett givet alternativ f\u00f6r snusare som s\u00f6ker ett starkare snus \u2013 utan att ge avkall p\u00e5 den autentiska smaken som gjort Kronan till ett av Sveriges mest uppskattade varum\u00e4rken.<\/p>\n<p data-start=\"914\" data-end=\"1001\"><strong data-start=\"914\" data-end=\"1001\">Kronan Stark Portion \u00e4r en \u00e5terkommande favorit bland v\u00e5ra mest k\u00f6pta portionssnus.<\/strong><\/p>\n<hr data-start=\"1003\" data-end=\"1006\" \/>\n<h3 data-start=\"1008\" data-end=\"1034\">\ud83d\udd0d Produktinformation:<\/h3>\n<ul data-start=\"1035\" data-end=\"1303\">\n<li data-start=\"1035\" data-end=\"1060\">\n<p data-start=\"1037\" data-end=\"1060\"><strong data-start=\"1037\" data-end=\"1051\">Varum\u00e4rke:<\/strong> Kronan<\/p>\n<\/li>\n<li data-start=\"1061\" data-end=\"1087\">\n<p data-start=\"1063\" data-end=\"1087\"><strong data-start=\"1063\" data-end=\"1071\">Typ:<\/strong> Stark Portion<\/p>\n<\/li>\n<li data-start=\"1088\" data-end=\"1128\">\n<p data-start=\"1090\" data-end=\"1128\"><strong data-start=\"1090\" data-end=\"1105\">Smakprofil:<\/strong> Tobak, citrus, \u00f6rter<\/p>\n<\/li>\n<li data-start=\"1129\" data-end=\"1150\">\n<p data-start=\"1131\" data-end=\"1150\"><strong data-start=\"1131\" data-end=\"1142\">Format:<\/strong> Large<\/p>\n<\/li>\n<li data-start=\"1151\" data-end=\"1172\">\n<p data-start=\"1153\" data-end=\"1172\"><strong data-start=\"1153\" data-end=\"1164\">Styrka:<\/strong> Stark<\/p>\n<\/li>\n<li data-start=\"1173\" data-end=\"1218\">\n<p data-start=\"1175\" data-end=\"1218\"><strong data-start=\"1175\" data-end=\"1191\">Nikotinhalt:<\/strong> ca 1,1 % (ca 11 mg\/p\u00e5se)<\/p>\n<\/li>\n<li data-start=\"1219\" data-end=\"1252\">\n<p data-start=\"1221\" data-end=\"1252\"><strong data-start=\"1221\" data-end=\"1241\">Antal portioner:<\/strong> ca 24 st<\/p>\n<\/li>\n<li data-start=\"1253\" data-end=\"1281\">\n<p data-start=\"1255\" data-end=\"1281\"><strong data-start=\"1255\" data-end=\"1269\">Nettovikt:<\/strong> ca 21,6 g<\/p>\n<\/li>\n<li data-start=\"1282\" data-end=\"1303\">\n<p data-start=\"1284\" data-end=\"1303\"><strong data-start=\"1284\" data-end=\"1297\">Fukthalt:<\/strong> H\u00f6g<\/p>\n<\/li>\n<\/ul>\n<hr data-start=\"1305\" data-end=\"1308\" \/>\n<h3 data-start=\"1310\" data-end=\"1359\">\u2b50 D\u00e4rf\u00f6r v\u00e4ljer snusare Kronan Stark Portion:<\/h3>\n<ul data-start=\"1360\" data-end=\"1767\">\n<li data-start=\"1360\" data-end=\"1394\">\n<p data-start=\"1362\" data-end=\"1394\">Klassisk smak med extra styrka<\/p>\n<\/li>\n<li data-start=\"1395\" data-end=\"1443\">\n<p data-start=\"1397\" data-end=\"1443\">Fuktig originalportion f\u00f6r snabb smakrelease<\/p>\n<\/li>\n<li data-start=\"1444\" data-end=\"1504\">\n<p data-start=\"1446\" data-end=\"1504\">Ett givet val f\u00f6r dig som s\u00f6ker starkt snus med karakt\u00e4r<\/p>\n<\/li>\n<li data-start=\"1505\" data-end=\"1767\">\n<p data-start=\"1507\" data-end=\"1590\">En av topprodukterna i v\u00e5r lista \u00f6ver <strong data-start=\"1545\" data-end=\"1572\">mest k\u00f6pta portionssnus<\/strong>, tillsammans med:<\/p>\n<ul data-start=\"1593\" data-end=\"1767\">\n<li data-start=\"1593\" data-end=\"1673\">\n<p data-start=\"1595\" data-end=\"1673\"><strong data-start=\"1595\" data-end=\"1621\">General Strong Portion<\/strong>, <strong data-start=\"1623\" data-end=\"1647\">Kaliber Plus Portion<\/strong>, <strong data-start=\"1649\" data-end=\"1671\">Grov Stark Portion<\/strong><\/p>\n<\/li>\n<li data-start=\"1676\" data-end=\"1767\">\n<p data-start=\"1678\" data-end=\"1767\"><strong data-start=\"1678\" data-end=\"1709\">G\u00f6teborgs Rap\u00e9 Strong White<\/strong>, <strong data-start=\"1711\" data-end=\"1736\">Kapten Original Stark<\/strong>, <strong data-start=\"1738\" data-end=\"1765\">XR General Strong White<\/strong><\/p>\n<\/li>\n<\/ul>\n<\/li>\n<\/ul>\n<hr data-start=\"1769\" data-end=\"1772\" \/>\n<h3 data-start=\"1774\" data-end=\"1821\">\ud83d\uded2 K\u00f6p Kronan Stark Portion hos Veloop.se<\/h3>\n<p data-start=\"1822\" data-end=\"1987\">Hos <strong data-start=\"1826\" data-end=\"1839\">Veloop.se<\/strong> kombinerar du prisv\u00e4rda dosor med snabb leverans och snuskunskap. Vi har alltid uppdaterat lager f\u00f6r att ge dig b\u00e4sta smakupplevelsen \u2013 varje g\u00e5ng.<\/p>\n<p data-start=\"1989\" data-end=\"2126\">\ud83d\udc49 <a class=\"\" href=\"https:\/\/snus-malmo.se\/sv\/portionssnus\/\" target=\"_new\" rel=\"noopener\" data-start=\"1992\" data-end=\"2126\"><strong data-start=\"1993\" data-end=\"2092\">Best\u00e4ll idag och uppt\u00e4ck varf\u00f6r Kronan Stark Portion \u00e4r ett av Sveriges mest k\u00f6pta portionssnus<\/strong><\/a><\/p>","protected":false},"excerpt":{"rendered":"<h1 data-start=\"251\" data-end=\"322\">Kronan Stark Portion<\/h1>\n<h2 data-start=\"251\" data-end=\"322\">\ud83d\udfe9 <strong data-start=\"257\" data-end=\"322\">Kronan Stark Portion \u2013 Extra K\u00e4nsla med Svensk Tobakskarakt\u00e4r<\/strong><\/h2>\n<p><strong data-start=\"2171\" data-end=\"2195\">Kronan Stark Portion<\/strong> \u00e4r ett klassiskt portionssnus med extra styrka. Djup tobakssmak med inslag av citrus och \u00f6rter. En b\u00e4sts\u00e4ljare hos Veloop.se \u2013 bland v\u00e5ra <strong data-start=\"2334\" data-end=\"2361\">mest k\u00f6pta portionssnus<\/strong>.<\/p>\n<p>\ud83d\udc49 <a class=\"\" href=\"https:\/\/snus-malmo.se\/sv\/portionssnus\/\" target=\"_new\" rel=\"noopener\" data-start=\"1992\" data-end=\"2126\"><strong data-start=\"1993\" data-end=\"2092\">Best\u00e4ll idag och uppt\u00e4ck varf\u00f6r Kronan Stark Portion \u00e4r ett av Sveriges mest k\u00f6pta portionssnus<\/strong><\/a><\/p>","protected":false},"featured_media":61145,"comment_status":"open","ping_status":"closed","template":"","meta":[],"product_brand":[371],"product_cat":[100,362,73,368,354],"product_tag":[],"class_list":{"0":"post-52956","1":"product","2":"type-product","3":"status-publish","4":"has-post-thumbnail","6":"product_brand-kronan-snus","7":"product_cat-kronan","8":"product_cat-original-portion","9":"product_cat-portionssnus","10":"product_cat-snus-tobakssnus-traditionellt-snus","11":"product_cat-strongstark","13":"first","14":"instock","15":"taxable","16":"shipping-taxable","17":"purchasable","18":"product-type-variable"},"_links":{"self":[{"href":"https:\/\/snus-malmo.se\/sv\/wp-json\/wp\/v2\/product\/52956","targetHints":{"allow":["GET"]}}],"collection":[{"href":"https:\/\/snus-malmo.se\/sv\/wp-json\/wp\/v2\/product"}],"about":[{"href":"https:\/\/snus-malmo.se\/sv\/wp-json\/wp\/v2\/types\/product"}],"replies":[{"embeddable":true,"href":"https:\/\/snus-malmo.se\/sv\/wp-json\/wp\/v2\/comments?post=52956"}],"version-history":[{"count":0,"href":"https:\/\/snus-malmo.se\/sv\/wp-json\/wp\/v2\/product\/52956\/revisions"}],"wp:featuredmedia":[{"embeddable":true,"href":"https:\/\/snus-malmo.se\/sv\/wp-json\/wp\/v2\/media\/61145"}],"wp:attachment":[{"href":"https:\/\/snus-malmo.se\/sv\/wp-json\/wp\/v2\/media?parent=52956"}],"wp:term":[{"taxonomy":"product_brand","embeddable":true,"href":"https:\/\/snus-malmo.se\/sv\/wp-json\/wp\/v2\/product_brand?post=52956"},{"taxonomy":"product_cat","embeddable":true,"href":"https:\/\/snus-malmo.se\/sv\/wp-json\/wp\/v2\/product_cat?post=52956"},{"taxonomy":"product_tag","embeddable":true,"href":"https:\/\/snus-malmo.se\/sv\/wp-json\/wp\/v2\/product_tag?post=52956"}],"curies":[{"name":"wp","href":"https:\/\/api.w.org\/{rel}","templated":true}]}}