{"id":52967,"date":"2025-05-23T16:56:28","date_gmt":"2025-05-23T16:56:28","guid":{"rendered":"https:\/\/snus-malmo.se\/?post_type=product&#038;p=52967"},"modified":"2025-07-28T00:20:19","modified_gmt":"2025-07-28T00:20:19","slug":"siberia-80-degrees-x-tremely-black-portion","status":"publish","type":"product","link":"https:\/\/snus-malmo.se\/sv\/produkt\/siberia-80-degrees-x-tremely-black-portion\/","title":{"rendered":"Siberia -80 Degrees X-tremely Black Portion"},"content":{"rendered":"<article class=\"product-text\">Siberia -80 Degrees X-tremely Black Portion har en tydlig tobakssmak och en mycket h\u00f6g nikotinhalt p\u00e5 43 mg\/g.<\/article>\n<article class=\"product-text\">Siberia -80 Degrees X-tremely Black Portion har likt andra Siberia-produkter en mycket h\u00f6g nikotinhalt p\u00e5 43 mg\/g. Tidigare Siberia produkter har fokuserat p\u00e5 mintsmaker, h\u00e4r \u00e4r tobakssmaken i fokus.<\/p>\n<table class=\"product-specs\">\n<thead>\n<tr>\n<th>Fakta om produkten<\/th>\n<th class=\"text-right\"><\/th>\n<\/tr>\n<\/thead>\n<tbody>\n<tr>\n<td class=\"spec-key\">Varum\u00e4rke<\/td>\n<td class=\"spec-value text-right\">Siberia Snus<\/td>\n<\/tr>\n<tr>\n<td class=\"spec-key\">Produkttyp<\/td>\n<td class=\"spec -value text-right\">original portion<\/td>\n<\/tr>\n<tr>\n<td class=\"spec-key\">Nikotinstyrka<\/td>\n<td class=\"spec -value text-right\">Extra Stark<\/td>\n<\/tr>\n<tr>\n<td class=\"spec-key\">Nikotinhalt<\/td>\n<td class=\"spec -value text-right\">43 mg\/g<\/td>\n<\/tr>\n<tr>\n<td class=\"spec-key\">Smak<\/td>\n<td class=\"spec -value text-right\">Traditionell<\/td>\n<\/tr>\n<tr>\n<td class=\"spec-key\">Inneh\u00e5ll\/f\u00f6rpackning<\/td>\n<td class=\"spec -value text-right\">20 g<\/td>\n<\/tr>\n<tr>\n<td class=\"spec-key\">Snustyp<\/td>\n<td class=\"spec -value text-right\">Extra Stark Portion<\/td>\n<\/tr>\n<tr>\n<td class=\"spec-key\">Format<\/td>\n<td class=\"spec -value text-right\">Normal<\/td>\n<\/tr>\n<tr>\n<td class=\"spec-key\">Producent<\/td>\n<td class=\"spec-value text-right\">GN Tobacco<\/td>\n<\/tr>\n<\/tbody>\n<\/table>\n<\/article>","protected":false},"excerpt":{"rendered":"<article class=\"product-text\">Siberia -80 Degrees X-tremely Black Portion har en tydlig tobakssmak och en mycket h\u00f6g nikotinhalt p\u00e5 43 mg\/g.<\/article>\n<article class=\"product-text\">Siberia -80 Degrees X-tremely Black Portion har likt andra Siberia-produkter en mycket h\u00f6g nikotinhalt p\u00e5 43 mg\/g. Tidigare Siberia produkter har fokuserat p\u00e5 mintsmaker, h\u00e4r \u00e4r tobakssmaken i fokus.<\/article>","protected":false},"featured_media":16808,"comment_status":"open","ping_status":"closed","template":"","meta":[],"product_brand":[],"product_cat":[73,116],"product_tag":[],"class_list":{"0":"post-52967","1":"product","2":"type-product","3":"status-publish","4":"has-post-thumbnail","6":"product_cat-portionssnus","7":"product_cat-siberia","9":"first","10":"instock","11":"taxable","12":"shipping-taxable","13":"purchasable","14":"product-type-variable"},"_links":{"self":[{"href":"https:\/\/snus-malmo.se\/sv\/wp-json\/wp\/v2\/product\/52967","targetHints":{"allow":["GET"]}}],"collection":[{"href":"https:\/\/snus-malmo.se\/sv\/wp-json\/wp\/v2\/product"}],"about":[{"href":"https:\/\/snus-malmo.se\/sv\/wp-json\/wp\/v2\/types\/product"}],"replies":[{"embeddable":true,"href":"https:\/\/snus-malmo.se\/sv\/wp-json\/wp\/v2\/comments?post=52967"}],"version-history":[{"count":0,"href":"https:\/\/snus-malmo.se\/sv\/wp-json\/wp\/v2\/product\/52967\/revisions"}],"wp:featuredmedia":[{"embeddable":true,"href":"https:\/\/snus-malmo.se\/sv\/wp-json\/wp\/v2\/media\/16808"}],"wp:attachment":[{"href":"https:\/\/snus-malmo.se\/sv\/wp-json\/wp\/v2\/media?parent=52967"}],"wp:term":[{"taxonomy":"product_brand","embeddable":true,"href":"https:\/\/snus-malmo.se\/sv\/wp-json\/wp\/v2\/product_brand?post=52967"},{"taxonomy":"product_cat","embeddable":true,"href":"https:\/\/snus-malmo.se\/sv\/wp-json\/wp\/v2\/product_cat?post=52967"},{"taxonomy":"product_tag","embeddable":true,"href":"https:\/\/snus-malmo.se\/sv\/wp-json\/wp\/v2\/product_tag?post=52967"}],"curies":[{"name":"wp","href":"https:\/\/api.w.org\/{rel}","templated":true}]}}