{"id":52975,"date":"2025-05-23T16:56:28","date_gmt":"2025-05-23T16:56:28","guid":{"rendered":"https:\/\/snus-malmo.se\/?post_type=product&#038;p=52975"},"modified":"2025-07-23T23:39:58","modified_gmt":"2025-07-23T23:39:58","slug":"goteborgs-rape-original-portion","status":"publish","type":"product","link":"https:\/\/snus-malmo.se\/sv\/produkt\/goteborgs-rape-original-portion\/","title":{"rendered":"G\u00f6teborgs Rap\u00e9 Original Portion"},"content":{"rendered":"<h1 data-start=\"346\" data-end=\"390\">\ud83d\udd35 <strong data-start=\"353\" data-end=\"388\">G\u00f6teborgs Rap\u00e9 Original Portion<\/strong><\/h1>\n<h2 data-start=\"391\" data-end=\"459\"><strong data-start=\"391\" data-end=\"459\">\ud83d\udd35 Frisk och Blommig Smakprofil med Klassisk Svensk Snuskarakt\u00e4r<\/strong><\/h2>\n<p data-start=\"461\" data-end=\"807\"><strong data-start=\"461\" data-end=\"496\">G\u00f6teborgs Rap\u00e9 Original Portion<\/strong> \u00e4r ett ikoniskt svenskt portionssnus med l\u00e5ng tradition och en distinkt smakprofil. Den kombinerar ljus tobak med friska toner av enb\u00e4r, lavendel, citrus och \u00f6rter \u2013 och ger en rund, aromatisk och n\u00e5got s\u00f6t smakupplevelse. F\u00f6r dig som s\u00f6ker ett l\u00e4ttillg\u00e4ngligt men smakrikt portionssnus \u00e4r detta ett givet val.<\/p>\n<p data-start=\"809\" data-end=\"1106\">Originalportionen \u00e4r fuktig p\u00e5 ytan och ger en snabb fris\u00e4ttning av smak och nikotin, vilket g\u00f6r varje prilla omedelbart tillfredsst\u00e4llande. Det balanserade formatet, tillsammans med den klassiska G\u00f6teborgs Rap\u00e9-smaken, g\u00f6r denna produkt till en st\u00e4ndig favorit bland b\u00e5de nya och erfarna snusare.<\/p>\n<hr data-start=\"1108\" data-end=\"1111\" \/>\n<h3 data-start=\"1113\" data-end=\"1174\">\ud83d\udd0d <strong data-start=\"1116\" data-end=\"1172\">Produktinformation \u2013 G\u00f6teborgs Rap\u00e9 Original Portion<\/strong><\/h3>\n<ul data-start=\"1175\" data-end=\"1469\">\n<li data-start=\"1175\" data-end=\"1208\">\n<p data-start=\"1177\" data-end=\"1208\"><strong data-start=\"1177\" data-end=\"1191\">Varum\u00e4rke:<\/strong> G\u00f6teborgs Rap\u00e9<\/p>\n<\/li>\n<li data-start=\"1209\" data-end=\"1238\">\n<p data-start=\"1211\" data-end=\"1238\"><strong data-start=\"1211\" data-end=\"1219\">Typ:<\/strong> Original Portion<\/p>\n<\/li>\n<li data-start=\"1239\" data-end=\"1294\">\n<p data-start=\"1241\" data-end=\"1294\"><strong data-start=\"1241\" data-end=\"1256\">Smakprofil:<\/strong> Ljus tobak, enb\u00e4r, lavendel, citrus<\/p>\n<\/li>\n<li data-start=\"1295\" data-end=\"1316\">\n<p data-start=\"1297\" data-end=\"1316\"><strong data-start=\"1297\" data-end=\"1308\">Format:<\/strong> Large<\/p>\n<\/li>\n<li data-start=\"1317\" data-end=\"1339\">\n<p data-start=\"1319\" data-end=\"1339\"><strong data-start=\"1319\" data-end=\"1330\">Styrka:<\/strong> Normal<\/p>\n<\/li>\n<li data-start=\"1340\" data-end=\"1384\">\n<p data-start=\"1342\" data-end=\"1384\"><strong data-start=\"1342\" data-end=\"1358\">Nikotinhalt:<\/strong> ca 0,8 % (ca 8 mg\/p\u00e5se)<\/p>\n<\/li>\n<li data-start=\"1385\" data-end=\"1418\">\n<p data-start=\"1387\" data-end=\"1418\"><strong data-start=\"1387\" data-end=\"1407\">Antal portioner:<\/strong> ca 24 st<\/p>\n<\/li>\n<li data-start=\"1419\" data-end=\"1447\">\n<p data-start=\"1421\" data-end=\"1447\"><strong data-start=\"1421\" data-end=\"1435\">Nettovikt:<\/strong> ca 21,6 g<\/p>\n<\/li>\n<li data-start=\"1448\" data-end=\"1469\">\n<p data-start=\"1450\" data-end=\"1469\"><strong data-start=\"1450\" data-end=\"1463\">Fukthalt:<\/strong> H\u00f6g<\/p>\n<\/li>\n<\/ul>\n<hr data-start=\"1471\" data-end=\"1474\" \/>\n<p data-start=\"1476\" data-end=\"1813\">\u2b50 <strong data-start=\"1478\" data-end=\"1528\">D\u00e4rf\u00f6r v\u00e4ljer snusare G\u00f6teborgs Rap\u00e9 Original:<\/strong><br data-start=\"1528\" data-end=\"1531\" \/>\u2705 Klassisk och frisk smak med enb\u00e4r, lavendel och citrus<br data-start=\"1587\" data-end=\"1590\" \/>\u2705 Originalportion med snabb smakrelease<br data-start=\"1629\" data-end=\"1632\" \/>\u2705 Ett av Sveriges mest v\u00e4lk\u00e4nda portionssnus<br data-start=\"1676\" data-end=\"1679\" \/>\u2705 Favorit bland m\u00e5nga tillsammans med:<br data-start=\"1717\" data-end=\"1720\" \/><strong data-start=\"1720\" data-end=\"1813\">General Original Portion, XR G\u00f6teborgs Rap\u00e9 White, Kaliber Original Portion, Grov Portion<\/strong><\/p>\n<hr data-start=\"1815\" data-end=\"1818\" \/>\n<p data-start=\"1820\" data-end=\"2062\">\ud83d\uded2 <strong data-start=\"1823\" data-end=\"1876\">K\u00f6p G\u00f6teborgs Rap\u00e9 Original Portion hos Veloop.se<\/strong><br data-start=\"1876\" data-end=\"1879\" \/>Hos <strong data-start=\"1883\" data-end=\"1896\">Veloop.se<\/strong> f\u00e5r du alltid f\u00e4rskt snus, bra priser och snabb leverans. G\u00f6teborgs Rap\u00e9 Original \u00e4r en svensk snusklassiker som kombinerar tradition och unik smak i perfekt balans.<\/p>\n<p data-start=\"2064\" data-end=\"2194\">\ud83d\udc49 <strong data-start=\"2067\" data-end=\"2194\">Best\u00e4ll G\u00f6teborgs Rap\u00e9 Original Portion idag \u2013 och upplev varf\u00f6r detta portionssnus varit en svensk favorit i generationer.<\/strong><\/p>","protected":false},"excerpt":{"rendered":"<h1 data-start=\"346\" data-end=\"390\">\ud83d\udd35 <strong data-start=\"353\" data-end=\"388\">G\u00f6teborgs Rap\u00e9 Original Portion<\/strong><\/h1>\n<h2 data-start=\"391\" data-end=\"459\"><strong data-start=\"391\" data-end=\"459\">\ud83d\udd35 Frisk och Blommig Smakprofil med Klassisk Svensk Snuskarakt\u00e4r<\/strong><\/h2>\n<p><strong data-start=\"2274\" data-end=\"2309\">G\u00f6teborgs Rap\u00e9 Original Portion<\/strong> \u2013 ljus tobak med smak av enb\u00e4r, lavendel och citrus. Fuktig originalportion f\u00f6r snabb smakrelease. Ett klassiskt portionssnus med unik karakt\u00e4r.<\/p>\n<p>\ud83d\udc49 <strong data-start=\"2067\" data-end=\"2194\">Best\u00e4ll G\u00f6teborgs Rap\u00e9 Original Portion idag \u2013 och upplev varf\u00f6r detta portionssnus varit en svensk favorit i generationer.<\/strong><\/p>","protected":false},"featured_media":61207,"comment_status":"open","ping_status":"closed","template":"","meta":[],"product_brand":[365],"product_cat":[292,362,73,368],"product_tag":[],"class_list":{"0":"post-52975","1":"product","2":"type-product","3":"status-publish","4":"has-post-thumbnail","6":"product_brand-gteborgs-rap","7":"product_cat-goteborgsrape","8":"product_cat-original-portion","9":"product_cat-portionssnus","10":"product_cat-snus-tobakssnus-traditionellt-snus","12":"first","13":"instock","14":"taxable","15":"shipping-taxable","16":"purchasable","17":"product-type-variable"},"_links":{"self":[{"href":"https:\/\/snus-malmo.se\/sv\/wp-json\/wp\/v2\/product\/52975","targetHints":{"allow":["GET"]}}],"collection":[{"href":"https:\/\/snus-malmo.se\/sv\/wp-json\/wp\/v2\/product"}],"about":[{"href":"https:\/\/snus-malmo.se\/sv\/wp-json\/wp\/v2\/types\/product"}],"replies":[{"embeddable":true,"href":"https:\/\/snus-malmo.se\/sv\/wp-json\/wp\/v2\/comments?post=52975"}],"version-history":[{"count":0,"href":"https:\/\/snus-malmo.se\/sv\/wp-json\/wp\/v2\/product\/52975\/revisions"}],"wp:featuredmedia":[{"embeddable":true,"href":"https:\/\/snus-malmo.se\/sv\/wp-json\/wp\/v2\/media\/61207"}],"wp:attachment":[{"href":"https:\/\/snus-malmo.se\/sv\/wp-json\/wp\/v2\/media?parent=52975"}],"wp:term":[{"taxonomy":"product_brand","embeddable":true,"href":"https:\/\/snus-malmo.se\/sv\/wp-json\/wp\/v2\/product_brand?post=52975"},{"taxonomy":"product_cat","embeddable":true,"href":"https:\/\/snus-malmo.se\/sv\/wp-json\/wp\/v2\/product_cat?post=52975"},{"taxonomy":"product_tag","embeddable":true,"href":"https:\/\/snus-malmo.se\/sv\/wp-json\/wp\/v2\/product_tag?post=52975"}],"curies":[{"name":"wp","href":"https:\/\/api.w.org\/{rel}","templated":true}]}}