{"id":52978,"date":"2025-05-23T16:56:28","date_gmt":"2025-05-23T16:56:28","guid":{"rendered":"https:\/\/snus-malmo.se\/?post_type=product&#038;p=52978"},"modified":"2025-07-28T00:21:09","modified_gmt":"2025-07-28T00:21:09","slug":"siberia-80-degrees-brown-portionssnus","status":"publish","type":"product","link":"https:\/\/snus-malmo.se\/sv\/produkt\/siberia-80-degrees-brown-portionssnus\/","title":{"rendered":"Siberia -80 Degrees Brown Portionssnus"},"content":{"rendered":"<article class=\"product-text\">Siberia Brown Portion \u00e4r ett originalportionssnus med v\u00e4ldigt h\u00f6g nikotinhalt. En portion inneh\u00e5ller ungef\u00e4r fem g\u00e5nger s\u00e5 mycket nikotin som en normal snus.\u00a0<\/article>\n<article class=\"product-text\"><strong>En av v\u00e4rldens starkaste snussorter!<\/strong>Siberia Brown Portion \u00e4r ett originalsnus\u00a0med\u00a0mycket h\u00f6g nikotinhalt. En prilla Siberia har ett nikotininneh\u00e5ll p\u00e5\u00a043 mg\/g, j\u00e4mf\u00f6rt med normalstarkt snus som inneh\u00e5ller\u00a08mg\/g. Dosan inneh\u00e5ller totalt 20 gram snus och smakar kraftigt av tobak, med\u00a0starka toner av mint.<\/p>\n<p>Rekommenderas ej f\u00f6r den som \u00e4r k\u00e4nslig f\u00f6r nikotin.<\/p>\n<table class=\"product-specs\">\n<thead>\n<tr>\n<th>Fakta om produkten<\/th>\n<th class=\"text-right\"><\/th>\n<\/tr>\n<\/thead>\n<tbody>\n<tr>\n<td class=\"spec-key\">Varum\u00e4rke<\/td>\n<td class=\"spec-value text-right\">Siberia Snus<\/td>\n<\/tr>\n<tr>\n<td class=\"spec-key\">Produkttyp<\/td>\n<td class=\"spec -value text-right\">original portion<\/td>\n<\/tr>\n<tr>\n<td class=\"spec-key\">Nikotinstyrka<\/td>\n<td class=\"spec -value text-right\">Extra Stark<\/td>\n<\/tr>\n<tr>\n<td class=\"spec-key\">Nikotinhalt<\/td>\n<td class=\"spec -value text-right\">43 mg\/g<\/td>\n<\/tr>\n<tr>\n<td class=\"spec-key\">Smak<\/td>\n<td class=\"spec -value text-right\">mint<\/td>\n<\/tr>\n<tr>\n<td class=\"spec-key\">Inneh\u00e5ll\/f\u00f6rpackning<\/td>\n<td class=\"spec -value text-right\">20 g<\/td>\n<\/tr>\n<tr>\n<td class=\"spec-key\">Snustyp<\/td>\n<td class=\"spec -value text-right\">Original Portion J\u00e4ttestark<\/td>\n<\/tr>\n<tr>\n<td class=\"spec-key\">Format<\/td>\n<td class=\"spec -value text-right\">Normal<\/td>\n<\/tr>\n<tr>\n<td class=\"spec-key\">Producent<\/td>\n<td class=\"spec-value text-right\">GN Tobacco<\/td>\n<\/tr>\n<\/tbody>\n<\/table>\n<\/article>","protected":false},"excerpt":{"rendered":"<p><strong>En av v\u00e4rldens starkaste snussorter!<\/strong><\/p>\n<p>Siberia Brown Portion \u00e4r ett originalsnus\u00a0med\u00a0mycket h\u00f6g nikotinhalt. En prilla Siberia har ett nikotininneh\u00e5ll p\u00e5\u00a043 mg\/g, j\u00e4mf\u00f6rt med normalstarkt snus som inneh\u00e5ller\u00a08mg\/g. Dosan inneh\u00e5ller totalt 20 gram snus och smakar kraftigt av tobak, med\u00a0starka toner av mint.<\/p>\n<p>Rekommenderas ej f\u00f6r den som \u00e4r k\u00e4nslig f\u00f6r nikotin.<\/p>","protected":false},"featured_media":16824,"comment_status":"open","ping_status":"closed","template":"","meta":[],"product_brand":[],"product_cat":[73,116],"product_tag":[],"class_list":{"0":"post-52978","1":"product","2":"type-product","3":"status-publish","4":"has-post-thumbnail","6":"product_cat-portionssnus","7":"product_cat-siberia","9":"first","10":"instock","11":"taxable","12":"shipping-taxable","13":"purchasable","14":"product-type-variable"},"_links":{"self":[{"href":"https:\/\/snus-malmo.se\/sv\/wp-json\/wp\/v2\/product\/52978","targetHints":{"allow":["GET"]}}],"collection":[{"href":"https:\/\/snus-malmo.se\/sv\/wp-json\/wp\/v2\/product"}],"about":[{"href":"https:\/\/snus-malmo.se\/sv\/wp-json\/wp\/v2\/types\/product"}],"replies":[{"embeddable":true,"href":"https:\/\/snus-malmo.se\/sv\/wp-json\/wp\/v2\/comments?post=52978"}],"version-history":[{"count":0,"href":"https:\/\/snus-malmo.se\/sv\/wp-json\/wp\/v2\/product\/52978\/revisions"}],"wp:featuredmedia":[{"embeddable":true,"href":"https:\/\/snus-malmo.se\/sv\/wp-json\/wp\/v2\/media\/16824"}],"wp:attachment":[{"href":"https:\/\/snus-malmo.se\/sv\/wp-json\/wp\/v2\/media?parent=52978"}],"wp:term":[{"taxonomy":"product_brand","embeddable":true,"href":"https:\/\/snus-malmo.se\/sv\/wp-json\/wp\/v2\/product_brand?post=52978"},{"taxonomy":"product_cat","embeddable":true,"href":"https:\/\/snus-malmo.se\/sv\/wp-json\/wp\/v2\/product_cat?post=52978"},{"taxonomy":"product_tag","embeddable":true,"href":"https:\/\/snus-malmo.se\/sv\/wp-json\/wp\/v2\/product_tag?post=52978"}],"curies":[{"name":"wp","href":"https:\/\/api.w.org\/{rel}","templated":true}]}}