{"id":52983,"date":"2025-05-23T16:56:28","date_gmt":"2025-05-23T16:56:28","guid":{"rendered":"https:\/\/snus-malmo.se\/?post_type=product&#038;p=52983"},"modified":"2025-07-23T23:06:58","modified_gmt":"2025-07-23T23:06:58","slug":"grov-original-portion","status":"publish","type":"product","link":"https:\/\/snus-malmo.se\/sv\/produkt\/grov-original-portion\/","title":{"rendered":"Grov Original Portion"},"content":{"rendered":"<h1 data-start=\"325\" data-end=\"359\">\ud83d\udfe4 <strong data-start=\"332\" data-end=\"357\">Grov Original Portion<\/strong><\/h1>\n<h2 data-start=\"360\" data-end=\"445\"><strong data-start=\"360\" data-end=\"445\">\ud83d\udfe4 Kraftfull Tobakssmak i Klassisk Portion \u2013 F\u00f6r Dig som Gillar Snus med Karakt\u00e4r<\/strong><\/h2>\n<p data-start=\"447\" data-end=\"820\"><strong data-start=\"447\" data-end=\"472\">Grov Original Portion<\/strong> \u00e4r ett snus f\u00f6r dig som uppskattar tradition, tydlig tobakssmak och ett rej\u00e4lt format. Med sin grova malning och kraftfulla smakprofil ger Grov en robust snusupplevelse \u2013 precis som namnet antyder. Smaken domineras av fyllig tobak, balanserat med en mild s\u00f6tma och diskreta inslag av tr\u00e4 och l\u00e4der, vilket g\u00f6r den unik bland svenska snusklassiker.<\/p>\n<p data-start=\"822\" data-end=\"1107\">Originalportionen \u00e4r fuktig p\u00e5 ytan f\u00f6r en snabb och direkt smakleverans, men tillr\u00e4ckligt balanserad f\u00f6r l\u00e5ngvarig njutning. Grov Original \u00e4r ett utm\u00e4rkt val f\u00f6r dig som vill ha ett karakt\u00e4rsstarkt portionssnus med mycket kropp och autenticitet \u2013 utan att bli f\u00f6r stark i nikotinhalt.<\/p>\n<p data-start=\"1109\" data-end=\"1221\">Detta \u00e4r ett av de mest k\u00f6pta portionssnusen hos Veloop.se och ett s\u00e4kert kort f\u00f6r b\u00e5de gamla och nya Grov-fans.<\/p>\n<hr data-start=\"1223\" data-end=\"1226\" \/>\n<h3 data-start=\"1228\" data-end=\"1279\">\ud83d\udd0d <strong data-start=\"1231\" data-end=\"1277\">Produktinformation \u2013 Grov Original Portion<\/strong><\/h3>\n<ul data-start=\"1280\" data-end=\"1556\">\n<li data-start=\"1280\" data-end=\"1303\">\n<p data-start=\"1282\" data-end=\"1303\"><strong data-start=\"1282\" data-end=\"1296\">Varum\u00e4rke:<\/strong> Grov<\/p>\n<\/li>\n<li data-start=\"1304\" data-end=\"1333\">\n<p data-start=\"1306\" data-end=\"1333\"><strong data-start=\"1306\" data-end=\"1314\">Typ:<\/strong> Original Portion<\/p>\n<\/li>\n<li data-start=\"1334\" data-end=\"1378\">\n<p data-start=\"1336\" data-end=\"1378\"><strong data-start=\"1336\" data-end=\"1351\">Smakprofil:<\/strong> Fyllig tobak, tr\u00e4, l\u00e4der<\/p>\n<\/li>\n<li data-start=\"1379\" data-end=\"1400\">\n<p data-start=\"1381\" data-end=\"1400\"><strong data-start=\"1381\" data-end=\"1392\">Format:<\/strong> Large<\/p>\n<\/li>\n<li data-start=\"1401\" data-end=\"1423\">\n<p data-start=\"1403\" data-end=\"1423\"><strong data-start=\"1403\" data-end=\"1414\">Styrka:<\/strong> Normal<\/p>\n<\/li>\n<li data-start=\"1424\" data-end=\"1471\">\n<p data-start=\"1426\" data-end=\"1471\"><strong data-start=\"1426\" data-end=\"1442\">Nikotinhalt:<\/strong> ca 0,85 % (ca 8,5 mg\/p\u00e5se)<\/p>\n<\/li>\n<li data-start=\"1472\" data-end=\"1505\">\n<p data-start=\"1474\" data-end=\"1505\"><strong data-start=\"1474\" data-end=\"1494\">Antal portioner:<\/strong> ca 24 st<\/p>\n<\/li>\n<li data-start=\"1506\" data-end=\"1534\">\n<p data-start=\"1508\" data-end=\"1534\"><strong data-start=\"1508\" data-end=\"1522\">Nettovikt:<\/strong> ca 21,6 g<\/p>\n<\/li>\n<li data-start=\"1535\" data-end=\"1556\">\n<p data-start=\"1537\" data-end=\"1556\"><strong data-start=\"1537\" data-end=\"1550\">Fukthalt:<\/strong> H\u00f6g<\/p>\n<\/li>\n<\/ul>\n<hr data-start=\"1558\" data-end=\"1561\" \/>\n<p data-start=\"1563\" data-end=\"1902\">\u2b50 <strong data-start=\"1565\" data-end=\"1613\">Varf\u00f6r snusare v\u00e4ljer Grov Original Portion:<\/strong><br data-start=\"1613\" data-end=\"1616\" \/>\u2705 Distinkt tobakssmak med djup och karakt\u00e4r<br data-start=\"1659\" data-end=\"1662\" \/>\u2705 Originalportion med snabb smakrelease<br data-start=\"1701\" data-end=\"1704\" \/>\u2705 Perfekt f\u00f6r dig som gillar klassiskt, kraftfullt snus<br data-start=\"1759\" data-end=\"1762\" \/>\u2705 En \u00e5terkommande favorit i v\u00e5rt sortiment tillsammans med:<br data-start=\"1821\" data-end=\"1824\" \/><strong data-start=\"1824\" data-end=\"1902\">General Original Portion, Kaliber Original, Kronan Original, Ettan Portion<\/strong><\/p>\n<hr data-start=\"1904\" data-end=\"1907\" \/>\n<p data-start=\"1909\" data-end=\"2157\">\ud83d\uded2 <strong data-start=\"1912\" data-end=\"1955\">K\u00f6p Grov Original Portion hos Veloop.se<\/strong><br data-start=\"1955\" data-end=\"1958\" \/>Hos <strong data-start=\"1962\" data-end=\"1975\">Veloop.se<\/strong> f\u00e5r du alltid snabb leverans, f\u00e4rska dosor och snuskunskap i varje order. Grov Original Portion \u00e4r en trogen f\u00f6ljeslagare f\u00f6r dig som s\u00f6ker ett robust svenskt portionssnus med sj\u00e4l.<\/p>\n<p data-start=\"2159\" data-end=\"2272\">\ud83d\udc49 <strong data-start=\"2162\" data-end=\"2272\">Best\u00e4ll Grov Original Portion idag \u2013 och upplev varf\u00f6r det \u00e4r en svensk klassiker som aldrig g\u00e5r ur tiden.<\/strong><\/p>","protected":false},"excerpt":{"rendered":"<h1 data-start=\"325\" data-end=\"359\">\ud83d\udfe4 <strong data-start=\"332\" data-end=\"357\">Grov Original Portion<\/strong><\/h1>\n<h2 data-start=\"360\" data-end=\"445\"><strong data-start=\"360\" data-end=\"445\">\ud83d\udfe4 Kraftfull Tobakssmak i Klassisk Portion \u2013 F\u00f6r Dig som Gillar Snus med Karakt\u00e4r<\/strong><\/h2>\n<p><strong data-start=\"2352\" data-end=\"2377\">Grov Original Portion<\/strong> \u2013 klassiskt portionssnus med kraftfull tobakssmak och inslag av tr\u00e4 och l\u00e4der. Fuktig originalportion i stort format f\u00f6r snabb och tydlig smak. En svensk snusklassiker med karakt\u00e4r.<\/p>\n<p>\ud83d\udc49 <strong data-start=\"2162\" data-end=\"2272\">Best\u00e4ll Grov Original Portion idag \u2013 och upplev varf\u00f6r det \u00e4r en svensk klassiker som aldrig g\u00e5r ur tiden.<\/strong><\/p>","protected":false},"featured_media":61188,"comment_status":"open","ping_status":"closed","template":"","meta":[],"product_brand":[370],"product_cat":[91,362,73,368],"product_tag":[],"class_list":{"0":"post-52983","1":"product","2":"type-product","3":"status-publish","4":"has-post-thumbnail","6":"product_brand-grov-snus","7":"product_cat-grov","8":"product_cat-original-portion","9":"product_cat-portionssnus","10":"product_cat-snus-tobakssnus-traditionellt-snus","12":"first","13":"instock","14":"taxable","15":"shipping-taxable","16":"purchasable","17":"product-type-variable"},"_links":{"self":[{"href":"https:\/\/snus-malmo.se\/sv\/wp-json\/wp\/v2\/product\/52983","targetHints":{"allow":["GET"]}}],"collection":[{"href":"https:\/\/snus-malmo.se\/sv\/wp-json\/wp\/v2\/product"}],"about":[{"href":"https:\/\/snus-malmo.se\/sv\/wp-json\/wp\/v2\/types\/product"}],"replies":[{"embeddable":true,"href":"https:\/\/snus-malmo.se\/sv\/wp-json\/wp\/v2\/comments?post=52983"}],"version-history":[{"count":0,"href":"https:\/\/snus-malmo.se\/sv\/wp-json\/wp\/v2\/product\/52983\/revisions"}],"wp:featuredmedia":[{"embeddable":true,"href":"https:\/\/snus-malmo.se\/sv\/wp-json\/wp\/v2\/media\/61188"}],"wp:attachment":[{"href":"https:\/\/snus-malmo.se\/sv\/wp-json\/wp\/v2\/media?parent=52983"}],"wp:term":[{"taxonomy":"product_brand","embeddable":true,"href":"https:\/\/snus-malmo.se\/sv\/wp-json\/wp\/v2\/product_brand?post=52983"},{"taxonomy":"product_cat","embeddable":true,"href":"https:\/\/snus-malmo.se\/sv\/wp-json\/wp\/v2\/product_cat?post=52983"},{"taxonomy":"product_tag","embeddable":true,"href":"https:\/\/snus-malmo.se\/sv\/wp-json\/wp\/v2\/product_tag?post=52983"}],"curies":[{"name":"wp","href":"https:\/\/api.w.org\/{rel}","templated":true}]}}