{"id":52987,"date":"2025-05-23T16:56:28","date_gmt":"2025-05-23T16:56:28","guid":{"rendered":"https:\/\/snus-malmo.se\/?post_type=product&#038;p=52987"},"modified":"2025-11-22T09:42:25","modified_gmt":"2025-11-22T09:42:25","slug":"knox-stark-portion","status":"publish","type":"product","link":"https:\/\/snus-malmo.se\/sv\/produkt\/knox-stark-portion\/","title":{"rendered":"Knox Stark Portion"},"content":{"rendered":"<h1 class=\"material-item__headline\">Knox Stark Portion<\/h1>\n<h2 data-start=\"125\" data-end=\"238\"><strong data-start=\"129\" data-end=\"238\">Knox Stark Portion \u2013 Stark Fullstor Portion Snus med Tobak &amp; Citrus | 16 mg\/g Nikotin | K\u00f6p hos Veloop.se<\/strong><\/h2>\n<p data-start=\"240\" data-end=\"599\"><strong data-start=\"240\" data-end=\"262\">Knox Stark Portion<\/strong> \u00e4r en fullstor prilla som levererar en kraftfull och fyllig tobakssmak med subtila inslag av frisk citrus. Med sin starka nikotinhalt p\u00e5 16 mg\/g \u00e4r detta snus perfekt f\u00f6r dig som vill ha extra styrka utan att kompromissa p\u00e5 smaken. Produkten \u00e4r varsamt fuktad f\u00f6r att skapa en behaglig rinnighet och en tydlig, l\u00e5ngvarig smakupplevelse.<\/p>\n<hr data-start=\"601\" data-end=\"604\" \/>\n<h2 data-start=\"606\" data-end=\"636\">\ud83d\udd0d <strong data-start=\"614\" data-end=\"636\">Produktinformation<\/strong><\/h2>\n<ul data-start=\"637\" data-end=\"1014\">\n<li data-start=\"637\" data-end=\"676\">\n<p data-start=\"639\" data-end=\"676\"><strong data-start=\"639\" data-end=\"655\">Produktnamn:<\/strong> Knox Stark Portion<\/p>\n<\/li>\n<li data-start=\"677\" data-end=\"712\">\n<p data-start=\"679\" data-end=\"712\"><strong data-start=\"679\" data-end=\"687\">Typ:<\/strong> Stark fullstor portion<\/p>\n<\/li>\n<li data-start=\"713\" data-end=\"775\">\n<p data-start=\"715\" data-end=\"775\"><strong data-start=\"715\" data-end=\"730\">Smakprofil:<\/strong> Traditionell tobak med subtila citrusnoter<\/p>\n<\/li>\n<li data-start=\"776\" data-end=\"826\">\n<p data-start=\"778\" data-end=\"826\"><strong data-start=\"778\" data-end=\"794\">Nikotinhalt:<\/strong> 16 mg\/g (ca 14 mg per prilla)<\/p>\n<\/li>\n<li data-start=\"827\" data-end=\"861\">\n<p data-start=\"829\" data-end=\"861\"><strong data-start=\"829\" data-end=\"856\">Antal prillor per dosa:<\/strong> 24<\/p>\n<\/li>\n<li data-start=\"862\" data-end=\"891\">\n<p data-start=\"864\" data-end=\"891\"><strong data-start=\"864\" data-end=\"882\">Vikt per dosa:<\/strong> 21,6 g<\/p>\n<\/li>\n<li data-start=\"892\" data-end=\"923\">\n<p data-start=\"894\" data-end=\"923\"><strong data-start=\"894\" data-end=\"914\">Vikt per prilla:<\/strong> 0,90 g<\/p>\n<\/li>\n<li data-start=\"924\" data-end=\"953\">\n<p data-start=\"926\" data-end=\"953\"><strong data-start=\"926\" data-end=\"945\">Vikt per stock:<\/strong> 216 g<\/p>\n<\/li>\n<li data-start=\"954\" data-end=\"1014\">\n<p data-start=\"956\" data-end=\"1014\"><strong data-start=\"956\" data-end=\"968\">Segment:<\/strong> Portion \u2013 varsamt fuktad med l\u00e4tt rinnighet<\/p>\n<\/li>\n<\/ul>\n<hr data-start=\"1016\" data-end=\"1019\" \/>\n<h3 data-start=\"1021\" data-end=\"1047\">\ud83e\uddea <strong data-start=\"1029\" data-end=\"1045\">Ingredienser<\/strong><\/h3>\n<p data-start=\"1048\" data-end=\"1164\">Tobak, vatten, fuktighetsbevarande medel (E1520), surhetsreglerande medel (E500), smakf\u00f6rst\u00e4rkare (koksalt), aromer.<\/p>\n<hr data-start=\"1166\" data-end=\"1169\" \/>\n<h3 data-start=\"1171\" data-end=\"1216\">\ud83d\udcaa <strong data-start=\"1179\" data-end=\"1214\">Extra styrka med frisk karakt\u00e4r<\/strong><\/h3>\n<p data-start=\"1217\" data-end=\"1472\">Knox Stark Portion erbjuder en <strong data-start=\"1248\" data-end=\"1286\">traditionell och fyllig tobakssmak<\/strong> med en frisk citrus-touch, vilket skapar en balanserad och kraftfull smakupplevelse. Den varsamma fuktningen g\u00f6r portionerna sk\u00f6na och bekv\u00e4ma att anv\u00e4nda, utan att de blir f\u00f6r rinniga.<\/p>\n<hr data-start=\"1474\" data-end=\"1477\" \/>\n<h4 data-start=\"1479\" data-end=\"1516\">\ud83d\ude9a <strong data-start=\"1487\" data-end=\"1514\">Varf\u00f6r v\u00e4lja Veloop.se?<\/strong><\/h4>\n<ul data-start=\"1517\" data-end=\"1658\">\n<li data-start=\"1517\" data-end=\"1552\">\n<p data-start=\"1519\" data-end=\"1552\">Snabba och p\u00e5litliga leveranser<\/p>\n<\/li>\n<li data-start=\"1553\" data-end=\"1588\">\n<p data-start=\"1555\" data-end=\"1588\">Diskret och neutral f\u00f6rpackning<\/p>\n<\/li>\n<li data-start=\"1589\" data-end=\"1618\">\n<p data-start=\"1591\" data-end=\"1618\">S\u00e4ker och enkel betalning<\/p>\n<\/li>\n<li data-start=\"1619\" data-end=\"1658\">\n<p data-start=\"1621\" data-end=\"1658\">Brett sortiment av kvalitativt snus<\/p>\n<\/li>\n<\/ul>\n<hr data-start=\"1660\" data-end=\"1663\" \/>\n<p data-start=\"1665\" data-end=\"1829\">\ud83d\uded2 <strong data-start=\"1668\" data-end=\"1762\">Best\u00e4ll Knox Stark Portion idag hos Veloop.se \u2013 starkt och smakrikt snus med h\u00f6g kvalitet.<\/strong><br data-start=\"1762\" data-end=\"1765\" \/>\ud83d\udc49 <a class=\"\" href=\"https:\/\/snus-malmo.se\/sv\/knox\/\" target=\"_new\" rel=\"noopener\" data-start=\"1768\" data-end=\"1829\">Utforska hela Knox-sortimentet h\u00e4r<\/a><\/p>","protected":false},"excerpt":{"rendered":"<h1 class=\"material-item__headline\">Knox Stark Portion<\/h1>\n<p>K\u00f6p Knox Stark Portion \u2013 stark fullstor portion snus med fyllig tobakssmak och subtil citrus. 16 mg\/g nikotin. Snabb leverans och tryggt k\u00f6p hos Veloop.se.<\/p>\n<p>\ud83d\udc49 <a class=\"\" href=\"https:\/\/snus-malmo.se\/sv\/knox\/\" target=\"_new\" rel=\"noopener\" data-start=\"1768\" data-end=\"1829\">Utforska hela Knox-sortimentet h\u00e4r<\/a><\/p>","protected":false},"featured_media":61658,"comment_status":"open","ping_status":"closed","template":"","meta":[],"product_brand":[329],"product_cat":[390,362,73,368,354],"product_tag":[],"class_list":{"0":"post-52987","1":"product","2":"type-product","3":"status-publish","4":"has-post-thumbnail","6":"product_brand-knox","7":"product_cat-knox","8":"product_cat-original-portion","9":"product_cat-portionssnus","10":"product_cat-snus-tobakssnus-traditionellt-snus","11":"product_cat-strongstark","13":"first","14":"instock","15":"taxable","16":"shipping-taxable","17":"purchasable","18":"product-type-variable"},"_links":{"self":[{"href":"https:\/\/snus-malmo.se\/sv\/wp-json\/wp\/v2\/product\/52987","targetHints":{"allow":["GET"]}}],"collection":[{"href":"https:\/\/snus-malmo.se\/sv\/wp-json\/wp\/v2\/product"}],"about":[{"href":"https:\/\/snus-malmo.se\/sv\/wp-json\/wp\/v2\/types\/product"}],"replies":[{"embeddable":true,"href":"https:\/\/snus-malmo.se\/sv\/wp-json\/wp\/v2\/comments?post=52987"}],"version-history":[{"count":0,"href":"https:\/\/snus-malmo.se\/sv\/wp-json\/wp\/v2\/product\/52987\/revisions"}],"wp:featuredmedia":[{"embeddable":true,"href":"https:\/\/snus-malmo.se\/sv\/wp-json\/wp\/v2\/media\/61658"}],"wp:attachment":[{"href":"https:\/\/snus-malmo.se\/sv\/wp-json\/wp\/v2\/media?parent=52987"}],"wp:term":[{"taxonomy":"product_brand","embeddable":true,"href":"https:\/\/snus-malmo.se\/sv\/wp-json\/wp\/v2\/product_brand?post=52987"},{"taxonomy":"product_cat","embeddable":true,"href":"https:\/\/snus-malmo.se\/sv\/wp-json\/wp\/v2\/product_cat?post=52987"},{"taxonomy":"product_tag","embeddable":true,"href":"https:\/\/snus-malmo.se\/sv\/wp-json\/wp\/v2\/product_tag?post=52987"}],"curies":[{"name":"wp","href":"https:\/\/api.w.org\/{rel}","templated":true}]}}