{"id":53007,"date":"2025-05-23T16:56:31","date_gmt":"2025-05-23T16:56:31","guid":{"rendered":"https:\/\/snus-malmo.se\/?post_type=product&#038;p=53007"},"modified":"2025-10-09T08:26:43","modified_gmt":"2025-10-09T08:26:43","slug":"one-svart-original-portion","status":"publish","type":"product","link":"https:\/\/snus-malmo.se\/sv\/produkt\/one-svart-original-portion\/","title":{"rendered":"ONE Svart Original Portion"},"content":{"rendered":"<article class=\"product-text\">One Svart, inspirerad av General snus med m\u00f6rk och kryddig tobakskarakt\u00e4r med inslag av bergamott och \u00a0citrus, samt en hint av te och l\u00e4der.\u00a0<\/article>\n<article class=\"product-text\">Nya One Svart bygger vidare p\u00e5 v\u00e4lk\u00e4nda General One Portion. Du kommer k\u00e4nna igen smakerna\u00a0av bergamott och citrus.\u00a0Med ett helt nytt\u00a0tunnare prillpapper kommer du\u00a0n\u00e4rmare snuset och smaken.<\/p>\n<p>Varje smak i One-serien har sin egen karakt\u00e4r och signum och f\u00f6r att g\u00f6ra det enklare att komma ih\u00e5g vilken smak man f\u00f6redrar \u00e4r alla smaker kopplade till en f\u00e4rg som ber\u00e4ttar n\u00e5got om smaken.\u00a0Hitta alla smaker h\u00e4r!<\/p>\n<p><strong>Ingredienser:<\/strong>\u00a0tobak (inneh\u00e5ller nikotin), vatten, surhetsreglerande medel (E 500), salt, fuktighetsbevarande medel (E 1520), aromer inklusive r\u00f6karom.<\/p>\n<table class=\"product-specs\">\n<thead>\n<tr>\n<th>Fakta om produkten<\/th>\n<th class=\"text-right\"><\/th>\n<\/tr>\n<\/thead>\n<tbody>\n<tr>\n<td class=\"spec-key\">Varum\u00e4rke<\/td>\n<td class=\"spec-value text-right\">One<\/td>\n<\/tr>\n<tr>\n<td class=\"spec-key\">Produkttyp<\/td>\n<td class=\"spec -value text-right\">original portion<\/td>\n<\/tr>\n<tr>\n<td class=\"spec-key\">Nikotinstyrka<\/td>\n<td class=\"spec -value text-right\">stark<\/td>\n<\/tr>\n<tr>\n<td class=\"spec-key\">Nikotinhalt<\/td>\n<td class=\"spec -value text-right\">13 mg\/g<\/td>\n<\/tr>\n<tr>\n<td class=\"spec-key\">Smak<\/td>\n<td class=\"spec -value text-right\">Traditionell<\/td>\n<\/tr>\n<tr>\n<td class=\"spec-key\">Inneh\u00e5ll\/f\u00f6rpackning<\/td>\n<td class=\"spec -value text-right\">18 g<\/td>\n<\/tr>\n<tr>\n<td class=\"spec-key\">Snustyp<\/td>\n<td class=\"spec -value text-right\">Original portion<\/td>\n<\/tr>\n<tr>\n<td class=\"spec-key\">Format<\/td>\n<td class=\"spec -value text-right\">Normal<\/td>\n<\/tr>\n<tr>\n<td class=\"spec-key\">Producent<\/td>\n<td class=\"spec-value text-right\">Swedish Match<\/td>\n<\/tr>\n<\/tbody>\n<\/table>\n<\/article>","protected":false},"excerpt":{"rendered":"<article class=\"product-text\">One Svart, inspirerad av General snus med m\u00f6rk och kryddig tobakskarakt\u00e4r med inslag av bergamott och \u00a0citrus, samt en hint av te och l\u00e4der.\u00a0<\/article>\n<article class=\"product-text\">Nya One Svart bygger vidare p\u00e5 v\u00e4lk\u00e4nda General One Portion. Du kommer k\u00e4nna igen smakerna\u00a0av bergamott och citrus.\u00a0Med ett helt nytt\u00a0tunnare prillpapper kommer du\u00a0n\u00e4rmare snuset och smaken.<\/p>\n<p>Varje smak i One-serien har sin egen karakt\u00e4r och signum och f\u00f6r att g\u00f6ra det enklare att komma ih\u00e5g vilken smak man f\u00f6redrar \u00e4r alla smaker kopplade till en f\u00e4rg som ber\u00e4ttar n\u00e5got om smaken.\u00a0Hitta alla smaker h\u00e4r!<\/p>\n<\/article>","protected":false},"featured_media":16862,"comment_status":"open","ping_status":"closed","template":"","meta":[],"product_brand":[],"product_cat":[88,111,73,348,368],"product_tag":[],"class_list":{"0":"post-53007","1":"product","2":"type-product","3":"status-publish","4":"has-post-thumbnail","6":"product_cat-general","7":"product_cat-one","8":"product_cat-portionssnus","9":"product_cat-regular-large","10":"product_cat-snus-tobakssnus-traditionellt-snus","12":"first","13":"instock","14":"taxable","15":"shipping-taxable","16":"purchasable","17":"product-type-variable"},"_links":{"self":[{"href":"https:\/\/snus-malmo.se\/sv\/wp-json\/wp\/v2\/product\/53007","targetHints":{"allow":["GET"]}}],"collection":[{"href":"https:\/\/snus-malmo.se\/sv\/wp-json\/wp\/v2\/product"}],"about":[{"href":"https:\/\/snus-malmo.se\/sv\/wp-json\/wp\/v2\/types\/product"}],"replies":[{"embeddable":true,"href":"https:\/\/snus-malmo.se\/sv\/wp-json\/wp\/v2\/comments?post=53007"}],"version-history":[{"count":0,"href":"https:\/\/snus-malmo.se\/sv\/wp-json\/wp\/v2\/product\/53007\/revisions"}],"wp:featuredmedia":[{"embeddable":true,"href":"https:\/\/snus-malmo.se\/sv\/wp-json\/wp\/v2\/media\/16862"}],"wp:attachment":[{"href":"https:\/\/snus-malmo.se\/sv\/wp-json\/wp\/v2\/media?parent=53007"}],"wp:term":[{"taxonomy":"product_brand","embeddable":true,"href":"https:\/\/snus-malmo.se\/sv\/wp-json\/wp\/v2\/product_brand?post=53007"},{"taxonomy":"product_cat","embeddable":true,"href":"https:\/\/snus-malmo.se\/sv\/wp-json\/wp\/v2\/product_cat?post=53007"},{"taxonomy":"product_tag","embeddable":true,"href":"https:\/\/snus-malmo.se\/sv\/wp-json\/wp\/v2\/product_tag?post=53007"}],"curies":[{"name":"wp","href":"https:\/\/api.w.org\/{rel}","templated":true}]}}