{"id":53015,"date":"2025-05-23T16:56:31","date_gmt":"2025-05-23T16:56:31","guid":{"rendered":"https:\/\/snus-malmo.se\/?post_type=product&#038;p=53015"},"modified":"2025-07-24T23:49:45","modified_gmt":"2025-07-24T23:49:45","slug":"kronan-portion","status":"publish","type":"product","link":"https:\/\/snus-malmo.se\/sv\/produkt\/kronan-portion\/","title":{"rendered":"Kronan Portion"},"content":{"rendered":"<h1 data-start=\"270\" data-end=\"347\"><strong data-start=\"276\" data-end=\"347\">Kronan Portion<\/strong><\/h1>\n<h2>Kronan Portion \u2013 Klassisk Svensk Tobak i Original Large format<\/h2>\n<p data-start=\"293\" data-end=\"615\"><strong data-start=\"293\" data-end=\"311\">Kronan Portion<\/strong> \u00e4r ett traditionellt svenskt portionssnus med en <strong data-start=\"361\" data-end=\"395\">djup och robust tobakskarakt\u00e4r<\/strong>, kompletterad av nyanser av <strong data-start=\"424\" data-end=\"450\">\u00f6rter och frisk citrus<\/strong>. Med ett originalformat som ger snabb smakrelease tack vare sin fuktiga yta, passar Kronan Portion perfekt f\u00f6r dig som uppskattar genuin snussmak utan kompromisser.<\/p>\n<p data-start=\"617\" data-end=\"790\">Denna produkt har blivit ett <strong data-start=\"646\" data-end=\"726\">\u00e5terkommande val f\u00f6r snusare som s\u00f6ker kvalitet, balans och svensk tradition<\/strong>, och finns st\u00e4ndigt med bland v\u00e5ra <strong data-start=\"762\" data-end=\"789\">mest k\u00f6pta portionssnus<\/strong>.<\/p>\n<hr data-start=\"792\" data-end=\"795\" \/>\n<h3 data-start=\"797\" data-end=\"823\">\ud83d\udd0d Produktinformation:<\/h3>\n<ul data-start=\"824\" data-end=\"1120\">\n<li data-start=\"824\" data-end=\"849\">\n<p data-start=\"826\" data-end=\"849\"><strong data-start=\"826\" data-end=\"840\">Varum\u00e4rke:<\/strong> Kronan<\/p>\n<\/li>\n<li data-start=\"850\" data-end=\"879\">\n<p data-start=\"852\" data-end=\"879\"><strong data-start=\"852\" data-end=\"860\">Typ:<\/strong> Original Portion<\/p>\n<\/li>\n<li data-start=\"880\" data-end=\"920\">\n<p data-start=\"882\" data-end=\"920\"><strong data-start=\"882\" data-end=\"897\">Smakprofil:<\/strong> Tobak, citrus, \u00f6rter<\/p>\n<\/li>\n<li data-start=\"921\" data-end=\"942\">\n<p data-start=\"923\" data-end=\"942\"><strong data-start=\"923\" data-end=\"934\">Format:<\/strong> Large<\/p>\n<\/li>\n<li data-start=\"943\" data-end=\"965\">\n<p data-start=\"945\" data-end=\"965\"><strong data-start=\"945\" data-end=\"956\">Styrka:<\/strong> Normal<\/p>\n<\/li>\n<li data-start=\"966\" data-end=\"1010\">\n<p data-start=\"968\" data-end=\"1010\"><strong data-start=\"968\" data-end=\"984\">Nikotinhalt:<\/strong> 0,85 % (ca 8,5 mg\/p\u00e5se)<\/p>\n<\/li>\n<li data-start=\"1011\" data-end=\"1044\">\n<p data-start=\"1013\" data-end=\"1044\"><strong data-start=\"1013\" data-end=\"1033\">Antal portioner:<\/strong> ca 24 st<\/p>\n<\/li>\n<li data-start=\"1045\" data-end=\"1073\">\n<p data-start=\"1047\" data-end=\"1073\"><strong data-start=\"1047\" data-end=\"1061\">Nettovikt:<\/strong> ca 21,6 g<\/p>\n<\/li>\n<li data-start=\"1074\" data-end=\"1120\">\n<p data-start=\"1076\" data-end=\"1120\"><strong data-start=\"1076\" data-end=\"1089\">Fukthalt:<\/strong> H\u00f6g \u2013 f\u00f6r snabb smakleverans<\/p>\n<\/li>\n<\/ul>\n<hr data-start=\"1122\" data-end=\"1125\" \/>\n<h3 data-start=\"1127\" data-end=\"1170\">\u2b50 D\u00e4rf\u00f6r v\u00e4ljer snusare Kronan Portion:<\/h3>\n<ul data-start=\"1171\" data-end=\"1599\">\n<li data-start=\"1171\" data-end=\"1205\">\n<p data-start=\"1173\" data-end=\"1205\">Klassisk och tydlig tobakssmak<\/p>\n<\/li>\n<li data-start=\"1206\" data-end=\"1266\">\n<p data-start=\"1208\" data-end=\"1266\">Snabb smakrelease tack vare originalportionens fuktighet<\/p>\n<\/li>\n<li data-start=\"1267\" data-end=\"1318\">\n<p data-start=\"1269\" data-end=\"1318\">H\u00f6g kvalitet fr\u00e5n ett v\u00e4lk\u00e4nt svenskt varum\u00e4rke<\/p>\n<\/li>\n<li data-start=\"1319\" data-end=\"1599\">\n<p data-start=\"1321\" data-end=\"1404\">Popul\u00e4rt val i Veloop.se:s lista \u00f6ver <strong data-start=\"1359\" data-end=\"1386\">mest k\u00f6pta portionssnus<\/strong>, tillsammans med:<\/p>\n<ul data-start=\"1407\" data-end=\"1599\">\n<li data-start=\"1407\" data-end=\"1470\">\n<p data-start=\"1409\" data-end=\"1470\"><strong data-start=\"1409\" data-end=\"1428\">General Portion<\/strong>, <strong data-start=\"1430\" data-end=\"1450\">Kaliber Original<\/strong>, <strong data-start=\"1452\" data-end=\"1468\">Grov Portion<\/strong><\/p>\n<\/li>\n<li data-start=\"1473\" data-end=\"1532\">\n<p data-start=\"1475\" data-end=\"1532\"><strong data-start=\"1475\" data-end=\"1501\">G\u00f6teborgs Rap\u00e9 Portion<\/strong>, <strong data-start=\"1503\" data-end=\"1530\">Kapten Original Portion<\/strong><\/p>\n<\/li>\n<li data-start=\"1535\" data-end=\"1599\">\n<p data-start=\"1537\" data-end=\"1599\"><strong data-start=\"1537\" data-end=\"1557\">XR General White<\/strong>, <strong data-start=\"1559\" data-end=\"1597\">Skruf Fresh no. 4 Mint Xtra Strong<\/strong><\/p>\n<\/li>\n<\/ul>\n<\/li>\n<\/ul>\n<hr data-start=\"1601\" data-end=\"1604\" \/>\n<h3 data-start=\"1606\" data-end=\"1645\">\ud83d\uded2 K\u00f6p Kronan Portion hos Veloop.se<\/h3>\n<p data-start=\"1646\" data-end=\"1855\">N\u00e4r du handlar Kronan Portion fr\u00e5n oss p\u00e5 <strong data-start=\"1688\" data-end=\"1701\">Veloop.se<\/strong>, f\u00e5r du en klassisk smakupplevelse som st\u00e5r sig \u00f6ver tid. Kombinera god smak med p\u00e5litlig leverans och snuskompetens \u2013 det \u00e4r d\u00e4rf\u00f6r s\u00e5 m\u00e5nga \u00e5terkommer.<\/p>\n<p data-start=\"1857\" data-end=\"1988\">\ud83d\udc49 <a class=\"\" href=\"https:\/\/snus-malmo.se\/sv\/portionssnus\/\" target=\"_new\" rel=\"noopener\" data-start=\"1860\" data-end=\"1988\"><strong data-start=\"1861\" data-end=\"1954\">Best\u00e4ll idag och uppt\u00e4ck varf\u00f6r Kronan Portion \u00e4r ett av Sveriges mest k\u00f6pta portionssnus<\/strong><\/a><\/p>","protected":false},"excerpt":{"rendered":"<h1 data-start=\"295\" data-end=\"343\"><strong data-start=\"302\" data-end=\"320\">Kronan Portion<\/strong><\/h1>\n<h2 data-start=\"270\" data-end=\"347\"><strong data-start=\"276\" data-end=\"347\">Kronan Portion \u2013 F\u00e4rskt Originalsnus med Klassisk Svensk Tobakssmak<\/strong><\/h2>\n<p><strong data-start=\"2042\" data-end=\"2060\">Kronan Portion<\/strong> \u00e4r ett klassiskt portionssnus med naturlig tobakssmak, balanserad med citrus och \u00f6rter. Levereras alltid f\u00e4rskt fr\u00e5n Veloop.se \u2013 en trogen favorit bland v\u00e5ra <strong data-start=\"2219\" data-end=\"2246\">mest k\u00f6pta portionssnus.<\/strong><\/p>\n<p>\ud83d\udc49 <a class=\"\" href=\"https:\/\/snus-malmo.se\/sv\/portionssnus\/\" target=\"_new\" rel=\"noopener\" data-start=\"1860\" data-end=\"1988\"><strong data-start=\"1861\" data-end=\"1954\">Best\u00e4ll idag och uppt\u00e4ck varf\u00f6r Kronan Portion \u00e4r ett av Sveriges mest k\u00f6pta portionssnus<\/strong><\/a><\/p>","protected":false},"featured_media":61138,"comment_status":"open","ping_status":"closed","template":"","meta":[],"product_brand":[371],"product_cat":[100,362,73,368],"product_tag":[],"class_list":{"0":"post-53015","1":"product","2":"type-product","3":"status-publish","4":"has-post-thumbnail","6":"product_brand-kronan-snus","7":"product_cat-kronan","8":"product_cat-original-portion","9":"product_cat-portionssnus","10":"product_cat-snus-tobakssnus-traditionellt-snus","12":"first","13":"instock","14":"taxable","15":"shipping-taxable","16":"purchasable","17":"product-type-variable"},"_links":{"self":[{"href":"https:\/\/snus-malmo.se\/sv\/wp-json\/wp\/v2\/product\/53015","targetHints":{"allow":["GET"]}}],"collection":[{"href":"https:\/\/snus-malmo.se\/sv\/wp-json\/wp\/v2\/product"}],"about":[{"href":"https:\/\/snus-malmo.se\/sv\/wp-json\/wp\/v2\/types\/product"}],"replies":[{"embeddable":true,"href":"https:\/\/snus-malmo.se\/sv\/wp-json\/wp\/v2\/comments?post=53015"}],"version-history":[{"count":0,"href":"https:\/\/snus-malmo.se\/sv\/wp-json\/wp\/v2\/product\/53015\/revisions"}],"wp:featuredmedia":[{"embeddable":true,"href":"https:\/\/snus-malmo.se\/sv\/wp-json\/wp\/v2\/media\/61138"}],"wp:attachment":[{"href":"https:\/\/snus-malmo.se\/sv\/wp-json\/wp\/v2\/media?parent=53015"}],"wp:term":[{"taxonomy":"product_brand","embeddable":true,"href":"https:\/\/snus-malmo.se\/sv\/wp-json\/wp\/v2\/product_brand?post=53015"},{"taxonomy":"product_cat","embeddable":true,"href":"https:\/\/snus-malmo.se\/sv\/wp-json\/wp\/v2\/product_cat?post=53015"},{"taxonomy":"product_tag","embeddable":true,"href":"https:\/\/snus-malmo.se\/sv\/wp-json\/wp\/v2\/product_tag?post=53015"}],"curies":[{"name":"wp","href":"https:\/\/api.w.org\/{rel}","templated":true}]}}