{"id":53024,"date":"2025-05-23T16:56:31","date_gmt":"2025-05-23T16:56:31","guid":{"rendered":"https:\/\/snus-malmo.se\/?post_type=product&#038;p=53024"},"modified":"2025-10-09T08:26:31","modified_gmt":"2025-10-09T08:26:31","slug":"one-bla-white-portion","status":"publish","type":"product","link":"https:\/\/snus-malmo.se\/sv\/produkt\/one-bla-white-portion\/","title":{"rendered":"ONE Bl\u00e5 White Portion"},"content":{"rendered":"<h1 class=\"mb-16 sm:mb-24\">ONE Bl\u00e5 White Portion<\/h1>\n<h2 data-start=\"241\" data-end=\"311\">ONE Bl\u00e5 White Portion \u2013 Modern snusupplevelse med klassiska r\u00f6tter<\/h2>\n<p data-start=\"313\" data-end=\"626\"><strong data-start=\"313\" data-end=\"338\">ONE Bl\u00e5 White Portion<\/strong> \u00e4r ett modernt snus med en <strong data-start=\"366\" data-end=\"396\">klar och fr\u00e4sch smakprofil<\/strong> som bygger p\u00e5 traditionella svenska snusaromer \u2013 men i en uppdaterad tappning. Med sin <strong data-start=\"484\" data-end=\"548\">ljusa tobakskarakt\u00e4r och toner av lavendel, citrus och enb\u00e4r<\/strong> bjuder ONE Bl\u00e5 p\u00e5 en v\u00e4lbalanserad smakupplevelse med b\u00e5de fr\u00e4sch\u00f6r och djup.<\/p>\n<p data-start=\"628\" data-end=\"987\">Detta \u00e4r ett snus i <strong data-start=\"648\" data-end=\"672\">white portion-format<\/strong>, vilket inneb\u00e4r att prillorna har en <strong data-start=\"710\" data-end=\"744\">torr yta som minskar rinnighet<\/strong> och ger en <strong data-start=\"756\" data-end=\"789\">diskret passform under l\u00e4ppen<\/strong>. Den l\u00e4tta fuktigheten inuti s\u00e4kerst\u00e4ller en <strong data-start=\"835\" data-end=\"869\">l\u00e5ngvarig och j\u00e4mn smakrelease<\/strong>. ONE-serien \u00e4r utvecklad i samarbete med snusare f\u00f6r att kombinera <strong data-start=\"937\" data-end=\"986\">smak, styrka och komfort p\u00e5 ett optimalt s\u00e4tt<\/strong>.<\/p>\n<p data-start=\"989\" data-end=\"1124\">Med sin <strong data-start=\"997\" data-end=\"1021\">starka nikotinstyrka<\/strong> passar ONE Bl\u00e5 dig som \u00e4r van snusare och s\u00f6ker en <strong data-start=\"1073\" data-end=\"1123\">intensivare upplevelse i ett balanserat format<\/strong>.<\/p>\n<p data-start=\"1126\" data-end=\"1259\">\ud83d\udfe6 Vill du se fler vita portionssnus i samma stil? Kolla in v\u00e5rt <a class=\"\" href=\"https:\/\/snus-malmo.se\/sv\/white-portion\/\" target=\"_new\" rel=\"noopener\" data-start=\"1191\" data-end=\"1258\"><strong data-start=\"1192\" data-end=\"1223\">White Portion-sortiment h\u00e4r<\/strong><\/a>.<\/p>\n<hr data-start=\"1261\" data-end=\"1264\" \/>\n<h3 data-start=\"1266\" data-end=\"1290\">Produktinformation:<\/h3>\n<ul data-start=\"1292\" data-end=\"1651\">\n<li data-start=\"1292\" data-end=\"1314\">\n<p data-start=\"1294\" data-end=\"1314\"><strong data-start=\"1294\" data-end=\"1308\">Varum\u00e4rke:<\/strong> ONE<\/p>\n<\/li>\n<li data-start=\"1315\" data-end=\"1348\">\n<p data-start=\"1317\" data-end=\"1348\"><strong data-start=\"1317\" data-end=\"1332\">Produkttyp:<\/strong> White Portion<\/p>\n<\/li>\n<li data-start=\"1349\" data-end=\"1369\">\n<p data-start=\"1351\" data-end=\"1369\"><strong data-start=\"1351\" data-end=\"1362\">Format:<\/strong> Slim<\/p>\n<\/li>\n<li data-start=\"1370\" data-end=\"1420\">\n<p data-start=\"1372\" data-end=\"1420\"><strong data-start=\"1372\" data-end=\"1387\">Smakprofil:<\/strong> Tobak, Enb\u00e4r, Lavendel, Citrus<\/p>\n<\/li>\n<li data-start=\"1421\" data-end=\"1442\">\n<p data-start=\"1423\" data-end=\"1442\"><strong data-start=\"1423\" data-end=\"1434\">Styrka:<\/strong> Stark<\/p>\n<\/li>\n<li data-start=\"1443\" data-end=\"1476\">\n<p data-start=\"1445\" data-end=\"1476\"><strong data-start=\"1445\" data-end=\"1461\">Nikotinhalt:<\/strong> ca 1,2\u20131,4 %<\/p>\n<\/li>\n<li data-start=\"1477\" data-end=\"1516\">\n<p data-start=\"1479\" data-end=\"1516\"><strong data-start=\"1479\" data-end=\"1502\">Nikotin per prilla:<\/strong> ca 11\u201314 mg<\/p>\n<\/li>\n<li data-start=\"1517\" data-end=\"1557\">\n<p data-start=\"1519\" data-end=\"1557\"><strong data-start=\"1519\" data-end=\"1546\">Antal prillor per dosa:<\/strong> ca 22 st<\/p>\n<\/li>\n<li data-start=\"1558\" data-end=\"1583\">\n<p data-start=\"1560\" data-end=\"1583\"><strong data-start=\"1560\" data-end=\"1573\">Fukthalt:<\/strong> ca 46 %<\/p>\n<\/li>\n<li data-start=\"1584\" data-end=\"1617\">\n<p data-start=\"1586\" data-end=\"1617\"><strong data-start=\"1586\" data-end=\"1606\">Vikt per prilla:<\/strong> ca 0,7 g<\/p>\n<\/li>\n<li data-start=\"1618\" data-end=\"1651\">\n<p data-start=\"1620\" data-end=\"1651\"><strong data-start=\"1620\" data-end=\"1639\">Nettovikt\/dosa:<\/strong> ca 15,4 g<\/p>\n<\/li>\n<\/ul>\n<hr data-start=\"1653\" data-end=\"1656\" \/>\n<h3 data-start=\"1658\" data-end=\"1706\">D\u00e4rf\u00f6r v\u00e4ljer snusare ONE Bl\u00e5 White Portion:<\/h3>\n<p data-start=\"1708\" data-end=\"1913\">\u2705 Modern smak med klassiska inslag<br data-start=\"1742\" data-end=\"1745\" \/>\u2705 Slim white portion \u2013 l\u00e5g rinnighet, diskret k\u00e4nsla<br data-start=\"1797\" data-end=\"1800\" \/>\u2705 Stark styrka \u2013 perfekt f\u00f6r vana snusare<br data-start=\"1841\" data-end=\"1844\" \/>\u2705 Utvecklad i samarbete med snusare<br data-start=\"1879\" data-end=\"1882\" \/>\u2705 Snabb leverans fr\u00e5n Veloop.se<\/p>\n<hr data-start=\"1915\" data-end=\"1918\" \/>\n<p data-start=\"1920\" data-end=\"2048\">Best\u00e4ll <strong data-start=\"1928\" data-end=\"1953\">ONE Bl\u00e5 White Portion<\/strong> fr\u00e5n <strong data-start=\"1959\" data-end=\"1972\">Veloop.se<\/strong> \u2013 en stilren kombination av <strong data-start=\"2001\" data-end=\"2047\">svensk smaktradition och modern snusteknik<\/strong>.<\/p>","protected":false},"excerpt":{"rendered":"<h1 class=\"mb-16 sm:mb-24\">ONE Bl\u00e5 White Portion<\/h1>\n<h2 data-start=\"241\" data-end=\"311\">ONE Bl\u00e5 White Portion \u2013 Modern snusupplevelse med klassiska r\u00f6tter<\/h2>\n<p><strong data-start=\"2073\" data-end=\"2098\">ONE Bl\u00e5 White Portion<\/strong> kombinerar klassisk tobakssmak med lavendel och citrus i ett starkt, vitt slimformat. Diskret, smakrikt och kraftfullt.<br data-start=\"2218\" data-end=\"2221\" \/>\ud83d\udc49 Utforska fler <a class=\"\" href=\"https:\/\/snus-malmo.se\/sv\/white-portion\/\" target=\"_new\" rel=\"noopener\" data-start=\"2238\" data-end=\"2305\"><strong data-start=\"2239\" data-end=\"2270\">White Portion-produkter h\u00e4r<\/strong><\/a>.<\/p>","protected":false},"featured_media":61418,"comment_status":"open","ping_status":"closed","template":"","meta":[],"product_brand":[],"product_cat":[292,111,73,348,368,135],"product_tag":[],"class_list":{"0":"post-53024","1":"product","2":"type-product","3":"status-publish","4":"has-post-thumbnail","6":"product_cat-goteborgsrape","7":"product_cat-one","8":"product_cat-portionssnus","9":"product_cat-regular-large","10":"product_cat-snus-tobakssnus-traditionellt-snus","11":"product_cat-white-portion","13":"first","14":"instock","15":"taxable","16":"shipping-taxable","17":"purchasable","18":"product-type-variable"},"_links":{"self":[{"href":"https:\/\/snus-malmo.se\/sv\/wp-json\/wp\/v2\/product\/53024","targetHints":{"allow":["GET"]}}],"collection":[{"href":"https:\/\/snus-malmo.se\/sv\/wp-json\/wp\/v2\/product"}],"about":[{"href":"https:\/\/snus-malmo.se\/sv\/wp-json\/wp\/v2\/types\/product"}],"replies":[{"embeddable":true,"href":"https:\/\/snus-malmo.se\/sv\/wp-json\/wp\/v2\/comments?post=53024"}],"version-history":[{"count":0,"href":"https:\/\/snus-malmo.se\/sv\/wp-json\/wp\/v2\/product\/53024\/revisions"}],"wp:featuredmedia":[{"embeddable":true,"href":"https:\/\/snus-malmo.se\/sv\/wp-json\/wp\/v2\/media\/61418"}],"wp:attachment":[{"href":"https:\/\/snus-malmo.se\/sv\/wp-json\/wp\/v2\/media?parent=53024"}],"wp:term":[{"taxonomy":"product_brand","embeddable":true,"href":"https:\/\/snus-malmo.se\/sv\/wp-json\/wp\/v2\/product_brand?post=53024"},{"taxonomy":"product_cat","embeddable":true,"href":"https:\/\/snus-malmo.se\/sv\/wp-json\/wp\/v2\/product_cat?post=53024"},{"taxonomy":"product_tag","embeddable":true,"href":"https:\/\/snus-malmo.se\/sv\/wp-json\/wp\/v2\/product_tag?post=53024"}],"curies":[{"name":"wp","href":"https:\/\/api.w.org\/{rel}","templated":true}]}}