{"id":53029,"date":"2025-05-23T16:56:31","date_gmt":"2025-05-23T16:56:31","guid":{"rendered":"https:\/\/snus-malmo.se\/?post_type=product&#038;p=53029"},"modified":"2025-11-22T09:24:26","modified_gmt":"2025-11-22T09:24:26","slug":"xr-general-slim-white-portion-strong","status":"publish","type":"product","link":"https:\/\/snus-malmo.se\/sv\/produkt\/xr-general-slim-white-portion-strong\/","title":{"rendered":"XR General Slim White Portion Strong"},"content":{"rendered":"<h1 data-start=\"261\" data-end=\"345\">XR General Slim White Portion Strong<\/h1>\n<h2 data-start=\"261\" data-end=\"345\">XR General Slim White Portion Strong \u2013 Generalsmak med extra styrka i slimformat<\/h2>\n<p data-start=\"347\" data-end=\"680\"><strong data-start=\"347\" data-end=\"387\">XR General Slim White Portion Strong<\/strong> levererar den klassiska, v\u00e4lk\u00e4nda smaken av General \u2013 nu med en <strong data-start=\"452\" data-end=\"503\">starkare nikotinhalt och ett diskret slimformat<\/strong>. H\u00e4r f\u00e5r du en <strong data-start=\"519\" data-end=\"608\">ljus tobakskarakt\u00e4r med tydliga inslag av bergamott, citrus och en elegant pepprighet<\/strong>, precis som du f\u00f6rv\u00e4ntar dig av en kvalitetsprodukt i General-familjen.<\/p>\n<p data-start=\"682\" data-end=\"915\">Slimformatet g\u00f6r att prillan sitter <strong data-start=\"718\" data-end=\"754\">bekv\u00e4mt och diskret under l\u00e4ppen<\/strong>, samtidigt som det <strong data-start=\"774\" data-end=\"835\">white portion-formatet h\u00e5ller ytan torr f\u00f6r l\u00e5g rinnighet<\/strong>, medan den fuktiga insidan garanterar en <strong data-start=\"877\" data-end=\"914\">j\u00e4mn och l\u00e5ngvarig smakupplevelse<\/strong>.<\/p>\n<p data-start=\"917\" data-end=\"1081\">Med sin <strong data-start=\"925\" data-end=\"951\">f\u00f6rh\u00f6jda nikotinstyrka<\/strong> \u00e4r XR General Strong s\u00e4rskilt framtagen f\u00f6r vana snusare som vill ha <strong data-start=\"1021\" data-end=\"1080\">mer effekt, utan att kompromissa med smak eller komfort<\/strong>.<\/p>\n<p data-start=\"1083\" data-end=\"1225\">\ud83d\udfe6 Vill du utforska fler vita portioner med styrka och smak? Se hela v\u00e5rt <a class=\"\" href=\"https:\/\/snus-malmo.se\/sv\/white-portion\/\" target=\"_new\" rel=\"noopener\" data-start=\"1157\" data-end=\"1224\"><strong data-start=\"1158\" data-end=\"1189\">White Portion-sortiment h\u00e4r<\/strong><\/a>.<\/p>\n<hr data-start=\"1227\" data-end=\"1230\" \/>\n<h3 data-start=\"1232\" data-end=\"1256\">Produktinformation:<\/h3>\n<ul data-start=\"1258\" data-end=\"1628\">\n<li data-start=\"1258\" data-end=\"1289\">\n<p data-start=\"1260\" data-end=\"1289\"><strong data-start=\"1260\" data-end=\"1274\">Varum\u00e4rke:<\/strong> XR (General)<\/p>\n<\/li>\n<li data-start=\"1290\" data-end=\"1323\">\n<p data-start=\"1292\" data-end=\"1323\"><strong data-start=\"1292\" data-end=\"1307\">Produkttyp:<\/strong> White Portion<\/p>\n<\/li>\n<li data-start=\"1324\" data-end=\"1344\">\n<p data-start=\"1326\" data-end=\"1344\"><strong data-start=\"1326\" data-end=\"1337\">Format:<\/strong> Slim<\/p>\n<\/li>\n<li data-start=\"1345\" data-end=\"1401\">\n<p data-start=\"1347\" data-end=\"1401\"><strong data-start=\"1347\" data-end=\"1362\">Smakprofil:<\/strong> Tobak, Bergamott, Citrus, Kryddighet<\/p>\n<\/li>\n<li data-start=\"1402\" data-end=\"1423\">\n<p data-start=\"1404\" data-end=\"1423\"><strong data-start=\"1404\" data-end=\"1415\">Styrka:<\/strong> Stark<\/p>\n<\/li>\n<li data-start=\"1424\" data-end=\"1453\">\n<p data-start=\"1426\" data-end=\"1453\"><strong data-start=\"1426\" data-end=\"1442\">Nikotinhalt:<\/strong> ca 1,2 %<\/p>\n<\/li>\n<li data-start=\"1454\" data-end=\"1492\">\n<p data-start=\"1456\" data-end=\"1492\"><strong data-start=\"1456\" data-end=\"1479\">Nikotin per prilla:<\/strong> ca 10,5 mg<\/p>\n<\/li>\n<li data-start=\"1493\" data-end=\"1533\">\n<p data-start=\"1495\" data-end=\"1533\"><strong data-start=\"1495\" data-end=\"1522\">Antal prillor per dosa:<\/strong> ca 21 st<\/p>\n<\/li>\n<li data-start=\"1534\" data-end=\"1559\">\n<p data-start=\"1536\" data-end=\"1559\"><strong data-start=\"1536\" data-end=\"1549\">Fukthalt:<\/strong> ca 44 %<\/p>\n<\/li>\n<li data-start=\"1560\" data-end=\"1594\">\n<p data-start=\"1562\" data-end=\"1594\"><strong data-start=\"1562\" data-end=\"1582\">Vikt per prilla:<\/strong> ca 0,73 g<\/p>\n<\/li>\n<li data-start=\"1595\" data-end=\"1628\">\n<p data-start=\"1597\" data-end=\"1628\"><strong data-start=\"1597\" data-end=\"1616\">Nettovikt\/dosa:<\/strong> ca 15,4 g<\/p>\n<\/li>\n<\/ul>\n<hr data-start=\"1630\" data-end=\"1633\" \/>\n<h3 data-start=\"1635\" data-end=\"1698\">D\u00e4rf\u00f6r v\u00e4ljer snusare XR General Slim White Portion Strong:<\/h3>\n<p data-start=\"1700\" data-end=\"1926\">\u2705 Klassisk Generalsmak \u2013 tobak, bergamott &amp; citrus<br data-start=\"1750\" data-end=\"1753\" \/>\u2705 Stark nikotinhalt \u2013 f\u00f6r vana snusare<br data-start=\"1791\" data-end=\"1794\" \/>\u2705 Slim-format \u2013 diskret och bekv\u00e4mt<br data-start=\"1829\" data-end=\"1832\" \/>\u2705 White portion \u2013 l\u00e5g rinnighet och l\u00e5ngvarig smak<br data-start=\"1882\" data-end=\"1885\" \/>\u2705 Snabb och trygg leverans fr\u00e5n Veloop.se<\/p>\n<hr data-start=\"1928\" data-end=\"1931\" \/>\n<p data-start=\"1933\" data-end=\"2060\">Best\u00e4ll <strong data-start=\"1941\" data-end=\"1981\">XR General Slim White Portion Strong<\/strong> fr\u00e5n <strong data-start=\"1987\" data-end=\"2000\">Veloop.se<\/strong> \u2013 en modern, kraftfull tolkning av en svensk snusklassiker.<\/p>\n<p>&nbsp;<\/p>","protected":false},"excerpt":{"rendered":"<h1 data-start=\"261\" data-end=\"345\">XR General Slim White Portion Strong<\/h1>\n<h2 data-start=\"261\" data-end=\"345\">XR General Slim White Portion Strong \u2013 Generalsmak med extra styrka i slimformat<\/h2>\n<p><strong data-start=\"2085\" data-end=\"2125\">XR General Slim White Portion Strong<\/strong> \u00e4r en starkare version av klassiska General \u2013 med tobak, citrus och bergamott i ett diskret slimformat.<br data-start=\"2229\" data-end=\"2232\" \/>\ud83d\udc49 Se fler <a class=\"\" href=\"https:\/\/snus-malmo.se\/sv\/white-portion\/\" target=\"_new\" rel=\"noopener\" data-start=\"2243\" data-end=\"2310\"><strong data-start=\"2244\" data-end=\"2275\">White Portion-produkter h\u00e4r<\/strong><\/a>.<\/p>","protected":false},"featured_media":61453,"comment_status":"open","ping_status":"closed","template":"","meta":[],"product_brand":[372],"product_cat":[88,73,137,368,354,135,128],"product_tag":[],"class_list":{"0":"post-53029","1":"product","2":"type-product","3":"status-publish","4":"has-post-thumbnail","6":"product_brand-xr","7":"product_cat-general","8":"product_cat-portionssnus","9":"product_cat-slim","10":"product_cat-snus-tobakssnus-traditionellt-snus","11":"product_cat-strongstark","12":"product_cat-white-portion","13":"product_cat-xrgoteborgsrape","15":"first","16":"instock","17":"taxable","18":"shipping-taxable","19":"purchasable","20":"product-type-variable"},"_links":{"self":[{"href":"https:\/\/snus-malmo.se\/sv\/wp-json\/wp\/v2\/product\/53029","targetHints":{"allow":["GET"]}}],"collection":[{"href":"https:\/\/snus-malmo.se\/sv\/wp-json\/wp\/v2\/product"}],"about":[{"href":"https:\/\/snus-malmo.se\/sv\/wp-json\/wp\/v2\/types\/product"}],"replies":[{"embeddable":true,"href":"https:\/\/snus-malmo.se\/sv\/wp-json\/wp\/v2\/comments?post=53029"}],"version-history":[{"count":0,"href":"https:\/\/snus-malmo.se\/sv\/wp-json\/wp\/v2\/product\/53029\/revisions"}],"wp:featuredmedia":[{"embeddable":true,"href":"https:\/\/snus-malmo.se\/sv\/wp-json\/wp\/v2\/media\/61453"}],"wp:attachment":[{"href":"https:\/\/snus-malmo.se\/sv\/wp-json\/wp\/v2\/media?parent=53029"}],"wp:term":[{"taxonomy":"product_brand","embeddable":true,"href":"https:\/\/snus-malmo.se\/sv\/wp-json\/wp\/v2\/product_brand?post=53029"},{"taxonomy":"product_cat","embeddable":true,"href":"https:\/\/snus-malmo.se\/sv\/wp-json\/wp\/v2\/product_cat?post=53029"},{"taxonomy":"product_tag","embeddable":true,"href":"https:\/\/snus-malmo.se\/sv\/wp-json\/wp\/v2\/product_tag?post=53029"}],"curies":[{"name":"wp","href":"https:\/\/api.w.org\/{rel}","templated":true}]}}