{"id":53041,"date":"2025-05-23T16:56:33","date_gmt":"2025-05-23T16:56:33","guid":{"rendered":"https:\/\/snus-malmo.se\/?post_type=product&#038;p=53041"},"modified":"2025-11-22T09:42:13","modified_gmt":"2025-11-22T09:42:13","slug":"knox-stark-white","status":"publish","type":"product","link":"https:\/\/snus-malmo.se\/sv\/produkt\/knox-stark-white\/","title":{"rendered":"Knox Stark White"},"content":{"rendered":"<h1 class=\"material-item__headline\">Knox Stark White<\/h1>\n<h2 data-start=\"124\" data-end=\"232\"><strong data-start=\"128\" data-end=\"232\">Knox Stark White \u2013 Stark White Portion Snus med Tobak &amp; Citrus | 16 mg\/g Nikotin | K\u00f6p hos Veloop.se<\/strong><\/h2>\n<p data-start=\"234\" data-end=\"634\"><strong data-start=\"234\" data-end=\"254\">Knox Stark White<\/strong> \u00e4r en starkare version av den popul\u00e4ra Knox White \u2013 en <strong data-start=\"310\" data-end=\"345\">white portion i originalstorlek<\/strong> med en <strong data-start=\"353\" data-end=\"394\">v\u00e4lbalanserad och klassisk tobakssmak<\/strong>, kompletterad med <strong data-start=\"413\" data-end=\"455\">subtila inslag av bergamott och citrus<\/strong>. Den torra ytan kombinerat med en fuktig k\u00e4rna ger <strong data-start=\"507\" data-end=\"543\">l\u00e5g rinnighet och l\u00e5ngvarig smak<\/strong>, samtidigt som den starka nikotinstyrkan p\u00e5 <strong data-start=\"588\" data-end=\"599\">16 mg\/g<\/strong> levererar en kraftfull upplevelse.<\/p>\n<hr data-start=\"636\" data-end=\"639\" \/>\n<h2 data-start=\"641\" data-end=\"671\">\ud83d\udd0d <strong data-start=\"649\" data-end=\"671\">Produktinformation<\/strong><\/h2>\n<ul data-start=\"672\" data-end=\"1065\">\n<li data-start=\"672\" data-end=\"709\">\n<p data-start=\"674\" data-end=\"709\"><strong data-start=\"674\" data-end=\"690\">Produktnamn:<\/strong> Knox Stark White<\/p>\n<\/li>\n<li data-start=\"710\" data-end=\"760\">\n<p data-start=\"712\" data-end=\"760\"><strong data-start=\"712\" data-end=\"720\">Typ:<\/strong> Stark white portion (originalstorlek)<\/p>\n<\/li>\n<li data-start=\"761\" data-end=\"833\">\n<p data-start=\"763\" data-end=\"833\"><strong data-start=\"763\" data-end=\"778\">Smakprofil:<\/strong> Traditionell tobak med toner av bergamott och citrus<\/p>\n<\/li>\n<li data-start=\"834\" data-end=\"884\">\n<p data-start=\"836\" data-end=\"884\"><strong data-start=\"836\" data-end=\"852\">Nikotinhalt:<\/strong> 16 mg\/g (ca 13 mg per prilla)<\/p>\n<\/li>\n<li data-start=\"885\" data-end=\"919\">\n<p data-start=\"887\" data-end=\"919\"><strong data-start=\"887\" data-end=\"914\">Antal prillor per dosa:<\/strong> 24<\/p>\n<\/li>\n<li data-start=\"920\" data-end=\"949\">\n<p data-start=\"922\" data-end=\"949\"><strong data-start=\"922\" data-end=\"940\">Vikt per dosa:<\/strong> 19,2 g<\/p>\n<\/li>\n<li data-start=\"950\" data-end=\"980\">\n<p data-start=\"952\" data-end=\"980\"><strong data-start=\"952\" data-end=\"972\">Vikt per prilla:<\/strong> 0,8 g<\/p>\n<\/li>\n<li data-start=\"981\" data-end=\"1010\">\n<p data-start=\"983\" data-end=\"1010\"><strong data-start=\"983\" data-end=\"1002\">Vikt per stock:<\/strong> 192 g<\/p>\n<\/li>\n<li data-start=\"1011\" data-end=\"1065\">\n<p data-start=\"1013\" data-end=\"1065\"><strong data-start=\"1013\" data-end=\"1025\">Segment:<\/strong> White \u2013 l\u00e5g rinnighet, kraftfull smak<\/p>\n<\/li>\n<\/ul>\n<hr data-start=\"1067\" data-end=\"1070\" \/>\n<h3 data-start=\"1072\" data-end=\"1098\">\ud83e\uddea <strong data-start=\"1080\" data-end=\"1096\">Ingredienser<\/strong><\/h3>\n<p data-start=\"1099\" data-end=\"1215\">Tobak, vatten, fuktighetsbevarande medel (E1520), surhetsreglerande medel (E500), smakf\u00f6rst\u00e4rkare (koksalt), aromer.<\/p>\n<hr data-start=\"1217\" data-end=\"1220\" \/>\n<h3 data-start=\"1222\" data-end=\"1263\">\ud83d\udcaa <strong data-start=\"1230\" data-end=\"1263\">Klassisk smak med extra kraft<\/strong><\/h3>\n<p data-start=\"1264\" data-end=\"1479\">Knox Stark White \u00e4r perfekt f\u00f6r dig som uppskattar <strong data-start=\"1315\" data-end=\"1340\">traditionell snussmak<\/strong> men \u00f6nskar <strong data-start=\"1352\" data-end=\"1375\">en h\u00f6gre nikotindos<\/strong>. Med sin balanserade smakprofil och diskreta format \u00e4r det ett sj\u00e4lvklart val f\u00f6r den erfarne snusaren.<\/p>\n<hr data-start=\"1481\" data-end=\"1484\" \/>\n<h4 data-start=\"1486\" data-end=\"1528\">\ud83d\ude9a <strong data-start=\"1494\" data-end=\"1528\">D\u00e4rf\u00f6r handlar du p\u00e5 Veloop.se<\/strong><\/h4>\n<ul data-start=\"1529\" data-end=\"1668\">\n<li data-start=\"1529\" data-end=\"1560\">\n<p data-start=\"1531\" data-end=\"1560\">Snabba och s\u00e4kra leveranser<\/p>\n<\/li>\n<li data-start=\"1561\" data-end=\"1595\">\n<p data-start=\"1563\" data-end=\"1595\">Diskret och anonym f\u00f6rpackning<\/p>\n<\/li>\n<li data-start=\"1596\" data-end=\"1625\">\n<p data-start=\"1598\" data-end=\"1625\">Trygg och smidig e-handel<\/p>\n<\/li>\n<li data-start=\"1626\" data-end=\"1668\">\n<p data-start=\"1628\" data-end=\"1668\">Brett sortiment av svenskt kvalitetssnus<\/p>\n<\/li>\n<\/ul>\n<hr data-start=\"1670\" data-end=\"1673\" \/>\n<p data-start=\"1675\" data-end=\"1834\">\ud83d\uded2 <strong data-start=\"1678\" data-end=\"1767\">K\u00f6p Knox Stark White hos Veloop.se \u2013 starkt snus med klassisk smak och l\u00e5g rinnighet.<\/strong><br data-start=\"1767\" data-end=\"1770\" \/>\ud83d\udc49 <a class=\"\" href=\"https:\/\/snus-malmo.se\/sv\/knox\/\" target=\"_new\" rel=\"noopener\" data-start=\"1773\" data-end=\"1834\">Utforska hela Knox-sortimentet h\u00e4r<\/a><\/p>","protected":false},"excerpt":{"rendered":"<article class=\"product-text\">\n<h2 class=\"material-item__headline\">Knox Stark White<\/h2>\n<p>K\u00f6p Knox Stark White \u2013 starkt white portion snus med klassisk tobakssmak och citrus. 16 mg\/g nikotin. Originalstor prilla med l\u00e5g rinnighet. Finns hos Veloop.se.<\/p>\n<p>\ud83d\udc49 <a class=\"\" href=\"https:\/\/snus-malmo.se\/sv\/knox\/\" target=\"_new\" rel=\"noopener\" data-start=\"1773\" data-end=\"1834\">Utforska hela Knox-sortimentet h\u00e4r<\/a><\/p>\n<\/article>","protected":false},"featured_media":61654,"comment_status":"open","ping_status":"closed","template":"","meta":[],"product_brand":[329],"product_cat":[390,73,368,135],"product_tag":[],"class_list":{"0":"post-53041","1":"product","2":"type-product","3":"status-publish","4":"has-post-thumbnail","6":"product_brand-knox","7":"product_cat-knox","8":"product_cat-portionssnus","9":"product_cat-snus-tobakssnus-traditionellt-snus","10":"product_cat-white-portion","12":"first","13":"instock","14":"taxable","15":"shipping-taxable","16":"purchasable","17":"product-type-variable"},"_links":{"self":[{"href":"https:\/\/snus-malmo.se\/sv\/wp-json\/wp\/v2\/product\/53041","targetHints":{"allow":["GET"]}}],"collection":[{"href":"https:\/\/snus-malmo.se\/sv\/wp-json\/wp\/v2\/product"}],"about":[{"href":"https:\/\/snus-malmo.se\/sv\/wp-json\/wp\/v2\/types\/product"}],"replies":[{"embeddable":true,"href":"https:\/\/snus-malmo.se\/sv\/wp-json\/wp\/v2\/comments?post=53041"}],"version-history":[{"count":0,"href":"https:\/\/snus-malmo.se\/sv\/wp-json\/wp\/v2\/product\/53041\/revisions"}],"wp:featuredmedia":[{"embeddable":true,"href":"https:\/\/snus-malmo.se\/sv\/wp-json\/wp\/v2\/media\/61654"}],"wp:attachment":[{"href":"https:\/\/snus-malmo.se\/sv\/wp-json\/wp\/v2\/media?parent=53041"}],"wp:term":[{"taxonomy":"product_brand","embeddable":true,"href":"https:\/\/snus-malmo.se\/sv\/wp-json\/wp\/v2\/product_brand?post=53041"},{"taxonomy":"product_cat","embeddable":true,"href":"https:\/\/snus-malmo.se\/sv\/wp-json\/wp\/v2\/product_cat?post=53041"},{"taxonomy":"product_tag","embeddable":true,"href":"https:\/\/snus-malmo.se\/sv\/wp-json\/wp\/v2\/product_tag?post=53041"}],"curies":[{"name":"wp","href":"https:\/\/api.w.org\/{rel}","templated":true}]}}