{"id":53051,"date":"2025-05-23T16:56:33","date_gmt":"2025-05-23T16:56:33","guid":{"rendered":"https:\/\/snus-malmo.se\/?post_type=product&#038;p=53051"},"modified":"2025-11-22T09:37:36","modified_gmt":"2025-11-22T09:37:36","slug":"granit-strong-white-portion-large","status":"publish","type":"product","link":"https:\/\/snus-malmo.se\/sv\/produkt\/granit-strong-white-portion-large\/","title":{"rendered":"Granit Strong White Portion Large"},"content":{"rendered":"<p>Granit Stark Vit Portion \u00e4r ett snus med en kraftig tobakssmak, lite h\u00f6gre nikotinhalt\u00a0och vita p\u00e5sar som rinner mindre.<\/p>\n<p>Granit Stark Vit \u00e4r ett snus med kraftig tobakskarakt\u00e4r som ger en st\u00f6rre upplevelse. I vita portioner bibeh\u00e5lls\u00a0fukten inuti prillan f\u00f6r att ge en l\u00e5ngvarig snusupplevelse med l\u00e5g rinnighet.<\/p>\n<p>Granit snus tillverkas av Fiedler och Lundgren h\u00e4r i Sverige och finns i m\u00e5nga olika utf\u00f6randen.\u00a0Kolla\u00a0g\u00e4rna in Granits \u00f6vriga sortiment\u00a0h\u00e4r.<\/p>\n<table class=\"product-specs\">\n<thead>\n<tr>\n<th>Fakta om produkten<\/th>\n<th class=\"text-right\"><\/th>\n<\/tr>\n<\/thead>\n<tbody>\n<tr>\n<td class=\"spec-key\">Varum\u00e4rke<\/td>\n<td class=\"spec-value text-right\">Granit<\/td>\n<\/tr>\n<tr>\n<td class=\"spec-key\">Produkttyp<\/td>\n<td class=\"spec -value text-right\">white portion<\/td>\n<\/tr>\n<tr>\n<td class=\"spec-key\">Nikotinstyrka<\/td>\n<td class=\"spec -value text-right\">stark<\/td>\n<\/tr>\n<tr>\n<td class=\"spec-key\">Nikotinhalt<\/td>\n<td class=\"spec -value text-right\">16 mg\/g<\/td>\n<\/tr>\n<tr>\n<td class=\"spec-key\">Smak<\/td>\n<td class=\"spec -value text-right\">Traditionell<\/td>\n<\/tr>\n<tr>\n<td class=\"spec-key\">Inneh\u00e5ll\/f\u00f6rpackning<\/td>\n<td class=\"spec -value text-right\">17,6 g<\/td>\n<\/tr>\n<tr>\n<td class=\"spec-key\">Snustyp<\/td>\n<td class=\"spec -value text-right\">Stark Vit<\/td>\n<\/tr>\n<tr>\n<td class=\"spec-key\">Format<\/td>\n<td class=\"spec -value text-right\">Normal<\/td>\n<\/tr>\n<tr>\n<td class=\"spec-key\">Producent<\/td>\n<td class=\"spec-value text-right\">BAT<\/td>\n<\/tr>\n<\/tbody>\n<\/table>","protected":false},"excerpt":{"rendered":"<p>Granit Stark Vit Portion \u00e4r ett snus med en kraftig tobakssmak, lite h\u00f6gre nikotinhalt\u00a0och vita p\u00e5sar som rinner mindre.<\/p>\n<p>Granit Stark Vit \u00e4r ett snus med kraftig tobakskarakt\u00e4r som ger en st\u00f6rre upplevelse. I vita portioner bibeh\u00e5lls\u00a0fukten inuti prillan f\u00f6r att ge en l\u00e5ngvarig snusupplevelse med l\u00e5g rinnighet.<\/p>\n<p>Granit snus tillverkas av Fiedler och Lundgren h\u00e4r i Sverige och finns i m\u00e5nga olika utf\u00f6randen.\u00a0Kolla\u00a0g\u00e4rna in Granits \u00f6vriga sortiment\u00a0h\u00e4r.<\/p>","protected":false},"featured_media":16930,"comment_status":"open","ping_status":"closed","template":"","meta":[],"product_brand":[],"product_cat":[87,73,368,354,135],"product_tag":[],"class_list":{"0":"post-53051","1":"product","2":"type-product","3":"status-publish","4":"has-post-thumbnail","6":"product_cat-granit","7":"product_cat-portionssnus","8":"product_cat-snus-tobakssnus-traditionellt-snus","9":"product_cat-strongstark","10":"product_cat-white-portion","12":"first","13":"instock","14":"taxable","15":"shipping-taxable","16":"purchasable","17":"product-type-variable"},"_links":{"self":[{"href":"https:\/\/snus-malmo.se\/sv\/wp-json\/wp\/v2\/product\/53051","targetHints":{"allow":["GET"]}}],"collection":[{"href":"https:\/\/snus-malmo.se\/sv\/wp-json\/wp\/v2\/product"}],"about":[{"href":"https:\/\/snus-malmo.se\/sv\/wp-json\/wp\/v2\/types\/product"}],"replies":[{"embeddable":true,"href":"https:\/\/snus-malmo.se\/sv\/wp-json\/wp\/v2\/comments?post=53051"}],"version-history":[{"count":0,"href":"https:\/\/snus-malmo.se\/sv\/wp-json\/wp\/v2\/product\/53051\/revisions"}],"wp:featuredmedia":[{"embeddable":true,"href":"https:\/\/snus-malmo.se\/sv\/wp-json\/wp\/v2\/media\/16930"}],"wp:attachment":[{"href":"https:\/\/snus-malmo.se\/sv\/wp-json\/wp\/v2\/media?parent=53051"}],"wp:term":[{"taxonomy":"product_brand","embeddable":true,"href":"https:\/\/snus-malmo.se\/sv\/wp-json\/wp\/v2\/product_brand?post=53051"},{"taxonomy":"product_cat","embeddable":true,"href":"https:\/\/snus-malmo.se\/sv\/wp-json\/wp\/v2\/product_cat?post=53051"},{"taxonomy":"product_tag","embeddable":true,"href":"https:\/\/snus-malmo.se\/sv\/wp-json\/wp\/v2\/product_tag?post=53051"}],"curies":[{"name":"wp","href":"https:\/\/api.w.org\/{rel}","templated":true}]}}