{"id":53061,"date":"2025-05-23T16:56:34","date_gmt":"2025-05-23T16:56:34","guid":{"rendered":"https:\/\/snus-malmo.se\/?post_type=product&#038;p=53061"},"modified":"2025-11-22T09:42:09","modified_gmt":"2025-11-22T09:42:09","slug":"knox-karaktar-blue-stark-white","status":"publish","type":"product","link":"https:\/\/snus-malmo.se\/sv\/produkt\/knox-karaktar-blue-stark-white\/","title":{"rendered":"Knox Karakt\u00e4r Blue Stark White"},"content":{"rendered":"<h1 class=\"material-item__headline\">Knox Karakt\u00e4r Blue Stark White<\/h1>\n<h2 data-start=\"139\" data-end=\"271\"><strong data-start=\"143\" data-end=\"271\">Knox Karakt\u00e4r Blue Stark White \u2013 Stark White Portion Snus med Bergamott, Enb\u00e4r &amp; Tobak | 14 mg\/g Nikotin | K\u00f6p hos Veloop.se<\/strong><\/h2>\n<p data-start=\"273\" data-end=\"633\"><strong data-start=\"273\" data-end=\"307\">Knox Karakt\u00e4r Blue Stark White<\/strong> \u00e4r en originalstor white portion med en kraftfull och frisk smakprofil. H\u00e4r kombineras <strong data-start=\"395\" data-end=\"436\">naturn\u00e4ra enb\u00e4r och blommig bergamott<\/strong> med en tydlig och klassisk <strong data-start=\"464\" data-end=\"482\">tobakskarakt\u00e4r<\/strong>. Snuset kommer i stark styrka med 14 mg\/g nikotin och erbjuder l\u00e5g rinnighet tack vare sin torra yta, vilket ger en l\u00e5ngvarig och j\u00e4mn smakupplevelse.<\/p>\n<hr data-start=\"635\" data-end=\"638\" \/>\n<h2 data-start=\"640\" data-end=\"670\">\ud83d\udd0d <strong data-start=\"648\" data-end=\"670\">Produktinformation<\/strong><\/h2>\n<ul data-start=\"671\" data-end=\"1082\">\n<li data-start=\"671\" data-end=\"722\">\n<p data-start=\"673\" data-end=\"722\"><strong data-start=\"673\" data-end=\"689\">Produktnamn:<\/strong> Knox Karakt\u00e4r Blue Stark White<\/p>\n<\/li>\n<li data-start=\"723\" data-end=\"777\">\n<p data-start=\"725\" data-end=\"777\"><strong data-start=\"725\" data-end=\"733\">Typ:<\/strong> Stark white portion (originalstor prilla)<\/p>\n<\/li>\n<li data-start=\"778\" data-end=\"845\">\n<p data-start=\"780\" data-end=\"845\"><strong data-start=\"780\" data-end=\"795\">Smakprofil:<\/strong> Tobak med inslag av bergamott, enb\u00e4r och citrus<\/p>\n<\/li>\n<li data-start=\"846\" data-end=\"896\">\n<p data-start=\"848\" data-end=\"896\"><strong data-start=\"848\" data-end=\"864\">Nikotinhalt:<\/strong> 14 mg\/g (ca 12 mg per prilla)<\/p>\n<\/li>\n<li data-start=\"897\" data-end=\"931\">\n<p data-start=\"899\" data-end=\"931\"><strong data-start=\"899\" data-end=\"926\">Antal prillor per dosa:<\/strong> 22<\/p>\n<\/li>\n<li data-start=\"932\" data-end=\"961\">\n<p data-start=\"934\" data-end=\"961\"><strong data-start=\"934\" data-end=\"952\">Vikt per dosa:<\/strong> 19,2 g<\/p>\n<\/li>\n<li data-start=\"962\" data-end=\"993\">\n<p data-start=\"964\" data-end=\"993\"><strong data-start=\"964\" data-end=\"984\">Vikt per prilla:<\/strong> 0,87 g<\/p>\n<\/li>\n<li data-start=\"994\" data-end=\"1023\">\n<p data-start=\"996\" data-end=\"1023\"><strong data-start=\"996\" data-end=\"1015\">Vikt per stock:<\/strong> 192 g<\/p>\n<\/li>\n<li data-start=\"1024\" data-end=\"1082\">\n<p data-start=\"1026\" data-end=\"1082\"><strong data-start=\"1026\" data-end=\"1038\">Segment:<\/strong> White portion \u2013 l\u00e5g rinnighet, stark smak<\/p>\n<\/li>\n<\/ul>\n<hr data-start=\"1084\" data-end=\"1087\" \/>\n<h3 data-start=\"1089\" data-end=\"1115\">\ud83e\uddea <strong data-start=\"1097\" data-end=\"1113\">Ingredienser<\/strong><\/h3>\n<p data-start=\"1116\" data-end=\"1232\">Tobak, vatten, surhetsreglerande medel (E500), fuktighetsbevarande medel (E1520), smakf\u00f6rst\u00e4rkare (koksalt), aromer.<\/p>\n<hr data-start=\"1234\" data-end=\"1237\" \/>\n<h3 data-start=\"1239\" data-end=\"1302\">\ud83d\udd37 <strong data-start=\"1247\" data-end=\"1300\">F\u00f6r dig som vill ha extra styrka med friska toner<\/strong><\/h3>\n<p data-start=\"1303\" data-end=\"1535\">Knox Karakt\u00e4r Blue Stark White passar dig som vill ha en <strong data-start=\"1360\" data-end=\"1440\">traditionell tobakssmak med kraftfulla inslag av bergamott, enb\u00e4r och citrus<\/strong> i en stark och balanserad white portion. Perfekt f\u00f6r dig som s\u00f6ker b\u00e5de styrka och smak i ett.<\/p>\n<hr data-start=\"1537\" data-end=\"1540\" \/>\n<h4 data-start=\"1542\" data-end=\"1587\">\ud83d\ude9a <strong data-start=\"1550\" data-end=\"1585\">D\u00e4rf\u00f6r handlar du hos Veloop.se<\/strong><\/h4>\n<ul data-start=\"1588\" data-end=\"1723\">\n<li data-start=\"1588\" data-end=\"1623\">\n<p data-start=\"1590\" data-end=\"1623\">Snabba och p\u00e5litliga leveranser<\/p>\n<\/li>\n<li data-start=\"1624\" data-end=\"1659\">\n<p data-start=\"1626\" data-end=\"1659\">Diskret och neutral f\u00f6rpackning<\/p>\n<\/li>\n<li data-start=\"1660\" data-end=\"1689\">\n<p data-start=\"1662\" data-end=\"1689\">Enkel och s\u00e4ker betalning<\/p>\n<\/li>\n<li data-start=\"1690\" data-end=\"1723\">\n<p data-start=\"1692\" data-end=\"1723\">Stort utbud av kvalitativt snus<\/p>\n<\/li>\n<\/ul>\n<hr data-start=\"1725\" data-end=\"1728\" \/>\n<p data-start=\"1730\" data-end=\"1906\">\ud83d\uded2 <strong data-start=\"1733\" data-end=\"1839\">Best\u00e4ll Knox Karakt\u00e4r Blue Stark White hos Veloop.se \u2013 starkt snus med frisk smak och svensk kvalitet.<\/strong><br data-start=\"1839\" data-end=\"1842\" \/>\ud83d\udc49 <a class=\"\" href=\"https:\/\/snus-malmo.se\/sv\/knox\/\" target=\"_new\" rel=\"noopener\" data-start=\"1845\" data-end=\"1906\">Utforska hela Knox-sortimentet h\u00e4r<\/a><\/p>","protected":false},"excerpt":{"rendered":"<h1 class=\"material-item__headline\">Knox Karakt\u00e4r Blue Stark White<\/h1>\n<p>Knox Karakt\u00e4r Blue Stark White \u2013 stark white portion snus med smak av bergamott, enb\u00e4r, citrus och klassisk tobak. 14 mg\/g nikotin. K\u00f6p online hos Veloop.se.<\/p>\n<p>\ud83d\udc49 <a class=\"\" href=\"https:\/\/snus-malmo.se\/sv\/knox\/\" target=\"_new\" rel=\"noopener\" data-start=\"1845\" data-end=\"1906\">Utforska hela Knox-sortimentet h\u00e4r<\/a><\/p>\n<p data-start=\"1730\" data-end=\"1906\">","protected":false},"featured_media":61688,"comment_status":"open","ping_status":"closed","template":"","meta":[],"product_brand":[329],"product_cat":[390,73,368,354,135],"product_tag":[],"class_list":{"0":"post-53061","1":"product","2":"type-product","3":"status-publish","4":"has-post-thumbnail","6":"product_brand-knox","7":"product_cat-knox","8":"product_cat-portionssnus","9":"product_cat-snus-tobakssnus-traditionellt-snus","10":"product_cat-strongstark","11":"product_cat-white-portion","13":"first","14":"instock","15":"taxable","16":"shipping-taxable","17":"purchasable","18":"product-type-variable"},"_links":{"self":[{"href":"https:\/\/snus-malmo.se\/sv\/wp-json\/wp\/v2\/product\/53061","targetHints":{"allow":["GET"]}}],"collection":[{"href":"https:\/\/snus-malmo.se\/sv\/wp-json\/wp\/v2\/product"}],"about":[{"href":"https:\/\/snus-malmo.se\/sv\/wp-json\/wp\/v2\/types\/product"}],"replies":[{"embeddable":true,"href":"https:\/\/snus-malmo.se\/sv\/wp-json\/wp\/v2\/comments?post=53061"}],"version-history":[{"count":0,"href":"https:\/\/snus-malmo.se\/sv\/wp-json\/wp\/v2\/product\/53061\/revisions"}],"wp:featuredmedia":[{"embeddable":true,"href":"https:\/\/snus-malmo.se\/sv\/wp-json\/wp\/v2\/media\/61688"}],"wp:attachment":[{"href":"https:\/\/snus-malmo.se\/sv\/wp-json\/wp\/v2\/media?parent=53061"}],"wp:term":[{"taxonomy":"product_brand","embeddable":true,"href":"https:\/\/snus-malmo.se\/sv\/wp-json\/wp\/v2\/product_brand?post=53061"},{"taxonomy":"product_cat","embeddable":true,"href":"https:\/\/snus-malmo.se\/sv\/wp-json\/wp\/v2\/product_cat?post=53061"},{"taxonomy":"product_tag","embeddable":true,"href":"https:\/\/snus-malmo.se\/sv\/wp-json\/wp\/v2\/product_tag?post=53061"}],"curies":[{"name":"wp","href":"https:\/\/api.w.org\/{rel}","templated":true}]}}