{"id":53087,"date":"2025-05-23T16:56:36","date_gmt":"2025-05-23T16:56:36","guid":{"rendered":"https:\/\/snus-malmo.se\/?post_type=product&#038;p=53087"},"modified":"2025-07-28T02:55:12","modified_gmt":"2025-07-28T02:55:12","slug":"smalands-brukssnus-vit","status":"publish","type":"product","link":"https:\/\/snus-malmo.se\/sv\/produkt\/smalands-brukssnus-vit\/","title":{"rendered":"Sm\u00e5lands Brukssnus Vit"},"content":{"rendered":"<h1>Sm\u00e5lands Brukssnus Vit<\/h1>\n<div class=\"flex basis-auto flex-col -mb-(--composer-overlap-px) [--composer-overlap-px:24px] grow overflow-hidden\">\n<div class=\"relative h-full\">\n<div class=\"flex h-full flex-col overflow-y-auto [scrollbar-gutter:stable_both-edges] @[84rem]\/thread:pt-(--header-height)\">\n<div class=\"@thread-xl\/thread:pt-header-height mt-1.5 flex flex-col text-sm\">\n<article class=\"text-token-text-primary w-full\" dir=\"auto\" data-testid=\"conversation-turn-48\" data-scroll-anchor=\"true\">\n<div class=\"text-base my-auto mx-auto py-5 [--thread-content-margin:--spacing(4)] @[37rem]:[--thread-content-margin:--spacing(6)] @[72rem]:[--thread-content-margin:--spacing(16)] px-(--thread-content-margin)\">\n<div class=\"[--thread-content-max-width:32rem] @[34rem]:[--thread-content-max-width:40rem] @[64rem]:[--thread-content-max-width:48rem] mx-auto flex max-w-(--thread-content-max-width) flex-1 text-base gap-4 md:gap-5 lg:gap-6 group\/turn-messages focus-visible:outline-hidden\" tabindex=\"-1\">\n<div class=\"group\/conversation-turn relative flex w-full min-w-0 flex-col agent-turn\">\n<div class=\"relative flex-col gap-1 md:gap-3\">\n<div class=\"flex max-w-full flex-col grow\">\n<div class=\"min-h-8 text-message relative flex w-full flex-col items-end gap-2 text-start break-words whitespace-normal [.text-message+&amp;]:mt-5\" dir=\"auto\" data-message-author-role=\"assistant\" data-message-id=\"d19390c2-81f2-45fe-8da2-1181310cdab3\" data-message-model-slug=\"gpt-4o\">\n<div class=\"flex w-full flex-col gap-1 empty:hidden first:pt-[3px]\">\n<div class=\"markdown prose dark:prose-invert w-full break-words light\">\n<h3 data-start=\"158\" data-end=\"271\"><strong data-start=\"162\" data-end=\"271\">Brukssnus White Portion \u2013 Vitt Portionssnus med Klassisk Tobakssmak | 14 mg\/g Nikotin | K\u00f6p hos Veloop.se<\/strong><\/h3>\n<p data-start=\"273\" data-end=\"678\"><strong data-start=\"273\" data-end=\"300\">Brukssnus White Portion<\/strong> \u00e4r ett traditionellt <strong data-start=\"322\" data-end=\"343\">vitt portionssnus<\/strong> med en ren och tydlig <strong data-start=\"366\" data-end=\"380\">tobakssmak<\/strong>, helt utan \u00f6verfl\u00f6diga tillsatser eller smaks\u00e4ttningar. Den torrare ytan i prillan ger <strong data-start=\"468\" data-end=\"485\">l\u00e5g rinnighet<\/strong>, medan den fuktiga insidan ser till att smaken sl\u00e4pps l\u00e5ngsamt och j\u00e4mnt. Med en <strong data-start=\"567\" data-end=\"593\">nikotinhalt p\u00e5 14 mg\/g<\/strong> levererar Brukssnus White en stabil upplevelse i ett <strong data-start=\"647\" data-end=\"677\">diskret och bekv\u00e4mt format<\/strong>.<\/p>\n<hr data-start=\"680\" data-end=\"683\" \/>\n<h4 data-start=\"685\" data-end=\"715\">\ud83d\udd0d <strong data-start=\"693\" data-end=\"715\">Produktinformation<\/strong><\/h4>\n<ul data-start=\"716\" data-end=\"1068\">\n<li data-start=\"716\" data-end=\"760\">\n<p data-start=\"718\" data-end=\"760\"><strong data-start=\"718\" data-end=\"734\">Produktnamn:<\/strong> Brukssnus White Portion<\/p>\n<\/li>\n<li data-start=\"761\" data-end=\"809\">\n<p data-start=\"763\" data-end=\"809\"><strong data-start=\"763\" data-end=\"771\">Typ:<\/strong> White portion (vit, originalformat)<\/p>\n<\/li>\n<li data-start=\"810\" data-end=\"844\">\n<p data-start=\"812\" data-end=\"844\"><strong data-start=\"812\" data-end=\"827\">Smakprofil:<\/strong> Klassisk tobak<\/p>\n<\/li>\n<li data-start=\"845\" data-end=\"894\">\n<p data-start=\"847\" data-end=\"894\"><strong data-start=\"847\" data-end=\"863\">Nikotinhalt:<\/strong> 14 mg\/g (ca 8 mg per prilla)<\/p>\n<\/li>\n<li data-start=\"895\" data-end=\"929\">\n<p data-start=\"897\" data-end=\"929\"><strong data-start=\"897\" data-end=\"924\">Antal prillor per dosa:<\/strong> 20<\/p>\n<\/li>\n<li data-start=\"930\" data-end=\"960\">\n<p data-start=\"932\" data-end=\"960\"><strong data-start=\"932\" data-end=\"952\">Vikt per prilla:<\/strong> 0,6 g<\/p>\n<\/li>\n<li data-start=\"961\" data-end=\"988\">\n<p data-start=\"963\" data-end=\"988\"><strong data-start=\"963\" data-end=\"981\">Vikt per dosa:<\/strong> 12 g<\/p>\n<\/li>\n<li data-start=\"989\" data-end=\"1018\">\n<p data-start=\"991\" data-end=\"1018\"><strong data-start=\"991\" data-end=\"1010\">Vikt per stock:<\/strong> 120 g<\/p>\n<\/li>\n<li data-start=\"1019\" data-end=\"1068\">\n<p data-start=\"1021\" data-end=\"1068\"><strong data-start=\"1021\" data-end=\"1033\">Segment:<\/strong> White \u2013 l\u00e5g rinnighet, l\u00e5ng smak<\/p>\n<\/li>\n<\/ul>\n<hr data-start=\"1070\" data-end=\"1073\" \/>\n<h4 data-start=\"1075\" data-end=\"1101\">\ud83e\uddea <strong data-start=\"1083\" data-end=\"1099\">Ingredienser<\/strong><\/h4>\n<p data-start=\"1102\" data-end=\"1185\">Tobak, vatten, fuktighetsbevarande medel (E500), smakf\u00f6rst\u00e4rkare (koksalt), aromer.<\/p>\n<hr data-start=\"1187\" data-end=\"1190\" \/>\n<h4 data-start=\"1192\" data-end=\"1227\">\u2744\ufe0f <strong data-start=\"1200\" data-end=\"1227\">Diskret, torr &amp; smakrik<\/strong><\/h4>\n<p data-start=\"1228\" data-end=\"1470\">Brukssnus White Portion \u00e4r f\u00f6r dig som f\u00f6redrar ett <strong data-start=\"1280\" data-end=\"1318\">torrt snus med klassisk tobakssmak<\/strong>. Den vita prillan ger ett <strong data-start=\"1345\" data-end=\"1363\">renare intryck<\/strong>, b\u00e5de visuellt och smakm\u00e4ssigt \u2013 perfekt f\u00f6r dig som snusar ofta och vill ha n\u00e5got diskret men kraftfullt.<\/p>\n<hr data-start=\"1472\" data-end=\"1475\" \/>\n<h4 data-start=\"1477\" data-end=\"1520\">\ud83d\ude9a <strong data-start=\"1485\" data-end=\"1520\">D\u00e4rf\u00f6r v\u00e4ljer snusare Veloop.se<\/strong><\/h4>\n<ul data-start=\"1521\" data-end=\"1673\">\n<li data-start=\"1521\" data-end=\"1555\">\n<p data-start=\"1523\" data-end=\"1555\">Snabba och sp\u00e5rbara leveranser<\/p>\n<\/li>\n<li data-start=\"1556\" data-end=\"1586\">\n<p data-start=\"1558\" data-end=\"1586\">Alltid diskret f\u00f6rpackning<\/p>\n<\/li>\n<li data-start=\"1587\" data-end=\"1630\">\n<p data-start=\"1589\" data-end=\"1630\">Trygg best\u00e4llning och s\u00e4kra betalningar<\/p>\n<\/li>\n<li data-start=\"1631\" data-end=\"1673\">\n<p data-start=\"1633\" data-end=\"1673\">Brett sortiment av svenskt kvalitetssnus<\/p>\n<\/li>\n<\/ul>\n<hr data-start=\"1675\" data-end=\"1678\" \/>\n<p data-start=\"1680\" data-end=\"1847\">\ud83d\uded2 <strong data-start=\"1683\" data-end=\"1782\">K\u00f6p Brukssnus White Portion hos Veloop.se \u2013 klassisk tobakssmak i vit prilla med l\u00e5g rinnighet.<\/strong><br data-start=\"1782\" data-end=\"1785\" \/>\ud83d\udc49 <a class=\"\" href=\"https:\/\/snus-malmo.se\/sv\/\" target=\"_new\" rel=\"noopener\" data-start=\"1788\" data-end=\"1847\">Utforska fler Brukssnus-produkter h\u00e4r<\/a><\/p>\n<\/div>\n<\/div>\n<\/div>\n<\/div>\n<\/div>\n<\/div>\n<\/div>\n<\/div>\n<\/article>\n<\/div>\n<\/div>\n<\/div>\n<\/div>","protected":false},"excerpt":{"rendered":"<h1>Sm\u00e5lands Brukssnus Vit<\/h1>\n<h2 data-start=\"1854\" data-end=\"1890\">\ud83c\udfafBrukssnus White Portion \u2013 Vitt Portionssnus med Tobakssmak | 14 mg\/g Nikotin | Veloop.se<\/h2>\n<p>K\u00f6p Brukssnus White Portion \u2013 vitt portionssnus med traditionell tobakssmak. 14 mg\/g nikotin, l\u00e5g rinnighet, 20 prillor per dosa. Finns hos Veloop.se.<\/p>\n<p>\ud83d\udc49 <a class=\"\" href=\"https:\/\/snus-malmo.se\/sv\/\" target=\"_new\" rel=\"noopener\" data-start=\"1788\" data-end=\"1847\">Utforska fler Brukssnus-produkter h\u00e4r<\/a><\/p>","protected":false},"featured_media":60501,"comment_status":"open","ping_status":"closed","template":"","meta":[],"product_brand":[],"product_cat":[135],"product_tag":[],"class_list":{"0":"post-53087","1":"product","2":"type-product","3":"status-publish","4":"has-post-thumbnail","6":"product_cat-white-portion","8":"first","9":"instock","10":"taxable","11":"shipping-taxable","12":"purchasable","13":"product-type-variable"},"_links":{"self":[{"href":"https:\/\/snus-malmo.se\/sv\/wp-json\/wp\/v2\/product\/53087","targetHints":{"allow":["GET"]}}],"collection":[{"href":"https:\/\/snus-malmo.se\/sv\/wp-json\/wp\/v2\/product"}],"about":[{"href":"https:\/\/snus-malmo.se\/sv\/wp-json\/wp\/v2\/types\/product"}],"replies":[{"embeddable":true,"href":"https:\/\/snus-malmo.se\/sv\/wp-json\/wp\/v2\/comments?post=53087"}],"version-history":[{"count":0,"href":"https:\/\/snus-malmo.se\/sv\/wp-json\/wp\/v2\/product\/53087\/revisions"}],"wp:featuredmedia":[{"embeddable":true,"href":"https:\/\/snus-malmo.se\/sv\/wp-json\/wp\/v2\/media\/60501"}],"wp:attachment":[{"href":"https:\/\/snus-malmo.se\/sv\/wp-json\/wp\/v2\/media?parent=53087"}],"wp:term":[{"taxonomy":"product_brand","embeddable":true,"href":"https:\/\/snus-malmo.se\/sv\/wp-json\/wp\/v2\/product_brand?post=53087"},{"taxonomy":"product_cat","embeddable":true,"href":"https:\/\/snus-malmo.se\/sv\/wp-json\/wp\/v2\/product_cat?post=53087"},{"taxonomy":"product_tag","embeddable":true,"href":"https:\/\/snus-malmo.se\/sv\/wp-json\/wp\/v2\/product_tag?post=53087"}],"curies":[{"name":"wp","href":"https:\/\/api.w.org\/{rel}","templated":true}]}}