{"id":53097,"date":"2025-05-23T16:56:36","date_gmt":"2025-05-23T16:56:36","guid":{"rendered":"https:\/\/snus-malmo.se\/?post_type=product&#038;p=53097"},"modified":"2025-11-22T09:42:05","modified_gmt":"2025-11-22T09:42:05","slug":"knox-karaktar-blue-white","status":"publish","type":"product","link":"https:\/\/snus-malmo.se\/sv\/produkt\/knox-karaktar-blue-white\/","title":{"rendered":"Knox Karakt\u00e4r Blue White"},"content":{"rendered":"<h1 class=\"material-item__headline\">Knox Karakt\u00e4r Blue White<\/h1>\n<h2 data-start=\"136\" data-end=\"256\"><strong data-start=\"140\" data-end=\"256\">Knox Karakt\u00e4r Blue White \u2013 White Portion Snus med Bergamott, Enb\u00e4r &amp; Tobak | 12 mg\/g Nikotin | K\u00f6p hos Veloop.se<\/strong><\/h2>\n<p data-start=\"258\" data-end=\"613\"><strong data-start=\"258\" data-end=\"286\">Knox Karakt\u00e4r Blue White<\/strong> \u00e4r en originalstor white portion med en unik smakprofil d\u00e4r <strong data-start=\"347\" data-end=\"388\">naturn\u00e4ra enb\u00e4r och blommig bergamott<\/strong> m\u00f6ter en tydlig och klassisk <strong data-start=\"418\" data-end=\"436\">tobakskarakt\u00e4r<\/strong>. Den torra ytan ger l\u00e5g rinnighet medan den fuktiga prillan ger en j\u00e4mn och l\u00e5ngvarig smakupplevelse \u2013 perfekt f\u00f6r den som vill ha ett fr\u00e4scht men samtidigt traditionellt snus.<\/p>\n<hr data-start=\"615\" data-end=\"618\" \/>\n<h2 data-start=\"620\" data-end=\"650\">\ud83d\udd0d <strong data-start=\"628\" data-end=\"650\">Produktinformation<\/strong><\/h2>\n<ul data-start=\"651\" data-end=\"1049\">\n<li data-start=\"651\" data-end=\"696\">\n<p data-start=\"653\" data-end=\"696\"><strong data-start=\"653\" data-end=\"669\">Produktnamn:<\/strong> Knox Karakt\u00e4r Blue White<\/p>\n<\/li>\n<li data-start=\"697\" data-end=\"745\">\n<p data-start=\"699\" data-end=\"745\"><strong data-start=\"699\" data-end=\"707\">Typ:<\/strong> White portion (originalstor prilla)<\/p>\n<\/li>\n<li data-start=\"746\" data-end=\"813\">\n<p data-start=\"748\" data-end=\"813\"><strong data-start=\"748\" data-end=\"763\">Smakprofil:<\/strong> Tobak med inslag av bergamott, enb\u00e4r och citrus<\/p>\n<\/li>\n<li data-start=\"814\" data-end=\"864\">\n<p data-start=\"816\" data-end=\"864\"><strong data-start=\"816\" data-end=\"832\">Nikotinhalt:<\/strong> 12 mg\/g (ca 10 mg per prilla)<\/p>\n<\/li>\n<li data-start=\"865\" data-end=\"899\">\n<p data-start=\"867\" data-end=\"899\"><strong data-start=\"867\" data-end=\"894\">Antal prillor per dosa:<\/strong> 22<\/p>\n<\/li>\n<li data-start=\"900\" data-end=\"929\">\n<p data-start=\"902\" data-end=\"929\"><strong data-start=\"902\" data-end=\"920\">Vikt per dosa:<\/strong> 19,2 g<\/p>\n<\/li>\n<li data-start=\"930\" data-end=\"961\">\n<p data-start=\"932\" data-end=\"961\"><strong data-start=\"932\" data-end=\"952\">Vikt per prilla:<\/strong> 0,87 g<\/p>\n<\/li>\n<li data-start=\"962\" data-end=\"991\">\n<p data-start=\"964\" data-end=\"991\"><strong data-start=\"964\" data-end=\"983\">Vikt per stock:<\/strong> 192 g<\/p>\n<\/li>\n<li data-start=\"992\" data-end=\"1049\">\n<p data-start=\"994\" data-end=\"1049\"><strong data-start=\"994\" data-end=\"1006\">Segment:<\/strong> White portion \u2013 l\u00e5g rinnighet, l\u00e5ng smak<\/p>\n<\/li>\n<\/ul>\n<hr data-start=\"1051\" data-end=\"1054\" \/>\n<h3 data-start=\"1056\" data-end=\"1082\">\ud83e\uddea <strong data-start=\"1064\" data-end=\"1080\">Ingredienser<\/strong><\/h3>\n<p data-start=\"1083\" data-end=\"1199\">Tobak, vatten, fuktighetsbevarande medel (E1520), surhetsreglerande medel (E500), smakf\u00f6rst\u00e4rkare (koksalt), aromer.<\/p>\n<hr data-start=\"1201\" data-end=\"1204\" \/>\n<h3 data-start=\"1206\" data-end=\"1256\">\ud83d\udd35 <strong data-start=\"1214\" data-end=\"1254\">En frisk men klassisk smakupplevelse<\/strong><\/h3>\n<p data-start=\"1257\" data-end=\"1500\">Knox Karakt\u00e4r Blue White \u00e4r f\u00f6r dig som uppskattar en <strong data-start=\"1311\" data-end=\"1402\">traditionell tobakssmak med fr\u00e4scha och naturliga inslag av bergamott, enb\u00e4r och citrus<\/strong>. Den balanserade smaken och originalstorleken g\u00f6r snuset till ett tryggt val f\u00f6r alla tillf\u00e4llen.<\/p>\n<hr data-start=\"1502\" data-end=\"1505\" \/>\n<h4 data-start=\"1507\" data-end=\"1552\">\ud83d\ude9a <strong data-start=\"1515\" data-end=\"1550\">D\u00e4rf\u00f6r handlar du hos Veloop.se<\/strong><\/h4>\n<ul data-start=\"1553\" data-end=\"1689\">\n<li data-start=\"1553\" data-end=\"1589\">\n<p data-start=\"1555\" data-end=\"1589\">Snabba leveranser i hela Sverige<\/p>\n<\/li>\n<li data-start=\"1590\" data-end=\"1625\">\n<p data-start=\"1592\" data-end=\"1625\">Diskret och neutral f\u00f6rpackning<\/p>\n<\/li>\n<li data-start=\"1626\" data-end=\"1651\">\n<p data-start=\"1628\" data-end=\"1651\">Enkelt och s\u00e4kert k\u00f6p<\/p>\n<\/li>\n<li data-start=\"1652\" data-end=\"1689\">\n<p data-start=\"1654\" data-end=\"1689\">Brett sortiment av kvalitativt snus<\/p>\n<\/li>\n<\/ul>\n<hr data-start=\"1691\" data-end=\"1694\" \/>\n<p data-start=\"1696\" data-end=\"1864\">\ud83d\uded2 <strong data-start=\"1699\" data-end=\"1797\">Best\u00e4ll Knox Karakt\u00e4r Blue White hos Veloop.se \u2013 kvalitetssnus med karakt\u00e4r och friska smaker.<\/strong><br data-start=\"1797\" data-end=\"1800\" \/>\ud83d\udc49 <a class=\"\" href=\"https:\/\/snus-malmo.se\/sv\/knox\/\" target=\"_new\" rel=\"noopener\" data-start=\"1803\" data-end=\"1864\">Utforska hela Knox-sortimentet h\u00e4r<\/a><\/p>","protected":false},"excerpt":{"rendered":"<h1 class=\"material-item__headline\">Knox Karakt\u00e4r Blue White<\/h1>\n<p>Knox Karakt\u00e4r Blue White \u2013 white portion snus med smak av bergamott, enb\u00e4r, citrus och klassisk tobak. Originalstor prilla, 12 mg\/g nikotin. K\u00f6p online hos Veloop.se.<\/p>\n<p>\ud83d\udc49 <a class=\"\" href=\"https:\/\/snus-malmo.se\/sv\/knox\/\" target=\"_new\" rel=\"noopener\" data-start=\"1803\" data-end=\"1864\">Utforska hela Knox-sortimentet h\u00e4r<\/a><\/p>","protected":false},"featured_media":61686,"comment_status":"open","ping_status":"closed","template":"","meta":[],"product_brand":[329],"product_cat":[390,73,368,135],"product_tag":[],"class_list":{"0":"post-53097","1":"product","2":"type-product","3":"status-publish","4":"has-post-thumbnail","6":"product_brand-knox","7":"product_cat-knox","8":"product_cat-portionssnus","9":"product_cat-snus-tobakssnus-traditionellt-snus","10":"product_cat-white-portion","12":"first","13":"instock","14":"taxable","15":"shipping-taxable","16":"purchasable","17":"product-type-variable"},"_links":{"self":[{"href":"https:\/\/snus-malmo.se\/sv\/wp-json\/wp\/v2\/product\/53097","targetHints":{"allow":["GET"]}}],"collection":[{"href":"https:\/\/snus-malmo.se\/sv\/wp-json\/wp\/v2\/product"}],"about":[{"href":"https:\/\/snus-malmo.se\/sv\/wp-json\/wp\/v2\/types\/product"}],"replies":[{"embeddable":true,"href":"https:\/\/snus-malmo.se\/sv\/wp-json\/wp\/v2\/comments?post=53097"}],"version-history":[{"count":0,"href":"https:\/\/snus-malmo.se\/sv\/wp-json\/wp\/v2\/product\/53097\/revisions"}],"wp:featuredmedia":[{"embeddable":true,"href":"https:\/\/snus-malmo.se\/sv\/wp-json\/wp\/v2\/media\/61686"}],"wp:attachment":[{"href":"https:\/\/snus-malmo.se\/sv\/wp-json\/wp\/v2\/media?parent=53097"}],"wp:term":[{"taxonomy":"product_brand","embeddable":true,"href":"https:\/\/snus-malmo.se\/sv\/wp-json\/wp\/v2\/product_brand?post=53097"},{"taxonomy":"product_cat","embeddable":true,"href":"https:\/\/snus-malmo.se\/sv\/wp-json\/wp\/v2\/product_cat?post=53097"},{"taxonomy":"product_tag","embeddable":true,"href":"https:\/\/snus-malmo.se\/sv\/wp-json\/wp\/v2\/product_tag?post=53097"}],"curies":[{"name":"wp","href":"https:\/\/api.w.org\/{rel}","templated":true}]}}