{"id":53128,"date":"2025-05-23T16:56:38","date_gmt":"2025-05-23T16:56:38","guid":{"rendered":"https:\/\/snus-malmo.se\/?post_type=product&#038;p=53128"},"modified":"2025-07-27T19:00:35","modified_gmt":"2025-07-27T19:00:35","slug":"lundgrens-norrland-strong-portionssnus","status":"publish","type":"product","link":"https:\/\/snus-malmo.se\/sv\/produkt\/lundgrens-norrland-strong-portionssnus\/","title":{"rendered":"Lundgrens Norrland Strong Portionssnus"},"content":{"rendered":"<h1>Lundgrens Norrland Strong Portionssnus<\/h1>\n<h2 data-start=\"203\" data-end=\"286\"><strong data-start=\"207\" data-end=\"286\">Lundgrens Norrland Stark Portion \u2013 Kraftfullt snus med smak av svensk natur<\/strong><\/h2>\n<p data-start=\"288\" data-end=\"596\">Lundgrens Norrland Stark Portion \u00e4r ett robust svenskt portionssnus med h\u00f6gre nikotinhalt och tydliga smaker inspirerade av norrl\u00e4ndsk natur. Den klassiska tobakskarakt\u00e4ren kombineras med subtila toner av gran och fj\u00e4llv\u00e4xter \u2013 perfekt f\u00f6r dig som s\u00f6ker ett smakrikt och starkt snus med tydlig svensk profil.<\/p>\n<p data-start=\"598\" data-end=\"798\">Det starka originalformatet har en fuktad yta f\u00f6r snabb smak- och nikotinrelease, samtidigt som prillorna ligger bekv\u00e4mt under l\u00e4ppen. Ett utm\u00e4rkt val f\u00f6r vana snusare som uppskattar kraft och balans.<\/p>\n<hr data-start=\"800\" data-end=\"803\" \/>\n<h2 data-start=\"805\" data-end=\"860\">\u2705 <strong data-start=\"811\" data-end=\"860\">F\u00f6rdelar med Lundgrens Norrland Stark Portion<\/strong><\/h2>\n<ul data-start=\"861\" data-end=\"1118\">\n<li data-start=\"861\" data-end=\"911\">\n<p data-start=\"863\" data-end=\"911\"><strong data-start=\"863\" data-end=\"886\">Starkt portionssnus<\/strong> med ca 13 mg\/g nikotin<\/p>\n<\/li>\n<li data-start=\"912\" data-end=\"958\">\n<p data-start=\"914\" data-end=\"958\"><strong data-start=\"914\" data-end=\"956\">Smakprofil av tobak, gran &amp; fj\u00e4ll\u00f6rter<\/strong><\/p>\n<\/li>\n<li data-start=\"959\" data-end=\"1016\">\n<p data-start=\"961\" data-end=\"1016\"><strong data-start=\"961\" data-end=\"980\">Originalportion<\/strong> \u2013 fuktad prilla f\u00f6r direkt effekt<\/p>\n<\/li>\n<li data-start=\"1017\" data-end=\"1073\">\n<p data-start=\"1019\" data-end=\"1073\"><strong data-start=\"1019\" data-end=\"1043\">Tillverkad i Sverige<\/strong> av British American Tobacco<\/p>\n<\/li>\n<li data-start=\"1074\" data-end=\"1118\">\n<p data-start=\"1076\" data-end=\"1118\">Del av den popul\u00e4ra <strong data-start=\"1096\" data-end=\"1116\">Lundgrens-serien<\/strong><\/p>\n<\/li>\n<\/ul>\n<hr data-start=\"1120\" data-end=\"1123\" \/>\n<h2 data-start=\"1125\" data-end=\"1180\">\ud83d\udce6 <strong data-start=\"1132\" data-end=\"1180\">Produktinformation: Lundgrens Norrland Stark<\/strong><\/h2>\n<ul data-start=\"1181\" data-end=\"1509\">\n<li data-start=\"1181\" data-end=\"1229\">\n<p data-start=\"1183\" data-end=\"1229\"><strong data-start=\"1183\" data-end=\"1198\">Produkttyp:<\/strong> Original Portion (med tobak)<\/p>\n<\/li>\n<li data-start=\"1230\" data-end=\"1252\">\n<p data-start=\"1232\" data-end=\"1252\"><strong data-start=\"1232\" data-end=\"1243\">Format:<\/strong> Normal<\/p>\n<\/li>\n<li data-start=\"1253\" data-end=\"1296\">\n<p data-start=\"1255\" data-end=\"1296\"><strong data-start=\"1255\" data-end=\"1264\">Smak:<\/strong> Tobak, gran, v\u00e4xter fr\u00e5n norr<\/p>\n<\/li>\n<li data-start=\"1297\" data-end=\"1328\">\n<p data-start=\"1299\" data-end=\"1328\"><strong data-start=\"1299\" data-end=\"1315\">Nikotinhalt:<\/strong> ca 13 mg\/g<\/p>\n<\/li>\n<li data-start=\"1329\" data-end=\"1356\">\n<p data-start=\"1331\" data-end=\"1356\"><strong data-start=\"1331\" data-end=\"1342\">Styrka:<\/strong> Stark (3\/4)<\/p>\n<\/li>\n<li data-start=\"1357\" data-end=\"1396\">\n<p data-start=\"1359\" data-end=\"1396\"><strong data-start=\"1359\" data-end=\"1388\">Antal portioner per dosa:<\/strong> ca 22<\/p>\n<\/li>\n<li data-start=\"1397\" data-end=\"1428\">\n<p data-start=\"1399\" data-end=\"1428\"><strong data-start=\"1399\" data-end=\"1413\">Totalvikt:<\/strong> ca 18,7 gram<\/p>\n<\/li>\n<li data-start=\"1429\" data-end=\"1457\">\n<p data-start=\"1431\" data-end=\"1457\"><strong data-start=\"1431\" data-end=\"1445\">Varum\u00e4rke:<\/strong> Lundgrens<\/p>\n<\/li>\n<li data-start=\"1458\" data-end=\"1509\">\n<p data-start=\"1460\" data-end=\"1509\"><strong data-start=\"1460\" data-end=\"1476\">Tillverkare:<\/strong> British American Tobacco (BAT)<\/p>\n<\/li>\n<\/ul>\n<hr data-start=\"1511\" data-end=\"1514\" \/>\n<h3 data-start=\"1516\" data-end=\"1576\">\ud83c\udf32 <strong data-start=\"1523\" data-end=\"1576\">Ett kraftfullt snus fr\u00e5n svenska fj\u00e4ll och skogar<\/strong><\/h3>\n<p data-start=\"1578\" data-end=\"1792\">Lundgrens Norrland Stark f\u00f6rmedlar en smakupplevelse som h\u00e4mtar inspiration fr\u00e5n Norrlands or\u00f6rda natur. F\u00f6r dig som vill ha ett kraftigare snus med autentisk k\u00e4nsla och naturtrogna smaker \u00e4r detta ett perfekt val.<\/p>\n<hr data-start=\"1794\" data-end=\"1797\" \/>\n<h3 data-start=\"1799\" data-end=\"1867\">\ud83d\uded2 <strong data-start=\"1806\" data-end=\"1867\">K\u00f6p Lundgrens Norrland Stark Portion online hos Veloop.se<\/strong><\/h3>\n<p data-start=\"1869\" data-end=\"2030\">Hos Veloop.se handlar du alltid f\u00e4rskt snus till bra pris. Vi erbjuder trygg betalning, snabb leverans och ett stort utbud av starka portionssnus fr\u00e5n Lundgrens.<\/p>\n<p data-start=\"2032\" data-end=\"2136\">\ud83d\udc49 <strong data-start=\"2035\" data-end=\"2077\">Best\u00e4ll Lundgrens Norrland Stark idag:<\/strong> <a class=\"\" href=\"https:\/\/snus-malmo.se\/sv\/lundgrens\/\" target=\"_new\" rel=\"noopener\" data-start=\"2078\" data-end=\"2136\">https:\/\/snus-malmo.se\/lundgrens<\/a><\/p>","protected":false},"excerpt":{"rendered":"<h1 class=\"product-text\">Lundgrens Norrland Strong Portionssnus<\/h1>\n<p>Lundgrens Norrland Stark Portion \u2013 starkt snus med smak av tobak, gran och fj\u00e4llv\u00e4xter. K\u00f6p online hos Veloop.se med snabb leverans!<\/p>\n<p>\ud83d\uded2 \ud83d\udc49 <strong data-start=\"2035\" data-end=\"2077\">Best\u00e4ll Lundgrens Norrland Stark idag:<\/strong> <a class=\"\" href=\"https:\/\/snus-malmo.se\/sv\/lundgrens\/\" target=\"_new\" rel=\"noopener\" data-start=\"2078\" data-end=\"2136\">https:\/\/snus-malmo.se\/lundgrens<\/a>\u00a0\u2013 tryggt, snabbt &amp; alltid f\u00e4rskt!<\/p>","protected":false},"featured_media":60437,"comment_status":"open","ping_status":"closed","template":"","meta":[],"product_brand":[358],"product_cat":[104,73,354],"product_tag":[],"class_list":{"0":"post-53128","1":"product","2":"type-product","3":"status-publish","4":"has-post-thumbnail","6":"product_brand-lundgrens","7":"product_cat-lundgrens","8":"product_cat-portionssnus","9":"product_cat-strongstark","11":"first","12":"instock","13":"taxable","14":"shipping-taxable","15":"purchasable","16":"product-type-variable"},"_links":{"self":[{"href":"https:\/\/snus-malmo.se\/sv\/wp-json\/wp\/v2\/product\/53128","targetHints":{"allow":["GET"]}}],"collection":[{"href":"https:\/\/snus-malmo.se\/sv\/wp-json\/wp\/v2\/product"}],"about":[{"href":"https:\/\/snus-malmo.se\/sv\/wp-json\/wp\/v2\/types\/product"}],"replies":[{"embeddable":true,"href":"https:\/\/snus-malmo.se\/sv\/wp-json\/wp\/v2\/comments?post=53128"}],"version-history":[{"count":0,"href":"https:\/\/snus-malmo.se\/sv\/wp-json\/wp\/v2\/product\/53128\/revisions"}],"wp:featuredmedia":[{"embeddable":true,"href":"https:\/\/snus-malmo.se\/sv\/wp-json\/wp\/v2\/media\/60437"}],"wp:attachment":[{"href":"https:\/\/snus-malmo.se\/sv\/wp-json\/wp\/v2\/media?parent=53128"}],"wp:term":[{"taxonomy":"product_brand","embeddable":true,"href":"https:\/\/snus-malmo.se\/sv\/wp-json\/wp\/v2\/product_brand?post=53128"},{"taxonomy":"product_cat","embeddable":true,"href":"https:\/\/snus-malmo.se\/sv\/wp-json\/wp\/v2\/product_cat?post=53128"},{"taxonomy":"product_tag","embeddable":true,"href":"https:\/\/snus-malmo.se\/sv\/wp-json\/wp\/v2\/product_tag?post=53128"}],"curies":[{"name":"wp","href":"https:\/\/api.w.org\/{rel}","templated":true}]}}