{"id":53154,"date":"2025-05-23T16:56:41","date_gmt":"2025-05-23T16:56:41","guid":{"rendered":"https:\/\/snus-malmo.se\/?post_type=product&#038;p=53154"},"modified":"2025-07-27T19:00:36","modified_gmt":"2025-07-27T19:00:36","slug":"lundgrens-skargarden","status":"publish","type":"product","link":"https:\/\/snus-malmo.se\/sv\/produkt\/lundgrens-skargarden\/","title":{"rendered":"Lundgrens Sk\u00e4rg\u00e5rden"},"content":{"rendered":"<h1 data-start=\"137\" data-end=\"205\">Lundgrens Sk\u00e4rg\u00e5rden<\/h1>\n<h2 data-start=\"137\" data-end=\"205\">Lundgrens Sk\u00e4rg\u00e5rden \u2013 White Portion Snus med Smak av Svenska B\u00e4r<\/h2>\n<p data-start=\"207\" data-end=\"520\"><strong data-start=\"207\" data-end=\"231\">Lundgrens Sk\u00e4rg\u00e5rden<\/strong> \u00e4r en smakrik white portion fr\u00e5n det svenska varum\u00e4rket <strong data-start=\"288\" data-end=\"301\">Lundgrens<\/strong>, tillverkat av <strong data-start=\"317\" data-end=\"351\">BAT (British American Tobacco)<\/strong>. Denna produkt erbjuder en unik kombination av klassisk tobakssmak och fruktiga toner av <strong data-start=\"441\" data-end=\"474\">r\u00f6da b\u00e4r, hallon och smultron<\/strong>, inspirerad av den svenska sk\u00e4rg\u00e5rdens natur.<\/p>\n<h3 data-start=\"522\" data-end=\"564\">K\u00f6p Lundgrens Sk\u00e4rg\u00e5rden hos Veloop.se<\/h3>\n<p data-start=\"566\" data-end=\"857\">Veloop.se lanserade Lundgrens Sk\u00e4rg\u00e5rden i april 2021 och erbjuder denna popul\u00e4ra snusvariant med <strong data-start=\"664\" data-end=\"688\">normal nikotinstyrka<\/strong> i ett traditionellt format. Varje dosa inneh\u00e5ller <strong data-start=\"739\" data-end=\"755\">22 portioner<\/strong> och v\u00e4ger totalt <strong data-start=\"773\" data-end=\"786\">17,6 gram<\/strong>, med en nikotinhalt p\u00e5 <strong data-start=\"810\" data-end=\"821\">10 mg\/g<\/strong> och <strong data-start=\"826\" data-end=\"856\">7,3 mg nikotin per portion<\/strong>.<\/p>\n<hr data-start=\"859\" data-end=\"862\" \/>\n<h3 data-start=\"864\" data-end=\"905\">Smakprofil: Tobak &amp; Svenska Sommarb\u00e4r<\/h3>\n<p data-start=\"907\" data-end=\"1183\">Lundgrens Sk\u00e4rg\u00e5rden har en v\u00e4lbalanserad smakprofil d\u00e4r den jordiga tobakskarakt\u00e4ren lyfts av naturliga inslag av <strong data-start=\"1022\" data-end=\"1055\">r\u00f6da b\u00e4r, hallon och smultron<\/strong>. Det \u00e4r ett snus som passar dig som s\u00f6ker en fruktig men \u00e4nd\u00e5 traditionell snusupplevelse \u2013 perfekt f\u00f6r sommardagar vid kusten.<\/p>\n<p data-start=\"1185\" data-end=\"1198\"><strong data-start=\"1185\" data-end=\"1196\">Smaker:<\/strong><\/p>\n<ul data-start=\"1199\" data-end=\"1243\">\n<li data-start=\"1199\" data-end=\"1208\">\n<p data-start=\"1201\" data-end=\"1208\">Tobak<\/p>\n<\/li>\n<li data-start=\"1209\" data-end=\"1221\">\n<p data-start=\"1211\" data-end=\"1221\">R\u00f6da b\u00e4r<\/p>\n<\/li>\n<li data-start=\"1222\" data-end=\"1232\">\n<p data-start=\"1224\" data-end=\"1232\">Hallon<\/p>\n<\/li>\n<li data-start=\"1233\" data-end=\"1243\">\n<p data-start=\"1235\" data-end=\"1243\">Smultron<\/p>\n<\/li>\n<\/ul>\n<hr data-start=\"1245\" data-end=\"1248\" \/>\n<h3 data-start=\"1250\" data-end=\"1295\">Produktinformation \u2013 Lundgrens Sk\u00e4rg\u00e5rden<\/h3>\n<div class=\"_tableContainer_16hzy_1\">\n<div class=\"_tableWrapper_16hzy_14 group flex w-fit flex-col-reverse\" tabindex=\"-1\">\n<table class=\"w-fit min-w-(--thread-content-width)\" data-start=\"1297\" data-end=\"1694\">\n<thead data-start=\"1297\" data-end=\"1323\">\n<tr data-start=\"1297\" data-end=\"1323\">\n<th data-start=\"1297\" data-end=\"1308\" data-col-size=\"sm\">Egenskap<\/th>\n<th data-start=\"1308\" data-end=\"1323\" data-col-size=\"sm\">Information<\/th>\n<\/tr>\n<\/thead>\n<tbody data-start=\"1350\" data-end=\"1694\">\n<tr data-start=\"1350\" data-end=\"1377\">\n<td data-start=\"1350\" data-end=\"1360\" data-col-size=\"sm\"><strong data-start=\"1352\" data-end=\"1359\">Typ<\/strong><\/td>\n<td data-col-size=\"sm\" data-start=\"1360\" data-end=\"1377\">White Portion<\/td>\n<\/tr>\n<tr data-start=\"1378\" data-end=\"1401\">\n<td data-start=\"1378\" data-end=\"1391\" data-col-size=\"sm\"><strong data-start=\"1380\" data-end=\"1390\">Format<\/strong><\/td>\n<td data-col-size=\"sm\" data-start=\"1391\" data-end=\"1401\">Normal<\/td>\n<\/tr>\n<tr data-start=\"1402\" data-end=\"1432\">\n<td data-start=\"1402\" data-end=\"1422\" data-col-size=\"sm\"><strong data-start=\"1404\" data-end=\"1421\">Nikotinstyrka<\/strong><\/td>\n<td data-col-size=\"sm\" data-start=\"1422\" data-end=\"1432\">Normal<\/td>\n<\/tr>\n<tr data-start=\"1433\" data-end=\"1462\">\n<td data-start=\"1433\" data-end=\"1451\" data-col-size=\"sm\"><strong data-start=\"1435\" data-end=\"1450\">Nikotinhalt<\/strong><\/td>\n<td data-col-size=\"sm\" data-start=\"1451\" data-end=\"1462\">10 mg\/g<\/td>\n<\/tr>\n<tr data-start=\"1463\" data-end=\"1503\">\n<td data-start=\"1463\" data-end=\"1493\" data-col-size=\"sm\"><strong data-start=\"1465\" data-end=\"1492\">Nikotinhalt per portion<\/strong><\/td>\n<td data-col-size=\"sm\" data-start=\"1493\" data-end=\"1503\">7,3 mg<\/td>\n<\/tr>\n<tr data-start=\"1504\" data-end=\"1541\">\n<td data-start=\"1504\" data-end=\"1535\" data-col-size=\"sm\"><strong data-start=\"1506\" data-end=\"1534\">Antal portioner per dosa<\/strong><\/td>\n<td data-col-size=\"sm\" data-start=\"1535\" data-end=\"1541\">22<\/td>\n<\/tr>\n<tr data-start=\"1542\" data-end=\"1568\">\n<td data-start=\"1542\" data-end=\"1558\" data-col-size=\"sm\"><strong data-start=\"1544\" data-end=\"1557\">Totalvikt<\/strong><\/td>\n<td data-col-size=\"sm\" data-start=\"1558\" data-end=\"1568\">17,6 g<\/td>\n<\/tr>\n<tr data-start=\"1569\" data-end=\"1601\">\n<td data-start=\"1569\" data-end=\"1592\" data-col-size=\"sm\"><strong data-start=\"1571\" data-end=\"1591\">Vikt per portion<\/strong><\/td>\n<td data-col-size=\"sm\" data-start=\"1592\" data-end=\"1601\">0,8 g<\/td>\n<\/tr>\n<tr data-start=\"1602\" data-end=\"1638\">\n<td data-start=\"1602\" data-end=\"1624\" data-col-size=\"sm\"><strong data-start=\"1604\" data-end=\"1623\">Lanseringsdatum<\/strong><\/td>\n<td data-col-size=\"sm\" data-start=\"1624\" data-end=\"1638\">2021-04-16<\/td>\n<\/tr>\n<tr data-start=\"1639\" data-end=\"1664\">\n<td data-start=\"1639\" data-end=\"1657\" data-col-size=\"sm\"><strong data-start=\"1641\" data-end=\"1656\">Tillverkare<\/strong><\/td>\n<td data-col-size=\"sm\" data-start=\"1657\" data-end=\"1664\">BAT<\/td>\n<\/tr>\n<tr data-start=\"1665\" data-end=\"1694\">\n<td data-start=\"1665\" data-end=\"1681\" data-col-size=\"sm\"><strong data-start=\"1667\" data-end=\"1680\">Varum\u00e4rke<\/strong><\/td>\n<td data-col-size=\"sm\" data-start=\"1681\" data-end=\"1694\">Lundgrens<\/td>\n<\/tr>\n<\/tbody>\n<\/table>\n<div class=\"sticky end-(--thread-content-margin) h-0 self-end select-none\">\n<div class=\"absolute end-0 flex items-end\"><\/div>\n<\/div>\n<\/div>\n<\/div>\n<hr data-start=\"1696\" data-end=\"1699\" \/>\n<h3 data-start=\"1701\" data-end=\"1717\">Ingredienser<\/h3>\n<p data-start=\"1719\" data-end=\"1807\">Tobak, vatten, salt, natriumkarbonat, propylenglykol, smak\u00e4mnen, salmiak, lakritspulver.<\/p>\n<hr data-start=\"1809\" data-end=\"1812\" \/>\n<h3 data-start=\"1814\" data-end=\"1841\">Om Varum\u00e4rket Lundgrens<\/h3>\n<p data-start=\"1843\" data-end=\"2146\">Lundgrens \u00e4r ett svenskt snusm\u00e4rke som produceras av <strong data-start=\"1896\" data-end=\"1918\">Fiedler &amp; Lundgren<\/strong>, ett dotterbolag till BAT. K\u00e4nda f\u00f6r sin koppling till svenska landskap, erbjuder Lundgrens snusprodukter med autentiska smaker och h\u00f6g kvalitet. Deras sortiment bygger p\u00e5 <strong data-start=\"2091\" data-end=\"2145\">svensk tradition, hantverk och naturlig smakprofil<\/strong>.<\/p>\n<hr data-start=\"2148\" data-end=\"2151\" \/>\n<h3 data-start=\"2153\" data-end=\"2203\">Andra White Portion-snussorter fr\u00e5n Lundgrens:<\/h3>\n<ul data-start=\"2205\" data-end=\"2613\">\n<li data-start=\"2205\" data-end=\"2258\">\n<p data-start=\"2207\" data-end=\"2258\"><strong data-start=\"2207\" data-end=\"2229\">Lundgrens Norrland<\/strong> \u2013 Granskott &amp; fj\u00e4llblommor<\/p>\n<\/li>\n<li data-start=\"2259\" data-end=\"2308\">\n<p data-start=\"2261\" data-end=\"2308\"><strong data-start=\"2261\" data-end=\"2286\">Lundgrens Sk\u00e5ne Stark<\/strong> \u2013 Vilda b\u00e4r &amp; enb\u00e4r<\/p>\n<\/li>\n<li data-start=\"2309\" data-end=\"2367\">\n<p data-start=\"2311\" data-end=\"2367\"><strong data-start=\"2311\" data-end=\"2335\">Lundgrens Sk\u00e5ne Slim<\/strong> \u2013 Sk\u00e5nska skogsb\u00e4r &amp; granskog<\/p>\n<\/li>\n<li data-start=\"2368\" data-end=\"2429\">\n<p data-start=\"2370\" data-end=\"2429\"><strong data-start=\"2370\" data-end=\"2392\">Lundgrens L\u00e4gereld<\/strong> \u2013 Enb\u00e4r, svartvinb\u00e4rsblad &amp; fl\u00e4der<\/p>\n<\/li>\n<li data-start=\"2430\" data-end=\"2474\">\n<p data-start=\"2432\" data-end=\"2474\"><strong data-start=\"2432\" data-end=\"2453\">Lundgrens Fj\u00e4llen<\/strong> \u2013 Tobak &amp; hjortron<\/p>\n<\/li>\n<li data-start=\"2475\" data-end=\"2527\">\n<p data-start=\"2477\" data-end=\"2527\"><strong data-start=\"2477\" data-end=\"2504\">Lundgrens \u00d6sterlen Slim<\/strong> \u2013 R\u00f6da &amp; gula \u00e4pplen<\/p>\n<\/li>\n<li data-start=\"2528\" data-end=\"2570\">\n<p data-start=\"2530\" data-end=\"2570\"><strong data-start=\"2530\" data-end=\"2549\">Lundgrens Sk\u00e5ne<\/strong> \u2013 Skogsb\u00e4r &amp; enb\u00e4r<\/p>\n<\/li>\n<li data-start=\"2571\" data-end=\"2613\">\n<p data-start=\"2573\" data-end=\"2613\"><strong data-start=\"2573\" data-end=\"2597\">Lundgrens V\u00e4stkusten<\/strong> \u2013 Nypon &amp; ljung<\/p>\n<\/li>\n<\/ul>\n<hr data-start=\"2615\" data-end=\"2618\" \/>\n<h3 data-start=\"2620\" data-end=\"2662\">Vanliga Fr\u00e5gor om Lundgrens Sk\u00e4rg\u00e5rden<\/h3>\n<p data-start=\"2664\" data-end=\"2825\"><strong data-start=\"2664\" data-end=\"2702\">Hur stark \u00e4r Lundgrens Sk\u00e4rg\u00e5rden?<\/strong><br data-start=\"2702\" data-end=\"2705\" \/>Snuset har en <strong data-start=\"2719\" data-end=\"2736\">normal styrka<\/strong> med 7,3 mg nikotin per portion \u2013 perfekt f\u00f6r dig som s\u00f6ker en balanserad snusupplevelse.<\/p>\n<p data-start=\"2827\" data-end=\"2950\"><strong data-start=\"2827\" data-end=\"2863\">Vad smakar Lundgrens Sk\u00e4rg\u00e5rden?<\/strong><br data-start=\"2863\" data-end=\"2866\" \/>En harmonisk mix av tobak och <strong data-start=\"2896\" data-end=\"2949\">fruktiga toner fr\u00e5n r\u00f6da b\u00e4r, hallon och smultron<\/strong>.<\/p>\n<hr data-start=\"2952\" data-end=\"2955\" \/>\n<h3 data-start=\"2957\" data-end=\"2992\">K\u00f6p Lundgrens Sk\u00e4rg\u00e5rden Online<\/h3>\n<p data-start=\"2994\" data-end=\"3188\">Uppt\u00e4ck smaken av <strong data-start=\"3012\" data-end=\"3038\">den svenska sk\u00e4rg\u00e5rden<\/strong> i varje prilla. K\u00f6p <strong data-start=\"3059\" data-end=\"3097\">Lundgrens Sk\u00e4rg\u00e5rden White Portion<\/strong> snabbt och enkelt online hos <strong data-start=\"3127\" data-end=\"3140\">Veloop.se<\/strong> \u2013 din p\u00e5litliga \u00e5terf\u00f6rs\u00e4ljare av svenskt snus.<\/p>","protected":false},"excerpt":{"rendered":"<h1 data-start=\"137\" data-end=\"205\">Lundgrens Sk\u00e4rg\u00e5rden<\/h1>\n<p><strong data-start=\"92\" data-end=\"130\">Lundgrens Sk\u00e4rg\u00e5rden White Portion<\/strong> har en balanserad smak av tobak kombinerat med r\u00f6da b\u00e4r, hallon och smultron \u2013 inspirerad av den svenska sk\u00e4rg\u00e5rden. Normal styrka, 22 portioner per dosa. Producerad av BAT.<\/p>","protected":false},"featured_media":60440,"comment_status":"open","ping_status":"closed","template":"","meta":[],"product_brand":[358],"product_cat":[104,73],"product_tag":[],"class_list":{"0":"post-53154","1":"product","2":"type-product","3":"status-publish","4":"has-post-thumbnail","6":"product_brand-lundgrens","7":"product_cat-lundgrens","8":"product_cat-portionssnus","10":"first","11":"instock","12":"taxable","13":"shipping-taxable","14":"purchasable","15":"product-type-variable"},"_links":{"self":[{"href":"https:\/\/snus-malmo.se\/sv\/wp-json\/wp\/v2\/product\/53154","targetHints":{"allow":["GET"]}}],"collection":[{"href":"https:\/\/snus-malmo.se\/sv\/wp-json\/wp\/v2\/product"}],"about":[{"href":"https:\/\/snus-malmo.se\/sv\/wp-json\/wp\/v2\/types\/product"}],"replies":[{"embeddable":true,"href":"https:\/\/snus-malmo.se\/sv\/wp-json\/wp\/v2\/comments?post=53154"}],"version-history":[{"count":0,"href":"https:\/\/snus-malmo.se\/sv\/wp-json\/wp\/v2\/product\/53154\/revisions"}],"wp:featuredmedia":[{"embeddable":true,"href":"https:\/\/snus-malmo.se\/sv\/wp-json\/wp\/v2\/media\/60440"}],"wp:attachment":[{"href":"https:\/\/snus-malmo.se\/sv\/wp-json\/wp\/v2\/media?parent=53154"}],"wp:term":[{"taxonomy":"product_brand","embeddable":true,"href":"https:\/\/snus-malmo.se\/sv\/wp-json\/wp\/v2\/product_brand?post=53154"},{"taxonomy":"product_cat","embeddable":true,"href":"https:\/\/snus-malmo.se\/sv\/wp-json\/wp\/v2\/product_cat?post=53154"},{"taxonomy":"product_tag","embeddable":true,"href":"https:\/\/snus-malmo.se\/sv\/wp-json\/wp\/v2\/product_tag?post=53154"}],"curies":[{"name":"wp","href":"https:\/\/api.w.org\/{rel}","templated":true}]}}