{"id":53159,"date":"2025-05-23T16:56:41","date_gmt":"2025-05-23T16:56:41","guid":{"rendered":"https:\/\/snus-malmo.se\/?post_type=product&#038;p=53159"},"modified":"2025-07-16T01:24:47","modified_gmt":"2025-07-16T01:24:47","slug":"kapten-vit-portionssnus","status":"publish","type":"product","link":"https:\/\/snus-malmo.se\/sv\/produkt\/kapten-vit-portionssnus\/","title":{"rendered":"Kapten Vit Portionssnus"},"content":{"rendered":"<h1>Kapten Vit Portionssnus<\/h1>\n<h2 data-start=\"246\" data-end=\"311\">Kapten Vit Portionssnus \u2013 Klassisk smak i fr\u00e4scht vitt format<\/h2>\n<p data-start=\"313\" data-end=\"579\"><strong data-start=\"313\" data-end=\"340\">Kapten Vit Portionssnus<\/strong> erbjuder en ren och mild smak med tydlig karakt\u00e4r av svensk tobak. Den vita portionens torra yta och fuktiga insida ger en <strong data-start=\"464\" data-end=\"516\">l\u00e5g rinnighet och en j\u00e4mn, l\u00e5ngvarig smakrelease<\/strong>, vilket g\u00f6r snuset bekv\u00e4mt och diskret att anv\u00e4nda hela dagen.<\/p>\n<p data-start=\"581\" data-end=\"738\">Med en v\u00e4lbalanserad nikotinstyrka \u00e4r detta snus ett utm\u00e4rkt val f\u00f6r dig som s\u00f6ker en p\u00e5litlig och smakrik snusupplevelse i ett modernt, vitt portionsformat.<\/p>\n<p data-start=\"740\" data-end=\"868\">\ud83d\udfe6 Vill du se hela v\u00e5rt utbud av vita portioner? Bes\u00f6k v\u00e5rt <a class=\"\" href=\"https:\/\/snus-malmo.se\/sv\/white-portion\/\" target=\"_new\" rel=\"noopener\" data-start=\"800\" data-end=\"867\"><strong data-start=\"801\" data-end=\"832\">White Portion-sortiment h\u00e4r<\/strong><\/a>.<\/p>\n<hr data-start=\"870\" data-end=\"873\" \/>\n<h3 data-start=\"875\" data-end=\"899\">Produktinformation:<\/h3>\n<ul data-start=\"901\" data-end=\"1260\">\n<li data-start=\"901\" data-end=\"926\">\n<p data-start=\"903\" data-end=\"926\"><strong data-start=\"903\" data-end=\"917\">Varum\u00e4rke:<\/strong> Kapten<\/p>\n<\/li>\n<li data-start=\"927\" data-end=\"960\">\n<p data-start=\"929\" data-end=\"960\"><strong data-start=\"929\" data-end=\"944\">Produkttyp:<\/strong> White Portion<\/p>\n<\/li>\n<li data-start=\"961\" data-end=\"983\">\n<p data-start=\"963\" data-end=\"983\"><strong data-start=\"963\" data-end=\"974\">Format:<\/strong> Normal<\/p>\n<\/li>\n<li data-start=\"984\" data-end=\"1038\">\n<p data-start=\"986\" data-end=\"1038\"><strong data-start=\"986\" data-end=\"1001\">Smakprofil:<\/strong> Mild tobak, frisk och ren karakt\u00e4r<\/p>\n<\/li>\n<li data-start=\"1039\" data-end=\"1061\">\n<p data-start=\"1041\" data-end=\"1061\"><strong data-start=\"1041\" data-end=\"1052\">Styrka:<\/strong> Normal<\/p>\n<\/li>\n<li data-start=\"1062\" data-end=\"1091\">\n<p data-start=\"1064\" data-end=\"1091\"><strong data-start=\"1064\" data-end=\"1080\">Nikotinhalt:<\/strong> ca 0,8 %<\/p>\n<\/li>\n<li data-start=\"1092\" data-end=\"1127\">\n<p data-start=\"1094\" data-end=\"1127\"><strong data-start=\"1094\" data-end=\"1117\">Nikotin per prilla:<\/strong> ca 7 mg<\/p>\n<\/li>\n<li data-start=\"1128\" data-end=\"1168\">\n<p data-start=\"1130\" data-end=\"1168\"><strong data-start=\"1130\" data-end=\"1157\">Antal prillor per dosa:<\/strong> ca 20 st<\/p>\n<\/li>\n<li data-start=\"1169\" data-end=\"1194\">\n<p data-start=\"1171\" data-end=\"1194\"><strong data-start=\"1171\" data-end=\"1184\">Fukthalt:<\/strong> ca 45 %<\/p>\n<\/li>\n<li data-start=\"1195\" data-end=\"1228\">\n<p data-start=\"1197\" data-end=\"1228\"><strong data-start=\"1197\" data-end=\"1217\">Vikt per prilla:<\/strong> ca 0,9 g<\/p>\n<\/li>\n<li data-start=\"1229\" data-end=\"1260\">\n<p data-start=\"1231\" data-end=\"1260\"><strong data-start=\"1231\" data-end=\"1250\">Nettovikt\/dosa:<\/strong> ca 18 g<\/p>\n<\/li>\n<\/ul>\n<hr data-start=\"1262\" data-end=\"1265\" \/>\n<h3 data-start=\"1267\" data-end=\"1308\">Varf\u00f6r v\u00e4lja Kapten Vit Portionssnus?<\/h3>\n<p data-start=\"1310\" data-end=\"1585\">\u2705 Klassisk svensk tobakssmak med mild och fr\u00e4sch karakt\u00e4r<br data-start=\"1367\" data-end=\"1370\" \/>\u2705 White portion med l\u00e5g rinnighet och l\u00e5ng smakrelease<br data-start=\"1424\" data-end=\"1427\" \/>\u2705 Perfekt f\u00f6r dagligt bruk med balanserad nikotinstyrka<br data-start=\"1482\" data-end=\"1485\" \/>\u2705 Bekv\u00e4mt och diskret format som sitter bra under l\u00e4ppen<br data-start=\"1541\" data-end=\"1544\" \/>\u2705 Snabb och trygg leverans fr\u00e5n Veloop.se<\/p>\n<hr data-start=\"1587\" data-end=\"1590\" \/>\n<p data-start=\"1592\" data-end=\"1725\">Best\u00e4ll <strong data-start=\"1600\" data-end=\"1627\">Kapten Vit Portionssnus<\/strong> fr\u00e5n <strong data-start=\"1633\" data-end=\"1646\">Veloop.se<\/strong> och njut av en klassisk och mild snusupplevelse i fr\u00e4scht vitt portionsformat.<\/p>","protected":false},"excerpt":{"rendered":"<h1>Kapten Vit Portionssnus<\/h1>\n<h2 data-start=\"246\" data-end=\"311\">Kapten Vit Portionssnus \u2013 Klassisk smak i fr\u00e4scht vitt format<\/h2>\n<p data-start=\"1750\" data-end=\"1967\"><strong data-start=\"1750\" data-end=\"1777\">Kapten Vit Portionssnus<\/strong> \u00e4r en mild och ren vit portion med klassisk svensk tobakssmak och l\u00e5g rinnighet.<br data-start=\"1858\" data-end=\"1861\" \/>\ud83d\udc49 Uppt\u00e4ck fler vita portioner i v\u00e5rt <a class=\"\" href=\"https:\/\/snus-malmo.se\/sv\/white-portion\/\" target=\"_new\" rel=\"noopener\" data-start=\"1899\" data-end=\"1966\"><strong data-start=\"1900\" data-end=\"1931\">White Portion-sortiment h\u00e4r<\/strong><\/a>.<\/p>","protected":false},"featured_media":61533,"comment_status":"open","ping_status":"closed","template":"","meta":[],"product_brand":[373],"product_cat":[96,73,368,135],"product_tag":[],"class_list":{"0":"post-53159","1":"product","2":"type-product","3":"status-publish","4":"has-post-thumbnail","6":"product_brand-kapten-snus","7":"product_cat-kapten","8":"product_cat-portionssnus","9":"product_cat-snus-tobakssnus-traditionellt-snus","10":"product_cat-white-portion","12":"first","13":"instock","14":"taxable","15":"shipping-taxable","16":"purchasable","17":"product-type-variable"},"_links":{"self":[{"href":"https:\/\/snus-malmo.se\/sv\/wp-json\/wp\/v2\/product\/53159","targetHints":{"allow":["GET"]}}],"collection":[{"href":"https:\/\/snus-malmo.se\/sv\/wp-json\/wp\/v2\/product"}],"about":[{"href":"https:\/\/snus-malmo.se\/sv\/wp-json\/wp\/v2\/types\/product"}],"replies":[{"embeddable":true,"href":"https:\/\/snus-malmo.se\/sv\/wp-json\/wp\/v2\/comments?post=53159"}],"version-history":[{"count":0,"href":"https:\/\/snus-malmo.se\/sv\/wp-json\/wp\/v2\/product\/53159\/revisions"}],"wp:featuredmedia":[{"embeddable":true,"href":"https:\/\/snus-malmo.se\/sv\/wp-json\/wp\/v2\/media\/61533"}],"wp:attachment":[{"href":"https:\/\/snus-malmo.se\/sv\/wp-json\/wp\/v2\/media?parent=53159"}],"wp:term":[{"taxonomy":"product_brand","embeddable":true,"href":"https:\/\/snus-malmo.se\/sv\/wp-json\/wp\/v2\/product_brand?post=53159"},{"taxonomy":"product_cat","embeddable":true,"href":"https:\/\/snus-malmo.se\/sv\/wp-json\/wp\/v2\/product_cat?post=53159"},{"taxonomy":"product_tag","embeddable":true,"href":"https:\/\/snus-malmo.se\/sv\/wp-json\/wp\/v2\/product_tag?post=53159"}],"curies":[{"name":"wp","href":"https:\/\/api.w.org\/{rel}","templated":true}]}}