{"id":53174,"date":"2025-05-23T16:56:41","date_gmt":"2025-05-23T16:56:41","guid":{"rendered":"https:\/\/snus-malmo.se\/?post_type=product&#038;p=53174"},"modified":"2025-08-05T00:05:32","modified_gmt":"2025-08-05T00:05:32","slug":"siberia-80-degrees-white-dry-portion","status":"publish","type":"product","link":"https:\/\/snus-malmo.se\/sv\/produkt\/siberia-80-degrees-white-dry-portion\/","title":{"rendered":"Siberia -80 Degrees White Dry Portion"},"content":{"rendered":"<article class=\"product-text\">Siberia White Dry Portion \u00e4r ett f\u00e4rdigt portionssnus med en extremt h\u00f6g nikotinhalt. En portion inneh\u00e5ller mer \u00e4n fem g\u00e5nger s\u00e5 mycket nikotin som en normal snus.\u00a0<\/article>\n<article class=\"product-text\">Siberia White Dry Portion \u00e4r ett f\u00e4rdigt portionssnus som nu finns att k\u00f6pa i dosform. Snuset har en mycket framtr\u00e4dande smak av mint och kommer i torra portioner med en l\u00e4gre fukthalt &#8211; vilket ger ett mindre rinnigt snus.Snuset har en extremt h\u00f6g nikotinhalt och en portion inneh\u00e5ller mer \u00e4n fem g\u00e5nger s\u00e5 mycket nikotin som normalstarkt snus (8 mg\/g). Den l\u00e5ga fukthalten i snuset bidrar ytterligare till den starka upplevelsen. Rekommenderas ej f\u00f6r den som \u00e4r k\u00e4nslig f\u00f6r nikotin.<\/p>\n<table class=\"product-specs\">\n<thead>\n<tr>\n<th>Fakta om produkten<\/th>\n<th class=\"text-right\"><\/th>\n<\/tr>\n<\/thead>\n<tbody>\n<tr>\n<td class=\"spec-key\">Varum\u00e4rke<\/td>\n<td class=\"spec-value text-right\">Siberia Snus<\/td>\n<\/tr>\n<tr>\n<td class=\"spec-key\">Produkttyp<\/td>\n<td class=\"spec -value text-right\">white portion<\/td>\n<\/tr>\n<tr>\n<td class=\"spec-key\">Nikotinstyrka<\/td>\n<td class=\"spec -value text-right\">Extra Stark<\/td>\n<\/tr>\n<tr>\n<td class=\"spec-key\">Nikotinhalt<\/td>\n<td class=\"spec -value text-right\">43 mg\/g<\/td>\n<\/tr>\n<tr>\n<td class=\"spec-key\">Smak<\/td>\n<td class=\"spec -value text-right\">mint<\/td>\n<\/tr>\n<tr>\n<td class=\"spec-key\">Inneh\u00e5ll\/f\u00f6rpackning<\/td>\n<td class=\"spec -value text-right\">16 g<\/td>\n<\/tr>\n<tr>\n<td class=\"spec-key\">Snustyp<\/td>\n<td class=\"spec -value text-right\">White Portion<\/td>\n<\/tr>\n<tr>\n<td class=\"spec-key\">Format<\/td>\n<td class=\"spec -value text-right\">Normal<\/td>\n<\/tr>\n<tr>\n<td class=\"spec-key\">Producent<\/td>\n<td class=\"spec-value text-right\">GN Tobacco<\/td>\n<\/tr>\n<\/tbody>\n<\/table>\n<\/article>","protected":false},"excerpt":{"rendered":"<article class=\"product-text\">Siberia White Dry Portion \u00e4r ett f\u00e4rdigt portionssnus med en extremt h\u00f6g nikotinhalt. En portion inneh\u00e5ller mer \u00e4n fem g\u00e5nger s\u00e5 mycket nikotin som en normal snus.\u00a0<\/article>\n<article class=\"product-text\">Siberia White Dry Portion \u00e4r ett f\u00e4rdigt portionssnus som nu finns att k\u00f6pa i dosform. Snuset har en mycket framtr\u00e4dande smak av mint och kommer i torra portioner med en l\u00e4gre fukthalt &#8211; vilket ger ett mindre rinnigt snus.<\/article>","protected":false},"featured_media":17102,"comment_status":"open","ping_status":"closed","template":"","meta":[],"product_brand":[],"product_cat":[116,135],"product_tag":[],"class_list":{"0":"post-53174","1":"product","2":"type-product","3":"status-publish","4":"has-post-thumbnail","6":"product_cat-siberia","7":"product_cat-white-portion","9":"first","10":"instock","11":"taxable","12":"shipping-taxable","13":"purchasable","14":"product-type-variable"},"_links":{"self":[{"href":"https:\/\/snus-malmo.se\/sv\/wp-json\/wp\/v2\/product\/53174","targetHints":{"allow":["GET"]}}],"collection":[{"href":"https:\/\/snus-malmo.se\/sv\/wp-json\/wp\/v2\/product"}],"about":[{"href":"https:\/\/snus-malmo.se\/sv\/wp-json\/wp\/v2\/types\/product"}],"replies":[{"embeddable":true,"href":"https:\/\/snus-malmo.se\/sv\/wp-json\/wp\/v2\/comments?post=53174"}],"version-history":[{"count":0,"href":"https:\/\/snus-malmo.se\/sv\/wp-json\/wp\/v2\/product\/53174\/revisions"}],"wp:featuredmedia":[{"embeddable":true,"href":"https:\/\/snus-malmo.se\/sv\/wp-json\/wp\/v2\/media\/17102"}],"wp:attachment":[{"href":"https:\/\/snus-malmo.se\/sv\/wp-json\/wp\/v2\/media?parent=53174"}],"wp:term":[{"taxonomy":"product_brand","embeddable":true,"href":"https:\/\/snus-malmo.se\/sv\/wp-json\/wp\/v2\/product_brand?post=53174"},{"taxonomy":"product_cat","embeddable":true,"href":"https:\/\/snus-malmo.se\/sv\/wp-json\/wp\/v2\/product_cat?post=53174"},{"taxonomy":"product_tag","embeddable":true,"href":"https:\/\/snus-malmo.se\/sv\/wp-json\/wp\/v2\/product_tag?post=53174"}],"curies":[{"name":"wp","href":"https:\/\/api.w.org\/{rel}","templated":true}]}}