{"id":53185,"date":"2025-05-23T16:56:43","date_gmt":"2025-05-23T16:56:43","guid":{"rendered":"https:\/\/snus-malmo.se\/?post_type=product&#038;p=53185"},"modified":"2025-07-16T01:22:39","modified_gmt":"2025-07-16T01:22:39","slug":"kapten-mint-vit-portion-extra-stark","status":"publish","type":"product","link":"https:\/\/snus-malmo.se\/sv\/produkt\/kapten-mint-vit-portion-extra-stark\/","title":{"rendered":"Kapten Mint Vit Portion Extra Stark"},"content":{"rendered":"<h1 class=\"mb-16 sm:mb-24\">Kapten Mint Vit Portion Extra Stark<\/h1>\n<h2 data-start=\"254\" data-end=\"329\">Kapten Mint Vit Portion Extra Stark \u2013 Frisk mintsmak med maximal styrka<\/h2>\n<p data-start=\"331\" data-end=\"643\"><strong data-start=\"331\" data-end=\"370\">Kapten Mint Vit Portion Extra Stark<\/strong> kombinerar en <strong data-start=\"385\" data-end=\"411\">klar och sval mintsmak<\/strong> med en <strong data-start=\"419\" data-end=\"445\">extra stark nikotindos<\/strong>, vilket ger en kraftfull och uppfriskande snusupplevelse. Med sin <strong data-start=\"512\" data-end=\"547\">torra utsida och fuktiga insida<\/strong> erbjuder denna vita portion en <strong data-start=\"579\" data-end=\"642\">diskret anv\u00e4ndning med l\u00e5ngvarig smak och minimal rinnighet<\/strong>.<\/p>\n<p data-start=\"645\" data-end=\"863\">Detta \u00e4r det sj\u00e4lvklara valet f\u00f6r vana snusare som uppskattar mintens fr\u00e4sch\u00f6r men som ocks\u00e5 vill ha <strong data-start=\"746\" data-end=\"789\">en intensiv och kraftfull nikotineffekt<\/strong>. En perfekt balans mellan modern smak och traditionell svensk snusteknik.<\/p>\n<p data-start=\"865\" data-end=\"980\">\ud83d\udfe6 Utforska fler vita portionsprodukter i v\u00e5rt <a class=\"\" href=\"https:\/\/snus-malmo.se\/sv\/white-portion\/\" target=\"_new\" rel=\"noopener\" data-start=\"912\" data-end=\"979\"><strong data-start=\"913\" data-end=\"944\">White Portion-sortiment h\u00e4r<\/strong><\/a>.<\/p>\n<hr data-start=\"982\" data-end=\"985\" \/>\n<h3 data-start=\"987\" data-end=\"1011\">Produktinformation:<\/h3>\n<ul data-start=\"1013\" data-end=\"1355\">\n<li data-start=\"1013\" data-end=\"1038\">\n<p data-start=\"1015\" data-end=\"1038\"><strong data-start=\"1015\" data-end=\"1029\">Varum\u00e4rke:<\/strong> Kapten<\/p>\n<\/li>\n<li data-start=\"1039\" data-end=\"1072\">\n<p data-start=\"1041\" data-end=\"1072\"><strong data-start=\"1041\" data-end=\"1056\">Produkttyp:<\/strong> White Portion<\/p>\n<\/li>\n<li data-start=\"1073\" data-end=\"1095\">\n<p data-start=\"1075\" data-end=\"1095\"><strong data-start=\"1075\" data-end=\"1086\">Format:<\/strong> Normal<\/p>\n<\/li>\n<li data-start=\"1096\" data-end=\"1120\">\n<p data-start=\"1098\" data-end=\"1120\"><strong data-start=\"1098\" data-end=\"1113\">Smakprofil:<\/strong> Mint<\/p>\n<\/li>\n<li data-start=\"1121\" data-end=\"1148\">\n<p data-start=\"1123\" data-end=\"1148\"><strong data-start=\"1123\" data-end=\"1134\">Styrka:<\/strong> Extra Stark<\/p>\n<\/li>\n<li data-start=\"1149\" data-end=\"1182\">\n<p data-start=\"1151\" data-end=\"1182\"><strong data-start=\"1151\" data-end=\"1167\">Nikotinhalt:<\/strong> ca 1,4\u20131,6 %<\/p>\n<\/li>\n<li data-start=\"1183\" data-end=\"1222\">\n<p data-start=\"1185\" data-end=\"1222\"><strong data-start=\"1185\" data-end=\"1208\">Nikotin per prilla:<\/strong> ca 11\u201313 mg<\/p>\n<\/li>\n<li data-start=\"1223\" data-end=\"1263\">\n<p data-start=\"1225\" data-end=\"1263\"><strong data-start=\"1225\" data-end=\"1252\">Antal prillor per dosa:<\/strong> ca 20 st<\/p>\n<\/li>\n<li data-start=\"1264\" data-end=\"1289\">\n<p data-start=\"1266\" data-end=\"1289\"><strong data-start=\"1266\" data-end=\"1279\">Fukthalt:<\/strong> ca 45 %<\/p>\n<\/li>\n<li data-start=\"1290\" data-end=\"1323\">\n<p data-start=\"1292\" data-end=\"1323\"><strong data-start=\"1292\" data-end=\"1312\">Vikt per prilla:<\/strong> ca 0,9 g<\/p>\n<\/li>\n<li data-start=\"1324\" data-end=\"1355\">\n<p data-start=\"1326\" data-end=\"1355\"><strong data-start=\"1326\" data-end=\"1345\">Nettovikt\/dosa:<\/strong> ca 18 g<\/p>\n<\/li>\n<\/ul>\n<hr data-start=\"1357\" data-end=\"1360\" \/>\n<h3 data-start=\"1362\" data-end=\"1415\">Varf\u00f6r v\u00e4lja Kapten Mint Vit Portion Extra Stark?<\/h3>\n<p data-start=\"1417\" data-end=\"1665\">\u2705 Extra starkt snus med tydlig mintsmak<br data-start=\"1456\" data-end=\"1459\" \/>\u2705 Vitt portionsformat \u2013 l\u00e5g rinnighet och l\u00e5ng smak<br data-start=\"1510\" data-end=\"1513\" \/>\u2705 F\u00f6r dig som vill ha kraftfull effekt och fr\u00e4sch k\u00e4nsla<br data-start=\"1569\" data-end=\"1572\" \/>\u2705 Balanserad prilla f\u00f6r bekv\u00e4m anv\u00e4ndning<br data-start=\"1613\" data-end=\"1616\" \/>\u2705 Snabb leverans och trygg e-handel via Veloop.se<\/p>\n<hr data-start=\"1667\" data-end=\"1670\" \/>\n<p data-start=\"1672\" data-end=\"1804\">Best\u00e4ll <strong data-start=\"1680\" data-end=\"1719\">Kapten Mint Vit Portion Extra Stark<\/strong> fr\u00e5n <strong data-start=\"1725\" data-end=\"1738\">Veloop.se<\/strong> och f\u00e5 en fr\u00e4sch, stark och p\u00e5litlig snusupplevelse \u2013 varje g\u00e5ng.<\/p>","protected":false},"excerpt":{"rendered":"<h1 class=\"mb-16 sm:mb-24\">Kapten Mint Vit Portion Extra Stark<\/h1>\n<h2 data-start=\"254\" data-end=\"329\">Kapten Mint Vit Portion Extra Stark \u2013 Frisk mintsmak med maximal styrka<\/h2>\n<p>&nbsp;<\/p>","protected":false},"featured_media":61567,"comment_status":"open","ping_status":"closed","template":"","meta":[],"product_brand":[373],"product_cat":[355,96,73,368,135],"product_tag":[],"class_list":{"0":"post-53185","1":"product","2":"type-product","3":"status-publish","4":"has-post-thumbnail","6":"product_brand-kapten-snus","7":"product_cat-extra-strongextra-stark","8":"product_cat-kapten","9":"product_cat-portionssnus","10":"product_cat-snus-tobakssnus-traditionellt-snus","11":"product_cat-white-portion","13":"first","14":"instock","15":"taxable","16":"shipping-taxable","17":"purchasable","18":"product-type-variable"},"_links":{"self":[{"href":"https:\/\/snus-malmo.se\/sv\/wp-json\/wp\/v2\/product\/53185","targetHints":{"allow":["GET"]}}],"collection":[{"href":"https:\/\/snus-malmo.se\/sv\/wp-json\/wp\/v2\/product"}],"about":[{"href":"https:\/\/snus-malmo.se\/sv\/wp-json\/wp\/v2\/types\/product"}],"replies":[{"embeddable":true,"href":"https:\/\/snus-malmo.se\/sv\/wp-json\/wp\/v2\/comments?post=53185"}],"version-history":[{"count":0,"href":"https:\/\/snus-malmo.se\/sv\/wp-json\/wp\/v2\/product\/53185\/revisions"}],"wp:featuredmedia":[{"embeddable":true,"href":"https:\/\/snus-malmo.se\/sv\/wp-json\/wp\/v2\/media\/61567"}],"wp:attachment":[{"href":"https:\/\/snus-malmo.se\/sv\/wp-json\/wp\/v2\/media?parent=53185"}],"wp:term":[{"taxonomy":"product_brand","embeddable":true,"href":"https:\/\/snus-malmo.se\/sv\/wp-json\/wp\/v2\/product_brand?post=53185"},{"taxonomy":"product_cat","embeddable":true,"href":"https:\/\/snus-malmo.se\/sv\/wp-json\/wp\/v2\/product_cat?post=53185"},{"taxonomy":"product_tag","embeddable":true,"href":"https:\/\/snus-malmo.se\/sv\/wp-json\/wp\/v2\/product_tag?post=53185"}],"curies":[{"name":"wp","href":"https:\/\/api.w.org\/{rel}","templated":true}]}}