{"id":53195,"date":"2025-05-23T16:56:43","date_gmt":"2025-05-23T16:56:43","guid":{"rendered":"https:\/\/snus-malmo.se\/?post_type=product&#038;p=53195"},"modified":"2025-11-22T09:41:57","modified_gmt":"2025-11-22T09:41:57","slug":"knox-karaktar-red-white","status":"publish","type":"product","link":"https:\/\/snus-malmo.se\/sv\/produkt\/knox-karaktar-red-white\/","title":{"rendered":"Knox Karakt\u00e4r Red White"},"content":{"rendered":"<h1 class=\"material-item__headline\">Knox Karakt\u00e4r Red White<\/h1>\n<h2 data-start=\"150\" data-end=\"261\"><strong data-start=\"154\" data-end=\"261\">Knox Karakt\u00e4r Red White \u2013 White Portion Snus med R\u00f6da B\u00e4r &amp; Tobak | 12 mg\/g Nikotin | K\u00f6p hos Veloop.se<\/strong><\/h2>\n<p data-start=\"263\" data-end=\"593\"><strong data-start=\"263\" data-end=\"290\">Knox Karakt\u00e4r Red White<\/strong> erbjuder en smakrik och balanserad white portion med en tydlig <strong data-start=\"354\" data-end=\"385\">traditionell tobakskarakt\u00e4r<\/strong> kombinerad med fylliga inslag av <strong data-start=\"419\" data-end=\"431\">r\u00f6da b\u00e4r<\/strong>. Den originalstora prillan ger en l\u00e5ngvarig smakupplevelse med l\u00e5g rinnighet \u2013 perfekt f\u00f6r dig som vill ha ett snus som kombinerar kraftfull smak och diskretion.<\/p>\n<hr data-start=\"595\" data-end=\"598\" \/>\n<h2 data-start=\"600\" data-end=\"630\">\ud83d\udd0d <strong data-start=\"608\" data-end=\"630\">Produktinformation<\/strong><\/h2>\n<ul data-start=\"631\" data-end=\"1005\">\n<li data-start=\"631\" data-end=\"675\">\n<p data-start=\"633\" data-end=\"675\"><strong data-start=\"633\" data-end=\"649\">Produktnamn:<\/strong> Knox Karakt\u00e4r Red White<\/p>\n<\/li>\n<li data-start=\"676\" data-end=\"720\">\n<p data-start=\"678\" data-end=\"720\"><strong data-start=\"678\" data-end=\"686\">Typ:<\/strong> White portion (originalstorlek)<\/p>\n<\/li>\n<li data-start=\"721\" data-end=\"769\">\n<p data-start=\"723\" data-end=\"769\"><strong data-start=\"723\" data-end=\"738\">Smakprofil:<\/strong> Tobak med inslag av r\u00f6da b\u00e4r<\/p>\n<\/li>\n<li data-start=\"770\" data-end=\"820\">\n<p data-start=\"772\" data-end=\"820\"><strong data-start=\"772\" data-end=\"788\">Nikotinhalt:<\/strong> 12 mg\/g (ca 10 mg per prilla)<\/p>\n<\/li>\n<li data-start=\"821\" data-end=\"855\">\n<p data-start=\"823\" data-end=\"855\"><strong data-start=\"823\" data-end=\"850\">Antal prillor per dosa:<\/strong> 22<\/p>\n<\/li>\n<li data-start=\"856\" data-end=\"885\">\n<p data-start=\"858\" data-end=\"885\"><strong data-start=\"858\" data-end=\"876\">Vikt per dosa:<\/strong> 19,2 g<\/p>\n<\/li>\n<li data-start=\"886\" data-end=\"917\">\n<p data-start=\"888\" data-end=\"917\"><strong data-start=\"888\" data-end=\"908\">Vikt per prilla:<\/strong> 0,87 g<\/p>\n<\/li>\n<li data-start=\"918\" data-end=\"947\">\n<p data-start=\"920\" data-end=\"947\"><strong data-start=\"920\" data-end=\"939\">Vikt per stock:<\/strong> 192 g<\/p>\n<\/li>\n<li data-start=\"948\" data-end=\"1005\">\n<p data-start=\"950\" data-end=\"1005\"><strong data-start=\"950\" data-end=\"962\">Segment:<\/strong> White portion \u2013 l\u00e5g rinnighet, l\u00e5ng smak<\/p>\n<\/li>\n<\/ul>\n<hr data-start=\"1007\" data-end=\"1010\" \/>\n<h3 data-start=\"1012\" data-end=\"1038\">\ud83e\uddea <strong data-start=\"1020\" data-end=\"1036\">Ingredienser<\/strong><\/h3>\n<p data-start=\"1039\" data-end=\"1120\">Tobak, vatten, surhetsreglerande medel (E500), smakf\u00f6rst\u00e4rkare (koksalt), aromer.<\/p>\n<hr data-start=\"1122\" data-end=\"1125\" \/>\n<h3 data-start=\"1127\" data-end=\"1199\">\ud83d\udd34 <strong data-start=\"1135\" data-end=\"1197\">F\u00f6r dig som vill ha en klassisk men smakrik snusupplevelse<\/strong><\/h3>\n<p data-start=\"1200\" data-end=\"1396\">Knox Karakt\u00e4r Red White passar perfekt f\u00f6r dig som s\u00f6ker en <strong data-start=\"1260\" data-end=\"1325\">traditionell tobakssmak med friska, fylliga toner av r\u00f6da b\u00e4r<\/strong>. En snus i originalformat med en v\u00e4lbalanserad smak och l\u00e5g rinnighet.<\/p>\n<hr data-start=\"1398\" data-end=\"1401\" \/>\n<h4 data-start=\"1403\" data-end=\"1445\">\ud83d\ude9a <strong data-start=\"1411\" data-end=\"1443\">Varf\u00f6r handla hos Veloop.se?<\/strong><\/h4>\n<ul data-start=\"1446\" data-end=\"1598\">\n<li data-start=\"1446\" data-end=\"1482\">\n<p data-start=\"1448\" data-end=\"1482\">Snabba leveranser i hela Sverige<\/p>\n<\/li>\n<li data-start=\"1483\" data-end=\"1518\">\n<p data-start=\"1485\" data-end=\"1518\">Diskret och neutral f\u00f6rpackning<\/p>\n<\/li>\n<li data-start=\"1519\" data-end=\"1563\">\n<p data-start=\"1521\" data-end=\"1563\">S\u00e4ker betalning och smidig k\u00f6pupplevelse<\/p>\n<\/li>\n<li data-start=\"1564\" data-end=\"1598\">\n<p data-start=\"1566\" data-end=\"1598\">Stort sortiment av kvalitetssnus<\/p>\n<\/li>\n<\/ul>\n<hr data-start=\"1600\" data-end=\"1603\" \/>\n<p data-start=\"1605\" data-end=\"1773\">\ud83d\uded2 <strong data-start=\"1608\" data-end=\"1706\">Best\u00e4ll Knox Karakt\u00e4r Red White idag hos Veloop.se \u2013 din expert p\u00e5 snus med karakt\u00e4r och smak.<\/strong><br data-start=\"1706\" data-end=\"1709\" \/>\ud83d\udc49 <a class=\"\" href=\"https:\/\/snus-malmo.se\/sv\/knox\/\" target=\"_new\" rel=\"noopener\" data-start=\"1712\" data-end=\"1773\">Utforska hela Knox-sortimentet h\u00e4r<\/a><\/p>","protected":false},"excerpt":{"rendered":"<h1 class=\"material-item__headline\">Knox Karakt\u00e4r Red White<\/h1>\n<p>K\u00f6p Knox Karakt\u00e4r Red White \u2013 white portion snus med smak av r\u00f6da b\u00e4r och klassisk tobak. Originalstor prilla, 12 mg\/g nikotin. Snabb leverans fr\u00e5n Veloop.se.<\/p>\n<p>&nbsp;<\/p>\n<p>\ud83d\udc49 <a class=\"\" href=\"https:\/\/snus-malmo.se\/sv\/knox\/\" target=\"_new\" rel=\"noopener\" data-start=\"1712\" data-end=\"1773\">Utforska hela Knox-sortimentet h\u00e4r<\/a><\/p>","protected":false},"featured_media":61681,"comment_status":"open","ping_status":"closed","template":"","meta":[],"product_brand":[329],"product_cat":[390,73,368,135],"product_tag":[],"class_list":{"0":"post-53195","1":"product","2":"type-product","3":"status-publish","4":"has-post-thumbnail","6":"product_brand-knox","7":"product_cat-knox","8":"product_cat-portionssnus","9":"product_cat-snus-tobakssnus-traditionellt-snus","10":"product_cat-white-portion","12":"first","13":"instock","14":"taxable","15":"shipping-taxable","16":"purchasable","17":"product-type-variable"},"_links":{"self":[{"href":"https:\/\/snus-malmo.se\/sv\/wp-json\/wp\/v2\/product\/53195","targetHints":{"allow":["GET"]}}],"collection":[{"href":"https:\/\/snus-malmo.se\/sv\/wp-json\/wp\/v2\/product"}],"about":[{"href":"https:\/\/snus-malmo.se\/sv\/wp-json\/wp\/v2\/types\/product"}],"replies":[{"embeddable":true,"href":"https:\/\/snus-malmo.se\/sv\/wp-json\/wp\/v2\/comments?post=53195"}],"version-history":[{"count":0,"href":"https:\/\/snus-malmo.se\/sv\/wp-json\/wp\/v2\/product\/53195\/revisions"}],"wp:featuredmedia":[{"embeddable":true,"href":"https:\/\/snus-malmo.se\/sv\/wp-json\/wp\/v2\/media\/61681"}],"wp:attachment":[{"href":"https:\/\/snus-malmo.se\/sv\/wp-json\/wp\/v2\/media?parent=53195"}],"wp:term":[{"taxonomy":"product_brand","embeddable":true,"href":"https:\/\/snus-malmo.se\/sv\/wp-json\/wp\/v2\/product_brand?post=53195"},{"taxonomy":"product_cat","embeddable":true,"href":"https:\/\/snus-malmo.se\/sv\/wp-json\/wp\/v2\/product_cat?post=53195"},{"taxonomy":"product_tag","embeddable":true,"href":"https:\/\/snus-malmo.se\/sv\/wp-json\/wp\/v2\/product_tag?post=53195"}],"curies":[{"name":"wp","href":"https:\/\/api.w.org\/{rel}","templated":true}]}}