{"id":53205,"date":"2025-05-23T16:56:44","date_gmt":"2025-05-23T16:56:44","guid":{"rendered":"https:\/\/snus-malmo.se\/?post_type=product&#038;p=53205"},"modified":"2025-07-16T14:59:17","modified_gmt":"2025-07-16T14:59:17","slug":"coco-mighty-mango-slim-strong","status":"publish","type":"product","link":"https:\/\/snus-malmo.se\/sv\/produkt\/coco-mighty-mango-slim-strong\/","title":{"rendered":"COCO Mighty Mango Slim Strong"},"content":{"rendered":"<article class=\"product-text\">COCO Mighty Mango Slim Strong \u00e4r en stark nikotinprodukt utan tobak fr\u00e5n m\u00e4rket COCO. Huvudsakliga smakprofil \u00e4r mango. Produkten finns i slimformat och inneh\u00e5ller 20 portioner per f\u00f6rpackning.<\/p>\n<\/article>\n<div class=\"buy-pane\">\n<div class=\"tab-content buy-tabs-content\">\n<div id=\"buy\" class=\"tab-pane active\">\n<div>\n<div class=\"variants list\">\n<h2>Om produkten COCO Mighty Mango Slim Strong<\/h2>\n<p>COCO Mighty Mango Slim Strong \u00e4r en produkt fr\u00e5n m\u00e4rket COCO, tillverkad av SpectrumLeaf AB. Det \u00e4r en All White Portion-produkt i slimformat. Produkten inneh\u00e5ller inte tobak, men inneh\u00e5ller nikotin. Styrkan hos denna produkt definieras som stark.<\/p>\n<h2>COCO Mighty Mango Slim Strong: Smak &amp; Styrka<\/h2>\n<p>COCO Mighty Mango Slim Strong \u00e4r en All White Portion-produkt med mango som smakprofil. Formatet \u00e4r slim och styrkan definieras som stark. Nikotinhalt \u00e4r 13,5 mg\/portion och 30,0 mg\/g.<\/p>\n<h3>Produktformat: Slim<\/h3>\n<p>COCO Mighty Mango Slim Strong \u00e4r tillg\u00e4nglig i slimformat.<\/p>\n<h3>Information om COCO Mighty Mango Slim Strong:<\/h3>\n<ul>\n<li>Kategori: Vitt snus<\/li>\n<li>Smakprofil: Mango<\/li>\n<li>Styrkadefinition: Stark<\/li>\n<li>Tillverkare: SpectrumLeaf AB<\/li>\n<li>Nikotin Mg\/portion: 13,5<\/li>\n<li>Antal portioner per f\u00f6rpackning: 20<\/li>\n<\/ul>\n<h3>Mer Information om COCO<\/h3>\n<p>COCO \u00e4r ett m\u00e4rke med inriktning p\u00e5 att producera nikotinprodukter utan tobak. Deras produkter besitter en h\u00f6g nikotinhalt och finns tillg\u00e4ngliga i ett urval av smaker och format.<\/p>\n<\/div>\n<\/div>\n<\/div>\n<\/div>\n<\/div>","protected":false},"excerpt":{"rendered":"<article class=\"product-text\">COCO Mighty Mango Slim Strong \u00e4r en stark nikotinprodukt utan tobak fr\u00e5n m\u00e4rket COCO. Huvudsakliga smakprofil \u00e4r mango. Produkten finns i slimformat och inneh\u00e5ller 20 portioner per f\u00f6rpackning.<\/p>\n<\/article>\n<div class=\"buy-pane\">\n<div class=\"tab-content buy-tabs-content\">\n<div id=\"buy\" class=\"tab-pane active\">\n<div>\n<div class=\"variants list\">\n<h2>Om produkten COCO Mighty Mango Slim Strong<\/h2>\n<p>COCO Mighty Mango Slim Strong \u00e4r en produkt fr\u00e5n m\u00e4rket COCO, tillverkad av SpectrumLeaf AB. Det \u00e4r en All White Portion-produkt i slimformat. Produkten inneh\u00e5ller inte tobak, men inneh\u00e5ller nikotin. Styrkan hos denna produkt definieras som stark.<\/p>\n<\/div>\n<\/div>\n<\/div>\n<\/div>\n<\/div>","protected":false},"featured_media":17146,"comment_status":"open","ping_status":"closed","template":"","meta":[],"product_brand":[],"product_cat":[135],"product_tag":[],"class_list":{"0":"post-53205","1":"product","2":"type-product","3":"status-publish","4":"has-post-thumbnail","6":"product_cat-white-portion","8":"first","9":"instock","10":"taxable","11":"shipping-taxable","12":"purchasable","13":"product-type-variable"},"_links":{"self":[{"href":"https:\/\/snus-malmo.se\/sv\/wp-json\/wp\/v2\/product\/53205","targetHints":{"allow":["GET"]}}],"collection":[{"href":"https:\/\/snus-malmo.se\/sv\/wp-json\/wp\/v2\/product"}],"about":[{"href":"https:\/\/snus-malmo.se\/sv\/wp-json\/wp\/v2\/types\/product"}],"replies":[{"embeddable":true,"href":"https:\/\/snus-malmo.se\/sv\/wp-json\/wp\/v2\/comments?post=53205"}],"version-history":[{"count":0,"href":"https:\/\/snus-malmo.se\/sv\/wp-json\/wp\/v2\/product\/53205\/revisions"}],"wp:featuredmedia":[{"embeddable":true,"href":"https:\/\/snus-malmo.se\/sv\/wp-json\/wp\/v2\/media\/17146"}],"wp:attachment":[{"href":"https:\/\/snus-malmo.se\/sv\/wp-json\/wp\/v2\/media?parent=53205"}],"wp:term":[{"taxonomy":"product_brand","embeddable":true,"href":"https:\/\/snus-malmo.se\/sv\/wp-json\/wp\/v2\/product_brand?post=53205"},{"taxonomy":"product_cat","embeddable":true,"href":"https:\/\/snus-malmo.se\/sv\/wp-json\/wp\/v2\/product_cat?post=53205"},{"taxonomy":"product_tag","embeddable":true,"href":"https:\/\/snus-malmo.se\/sv\/wp-json\/wp\/v2\/product_tag?post=53205"}],"curies":[{"name":"wp","href":"https:\/\/api.w.org\/{rel}","templated":true}]}}