{"id":53231,"date":"2025-05-23T16:56:46","date_gmt":"2025-05-23T16:56:46","guid":{"rendered":"https:\/\/snus-malmo.se\/?post_type=product&#038;p=53231"},"modified":"2025-07-27T19:00:36","modified_gmt":"2025-07-27T19:00:36","slug":"lundgrens-skane-slim-vit-portionssnus","status":"publish","type":"product","link":"https:\/\/snus-malmo.se\/sv\/produkt\/lundgrens-skane-slim-vit-portionssnus\/","title":{"rendered":"Lundgrens Sk\u00e5ne Slim Vit Portionssnus"},"content":{"rendered":"<h1>Lundgrens Sk\u00e5ne Slim Vit Portionssnus<\/h1>\n<h2 data-start=\"131\" data-end=\"222\">\ud83d\udca8 <strong data-start=\"138\" data-end=\"222\">Lundgrens Sk\u00e5ne Slim Portion \u2013 Smalt portionssnus med smak av tobak och skogsb\u00e4r<\/strong><\/h2>\n<p data-start=\"224\" data-end=\"502\">Lundgrens Sk\u00e5ne Slim Portion \u00e4r ett svenskt portionssnus i slimmat format med en balanserad smak av tobak och subtila toner av skogsb\u00e4r. Slimprillan \u00e4r diskret och formar sig bekv\u00e4mt under l\u00e4ppen \u2013 perfekt f\u00f6r dig som s\u00f6ker ett smakrikt snus med smal passform och l\u00e5g rinnighet.<\/p>\n<p data-start=\"504\" data-end=\"764\">Med sitt vita portionsformat ger Sk\u00e5ne Slim en l\u00e5ngvarig smakupplevelse med m\u00e5ttlig nikotineffekt. Snuset ing\u00e5r i den popul\u00e4ra Lundgrens-serien, k\u00e4nd f\u00f6r sina naturinspirerade smaker och h\u00f6gkvalitativa prillor tillverkade i Sverige av British American Tobacco.<\/p>\n<hr data-start=\"766\" data-end=\"769\" \/>\n<h2 data-start=\"771\" data-end=\"823\">\u2705 <strong data-start=\"777\" data-end=\"823\">F\u00f6rdelar med Lundgrens Sk\u00e5ne Slim Portion:<\/strong><\/h2>\n<ul data-start=\"825\" data-end=\"1106\">\n<li data-start=\"825\" data-end=\"872\">\n<p data-start=\"827\" data-end=\"872\">Slimmat portionssnus med tobak och skogsb\u00e4r<\/p>\n<\/li>\n<li data-start=\"873\" data-end=\"925\">\n<p data-start=\"875\" data-end=\"925\">White portion \u2013 torrare yta f\u00f6r l\u00e5ng smakrelease<\/p>\n<\/li>\n<li data-start=\"926\" data-end=\"964\">\n<p data-start=\"928\" data-end=\"964\">Diskret passform och l\u00e5g rinnighet<\/p>\n<\/li>\n<li data-start=\"965\" data-end=\"1002\">\n<p data-start=\"967\" data-end=\"1002\">Normal nikotinstyrka \u2013 ca 10 mg\/g<\/p>\n<\/li>\n<li data-start=\"1003\" data-end=\"1057\">\n<p data-start=\"1005\" data-end=\"1057\">Svensktillverkat av British American Tobacco (BAT)<\/p>\n<\/li>\n<li data-start=\"1058\" data-end=\"1106\">\n<p data-start=\"1060\" data-end=\"1106\">En del av popul\u00e4ra Lundgrens Sk\u00e5ne-sortimentet<\/p>\n<\/li>\n<\/ul>\n<hr data-start=\"1108\" data-end=\"1111\" \/>\n<h2 data-start=\"1113\" data-end=\"1164\">\ud83d\udce6 <strong data-start=\"1120\" data-end=\"1164\">Produktinformation: Lundgrens Sk\u00e5ne Slim<\/strong><\/h2>\n<ul data-start=\"1166\" data-end=\"1487\">\n<li data-start=\"1166\" data-end=\"1211\">\n<p data-start=\"1168\" data-end=\"1211\"><strong data-start=\"1168\" data-end=\"1183\">Produkttyp:<\/strong> White Portion (med tobak)<\/p>\n<\/li>\n<li data-start=\"1212\" data-end=\"1232\">\n<p data-start=\"1214\" data-end=\"1232\"><strong data-start=\"1214\" data-end=\"1225\">Format:<\/strong> Slim<\/p>\n<\/li>\n<li data-start=\"1233\" data-end=\"1268\">\n<p data-start=\"1235\" data-end=\"1268\"><strong data-start=\"1235\" data-end=\"1250\">Smakprofil:<\/strong> Tobak, skogsb\u00e4r<\/p>\n<\/li>\n<li data-start=\"1269\" data-end=\"1300\">\n<p data-start=\"1271\" data-end=\"1300\"><strong data-start=\"1271\" data-end=\"1287\">Nikotinhalt:<\/strong> ca 10 mg\/g<\/p>\n<\/li>\n<li data-start=\"1301\" data-end=\"1329\">\n<p data-start=\"1303\" data-end=\"1329\"><strong data-start=\"1303\" data-end=\"1314\">Styrka:<\/strong> Normal (2\/4)<\/p>\n<\/li>\n<li data-start=\"1330\" data-end=\"1369\">\n<p data-start=\"1332\" data-end=\"1369\"><strong data-start=\"1332\" data-end=\"1361\">Antal portioner per dosa:<\/strong> ca 22<\/p>\n<\/li>\n<li data-start=\"1370\" data-end=\"1408\">\n<p data-start=\"1372\" data-end=\"1408\"><strong data-start=\"1372\" data-end=\"1396\">Total vikt per dosa:<\/strong> ca 18,7 g<\/p>\n<\/li>\n<li data-start=\"1409\" data-end=\"1437\">\n<p data-start=\"1411\" data-end=\"1437\"><strong data-start=\"1411\" data-end=\"1425\">Varum\u00e4rke:<\/strong> Lundgrens<\/p>\n<\/li>\n<li data-start=\"1438\" data-end=\"1487\">\n<p data-start=\"1440\" data-end=\"1487\"><strong data-start=\"1440\" data-end=\"1456\">Tillverkare:<\/strong> British American Tobacco (BAT)<\/p>\n<\/li>\n<\/ul>\n<hr data-start=\"1489\" data-end=\"1492\" \/>\n<h3 data-start=\"1494\" data-end=\"1558\">\ud83c\udf32 <strong data-start=\"1501\" data-end=\"1558\">Lundgrens Sk\u00e5ne Slim \u2013 Diskret snus med naturlig smak<\/strong><\/h3>\n<p data-start=\"1560\" data-end=\"1830\">Lundgrens Sk\u00e5ne Slim Portion \u00e4r det sj\u00e4lvklara valet f\u00f6r dig som s\u00f6ker ett traditionellt snus med frisk smak i ett smidigare format. Slimprillan ger en diskret och bekv\u00e4m upplevelse \u2013 perfekt f\u00f6r b\u00e5de nya och erfarna snusare som vill ha kvalitet och smak i varje prilla.<\/p>\n<hr data-start=\"1832\" data-end=\"1835\" \/>\n<h3 data-start=\"1837\" data-end=\"1901\">\ud83d\uded2 <strong data-start=\"1844\" data-end=\"1901\">K\u00f6p Lundgrens Sk\u00e5ne Slim Portion online hos Veloop.se<\/strong><\/h3>\n<p data-start=\"1903\" data-end=\"2069\">Hos Veloop.se handlar du Lundgrens Sk\u00e5ne Slim snabbt, tryggt och enkelt. Vi erbjuder alltid f\u00e4rskt lager, s\u00e4kra betalningsalternativ och snabb leverans till din d\u00f6rr.<\/p>\n<p data-start=\"2071\" data-end=\"2173\">\ud83d\udc49 Utforska hela Lundgrens-sortimentet h\u00e4r: <a class=\"\" href=\"https:\/\/snus-malmo.se\/sv\/lundgrens\/\" target=\"_new\" rel=\"noopener\" data-start=\"2115\" data-end=\"2173\">https:\/\/snus-malmo.se\/lundgrens<\/a><\/p>","protected":false},"excerpt":{"rendered":"<h1>Lundgrens Sk\u00e5ne Slim Vit Portionssnus<\/h1>\n<p>Lundgrens Sk\u00e5ne Slim Portion \u2013 vitt portionssnus med smak av tobak och skogsb\u00e4r i slimmat format. Normal styrka. Diskret och smakrikt.<\/p>\n<p>\ud83d\udd39 <strong data-start=\"421\" data-end=\"453\">Lundgrens Sk\u00e5ne Slim Portion<\/strong><br data-start=\"453\" data-end=\"456\" \/>Smakfullt svenskt snus med tobak och skogsb\u00e4r i slimmat format. Diskret, bekv\u00e4mt och naturligt gott! \ud83c\udf32\ud83d\udca8<br data-start=\"561\" data-end=\"564\" \/>\ud83d\udc49 K\u00f6p nu p\u00e5 veloop.se<\/p>","protected":false},"featured_media":60430,"comment_status":"open","ping_status":"closed","template":"","meta":[],"product_brand":[358],"product_cat":[104,73,137],"product_tag":[],"class_list":{"0":"post-53231","1":"product","2":"type-product","3":"status-publish","4":"has-post-thumbnail","6":"product_brand-lundgrens","7":"product_cat-lundgrens","8":"product_cat-portionssnus","9":"product_cat-slim","11":"first","12":"instock","13":"taxable","14":"shipping-taxable","15":"purchasable","16":"product-type-variable"},"_links":{"self":[{"href":"https:\/\/snus-malmo.se\/sv\/wp-json\/wp\/v2\/product\/53231","targetHints":{"allow":["GET"]}}],"collection":[{"href":"https:\/\/snus-malmo.se\/sv\/wp-json\/wp\/v2\/product"}],"about":[{"href":"https:\/\/snus-malmo.se\/sv\/wp-json\/wp\/v2\/types\/product"}],"replies":[{"embeddable":true,"href":"https:\/\/snus-malmo.se\/sv\/wp-json\/wp\/v2\/comments?post=53231"}],"version-history":[{"count":0,"href":"https:\/\/snus-malmo.se\/sv\/wp-json\/wp\/v2\/product\/53231\/revisions"}],"wp:featuredmedia":[{"embeddable":true,"href":"https:\/\/snus-malmo.se\/sv\/wp-json\/wp\/v2\/media\/60430"}],"wp:attachment":[{"href":"https:\/\/snus-malmo.se\/sv\/wp-json\/wp\/v2\/media?parent=53231"}],"wp:term":[{"taxonomy":"product_brand","embeddable":true,"href":"https:\/\/snus-malmo.se\/sv\/wp-json\/wp\/v2\/product_brand?post=53231"},{"taxonomy":"product_cat","embeddable":true,"href":"https:\/\/snus-malmo.se\/sv\/wp-json\/wp\/v2\/product_cat?post=53231"},{"taxonomy":"product_tag","embeddable":true,"href":"https:\/\/snus-malmo.se\/sv\/wp-json\/wp\/v2\/product_tag?post=53231"}],"curies":[{"name":"wp","href":"https:\/\/api.w.org\/{rel}","templated":true}]}}