{"id":53277,"date":"2025-05-23T16:56:49","date_gmt":"2025-05-23T16:56:49","guid":{"rendered":"https:\/\/snus-malmo.se\/?post_type=product&#038;p=53277"},"modified":"2025-07-27T19:00:36","modified_gmt":"2025-07-27T19:00:36","slug":"lundgrens-skane-vit-portionssnus","status":"publish","type":"product","link":"https:\/\/snus-malmo.se\/sv\/produkt\/lundgrens-skane-vit-portionssnus\/","title":{"rendered":"Lundgrens Sk\u00e5ne Vit Portionssnus"},"content":{"rendered":"<h1>Lundgrens Sk\u00e5ne Vit Portionssnus<\/h1>\n<h2 data-start=\"122\" data-end=\"190\">Lundgrens Sk\u00e5ne Vit \u2013 Portionssnus med tobak och smak av skogsb\u00e4r<\/h2>\n<p data-start=\"192\" data-end=\"513\"><strong data-start=\"192\" data-end=\"215\">Lundgrens Sk\u00e5ne Vit<\/strong> \u00e4r ett klassiskt svenskt portionssnus med en v\u00e4lbalanserad smakprofil d\u00e4r fyllig tobak m\u00f6ter subtila toner av skogsb\u00e4r. Med sin vita portion och mildare fukthalt ger Sk\u00e5ne Vit en j\u00e4mn och l\u00e5ngvarig smak- och nikotinupplevelse \u2013 perfekt f\u00f6r dig som uppskattar traditionellt snus med en frisk twist.<\/p>\n<p data-start=\"515\" data-end=\"681\">Snuset \u00e4r tillverkat i Sverige av <strong data-start=\"549\" data-end=\"577\">British American Tobacco<\/strong> och ing\u00e5r i den popul\u00e4ra Lundgrens-serien, k\u00e4nd f\u00f6r sin h\u00f6ga kvalitet och naturligt inspirerade smaker.<\/p>\n<hr data-start=\"683\" data-end=\"686\" \/>\n<h2 data-start=\"688\" data-end=\"726\">\u2705 F\u00f6rdelar med Lundgrens Sk\u00e5ne Vit<\/h2>\n<ul data-start=\"727\" data-end=\"981\">\n<li data-start=\"727\" data-end=\"785\">\n<p data-start=\"729\" data-end=\"785\">Smakrikt portionssnus med tobak och inslag av skogsb\u00e4r<\/p>\n<\/li>\n<li data-start=\"786\" data-end=\"842\">\n<p data-start=\"788\" data-end=\"842\">Vitt format \u2013 torrare p\u00e5 ytan f\u00f6r l\u00e4ngre smakrelease<\/p>\n<\/li>\n<li data-start=\"843\" data-end=\"884\">\n<p data-start=\"845\" data-end=\"884\">Normal nikotinstyrka \u2013 ca <strong data-start=\"871\" data-end=\"882\">10 mg\/g<\/strong><\/p>\n<\/li>\n<li data-start=\"885\" data-end=\"928\">\n<p data-start=\"887\" data-end=\"928\">Normalstora prillor f\u00f6r bekv\u00e4m passform<\/p>\n<\/li>\n<li data-start=\"929\" data-end=\"981\">\n<p data-start=\"931\" data-end=\"981\">Svensktillverkat av <strong data-start=\"951\" data-end=\"979\">British American Tobacco<\/strong><\/p>\n<\/li>\n<\/ul>\n<hr data-start=\"983\" data-end=\"986\" \/>\n<h2 data-start=\"988\" data-end=\"1034\">\ud83d\udce6 Produktinformation: Lundgrens Sk\u00e5ne Vit<\/h2>\n<ul data-start=\"1035\" data-end=\"1352\">\n<li data-start=\"1035\" data-end=\"1080\">\n<p data-start=\"1037\" data-end=\"1080\"><strong data-start=\"1037\" data-end=\"1052\">Produkttyp:<\/strong> White Portion (med tobak)<\/p>\n<\/li>\n<li data-start=\"1081\" data-end=\"1103\">\n<p data-start=\"1083\" data-end=\"1103\"><strong data-start=\"1083\" data-end=\"1094\">Format:<\/strong> Normal<\/p>\n<\/li>\n<li data-start=\"1104\" data-end=\"1139\">\n<p data-start=\"1106\" data-end=\"1139\"><strong data-start=\"1106\" data-end=\"1121\">Smakprofil:<\/strong> Tobak, skogsb\u00e4r<\/p>\n<\/li>\n<li data-start=\"1140\" data-end=\"1171\">\n<p data-start=\"1142\" data-end=\"1171\"><strong data-start=\"1142\" data-end=\"1158\">Nikotinhalt:<\/strong> ca 10 mg\/g<\/p>\n<\/li>\n<li data-start=\"1172\" data-end=\"1200\">\n<p data-start=\"1174\" data-end=\"1200\"><strong data-start=\"1174\" data-end=\"1185\">Styrka:<\/strong> Normal (2\/4)<\/p>\n<\/li>\n<li data-start=\"1201\" data-end=\"1238\">\n<p data-start=\"1203\" data-end=\"1238\"><strong data-start=\"1203\" data-end=\"1230\">Antal prillor per dosa:<\/strong> ca 22<\/p>\n<\/li>\n<li data-start=\"1239\" data-end=\"1277\">\n<p data-start=\"1241\" data-end=\"1277\"><strong data-start=\"1241\" data-end=\"1265\">Total vikt per dosa:<\/strong> ca 18,7 g<\/p>\n<\/li>\n<li data-start=\"1278\" data-end=\"1306\">\n<p data-start=\"1280\" data-end=\"1306\"><strong data-start=\"1280\" data-end=\"1294\">Varum\u00e4rke:<\/strong> Lundgrens<\/p>\n<\/li>\n<li data-start=\"1307\" data-end=\"1352\">\n<p data-start=\"1309\" data-end=\"1352\"><strong data-start=\"1309\" data-end=\"1325\">Tillverkare:<\/strong> British American Tobacco<\/p>\n<\/li>\n<\/ul>\n<hr data-start=\"1354\" data-end=\"1357\" \/>\n<h3 data-start=\"1359\" data-end=\"1416\">\ud83c\udf32 Sk\u00e5ne Vit \u2013 Svensk snustradition med naturlig smak<\/h3>\n<p data-start=\"1418\" data-end=\"1646\"><strong data-start=\"1418\" data-end=\"1441\">Lundgrens Sk\u00e5ne Vit<\/strong> \u00e4r ett portionssnus f\u00f6r dig som vill ha en smakrik och samtidigt fr\u00e4sch prilla. Kombinationen av traditionell tobak och en mild b\u00e4rton g\u00f6r Sk\u00e5ne Vit till ett popul\u00e4rt val f\u00f6r b\u00e5de nya och erfarna snusare.<\/p>\n<hr data-start=\"1648\" data-end=\"1651\" \/>\n<h3 data-start=\"1653\" data-end=\"1704\">\ud83d\uded2 K\u00f6p Lundgrens Sk\u00e5ne Vit online hos Veloop.se<\/h3>\n<p data-start=\"1706\" data-end=\"1903\">Handla <strong data-start=\"1713\" data-end=\"1749\">Lundgrens Sk\u00e5ne Vit portionssnus<\/strong> smidigt hos <a class=\"\" href=\"https:\/\/snus-malmo.se\/sv\/lundgrens\/\" target=\"_new\" rel=\"noopener\" data-start=\"1762\" data-end=\"1803\">Veloop.se<\/a>. Vi erbjuder alltid f\u00e4rskt lager, trygga betalningsl\u00f6sningar och snabb leverans direkt till d\u00f6rren.<\/p>\n<p data-start=\"1905\" data-end=\"2020\">\ud83d\udc49 <strong data-start=\"1908\" data-end=\"1957\">Utforska hela sortimentet fr\u00e5n Lundgrens h\u00e4r:<\/strong><br data-start=\"1957\" data-end=\"1960\" \/><a class=\"\" href=\"https:\/\/snus-malmo.se\/sv\/lundgrens\/\" target=\"_new\" rel=\"noopener\" data-start=\"1960\" data-end=\"2020\">https:\/\/snus-malmo.se\/lundgrens\/<\/a><\/p>","protected":false},"excerpt":{"rendered":"<h1>Lundgrens Sk\u00e5ne Vit Portionssnus<\/h1>\n<p><strong data-start=\"129\" data-end=\"160\">Lundgrens Sk\u00e5ne Vit Portion<\/strong> \u00e4r ett svenskt portionssnus med smak av tobak och skogsb\u00e4r. Med vitt format, normal styrka och l\u00e5ng smakrelease passar det dig som vill ha ett friskt, traditionellt snus. Inneh\u00e5ller ca 22 prillor per dosa.<\/p>\n<p>&nbsp;<\/p>\n<p>\ud83d\udc49 <strong data-start=\"1908\" data-end=\"1957\">Utforska hela sortimentet fr\u00e5n Lundgrens h\u00e4r:<\/strong><br data-start=\"1957\" data-end=\"1960\" \/><a class=\"\" href=\"https:\/\/snus-malmo.se\/sv\/lundgrens\/\" target=\"_new\" rel=\"noopener\" data-start=\"1960\" data-end=\"2020\">https:\/\/snus-malmo.se\/lundgrens\/<\/a><\/p>\n<p data-start=\"1905\" data-end=\"2020\">","protected":false},"featured_media":60412,"comment_status":"open","ping_status":"closed","template":"","meta":[],"product_brand":[358],"product_cat":[104,73],"product_tag":[],"class_list":{"0":"post-53277","1":"product","2":"type-product","3":"status-publish","4":"has-post-thumbnail","6":"product_brand-lundgrens","7":"product_cat-lundgrens","8":"product_cat-portionssnus","10":"first","11":"instock","12":"taxable","13":"shipping-taxable","14":"purchasable","15":"product-type-variable"},"_links":{"self":[{"href":"https:\/\/snus-malmo.se\/sv\/wp-json\/wp\/v2\/product\/53277","targetHints":{"allow":["GET"]}}],"collection":[{"href":"https:\/\/snus-malmo.se\/sv\/wp-json\/wp\/v2\/product"}],"about":[{"href":"https:\/\/snus-malmo.se\/sv\/wp-json\/wp\/v2\/types\/product"}],"replies":[{"embeddable":true,"href":"https:\/\/snus-malmo.se\/sv\/wp-json\/wp\/v2\/comments?post=53277"}],"version-history":[{"count":0,"href":"https:\/\/snus-malmo.se\/sv\/wp-json\/wp\/v2\/product\/53277\/revisions"}],"wp:featuredmedia":[{"embeddable":true,"href":"https:\/\/snus-malmo.se\/sv\/wp-json\/wp\/v2\/media\/60412"}],"wp:attachment":[{"href":"https:\/\/snus-malmo.se\/sv\/wp-json\/wp\/v2\/media?parent=53277"}],"wp:term":[{"taxonomy":"product_brand","embeddable":true,"href":"https:\/\/snus-malmo.se\/sv\/wp-json\/wp\/v2\/product_brand?post=53277"},{"taxonomy":"product_cat","embeddable":true,"href":"https:\/\/snus-malmo.se\/sv\/wp-json\/wp\/v2\/product_cat?post=53277"},{"taxonomy":"product_tag","embeddable":true,"href":"https:\/\/snus-malmo.se\/sv\/wp-json\/wp\/v2\/product_tag?post=53277"}],"curies":[{"name":"wp","href":"https:\/\/api.w.org\/{rel}","templated":true}]}}