{"id":53282,"date":"2025-05-23T16:56:49","date_gmt":"2025-05-23T16:56:49","guid":{"rendered":"https:\/\/snus-malmo.se\/?post_type=product&#038;p=53282"},"modified":"2025-11-22T09:37:32","modified_gmt":"2025-11-22T09:37:32","slug":"granit-original-white-portion-large","status":"publish","type":"product","link":"https:\/\/snus-malmo.se\/sv\/produkt\/granit-original-white-portion-large\/","title":{"rendered":"Granit Original White Portion Large"},"content":{"rendered":"<p>Granit Vit Portion \u00e4r ett white-portionssnus med en ren och tydlig, klassisk tobakssmak.<\/p>\n<p>Granit Vit Portion \u00e4r ett klassiskt portionssnus med en ren smak av tobak. N\u00e5got kryddig i smaken med en traditionell s\u00e4lta. Den klassiska tobakssmaken smaks\u00e4tts med bergamott, kryddor och salt. Precis som traditionen till\u00e5ter. White-portionerna skapar en extra k\u00e4nsla d\u00e5 de rinner minimalt.<\/p>\n<p>Granit snus tillverkas av Fiedler och Lundgren h\u00e4r i Sverige och finns i m\u00e5nga olika utf\u00f6randen.\u00a0Kolla\u00a0g\u00e4rna in Granits \u00f6vriga sortiment\u00a0h\u00e4r.<\/p>\n<table class=\"product-specs\">\n<thead>\n<tr>\n<th>Fakta om produkten<\/th>\n<th class=\"text-right\"><\/th>\n<\/tr>\n<\/thead>\n<tbody>\n<tr>\n<td class=\"spec-key\">Varum\u00e4rke<\/td>\n<td class=\"spec-value text-right\">Granit<\/td>\n<\/tr>\n<tr>\n<td class=\"spec-key\">Produkttyp<\/td>\n<td class=\"spec -value text-right\">white portion<\/td>\n<\/tr>\n<tr>\n<td class=\"spec-key\">Nikotinstyrka<\/td>\n<td class=\"spec -value text-right\">normal<\/td>\n<\/tr>\n<tr>\n<td class=\"spec-key\">Nikotinhalt<\/td>\n<td class=\"spec -value text-right\">10 mg\/g<\/td>\n<\/tr>\n<tr>\n<td class=\"spec-key\">Smak<\/td>\n<td class=\"spec -value text-right\">Traditionell<\/td>\n<\/tr>\n<tr>\n<td class=\"spec-key\">Inneh\u00e5ll\/f\u00f6rpackning<\/td>\n<td class=\"spec -value text-right\">17,6 g<\/td>\n<\/tr>\n<tr>\n<td class=\"spec-key\">Snustyp<\/td>\n<td class=\"spec -value text-right\">Vit Portion<\/td>\n<\/tr>\n<tr>\n<td class=\"spec-key\">Format<\/td>\n<td class=\"spec -value text-right\">Normal<\/td>\n<\/tr>\n<tr>\n<td class=\"spec-key\">Producent<\/td>\n<td class=\"spec-value text-right\">BAT<\/td>\n<\/tr>\n<\/tbody>\n<\/table>","protected":false},"excerpt":{"rendered":"<p>Granit Vit Portion \u00e4r ett white-portionssnus med en ren och tydlig, klassisk tobakssmak.<\/p>\n<p>Granit Vit Portion \u00e4r ett klassiskt portionssnus med en ren smak av tobak. N\u00e5got kryddig i smaken med en traditionell s\u00e4lta. Den klassiska tobakssmaken smaks\u00e4tts med bergamott, kryddor och salt. Precis som traditionen till\u00e5ter. White-portionerna skapar en extra k\u00e4nsla d\u00e5 de rinner minimalt.<\/p>\n<p>Granit snus tillverkas av Fiedler och Lundgren h\u00e4r i Sverige och finns i m\u00e5nga olika utf\u00f6randen.\u00a0Kolla\u00a0g\u00e4rna in Granits \u00f6vriga sortiment\u00a0h\u00e4r.<\/p>","protected":false},"featured_media":17261,"comment_status":"open","ping_status":"closed","template":"","meta":[],"product_brand":[],"product_cat":[87,73,368,135],"product_tag":[],"class_list":{"0":"post-53282","1":"product","2":"type-product","3":"status-publish","4":"has-post-thumbnail","6":"product_cat-granit","7":"product_cat-portionssnus","8":"product_cat-snus-tobakssnus-traditionellt-snus","9":"product_cat-white-portion","11":"first","12":"instock","13":"taxable","14":"shipping-taxable","15":"purchasable","16":"product-type-variable"},"_links":{"self":[{"href":"https:\/\/snus-malmo.se\/sv\/wp-json\/wp\/v2\/product\/53282","targetHints":{"allow":["GET"]}}],"collection":[{"href":"https:\/\/snus-malmo.se\/sv\/wp-json\/wp\/v2\/product"}],"about":[{"href":"https:\/\/snus-malmo.se\/sv\/wp-json\/wp\/v2\/types\/product"}],"replies":[{"embeddable":true,"href":"https:\/\/snus-malmo.se\/sv\/wp-json\/wp\/v2\/comments?post=53282"}],"version-history":[{"count":0,"href":"https:\/\/snus-malmo.se\/sv\/wp-json\/wp\/v2\/product\/53282\/revisions"}],"wp:featuredmedia":[{"embeddable":true,"href":"https:\/\/snus-malmo.se\/sv\/wp-json\/wp\/v2\/media\/17261"}],"wp:attachment":[{"href":"https:\/\/snus-malmo.se\/sv\/wp-json\/wp\/v2\/media?parent=53282"}],"wp:term":[{"taxonomy":"product_brand","embeddable":true,"href":"https:\/\/snus-malmo.se\/sv\/wp-json\/wp\/v2\/product_brand?post=53282"},{"taxonomy":"product_cat","embeddable":true,"href":"https:\/\/snus-malmo.se\/sv\/wp-json\/wp\/v2\/product_cat?post=53282"},{"taxonomy":"product_tag","embeddable":true,"href":"https:\/\/snus-malmo.se\/sv\/wp-json\/wp\/v2\/product_tag?post=53282"}],"curies":[{"name":"wp","href":"https:\/\/api.w.org\/{rel}","templated":true}]}}