{"id":53308,"date":"2025-05-23T16:56:51","date_gmt":"2025-05-23T16:56:51","guid":{"rendered":"https:\/\/snus-malmo.se\/?post_type=product&#038;p=53308"},"modified":"2025-11-22T09:24:15","modified_gmt":"2025-11-22T09:24:15","slug":"xr-goteborgs-rape-slim-white-portion-strong","status":"publish","type":"product","link":"https:\/\/snus-malmo.se\/sv\/produkt\/xr-goteborgs-rape-slim-white-portion-strong\/","title":{"rendered":"XR G\u00f6teborgs Rap\u00e9 Slim White Portion Strong"},"content":{"rendered":"<h1 class=\"mb-16 sm:mb-24\">XR G\u00f6teborgs Rap\u00e9 Slim White Portion Strong<\/h1>\n<h3 data-start=\"262\" data-end=\"342\">XR G\u00f6teborgs Rap\u00e9 Slim White Portion Strong \u2013 Klassisk smak med extra styrka<\/h3>\n<p data-start=\"344\" data-end=\"695\"><strong data-start=\"344\" data-end=\"391\">XR G\u00f6teborgs Rap\u00e9 Slim White Portion Strong<\/strong> levererar den tidl\u00f6sa smaken av G\u00f6teborgs Rap\u00e9 \u2013 nu med en <strong data-start=\"451\" data-end=\"510\">starkare nikotinkick i ett slimmat white portion-format<\/strong>. H\u00e4r m\u00f6ter du den v\u00e4lbalanserade och friska smaken av <strong data-start=\"565\" data-end=\"630\">ljus tobak med inslag av enb\u00e4r, lavendel, cedertr\u00e4 och citrus<\/strong>, som gjort varum\u00e4rket till en svensk snusfavorit i generationer.<\/p>\n<p data-start=\"697\" data-end=\"1048\">Det slimmade formatet ger en <strong data-start=\"726\" data-end=\"770\">bekv\u00e4m och diskret passform under l\u00e4ppen<\/strong>, samtidigt som prillorna har en <strong data-start=\"803\" data-end=\"839\">torr yta som minimerar rinnighet<\/strong> och en fuktig insida f\u00f6r <strong data-start=\"865\" data-end=\"899\">l\u00e5ngvarig och j\u00e4mn smakrelease<\/strong>. Den extra styrkan g\u00f6r XR G\u00f6teborgs Rap\u00e9 Strong till ett sj\u00e4lvklart val f\u00f6r dig som vill ha <strong data-start=\"992\" data-end=\"1047\">klassisk smak med en kraftfullare nikotinupplevelse<\/strong>.<\/p>\n<p data-start=\"1050\" data-end=\"1194\">\ud83d\udfe6 \u00c4r du ute efter fler vita portioner med kraft och karakt\u00e4r? Se hela v\u00e5rt <a class=\"\" href=\"https:\/\/snus-malmo.se\/sv\/white-portion\/\" target=\"_new\" rel=\"noopener\" data-start=\"1126\" data-end=\"1193\"><strong data-start=\"1127\" data-end=\"1158\">White Portion-sortiment h\u00e4r<\/strong><\/a>.<\/p>\n<hr data-start=\"1196\" data-end=\"1199\" \/>\n<h4 data-start=\"1201\" data-end=\"1225\">Produktinformation:<\/h4>\n<ul data-start=\"1227\" data-end=\"1605\">\n<li data-start=\"1227\" data-end=\"1265\">\n<p data-start=\"1229\" data-end=\"1265\"><strong data-start=\"1229\" data-end=\"1243\">Varum\u00e4rke:<\/strong> XR (G\u00f6teborgs Rap\u00e9)<\/p>\n<\/li>\n<li data-start=\"1266\" data-end=\"1299\">\n<p data-start=\"1268\" data-end=\"1299\"><strong data-start=\"1268\" data-end=\"1283\">Produkttyp:<\/strong> White Portion<\/p>\n<\/li>\n<li data-start=\"1300\" data-end=\"1320\">\n<p data-start=\"1302\" data-end=\"1320\"><strong data-start=\"1302\" data-end=\"1313\">Format:<\/strong> Slim<\/p>\n<\/li>\n<li data-start=\"1321\" data-end=\"1378\">\n<p data-start=\"1323\" data-end=\"1378\"><strong data-start=\"1323\" data-end=\"1338\">Smakprofil:<\/strong> Tobak, Enb\u00e4r, Lavendel, Ceder, Citrus<\/p>\n<\/li>\n<li data-start=\"1379\" data-end=\"1400\">\n<p data-start=\"1381\" data-end=\"1400\"><strong data-start=\"1381\" data-end=\"1392\">Styrka:<\/strong> Stark<\/p>\n<\/li>\n<li data-start=\"1401\" data-end=\"1430\">\n<p data-start=\"1403\" data-end=\"1430\"><strong data-start=\"1403\" data-end=\"1419\">Nikotinhalt:<\/strong> ca 1,2 %<\/p>\n<\/li>\n<li data-start=\"1431\" data-end=\"1469\">\n<p data-start=\"1433\" data-end=\"1469\"><strong data-start=\"1433\" data-end=\"1456\">Nikotin per prilla:<\/strong> ca 10,5 mg<\/p>\n<\/li>\n<li data-start=\"1470\" data-end=\"1510\">\n<p data-start=\"1472\" data-end=\"1510\"><strong data-start=\"1472\" data-end=\"1499\">Antal prillor per dosa:<\/strong> ca 21 st<\/p>\n<\/li>\n<li data-start=\"1511\" data-end=\"1536\">\n<p data-start=\"1513\" data-end=\"1536\"><strong data-start=\"1513\" data-end=\"1526\">Fukthalt:<\/strong> ca 44 %<\/p>\n<\/li>\n<li data-start=\"1537\" data-end=\"1571\">\n<p data-start=\"1539\" data-end=\"1571\"><strong data-start=\"1539\" data-end=\"1559\">Vikt per prilla:<\/strong> ca 0,73 g<\/p>\n<\/li>\n<li data-start=\"1572\" data-end=\"1605\">\n<p data-start=\"1574\" data-end=\"1605\"><strong data-start=\"1574\" data-end=\"1593\">Nettovikt\/dosa:<\/strong> ca 15,4 g<\/p>\n<\/li>\n<\/ul>\n<hr data-start=\"1607\" data-end=\"1610\" \/>\n<h3 data-start=\"1612\" data-end=\"1682\">D\u00e4rf\u00f6r v\u00e4ljer snusare XR G\u00f6teborgs Rap\u00e9 Slim White Portion Strong:<\/h3>\n<p data-start=\"1684\" data-end=\"1914\">\u2705 Tidl\u00f6s smakprofil med frisk enb\u00e4rston<br data-start=\"1723\" data-end=\"1726\" \/>\u2705 Stark styrka \u2013 perfekt f\u00f6r vana snusare<br data-start=\"1767\" data-end=\"1770\" \/>\u2705 Slim white portion \u2013 l\u00e5g rinnighet och bekv\u00e4m passform<br data-start=\"1826\" data-end=\"1829\" \/>\u2705 Kombination av tradition och modernitet<br data-start=\"1870\" data-end=\"1873\" \/>\u2705 Snabb och s\u00e4ker leverans fr\u00e5n Veloop.se<\/p>\n<hr data-start=\"1916\" data-end=\"1919\" \/>\n<p data-start=\"1921\" data-end=\"2048\">Best\u00e4ll <strong data-start=\"1929\" data-end=\"1976\">XR G\u00f6teborgs Rap\u00e9 Slim White Portion Strong<\/strong> fr\u00e5n <strong data-start=\"1982\" data-end=\"1995\">Veloop.se<\/strong> \u2013 klassisk snus i ett diskret och kraftfullt format.<\/p>","protected":false},"excerpt":{"rendered":"<h1 class=\"mb-16 sm:mb-24\">XR G\u00f6teborgs Rap\u00e9 Slim White Portion Strong<\/h1>\n<h3 data-start=\"262\" data-end=\"342\">XR G\u00f6teborgs Rap\u00e9 Slim White Portion Strong \u2013 Klassisk smak med extra styrka<\/h3>\n<p><strong data-start=\"2073\" data-end=\"2120\">XR G\u00f6teborgs Rap\u00e9 Slim White Portion Strong<\/strong> \u00e4r en starkare version av den klassiska G\u00f6teborgs Rap\u00e9 \u2013 med smak av tobak, enb\u00e4r och citrus i slimformat.<br data-start=\"2227\" data-end=\"2230\" \/>\ud83d\udc49 Se fler <a class=\"\" href=\"https:\/\/snus-malmo.se\/sv\/white-portion\/\" target=\"_new\" rel=\"noopener\" data-start=\"2241\" data-end=\"2308\"><strong data-start=\"2242\" data-end=\"2273\">White Portion-produkter h\u00e4r<\/strong><\/a>.<\/p>","protected":false},"featured_media":61445,"comment_status":"open","ping_status":"closed","template":"","meta":[],"product_brand":[372],"product_cat":[292,73,137,368,354,135,128],"product_tag":[],"class_list":{"0":"post-53308","1":"product","2":"type-product","3":"status-publish","4":"has-post-thumbnail","6":"product_brand-xr","7":"product_cat-goteborgsrape","8":"product_cat-portionssnus","9":"product_cat-slim","10":"product_cat-snus-tobakssnus-traditionellt-snus","11":"product_cat-strongstark","12":"product_cat-white-portion","13":"product_cat-xrgoteborgsrape","15":"first","16":"instock","17":"taxable","18":"shipping-taxable","19":"purchasable","20":"product-type-variable"},"_links":{"self":[{"href":"https:\/\/snus-malmo.se\/sv\/wp-json\/wp\/v2\/product\/53308","targetHints":{"allow":["GET"]}}],"collection":[{"href":"https:\/\/snus-malmo.se\/sv\/wp-json\/wp\/v2\/product"}],"about":[{"href":"https:\/\/snus-malmo.se\/sv\/wp-json\/wp\/v2\/types\/product"}],"replies":[{"embeddable":true,"href":"https:\/\/snus-malmo.se\/sv\/wp-json\/wp\/v2\/comments?post=53308"}],"version-history":[{"count":0,"href":"https:\/\/snus-malmo.se\/sv\/wp-json\/wp\/v2\/product\/53308\/revisions"}],"wp:featuredmedia":[{"embeddable":true,"href":"https:\/\/snus-malmo.se\/sv\/wp-json\/wp\/v2\/media\/61445"}],"wp:attachment":[{"href":"https:\/\/snus-malmo.se\/sv\/wp-json\/wp\/v2\/media?parent=53308"}],"wp:term":[{"taxonomy":"product_brand","embeddable":true,"href":"https:\/\/snus-malmo.se\/sv\/wp-json\/wp\/v2\/product_brand?post=53308"},{"taxonomy":"product_cat","embeddable":true,"href":"https:\/\/snus-malmo.se\/sv\/wp-json\/wp\/v2\/product_cat?post=53308"},{"taxonomy":"product_tag","embeddable":true,"href":"https:\/\/snus-malmo.se\/sv\/wp-json\/wp\/v2\/product_tag?post=53308"}],"curies":[{"name":"wp","href":"https:\/\/api.w.org\/{rel}","templated":true}]}}