{"id":53334,"date":"2025-05-23T16:56:54","date_gmt":"2025-05-23T16:56:54","guid":{"rendered":"https:\/\/snus-malmo.se\/?post_type=product&#038;p=53334"},"modified":"2025-10-09T08:26:04","modified_gmt":"2025-10-09T08:26:04","slug":"one-rod-white-portion","status":"publish","type":"product","link":"https:\/\/snus-malmo.se\/sv\/produkt\/one-rod-white-portion\/","title":{"rendered":"ONE R\u00f6d White Portion"},"content":{"rendered":"<h1 class=\"product_title entry-title wd-entities-title\">ONE R\u00f6d White Portion<\/h1>\n<h2 data-start=\"246\" data-end=\"315\">ONE R\u00f6d White Portion \u2013 Kraftfull smak med inslag av r\u00f6d b\u00e4righet<\/h2>\n<p data-start=\"317\" data-end=\"644\"><strong data-start=\"317\" data-end=\"342\">ONE R\u00f6d White Portion<\/strong> kombinerar en fyllig tobakskarakt\u00e4r med <strong data-start=\"383\" data-end=\"419\">toner av r\u00f6da b\u00e4r och kryddighet<\/strong>, vilket ger en <strong data-start=\"435\" data-end=\"487\">fruktigt nyanserad och balanserad snusupplevelse<\/strong>. Smaken \u00e4r b\u00e5de intensiv och mjuk, vilket g\u00f6r den unik i ONE-serien \u2013 s\u00e4rskilt f\u00f6r dig som s\u00f6ker en n\u00e5got s\u00f6tare snus utan att tumma p\u00e5 styrka och karakt\u00e4r.<\/p>\n<p data-start=\"646\" data-end=\"1011\">Snuset kommer i ett <strong data-start=\"666\" data-end=\"695\">slim white portion-format<\/strong>, vilket inneb\u00e4r en <strong data-start=\"715\" data-end=\"751\">torr yta som minskar rinnigheten<\/strong> och g\u00f6r prillan <strong data-start=\"768\" data-end=\"792\">diskret under l\u00e4ppen<\/strong>. Den fuktiga insidan garanterar <strong data-start=\"825\" data-end=\"862\">en j\u00e4mn och l\u00e5ngvarig smakrelease<\/strong>. Med sin <strong data-start=\"872\" data-end=\"896\">starka nikotinstyrka<\/strong> \u00e4r ONE R\u00f6d anpassad f\u00f6r den vana snusaren som vill ha en <strong data-start=\"954\" data-end=\"1010\">kraftfull nikotinleverans i ett modernare smakformat<\/strong>.<\/p>\n<p data-start=\"1013\" data-end=\"1135\">ONE R\u00f6d \u00e4r utvecklad tillsammans med snusare f\u00f6r att f\u00f6rena <strong data-start=\"1073\" data-end=\"1134\">nyt\u00e4nkande smakkombinationer med h\u00f6g komfort och funktion<\/strong>.<\/p>\n<p data-start=\"1137\" data-end=\"1262\">\ud83d\udfe6 Nyfiken p\u00e5 fler moderna vita portioner? Se v\u00e5rt fulla <a class=\"\" href=\"https:\/\/snus-malmo.se\/sv\/white-portion\/\" target=\"_new\" rel=\"noopener\" data-start=\"1194\" data-end=\"1261\"><strong data-start=\"1195\" data-end=\"1226\">White Portion-sortiment h\u00e4r<\/strong><\/a>.<\/p>\n<hr data-start=\"1264\" data-end=\"1267\" \/>\n<h3 data-start=\"1269\" data-end=\"1293\">Produktinformation:<\/h3>\n<ul data-start=\"1295\" data-end=\"1648\">\n<li data-start=\"1295\" data-end=\"1317\">\n<p data-start=\"1297\" data-end=\"1317\"><strong data-start=\"1297\" data-end=\"1311\">Varum\u00e4rke:<\/strong> ONE<\/p>\n<\/li>\n<li data-start=\"1318\" data-end=\"1351\">\n<p data-start=\"1320\" data-end=\"1351\"><strong data-start=\"1320\" data-end=\"1335\">Produkttyp:<\/strong> White Portion<\/p>\n<\/li>\n<li data-start=\"1352\" data-end=\"1372\">\n<p data-start=\"1354\" data-end=\"1372\"><strong data-start=\"1354\" data-end=\"1365\">Format:<\/strong> Slim<\/p>\n<\/li>\n<li data-start=\"1373\" data-end=\"1417\">\n<p data-start=\"1375\" data-end=\"1417\"><strong data-start=\"1375\" data-end=\"1390\">Smakprofil:<\/strong> Tobak, R\u00f6da b\u00e4r, Kryddor<\/p>\n<\/li>\n<li data-start=\"1418\" data-end=\"1439\">\n<p data-start=\"1420\" data-end=\"1439\"><strong data-start=\"1420\" data-end=\"1431\">Styrka:<\/strong> Stark<\/p>\n<\/li>\n<li data-start=\"1440\" data-end=\"1473\">\n<p data-start=\"1442\" data-end=\"1473\"><strong data-start=\"1442\" data-end=\"1458\">Nikotinhalt:<\/strong> ca 1,2\u20131,4 %<\/p>\n<\/li>\n<li data-start=\"1474\" data-end=\"1513\">\n<p data-start=\"1476\" data-end=\"1513\"><strong data-start=\"1476\" data-end=\"1499\">Nikotin per prilla:<\/strong> ca 11\u201314 mg<\/p>\n<\/li>\n<li data-start=\"1514\" data-end=\"1554\">\n<p data-start=\"1516\" data-end=\"1554\"><strong data-start=\"1516\" data-end=\"1543\">Antal prillor per dosa:<\/strong> ca 22 st<\/p>\n<\/li>\n<li data-start=\"1555\" data-end=\"1580\">\n<p data-start=\"1557\" data-end=\"1580\"><strong data-start=\"1557\" data-end=\"1570\">Fukthalt:<\/strong> ca 46 %<\/p>\n<\/li>\n<li data-start=\"1581\" data-end=\"1614\">\n<p data-start=\"1583\" data-end=\"1614\"><strong data-start=\"1583\" data-end=\"1603\">Vikt per prilla:<\/strong> ca 0,7 g<\/p>\n<\/li>\n<li data-start=\"1615\" data-end=\"1648\">\n<p data-start=\"1617\" data-end=\"1648\"><strong data-start=\"1617\" data-end=\"1636\">Nettovikt\/dosa:<\/strong> ca 15,4 g<\/p>\n<\/li>\n<\/ul>\n<hr data-start=\"1650\" data-end=\"1653\" \/>\n<h3 data-start=\"1655\" data-end=\"1703\">D\u00e4rf\u00f6r v\u00e4ljer snusare ONE R\u00f6d White Portion:<\/h3>\n<p data-start=\"1705\" data-end=\"1930\">\u2705 Fruktigt b\u00e4rig smak med tydlig tobakskarakt\u00e4r<br data-start=\"1752\" data-end=\"1755\" \/>\u2705 Slim white portion \u2013 diskret och l\u00e5g rinnighet<br data-start=\"1803\" data-end=\"1806\" \/>\u2705 Stark styrka \u2013 passar vana snusare<br data-start=\"1842\" data-end=\"1845\" \/>\u2705 Unik smakprofil i ONE-serien<br data-start=\"1875\" data-end=\"1878\" \/>\u2705 Leverans direkt fr\u00e5n Veloop.se \u2013 tryggt och snabbt<\/p>\n<hr data-start=\"1932\" data-end=\"1935\" \/>\n<p data-start=\"1937\" data-end=\"2053\">Best\u00e4ll <strong data-start=\"1945\" data-end=\"1970\">ONE R\u00f6d White Portion<\/strong> fr\u00e5n <strong data-start=\"1976\" data-end=\"1989\">Veloop.se<\/strong> \u2013 ett starkt snus med en dj\u00e4rv och fruktigt kryddig smakprofil.<\/p>","protected":false},"excerpt":{"rendered":"<h1 class=\"product_title entry-title wd-entities-title\">ONE R\u00f6d White Portion<\/h1>\n<h2 data-start=\"246\" data-end=\"315\">ONE R\u00f6d White Portion \u2013 Kraftfull smak med inslag av r\u00f6d b\u00e4righet<\/h2>\n<p><strong data-start=\"2078\" data-end=\"2103\">ONE R\u00f6d White Portion<\/strong> \u00e4r ett starkt, slimformat snus med smak av tobak, r\u00f6da b\u00e4r och kryddor \u2013 en modern twist med kraftfull nikotinleverans.<br data-start=\"2223\" data-end=\"2226\" \/>\ud83d\udc49 Se fler <a class=\"\" href=\"https:\/\/snus-malmo.se\/sv\/white-portion\/\" target=\"_new\" rel=\"noopener\" data-start=\"2237\" data-end=\"2304\"><strong data-start=\"2238\" data-end=\"2269\">White Portion-produkter h\u00e4r<\/strong><\/a>.<\/p>","protected":false},"featured_media":61432,"comment_status":"open","ping_status":"closed","template":"","meta":[],"product_brand":[],"product_cat":[111,73,348,368,135],"product_tag":[],"class_list":{"0":"post-53334","1":"product","2":"type-product","3":"status-publish","4":"has-post-thumbnail","6":"product_cat-one","7":"product_cat-portionssnus","8":"product_cat-regular-large","9":"product_cat-snus-tobakssnus-traditionellt-snus","10":"product_cat-white-portion","12":"first","13":"instock","14":"taxable","15":"shipping-taxable","16":"purchasable","17":"product-type-variable"},"_links":{"self":[{"href":"https:\/\/snus-malmo.se\/sv\/wp-json\/wp\/v2\/product\/53334","targetHints":{"allow":["GET"]}}],"collection":[{"href":"https:\/\/snus-malmo.se\/sv\/wp-json\/wp\/v2\/product"}],"about":[{"href":"https:\/\/snus-malmo.se\/sv\/wp-json\/wp\/v2\/types\/product"}],"replies":[{"embeddable":true,"href":"https:\/\/snus-malmo.se\/sv\/wp-json\/wp\/v2\/comments?post=53334"}],"version-history":[{"count":0,"href":"https:\/\/snus-malmo.se\/sv\/wp-json\/wp\/v2\/product\/53334\/revisions"}],"wp:featuredmedia":[{"embeddable":true,"href":"https:\/\/snus-malmo.se\/sv\/wp-json\/wp\/v2\/media\/61432"}],"wp:attachment":[{"href":"https:\/\/snus-malmo.se\/sv\/wp-json\/wp\/v2\/media?parent=53334"}],"wp:term":[{"taxonomy":"product_brand","embeddable":true,"href":"https:\/\/snus-malmo.se\/sv\/wp-json\/wp\/v2\/product_brand?post=53334"},{"taxonomy":"product_cat","embeddable":true,"href":"https:\/\/snus-malmo.se\/sv\/wp-json\/wp\/v2\/product_cat?post=53334"},{"taxonomy":"product_tag","embeddable":true,"href":"https:\/\/snus-malmo.se\/sv\/wp-json\/wp\/v2\/product_tag?post=53334"}],"curies":[{"name":"wp","href":"https:\/\/api.w.org\/{rel}","templated":true}]}}