{"id":53339,"date":"2025-05-23T16:56:54","date_gmt":"2025-05-23T16:56:54","guid":{"rendered":"https:\/\/snus-malmo.se\/?post_type=product&#038;p=53339"},"modified":"2025-07-14T09:50:42","modified_gmt":"2025-07-14T09:50:42","slug":"general-white-portion","status":"publish","type":"product","link":"https:\/\/snus-malmo.se\/sv\/produkt\/general-white-portion\/","title":{"rendered":"General White Portion"},"content":{"rendered":"<h1 data-start=\"247\" data-end=\"310\">General White Portion<\/h1>\n<h2 data-start=\"247\" data-end=\"310\">General White Portion \u2013 Klassisk smak i fr\u00e4scht vitt format<\/h2>\n<p data-start=\"312\" data-end=\"632\"><strong data-start=\"312\" data-end=\"337\">General White Portion<\/strong> \u00e4r en tidl\u00f6s favorit bland snusare som uppskattar en <strong data-start=\"391\" data-end=\"418\">ren och balanserad smak<\/strong> av klassisk <strong data-start=\"431\" data-end=\"459\">ljus tobak och bergamott<\/strong>. Den vita portionens torra yta och fuktiga insida ger en <strong data-start=\"517\" data-end=\"569\">l\u00e5g rinnighet och en l\u00e5ngvarig, j\u00e4mn smakrelease<\/strong>, vilket g\u00f6r snuset bekv\u00e4mt och diskret att anv\u00e4nda hela dagen.<\/p>\n<p data-start=\"634\" data-end=\"784\">Med en v\u00e4l avv\u00e4gd nikotinstyrka passar denna snus b\u00e5de nya och vana anv\u00e4ndare som vill ha en p\u00e5litlig och smakrik snusupplevelse i ett modernt format.<\/p>\n<p data-start=\"786\" data-end=\"924\">\ud83d\udfe6 Vill du uppt\u00e4cka fler vita portioner med klassisk smak? Bes\u00f6k v\u00e5rt <a class=\"\" href=\"https:\/\/snus-malmo.se\/sv\/white-portion\/\" target=\"_new\" rel=\"noopener\" data-start=\"856\" data-end=\"923\"><strong data-start=\"857\" data-end=\"888\">White Portion-sortiment h\u00e4r<\/strong><\/a>.<\/p>\n<hr data-start=\"926\" data-end=\"929\" \/>\n<h3 data-start=\"931\" data-end=\"955\">Produktinformation:<\/h3>\n<ul data-start=\"957\" data-end=\"1304\">\n<li data-start=\"957\" data-end=\"983\">\n<p data-start=\"959\" data-end=\"983\"><strong data-start=\"959\" data-end=\"973\">Varum\u00e4rke:<\/strong> General<\/p>\n<\/li>\n<li data-start=\"984\" data-end=\"1017\">\n<p data-start=\"986\" data-end=\"1017\"><strong data-start=\"986\" data-end=\"1001\">Produkttyp:<\/strong> White Portion<\/p>\n<\/li>\n<li data-start=\"1018\" data-end=\"1040\">\n<p data-start=\"1020\" data-end=\"1040\"><strong data-start=\"1020\" data-end=\"1031\">Format:<\/strong> Normal<\/p>\n<\/li>\n<li data-start=\"1041\" data-end=\"1082\">\n<p data-start=\"1043\" data-end=\"1082\"><strong data-start=\"1043\" data-end=\"1058\">Smakprofil:<\/strong> Ljus tobak, Bergamott<\/p>\n<\/li>\n<li data-start=\"1083\" data-end=\"1105\">\n<p data-start=\"1085\" data-end=\"1105\"><strong data-start=\"1085\" data-end=\"1096\">Styrka:<\/strong> Normal<\/p>\n<\/li>\n<li data-start=\"1106\" data-end=\"1135\">\n<p data-start=\"1108\" data-end=\"1135\"><strong data-start=\"1108\" data-end=\"1124\">Nikotinhalt:<\/strong> ca 0,8 %<\/p>\n<\/li>\n<li data-start=\"1136\" data-end=\"1171\">\n<p data-start=\"1138\" data-end=\"1171\"><strong data-start=\"1138\" data-end=\"1161\">Nikotin per prilla:<\/strong> ca 7 mg<\/p>\n<\/li>\n<li data-start=\"1172\" data-end=\"1212\">\n<p data-start=\"1174\" data-end=\"1212\"><strong data-start=\"1174\" data-end=\"1201\">Antal prillor per dosa:<\/strong> ca 22 st<\/p>\n<\/li>\n<li data-start=\"1213\" data-end=\"1238\">\n<p data-start=\"1215\" data-end=\"1238\"><strong data-start=\"1215\" data-end=\"1228\">Fukthalt:<\/strong> ca 45 %<\/p>\n<\/li>\n<li data-start=\"1239\" data-end=\"1272\">\n<p data-start=\"1241\" data-end=\"1272\"><strong data-start=\"1241\" data-end=\"1261\">Vikt per prilla:<\/strong> ca 0,9 g<\/p>\n<\/li>\n<li data-start=\"1273\" data-end=\"1304\">\n<p data-start=\"1275\" data-end=\"1304\"><strong data-start=\"1275\" data-end=\"1294\">Nettovikt\/dosa:<\/strong> ca 20 g<\/p>\n<\/li>\n<\/ul>\n<hr data-start=\"1306\" data-end=\"1309\" \/>\n<h3 data-start=\"1311\" data-end=\"1350\">Varf\u00f6r v\u00e4lja General White Portion?<\/h3>\n<p data-start=\"1352\" data-end=\"1606\">\u2705 Klassisk Generalsmak med fr\u00e4sch k\u00e4nsla<br data-start=\"1392\" data-end=\"1395\" \/>\u2705 White portion med l\u00e5g rinnighet och l\u00e5ng smakrelease<br data-start=\"1449\" data-end=\"1452\" \/>\u2705 Perfekt balanserad nikotinstyrka f\u00f6r dagligt bruk<br data-start=\"1503\" data-end=\"1506\" \/>\u2705 Bekv\u00e4mt och diskret format som sitter bra under l\u00e4ppen<br data-start=\"1562\" data-end=\"1565\" \/>\u2705 Snabb och trygg leverans fr\u00e5n Veloop.se<\/p>\n<hr data-start=\"1608\" data-end=\"1611\" \/>\n<p data-start=\"1613\" data-end=\"1735\">Best\u00e4ll <strong data-start=\"1621\" data-end=\"1646\">General White Portion<\/strong> fr\u00e5n <strong data-start=\"1652\" data-end=\"1665\">Veloop.se<\/strong> \u2013 njut av en klassisk och smakrik snus i fr\u00e4scht vitt portionsformat.<\/p>","protected":false},"excerpt":{"rendered":"<h1 class=\"mb-16 sm:mb-24\">General White Portion<\/h1>\n<h2 data-start=\"247\" data-end=\"310\">General White Portion \u2013 Klassisk smak i fr\u00e4scht vitt format<\/h2>\n<p><strong data-start=\"1760\" data-end=\"1785\">General White Portion<\/strong> erbjuder en ren och klassisk smak av tobak och bergamott i ett vitt portionsformat med l\u00e5g rinnighet.<br data-start=\"1887\" data-end=\"1890\" \/>\ud83d\udc49 Uppt\u00e4ck fler vita portioner i v\u00e5rt <a class=\"\" href=\"https:\/\/snus-malmo.se\/sv\/white-portion\/\" target=\"_new\" rel=\"noopener\" data-start=\"1928\" data-end=\"1995\"><strong data-start=\"1929\" data-end=\"1960\">White Portion-sortiment h\u00e4r<\/strong><\/a>.<\/p>","protected":false},"featured_media":61511,"comment_status":"open","ping_status":"closed","template":"","meta":[],"product_brand":[],"product_cat":[88,73,368,135],"product_tag":[],"class_list":{"0":"post-53339","1":"product","2":"type-product","3":"status-publish","4":"has-post-thumbnail","6":"product_cat-general","7":"product_cat-portionssnus","8":"product_cat-snus-tobakssnus-traditionellt-snus","9":"product_cat-white-portion","11":"first","12":"instock","13":"taxable","14":"shipping-taxable","15":"purchasable","16":"product-type-variable"},"_links":{"self":[{"href":"https:\/\/snus-malmo.se\/sv\/wp-json\/wp\/v2\/product\/53339","targetHints":{"allow":["GET"]}}],"collection":[{"href":"https:\/\/snus-malmo.se\/sv\/wp-json\/wp\/v2\/product"}],"about":[{"href":"https:\/\/snus-malmo.se\/sv\/wp-json\/wp\/v2\/types\/product"}],"replies":[{"embeddable":true,"href":"https:\/\/snus-malmo.se\/sv\/wp-json\/wp\/v2\/comments?post=53339"}],"version-history":[{"count":0,"href":"https:\/\/snus-malmo.se\/sv\/wp-json\/wp\/v2\/product\/53339\/revisions"}],"wp:featuredmedia":[{"embeddable":true,"href":"https:\/\/snus-malmo.se\/sv\/wp-json\/wp\/v2\/media\/61511"}],"wp:attachment":[{"href":"https:\/\/snus-malmo.se\/sv\/wp-json\/wp\/v2\/media?parent=53339"}],"wp:term":[{"taxonomy":"product_brand","embeddable":true,"href":"https:\/\/snus-malmo.se\/sv\/wp-json\/wp\/v2\/product_brand?post=53339"},{"taxonomy":"product_cat","embeddable":true,"href":"https:\/\/snus-malmo.se\/sv\/wp-json\/wp\/v2\/product_cat?post=53339"},{"taxonomy":"product_tag","embeddable":true,"href":"https:\/\/snus-malmo.se\/sv\/wp-json\/wp\/v2\/product_tag?post=53339"}],"curies":[{"name":"wp","href":"https:\/\/api.w.org\/{rel}","templated":true}]}}