{"id":53372,"date":"2025-05-23T16:56:56","date_gmt":"2025-05-23T16:56:56","guid":{"rendered":"https:\/\/snus-malmo.se\/?post_type=product&#038;p=53372"},"modified":"2025-07-16T14:58:50","modified_gmt":"2025-07-16T14:58:50","slug":"coco-tropical-mango-slim-strong","status":"publish","type":"product","link":"https:\/\/snus-malmo.se\/sv\/produkt\/coco-tropical-mango-slim-strong\/","title":{"rendered":"COCO Tropical Mango Slim Strong"},"content":{"rendered":"<article class=\"product-text\">Produkten COCO Tropical Mango Slim Strong \u00e4r en nikotinp\u00e5se som \u00e4r tillverkat av kokosfiber vilket ger prillorna en brun f\u00e4rg. Som alla nikotinportioner fr\u00e5n varum\u00e4rket \u00e4r den h\u00e4r prillan helt fri fr\u00e5n tobak och dess nikotinhalt \u00e4r stark.<\/article>\n<div class=\"buy-pane\">\n<div class=\"tab-content buy-tabs-content\">\n<div id=\"buy\" class=\"tab-pane active\">\n<div>\n<div class=\"variants list\">\n<h2>Om produkten COCO Tropical Mango Slim Strong<\/h2>\n<p>Portion COCO Tropical Mango Slim Strong kommer i en prilla med l\u00e5ngsmalt format. P\u00e5sen har en fyllning best\u00e5ende av fiber fr\u00e5n kokos, tillsatt nikotin och smaks\u00e4ttning. Just den h\u00e4r varianten smakar mango. Prillan har en torr yta som g\u00f6r att rinnigheten blir l\u00e4gre. Genom nikotinp\u00e5sens perforering fris\u00e4tts smak och nikotin successivt. En dosa Tropical Mango kommer med 20 stycken tobaksfria nikotinp\u00e5sar.<\/p>\n<ul>\n<li>Varum\u00e4rke: COCO<\/li>\n<li>Tillverkare: SpectrumLeaf AB<\/li>\n<li>Smak: Frukt<\/li>\n<li>Format: Slim<\/li>\n<li>Produkttyp: Nikotinp\u00e5sar<\/li>\n<li>Antal portioner per dosa: 20<\/li>\n<li>Nikotinhalt: 20 mg\/g<\/li>\n<li>Styrka: Stark<\/li>\n<\/ul>\n<h2>Nikotinhalt i COCO Tropical Mango Slim Strong<\/h2>\n<p>Prillan Tropical Mango Slim Strong fr\u00e5n COCO har en stark nikotinstyrka. Nikotininneh\u00e5llet ligger p\u00e5 20 milligram nikotin per gram produkt. Det h\u00e4r \u00e4r nikotinp\u00e5sar som inneh\u00e5ller nikotinsalter som kommer fr\u00e5n tobaksplantan.<\/p>\n<h2>Mer om vitt snus fr\u00e5n COCO<\/h2>\n<p>Varum\u00e4rket COCO\u00a0har tagit fram ett utbud av prillor av kokosfiber med olika smaks\u00e4ttning. Varianten Tropical Mango har nikotinstyrka 3\/4\u00a0och \u00e4r en av de starka nikotinportioner som finns i sortimentet fr\u00e5n COCO.<\/p>\n<\/div>\n<\/div>\n<\/div>\n<\/div>\n<\/div>","protected":false},"excerpt":{"rendered":"<article class=\"product-text\">Produkten COCO Tropical Mango Slim Strong \u00e4r en nikotinp\u00e5se som \u00e4r tillverkat av kokosfiber vilket ger prillorna en brun f\u00e4rg. Som alla nikotinportioner fr\u00e5n varum\u00e4rket \u00e4r den h\u00e4r prillan helt fri fr\u00e5n tobak och dess nikotinhalt \u00e4r stark.<\/article>\n<div class=\"buy-pane\">\n<div class=\"tab-content buy-tabs-content\">\n<div id=\"buy\" class=\"tab-pane active\">\n<div>\n<div class=\"variants list\">\n<h2>Om produkten COCO Tropical Mango Slim Strong<\/h2>\n<p>Portion COCO Tropical Mango Slim Strong kommer i en prilla med l\u00e5ngsmalt format. P\u00e5sen har en fyllning best\u00e5ende av fiber fr\u00e5n kokos, tillsatt nikotin och smaks\u00e4ttning. Just den h\u00e4r varianten smakar mango. Prillan har en torr yta som g\u00f6r att rinnigheten blir l\u00e4gre. Genom nikotinp\u00e5sens perforering fris\u00e4tts smak och nikotin successivt. En dosa Tropical Mango kommer med 20 stycken tobaksfria nikotinp\u00e5sar.<\/p>\n<\/div>\n<\/div>\n<\/div>\n<\/div>\n<\/div>","protected":false},"featured_media":17409,"comment_status":"open","ping_status":"closed","template":"","meta":[],"product_brand":[],"product_cat":[135],"product_tag":[],"class_list":{"0":"post-53372","1":"product","2":"type-product","3":"status-publish","4":"has-post-thumbnail","6":"product_cat-white-portion","8":"first","9":"instock","10":"taxable","11":"shipping-taxable","12":"purchasable","13":"product-type-variable"},"_links":{"self":[{"href":"https:\/\/snus-malmo.se\/sv\/wp-json\/wp\/v2\/product\/53372","targetHints":{"allow":["GET"]}}],"collection":[{"href":"https:\/\/snus-malmo.se\/sv\/wp-json\/wp\/v2\/product"}],"about":[{"href":"https:\/\/snus-malmo.se\/sv\/wp-json\/wp\/v2\/types\/product"}],"replies":[{"embeddable":true,"href":"https:\/\/snus-malmo.se\/sv\/wp-json\/wp\/v2\/comments?post=53372"}],"version-history":[{"count":0,"href":"https:\/\/snus-malmo.se\/sv\/wp-json\/wp\/v2\/product\/53372\/revisions"}],"wp:featuredmedia":[{"embeddable":true,"href":"https:\/\/snus-malmo.se\/sv\/wp-json\/wp\/v2\/media\/17409"}],"wp:attachment":[{"href":"https:\/\/snus-malmo.se\/sv\/wp-json\/wp\/v2\/media?parent=53372"}],"wp:term":[{"taxonomy":"product_brand","embeddable":true,"href":"https:\/\/snus-malmo.se\/sv\/wp-json\/wp\/v2\/product_brand?post=53372"},{"taxonomy":"product_cat","embeddable":true,"href":"https:\/\/snus-malmo.se\/sv\/wp-json\/wp\/v2\/product_cat?post=53372"},{"taxonomy":"product_tag","embeddable":true,"href":"https:\/\/snus-malmo.se\/sv\/wp-json\/wp\/v2\/product_tag?post=53372"}],"curies":[{"name":"wp","href":"https:\/\/api.w.org\/{rel}","templated":true}]}}