{"id":53377,"date":"2025-05-23T16:56:56","date_gmt":"2025-05-23T16:56:56","guid":{"rendered":"https:\/\/snus-malmo.se\/?post_type=product&#038;p=53377"},"modified":"2025-07-16T14:58:33","modified_gmt":"2025-07-16T14:58:33","slug":"coco-clean-peach-slim-strong","status":"publish","type":"product","link":"https:\/\/snus-malmo.se\/sv\/produkt\/coco-clean-peach-slim-strong\/","title":{"rendered":"COCO Clean Peach Slim Strong"},"content":{"rendered":"<article class=\"product-text\">Nikotinp\u00e5sen COCO Clean Peach Slim Strong \u00e4r en tobaksfri portionsp\u00e5se med fruktsmak och stark nikotinstyrka. Varje prilla inneh\u00e5ller 20 milligram nikotin per gram snus vilket \u00e4r klassificerat som stark styrka.\u00a0COCO prillorna best\u00e5r bland annat av kokosn\u00f6tsfiber vilket ger dem en brun f\u00e4rg.<\/article>\n<div class=\"buy-pane\">\n<div class=\"tab-content buy-tabs-content\">\n<div id=\"buy\" class=\"tab-pane active\">\n<div>\n<div class=\"variants list\">\n<h2>Om produkten COCO Clean Peach Slim Strong<\/h2>\n<p>Prillorna COCO Clean Peach Slim Strong fr\u00e5n SpectrumLeaf AB har b\u00e5de p\u00e5sar och fyllning som \u00e4r tillverkade av kokosn\u00f6tsfiber. Prillorna p\u00e5sarna kommer med en smak av persika och nikotinet tills\u00e4tts tillsammans med smak\u00e4mnena. Fibrerna fr\u00e5n kokosn\u00f6ten till\u00e5ter en successiv fris\u00e4ttning av nikotin och uts\u00f6ndring av aromer. Varje dosa snus inneh\u00e5ller 20 stycken tobaksfria portioner i slimmat format.<\/p>\n<ul>\n<li>Varum\u00e4rke: COCO<\/li>\n<li>Tillverkare: SpectrumLeaf AB<\/li>\n<li>Smak: Frukt<\/li>\n<li>Produktformat: Slim<\/li>\n<li>Produkt: Nikotinp\u00e5sar<\/li>\n<li>Antal portioner per dosa: 20<\/li>\n<li>Nikotinstyrka: 20 mg\/g<\/li>\n<li>Styrkedefinition: Stark<\/li>\n<\/ul>\n<h2>Nikotinstyrka COCO Clean Peach Slim Strong<\/h2>\n<p>COCO Clean Peach Slim Strong \u00e4r nikotinp\u00e5sar med en niv\u00e5 av nikotin som \u00e4r klassificerad som stark. Halten av nikotin i varje portion ligger p\u00e5 20 milligram per gram snus.<\/p>\n<h2>Om COCO vitt snus<\/h2>\n<p>Varum\u00e4rket COCO\u00a0har tagit fram ett utbud av prillor av kokosfiber med olika smaks\u00e4ttning. Varianten Clean Peach Slim Strong har nikotinstyrka 3\/4\u00a0och \u00e4r en av de starka nikotinportioner som finns i sortimentet fr\u00e5n COCO.<\/p>\n<\/div>\n<\/div>\n<\/div>\n<\/div>\n<\/div>","protected":false},"excerpt":{"rendered":"<article class=\"product-text\">Nikotinp\u00e5sen COCO Clean Peach Slim Strong \u00e4r en tobaksfri portionsp\u00e5se med fruktsmak och stark nikotinstyrka. Varje prilla inneh\u00e5ller 20 milligram nikotin per gram snus vilket \u00e4r klassificerat som stark styrka.\u00a0COCO prillorna best\u00e5r bland annat av kokosn\u00f6tsfiber vilket ger dem en brun f\u00e4rg.<\/article>\n<div class=\"buy-pane\">\n<div class=\"tab-content buy-tabs-content\">\n<div id=\"buy\" class=\"tab-pane active\">\n<div>\n<div class=\"variants list\">\n<h2>Om produkten COCO Clean Peach Slim Strong<\/h2>\n<p>Prillorna COCO Clean Peach Slim Strong fr\u00e5n SpectrumLeaf AB har b\u00e5de p\u00e5sar och fyllning som \u00e4r tillverkade av kokosn\u00f6tsfiber. Prillorna p\u00e5sarna kommer med en smak av persika och nikotinet tills\u00e4tts tillsammans med smak\u00e4mnena. Fibrerna fr\u00e5n kokosn\u00f6ten till\u00e5ter en successiv fris\u00e4ttning av nikotin och uts\u00f6ndring av aromer. Varje dosa snus inneh\u00e5ller 20 stycken tobaksfria portioner i slimmat format.<\/p>\n<\/div>\n<\/div>\n<\/div>\n<\/div>\n<\/div>","protected":false},"featured_media":17416,"comment_status":"open","ping_status":"closed","template":"","meta":[],"product_brand":[],"product_cat":[135],"product_tag":[],"class_list":{"0":"post-53377","1":"product","2":"type-product","3":"status-publish","4":"has-post-thumbnail","6":"product_cat-white-portion","8":"first","9":"instock","10":"taxable","11":"shipping-taxable","12":"purchasable","13":"product-type-variable"},"_links":{"self":[{"href":"https:\/\/snus-malmo.se\/sv\/wp-json\/wp\/v2\/product\/53377","targetHints":{"allow":["GET"]}}],"collection":[{"href":"https:\/\/snus-malmo.se\/sv\/wp-json\/wp\/v2\/product"}],"about":[{"href":"https:\/\/snus-malmo.se\/sv\/wp-json\/wp\/v2\/types\/product"}],"replies":[{"embeddable":true,"href":"https:\/\/snus-malmo.se\/sv\/wp-json\/wp\/v2\/comments?post=53377"}],"version-history":[{"count":0,"href":"https:\/\/snus-malmo.se\/sv\/wp-json\/wp\/v2\/product\/53377\/revisions"}],"wp:featuredmedia":[{"embeddable":true,"href":"https:\/\/snus-malmo.se\/sv\/wp-json\/wp\/v2\/media\/17416"}],"wp:attachment":[{"href":"https:\/\/snus-malmo.se\/sv\/wp-json\/wp\/v2\/media?parent=53377"}],"wp:term":[{"taxonomy":"product_brand","embeddable":true,"href":"https:\/\/snus-malmo.se\/sv\/wp-json\/wp\/v2\/product_brand?post=53377"},{"taxonomy":"product_cat","embeddable":true,"href":"https:\/\/snus-malmo.se\/sv\/wp-json\/wp\/v2\/product_cat?post=53377"},{"taxonomy":"product_tag","embeddable":true,"href":"https:\/\/snus-malmo.se\/sv\/wp-json\/wp\/v2\/product_tag?post=53377"}],"curies":[{"name":"wp","href":"https:\/\/api.w.org\/{rel}","templated":true}]}}