{"id":53408,"date":"2025-05-23T16:57:00","date_gmt":"2025-05-23T16:57:00","guid":{"rendered":"https:\/\/snus-malmo.se\/?post_type=product&#038;p=53408"},"modified":"2025-07-27T23:54:51","modified_gmt":"2025-07-27T23:54:51","slug":"siberia-black-white-dry-portion","status":"publish","type":"product","link":"https:\/\/snus-malmo.se\/sv\/produkt\/siberia-black-white-dry-portion\/","title":{"rendered":"Siberia Black White Dry Portion"},"content":{"rendered":"<article class=\"product-text\">Extra stark nikotinhalt med en kraftig tobaksblandning, samt smakrik traditionell och v\u00e4l avrundad snusarom i normalstora prillor.<\/article>\n<article class=\"product-text\">En av de starkaste nikotinupplevelsen p\u00e5 marknaden i torra portioner och med l\u00e4gre fukthalt i snuset. Rinner\u00a0mindre \u00e4n vanliga &#8220;White&#8221; portioner och h\u00e5ller \u00e4ven l\u00e4ngre. Normalstora\u00a0portionsformat f\u00f6r en v\u00e4lbekant snusk\u00e4nsla under l\u00e4ppen<\/p>\n<table class=\"product-specs\">\n<thead>\n<tr>\n<th>Fakta om produkten<\/th>\n<th class=\"text-right\"><\/th>\n<\/tr>\n<\/thead>\n<tbody>\n<tr>\n<td class=\"spec-key\">Varum\u00e4rke<\/td>\n<td class=\"spec-value text-right\">Siberia Snus<\/td>\n<\/tr>\n<tr>\n<td class=\"spec-key\">Produkttyp<\/td>\n<td class=\"spec -value text-right\">white portion<\/td>\n<\/tr>\n<tr>\n<td class=\"spec-key\">Nikotinstyrka<\/td>\n<td class=\"spec -value text-right\">Extra Stark<\/td>\n<\/tr>\n<tr>\n<td class=\"spec-key\">Nikotinhalt<\/td>\n<td class=\"spec -value text-right\">43 mg\/g<\/td>\n<\/tr>\n<tr>\n<td class=\"spec-key\">Smak<\/td>\n<td class=\"spec -value text-right\">Traditionell<\/td>\n<\/tr>\n<tr>\n<td class=\"spec-key\">Inneh\u00e5ll\/f\u00f6rpackning<\/td>\n<td class=\"spec -value text-right\">16 g<\/td>\n<\/tr>\n<tr>\n<td class=\"spec-key\">Snustyp<\/td>\n<td class=\"spec -value text-right\">Superstark White Portion<\/td>\n<\/tr>\n<tr>\n<td class=\"spec-key\">Format<\/td>\n<td class=\"spec -value text-right\">Normal<\/td>\n<\/tr>\n<tr>\n<td class=\"spec-key\">Producent<\/td>\n<td class=\"spec-value text-right\">GN Tobacco<\/td>\n<\/tr>\n<\/tbody>\n<\/table>\n<\/article>","protected":false},"excerpt":{"rendered":"<article class=\"product-text\">Extra stark nikotinhalt med en kraftig tobaksblandning, samt smakrik traditionell och v\u00e4l avrundad snusarom i normalstora prillor.<\/article>\n<article class=\"product-text\">En av de starkaste nikotinupplevelsen p\u00e5 marknaden i torra portioner och med l\u00e4gre fukthalt i snuset. Rinner\u00a0mindre \u00e4n vanliga &#8220;White&#8221; portioner och h\u00e5ller \u00e4ven l\u00e4ngre. Normalstora\u00a0portionsformat f\u00f6r en v\u00e4lbekant snusk\u00e4nsla under l\u00e4ppen<\/article>","protected":false},"featured_media":17459,"comment_status":"open","ping_status":"closed","template":"","meta":[],"product_brand":[],"product_cat":[116,135],"product_tag":[],"class_list":{"0":"post-53408","1":"product","2":"type-product","3":"status-publish","4":"has-post-thumbnail","6":"product_cat-siberia","7":"product_cat-white-portion","9":"first","10":"instock","11":"taxable","12":"shipping-taxable","13":"purchasable","14":"product-type-variable"},"_links":{"self":[{"href":"https:\/\/snus-malmo.se\/sv\/wp-json\/wp\/v2\/product\/53408","targetHints":{"allow":["GET"]}}],"collection":[{"href":"https:\/\/snus-malmo.se\/sv\/wp-json\/wp\/v2\/product"}],"about":[{"href":"https:\/\/snus-malmo.se\/sv\/wp-json\/wp\/v2\/types\/product"}],"replies":[{"embeddable":true,"href":"https:\/\/snus-malmo.se\/sv\/wp-json\/wp\/v2\/comments?post=53408"}],"version-history":[{"count":0,"href":"https:\/\/snus-malmo.se\/sv\/wp-json\/wp\/v2\/product\/53408\/revisions"}],"wp:featuredmedia":[{"embeddable":true,"href":"https:\/\/snus-malmo.se\/sv\/wp-json\/wp\/v2\/media\/17459"}],"wp:attachment":[{"href":"https:\/\/snus-malmo.se\/sv\/wp-json\/wp\/v2\/media?parent=53408"}],"wp:term":[{"taxonomy":"product_brand","embeddable":true,"href":"https:\/\/snus-malmo.se\/sv\/wp-json\/wp\/v2\/product_brand?post=53408"},{"taxonomy":"product_cat","embeddable":true,"href":"https:\/\/snus-malmo.se\/sv\/wp-json\/wp\/v2\/product_cat?post=53408"},{"taxonomy":"product_tag","embeddable":true,"href":"https:\/\/snus-malmo.se\/sv\/wp-json\/wp\/v2\/product_tag?post=53408"}],"curies":[{"name":"wp","href":"https:\/\/api.w.org\/{rel}","templated":true}]}}