{"id":53418,"date":"2025-05-23T16:57:00","date_gmt":"2025-05-23T16:57:00","guid":{"rendered":"https:\/\/snus-malmo.se\/?post_type=product&#038;p=53418"},"modified":"2025-07-25T15:10:49","modified_gmt":"2025-07-25T15:10:49","slug":"odens-cold-dry-extreme-portionssnus","status":"publish","type":"product","link":"https:\/\/snus-malmo.se\/sv\/produkt\/odens-cold-dry-extreme-portionssnus\/","title":{"rendered":"Odens Cold Dry Extreme Portionssnus"},"content":{"rendered":"<p>Odens Cold Dry Extreme portion \u00e4r ett starkt mintsnus, kraftig i nikotinhalt och smak!<\/p>\n<p>Oden&#8217;s Cold Dry Extreme levererar ett portionssnus med en mintsmak\u00a0som upplevs under l\u00e4ppen. Det \u00e4r en smak av spearmint som framtr\u00e4der ur en annars traditionell jordn\u00e4ra tobakssmak. Oden&#8217;s cold dry \u00e4r en s.k dry-portion som inte rinner.<\/p>\n<p>Nikotinhalten ligger p\u00e5 hela 22mg\/g. It will blow your mind!<\/p>\n<p>Obs! Dosan inneh\u00e5ller 10 gram.<\/p>\n<table class=\"product-specs\">\n<thead>\n<tr>\n<th>Fakta om produkten<\/th>\n<th class=\"text-right\"><\/th>\n<\/tr>\n<\/thead>\n<tbody>\n<tr>\n<td class=\"spec-key\">Varum\u00e4rke<\/td>\n<td class=\"spec-value text-right\">Odens<\/td>\n<\/tr>\n<tr>\n<td class=\"spec-key\">Produkttyp<\/td>\n<td class=\"spec -value text-right\">white portion<\/td>\n<\/tr>\n<tr>\n<td class=\"spec-key\">Nikotinstyrka<\/td>\n<td class=\"spec -value text-right\">Extra Stark<\/td>\n<\/tr>\n<tr>\n<td class=\"spec-key\">Nikotinhalt<\/td>\n<td class=\"spec -value text-right\">22 mg\/g<\/td>\n<\/tr>\n<tr>\n<td class=\"spec-key\">Smak<\/td>\n<td class=\"spec -value text-right\">mint<\/td>\n<\/tr>\n<tr>\n<td class=\"spec-key\">Inneh\u00e5ll\/f\u00f6rpackning<\/td>\n<td class=\"spec -value text-right\">16 g<\/td>\n<\/tr>\n<tr>\n<td class=\"spec-key\">Snustyp<\/td>\n<td class=\"spec -value text-right\">Extra Stark Portion<\/td>\n<\/tr>\n<tr>\n<td class=\"spec-key\">Format<\/td>\n<td class=\"spec -value text-right\">Normal<\/td>\n<\/tr>\n<tr>\n<td class=\"spec-key\">Producent<\/td>\n<td class=\"spec-value text-right\">GN Tobacco<\/td>\n<\/tr>\n<\/tbody>\n<\/table>","protected":false},"excerpt":{"rendered":"<p>Odens Cold Dry Extreme portion \u00e4r ett starkt mintsnus, kraftig i nikotinhalt och smak!<\/p>\n<p>Oden&#8217;s Cold Dry Extreme levererar ett portionssnus med en mintsmak\u00a0som upplevs under l\u00e4ppen. Det \u00e4r en smak av spearmint som framtr\u00e4der ur en annars traditionell jordn\u00e4ra tobakssmak. Oden&#8217;s cold dry \u00e4r en s.k dry-portion som inte rinner.<\/p>\n<p>Nikotinhalten ligger p\u00e5 hela 22mg\/g. It will blow your mind!<\/p>\n<p>Obs! Dosan inneh\u00e5ller 10 gram.<\/p>","protected":false},"featured_media":17474,"comment_status":"open","ping_status":"closed","template":"","meta":[],"product_brand":[424],"product_cat":[356,108,73,368,135],"product_tag":[],"class_list":{"0":"post-53418","1":"product","2":"type-product","3":"status-publish","4":"has-post-thumbnail","6":"product_brand-odens","7":"product_cat-extreme","8":"product_cat-odens","9":"product_cat-portionssnus","10":"product_cat-snus-tobakssnus-traditionellt-snus","11":"product_cat-white-portion","13":"first","14":"instock","15":"taxable","16":"shipping-taxable","17":"purchasable","18":"product-type-variable"},"_links":{"self":[{"href":"https:\/\/snus-malmo.se\/sv\/wp-json\/wp\/v2\/product\/53418","targetHints":{"allow":["GET"]}}],"collection":[{"href":"https:\/\/snus-malmo.se\/sv\/wp-json\/wp\/v2\/product"}],"about":[{"href":"https:\/\/snus-malmo.se\/sv\/wp-json\/wp\/v2\/types\/product"}],"replies":[{"embeddable":true,"href":"https:\/\/snus-malmo.se\/sv\/wp-json\/wp\/v2\/comments?post=53418"}],"version-history":[{"count":0,"href":"https:\/\/snus-malmo.se\/sv\/wp-json\/wp\/v2\/product\/53418\/revisions"}],"wp:featuredmedia":[{"embeddable":true,"href":"https:\/\/snus-malmo.se\/sv\/wp-json\/wp\/v2\/media\/17474"}],"wp:attachment":[{"href":"https:\/\/snus-malmo.se\/sv\/wp-json\/wp\/v2\/media?parent=53418"}],"wp:term":[{"taxonomy":"product_brand","embeddable":true,"href":"https:\/\/snus-malmo.se\/sv\/wp-json\/wp\/v2\/product_brand?post=53418"},{"taxonomy":"product_cat","embeddable":true,"href":"https:\/\/snus-malmo.se\/sv\/wp-json\/wp\/v2\/product_cat?post=53418"},{"taxonomy":"product_tag","embeddable":true,"href":"https:\/\/snus-malmo.se\/sv\/wp-json\/wp\/v2\/product_tag?post=53418"}],"curies":[{"name":"wp","href":"https:\/\/api.w.org\/{rel}","templated":true}]}}