{"id":53428,"date":"2025-05-23T16:57:00","date_gmt":"2025-05-23T16:57:00","guid":{"rendered":"https:\/\/snus-malmo.se\/?post_type=product&#038;p=53428"},"modified":"2025-11-22T09:24:11","modified_gmt":"2025-11-22T09:24:11","slug":"xr-general-slim-white-portion","status":"publish","type":"product","link":"https:\/\/snus-malmo.se\/sv\/produkt\/xr-general-slim-white-portion\/","title":{"rendered":"XR General Slim White Portion"},"content":{"rendered":"<h1 class=\"mb-16 sm:mb-24\">XR General Slim White Portion<\/h1>\n<h2 data-start=\"249\" data-end=\"329\">XR General Slim White Portion \u2013 Klassisk generalsmak i modern slimmad design<\/h2>\n<p data-start=\"331\" data-end=\"670\"><strong data-start=\"331\" data-end=\"364\">XR General Slim White Portion<\/strong> \u00e4r det perfekta valet f\u00f6r dig som \u00e4lskar den klassiska Generalsmaken men vill ha den i ett <strong data-start=\"456\" data-end=\"499\">smidigt, diskret och modernt slimformat<\/strong>. Den karakteristiska smaken bjuder p\u00e5 en <strong data-start=\"541\" data-end=\"635\">v\u00e4lbalanserad tobakskarakt\u00e4r med friska inslag av bergamott, citrus och en l\u00e4tt pepprighet<\/strong> \u2013 precis som en General ska smaka.<\/p>\n<p data-start=\"672\" data-end=\"957\">Med <strong data-start=\"676\" data-end=\"700\">white portion-format<\/strong> f\u00e5r du en prilla som \u00e4r <strong data-start=\"725\" data-end=\"759\">torr p\u00e5 ytan f\u00f6r l\u00e5g rinnighet<\/strong>, men fuktig p\u00e5 insidan f\u00f6r att leverera <strong data-start=\"800\" data-end=\"840\">en j\u00e4mn och l\u00e5ngvarig smakupplevelse<\/strong>. Slimformatet g\u00f6r att prillan ligger <strong data-start=\"878\" data-end=\"914\">diskret och bekv\u00e4mt under l\u00e4ppen<\/strong>, perfekt f\u00f6r b\u00e5de nya och erfarna snusare.<\/p>\n<p data-start=\"959\" data-end=\"1117\">XR-serien \u00e4r framtagen f\u00f6r att erbjuda premiumsmak i ett <strong data-start=\"1016\" data-end=\"1037\">uppdaterat format<\/strong>, och XR General \u00e4r inget undantag \u2013 en modern tolkning av svensk snustradition.<\/p>\n<p data-start=\"1119\" data-end=\"1242\">\ud83d\udfe6 Uppt\u00e4ck fler diskreta och smakrika portioner i v\u00e5rt <a class=\"\" href=\"https:\/\/snus-malmo.se\/sv\/white-portion\/\" target=\"_new\" rel=\"noopener\" data-start=\"1174\" data-end=\"1241\"><strong data-start=\"1175\" data-end=\"1206\">White Portion-sortiment h\u00e4r<\/strong><\/a>.<\/p>\n<hr data-start=\"1244\" data-end=\"1247\" \/>\n<h3 data-start=\"1249\" data-end=\"1273\">Produktinformation:<\/h3>\n<ul data-start=\"1275\" data-end=\"1651\">\n<li data-start=\"1275\" data-end=\"1306\">\n<p data-start=\"1277\" data-end=\"1306\"><strong data-start=\"1277\" data-end=\"1291\">Varum\u00e4rke:<\/strong> XR (General)<\/p>\n<\/li>\n<li data-start=\"1307\" data-end=\"1340\">\n<p data-start=\"1309\" data-end=\"1340\"><strong data-start=\"1309\" data-end=\"1324\">Produkttyp:<\/strong> White Portion<\/p>\n<\/li>\n<li data-start=\"1341\" data-end=\"1361\">\n<p data-start=\"1343\" data-end=\"1361\"><strong data-start=\"1343\" data-end=\"1354\">Format:<\/strong> Slim<\/p>\n<\/li>\n<li data-start=\"1362\" data-end=\"1423\">\n<p data-start=\"1364\" data-end=\"1423\"><strong data-start=\"1364\" data-end=\"1379\">Smakprofil:<\/strong> Tobak, Bergamott, Citrus, L\u00e4tt kryddighet<\/p>\n<\/li>\n<li data-start=\"1424\" data-end=\"1446\">\n<p data-start=\"1426\" data-end=\"1446\"><strong data-start=\"1426\" data-end=\"1437\">Styrka:<\/strong> Normal<\/p>\n<\/li>\n<li data-start=\"1447\" data-end=\"1477\">\n<p data-start=\"1449\" data-end=\"1477\"><strong data-start=\"1449\" data-end=\"1465\">Nikotinhalt:<\/strong> ca 0,92 %<\/p>\n<\/li>\n<li data-start=\"1478\" data-end=\"1515\">\n<p data-start=\"1480\" data-end=\"1515\"><strong data-start=\"1480\" data-end=\"1503\">Nikotin per prilla:<\/strong> ca 8,5 mg<\/p>\n<\/li>\n<li data-start=\"1516\" data-end=\"1556\">\n<p data-start=\"1518\" data-end=\"1556\"><strong data-start=\"1518\" data-end=\"1545\">Antal prillor per dosa:<\/strong> ca 21 st<\/p>\n<\/li>\n<li data-start=\"1557\" data-end=\"1582\">\n<p data-start=\"1559\" data-end=\"1582\"><strong data-start=\"1559\" data-end=\"1572\">Fukthalt:<\/strong> ca 44 %<\/p>\n<\/li>\n<li data-start=\"1583\" data-end=\"1617\">\n<p data-start=\"1585\" data-end=\"1617\"><strong data-start=\"1585\" data-end=\"1605\">Vikt per prilla:<\/strong> ca 0,73 g<\/p>\n<\/li>\n<li data-start=\"1618\" data-end=\"1651\">\n<p data-start=\"1620\" data-end=\"1651\"><strong data-start=\"1620\" data-end=\"1639\">Nettovikt\/dosa:<\/strong> ca 15,4 g<\/p>\n<\/li>\n<\/ul>\n<hr data-start=\"1653\" data-end=\"1656\" \/>\n<h3 data-start=\"1658\" data-end=\"1714\">D\u00e4rf\u00f6r v\u00e4ljer snusare XR General Slim White Portion:<\/h3>\n<p data-start=\"1716\" data-end=\"1952\">\u2705 Klassisk Generalsmak med bergamott och tobak<br data-start=\"1762\" data-end=\"1765\" \/>\u2705 Slim-format \u2013 diskret och bekv\u00e4mt under l\u00e4ppen<br data-start=\"1813\" data-end=\"1816\" \/>\u2705 White portion \u2013 l\u00e5g rinnighet, l\u00e5ng smak<br data-start=\"1858\" data-end=\"1861\" \/>\u2705 Perfekt balans mellan tradition och nyt\u00e4nk<br data-start=\"1905\" data-end=\"1908\" \/>\u2705 Levereras tryggt och snabbt fr\u00e5n Veloop.se<\/p>\n<hr data-start=\"1954\" data-end=\"1957\" \/>\n<p data-start=\"1959\" data-end=\"2106\">Best\u00e4ll <strong data-start=\"1967\" data-end=\"2000\">XR General Slim White Portion<\/strong> fr\u00e5n <strong data-start=\"2006\" data-end=\"2019\">Veloop.se<\/strong> \u2013 en klassisk smak i ett uppdaterat, diskret format som passar n\u00e4r som helst p\u00e5 dagen.<\/p>","protected":false},"excerpt":{"rendered":"<h1 class=\"mb-16 sm:mb-24\">XR General Slim White Portion<\/h1>\n<h2 data-start=\"249\" data-end=\"329\">XR General Slim White Portion \u2013 Klassisk generalsmak i modern slimmad design<\/h2>\n<p><strong data-start=\"2131\" data-end=\"2164\">XR General Slim White Portion<\/strong> \u00e4r en modern version av General \u2013 med smak av tobak, citrus och bergamott i ett slim och diskret white portion-format.<br data-start=\"2283\" data-end=\"2286\" \/>\ud83d\udc49 Se hela v\u00e5rt <a class=\"\" href=\"https:\/\/snus-malmo.se\/sv\/white-portion\/\" target=\"_new\" rel=\"noopener\" data-start=\"2302\" data-end=\"2369\"><strong data-start=\"2303\" data-end=\"2334\">White Portion-sortiment h\u00e4r<\/strong><\/a>.<\/p>","protected":false},"featured_media":61442,"comment_status":"open","ping_status":"closed","template":"","meta":[],"product_brand":[372],"product_cat":[88,73,137,368,135,128],"product_tag":[],"class_list":{"0":"post-53428","1":"product","2":"type-product","3":"status-publish","4":"has-post-thumbnail","6":"product_brand-xr","7":"product_cat-general","8":"product_cat-portionssnus","9":"product_cat-slim","10":"product_cat-snus-tobakssnus-traditionellt-snus","11":"product_cat-white-portion","12":"product_cat-xrgoteborgsrape","14":"first","15":"instock","16":"taxable","17":"shipping-taxable","18":"purchasable","19":"product-type-variable"},"_links":{"self":[{"href":"https:\/\/snus-malmo.se\/sv\/wp-json\/wp\/v2\/product\/53428","targetHints":{"allow":["GET"]}}],"collection":[{"href":"https:\/\/snus-malmo.se\/sv\/wp-json\/wp\/v2\/product"}],"about":[{"href":"https:\/\/snus-malmo.se\/sv\/wp-json\/wp\/v2\/types\/product"}],"replies":[{"embeddable":true,"href":"https:\/\/snus-malmo.se\/sv\/wp-json\/wp\/v2\/comments?post=53428"}],"version-history":[{"count":0,"href":"https:\/\/snus-malmo.se\/sv\/wp-json\/wp\/v2\/product\/53428\/revisions"}],"wp:featuredmedia":[{"embeddable":true,"href":"https:\/\/snus-malmo.se\/sv\/wp-json\/wp\/v2\/media\/61442"}],"wp:attachment":[{"href":"https:\/\/snus-malmo.se\/sv\/wp-json\/wp\/v2\/media?parent=53428"}],"wp:term":[{"taxonomy":"product_brand","embeddable":true,"href":"https:\/\/snus-malmo.se\/sv\/wp-json\/wp\/v2\/product_brand?post=53428"},{"taxonomy":"product_cat","embeddable":true,"href":"https:\/\/snus-malmo.se\/sv\/wp-json\/wp\/v2\/product_cat?post=53428"},{"taxonomy":"product_tag","embeddable":true,"href":"https:\/\/snus-malmo.se\/sv\/wp-json\/wp\/v2\/product_tag?post=53428"}],"curies":[{"name":"wp","href":"https:\/\/api.w.org\/{rel}","templated":true}]}}