{"id":53449,"date":"2025-05-23T16:57:02","date_gmt":"2025-05-23T16:57:02","guid":{"rendered":"https:\/\/snus-malmo.se\/?post_type=product&#038;p=53449"},"modified":"2025-08-05T00:05:32","modified_gmt":"2025-08-05T00:05:32","slug":"lundgrens-manskara","status":"publish","type":"product","link":"https:\/\/snus-malmo.se\/sv\/produkt\/lundgrens-manskara\/","title":{"rendered":"Lundgrens M\u00e5nsk\u00e4ra"},"content":{"rendered":"<h1 data-start=\"254\" data-end=\"333\"><strong data-start=\"256\" data-end=\"333\">Lundgrens M\u00e5nsk\u00e4ra All White<\/strong><\/h1>\n<h2 data-start=\"254\" data-end=\"333\"><strong data-start=\"256\" data-end=\"333\">Lundgrens M\u00e5nsk\u00e4ra All White \u2013 Tobaksfritt snus med mild och blommig smak<\/strong><\/h2>\n<p data-start=\"335\" data-end=\"646\"><strong data-start=\"335\" data-end=\"367\">Lundgrens M\u00e5nsk\u00e4ra All White<\/strong> \u00e4r ett tobaksfritt snus med en mjuk och rund smakprofil, inspirerad av den svenska sommarnattens stillhet. Med milda, blommiga toner och balanserad nikotinhalt erbjuder M\u00e5nsk\u00e4ra en behaglig och diskret nikotinupplevelse \u2013 i ett vitt, fr\u00e4scht format som inte missf\u00e4rgar t\u00e4nderna.<\/p>\n<p data-start=\"648\" data-end=\"777\">Det h\u00e4r \u00e4r det perfekta valet f\u00f6r dig som s\u00f6ker ett milt All White-snus med naturliga smaker och l\u00e5g rinnighet \u2013 helt utan tobak.<\/p>\n<p data-start=\"779\" data-end=\"834\">\ud83c\udf19 <strong data-start=\"782\" data-end=\"834\">D\u00e4rf\u00f6r ska du v\u00e4lja Lundgrens M\u00e5nsk\u00e4ra All White<\/strong><\/p>\n<ul data-start=\"836\" data-end=\"1135\">\n<li data-start=\"836\" data-end=\"882\">\n<p data-start=\"838\" data-end=\"882\">Tobaksfritt snus med blommig och mild smak<\/p>\n<\/li>\n<li data-start=\"883\" data-end=\"943\">\n<p data-start=\"885\" data-end=\"943\">All White-format \u2013 vitt f\u00f6re, under och efter anv\u00e4ndning<\/p>\n<\/li>\n<li data-start=\"944\" data-end=\"1000\">\n<p data-start=\"946\" data-end=\"1000\">Balanserad nikotinstyrka f\u00f6r en l\u00e4tt men tydlig kick<\/p>\n<\/li>\n<li data-start=\"1001\" data-end=\"1046\">\n<p data-start=\"1003\" data-end=\"1046\">V\u00e4xtfiberbaserade prillor i normalstorlek<\/p>\n<\/li>\n<li data-start=\"1047\" data-end=\"1084\">\n<p data-start=\"1049\" data-end=\"1084\">L\u00e5g rinnighet och bekv\u00e4m passform<\/p>\n<\/li>\n<li data-start=\"1085\" data-end=\"1135\">\n<p data-start=\"1087\" data-end=\"1135\">Tillverkat av <strong data-start=\"1101\" data-end=\"1135\">British American Tobacco (BAT)<\/strong><\/p>\n<\/li>\n<\/ul>\n<p data-start=\"1137\" data-end=\"1183\">\ud83d\udce6 <strong data-start=\"1140\" data-end=\"1183\">Produktinformation \u2013 Lundgrens M\u00e5nsk\u00e4ra<\/strong><\/p>\n<ul data-start=\"1185\" data-end=\"1489\">\n<li data-start=\"1185\" data-end=\"1213\">\n<p data-start=\"1187\" data-end=\"1213\"><strong data-start=\"1187\" data-end=\"1201\">Varum\u00e4rke:<\/strong> Lundgrens<\/p>\n<\/li>\n<li data-start=\"1214\" data-end=\"1255\">\n<p data-start=\"1216\" data-end=\"1255\"><strong data-start=\"1216\" data-end=\"1231\">Produkttyp:<\/strong> All White (tobaksfri)<\/p>\n<\/li>\n<li data-start=\"1256\" data-end=\"1278\">\n<p data-start=\"1258\" data-end=\"1278\"><strong data-start=\"1258\" data-end=\"1269\">Format:<\/strong> Normal<\/p>\n<\/li>\n<li data-start=\"1279\" data-end=\"1319\">\n<p data-start=\"1281\" data-end=\"1319\"><strong data-start=\"1281\" data-end=\"1296\">Smakprofil:<\/strong> Blommig, mild, \u00f6rtig<\/p>\n<\/li>\n<li data-start=\"1320\" data-end=\"1351\">\n<p data-start=\"1322\" data-end=\"1351\"><strong data-start=\"1322\" data-end=\"1338\">Nikotinhalt:<\/strong> ca 10 mg\/g<\/p>\n<\/li>\n<li data-start=\"1352\" data-end=\"1387\">\n<p data-start=\"1354\" data-end=\"1387\"><strong data-start=\"1354\" data-end=\"1372\">Nikotinstyrka:<\/strong> Medium (2\/4)<\/p>\n<\/li>\n<li data-start=\"1388\" data-end=\"1418\">\n<p data-start=\"1390\" data-end=\"1418\"><strong data-start=\"1390\" data-end=\"1413\">Portioner per dosa:<\/strong> 21<\/p>\n<\/li>\n<li data-start=\"1419\" data-end=\"1445\">\n<p data-start=\"1421\" data-end=\"1445\"><strong data-start=\"1421\" data-end=\"1436\">Total vikt:<\/strong> 16,8 g<\/p>\n<\/li>\n<li data-start=\"1446\" data-end=\"1489\">\n<p data-start=\"1448\" data-end=\"1489\"><strong data-start=\"1448\" data-end=\"1464\">Tillverkare:<\/strong> British American Tobacco<\/p>\n<\/li>\n<\/ul>\n<p data-start=\"1491\" data-end=\"1550\">\ud83c\udf3c <strong data-start=\"1494\" data-end=\"1550\">Lundgrens M\u00e5nsk\u00e4ra \u2013 Diskret nikotin i naturlig smak<\/strong><\/p>\n<p data-start=\"1552\" data-end=\"1826\">M\u00e5nsk\u00e4ra \u00e4r en del av <strong data-start=\"1574\" data-end=\"1603\">Lundgrens All White-serie<\/strong>, utvecklad f\u00f6r dig som vill ha ett tobaksfritt snus med autentiska, naturliga smaker. Den blommiga och milda karakt\u00e4ren g\u00f6r detta snus perfekt f\u00f6r b\u00e5de nyb\u00f6rjare och vana anv\u00e4ndare som vill ha en l\u00e4ttare nikotinupplevelse.<\/p>\n<p data-start=\"1828\" data-end=\"1901\">\ud83d\udca8 <strong data-start=\"1831\" data-end=\"1901\">Tobaksfritt snus med l\u00e5g rinnighet \u2013 perfekt f\u00f6r vardagsanv\u00e4ndning<\/strong><\/p>\n<p data-start=\"1903\" data-end=\"2126\">Med sin diskreta prilla, fr\u00e4scha k\u00e4nsla och balanserade styrka \u00e4r <strong data-start=\"1969\" data-end=\"2001\">Lundgrens M\u00e5nsk\u00e4ra All White<\/strong> ett utm\u00e4rkt val f\u00f6r dig som vill ha ett modernt och fr\u00e4scht snus utan tobak \u2013 men med smak och k\u00e4nsla som h\u00e5ller hela dagen.<\/p>\n<p data-start=\"2128\" data-end=\"2188\">\ud83d\uded2 <strong data-start=\"2131\" data-end=\"2188\">K\u00f6p Lundgrens M\u00e5nsk\u00e4ra All White online hos Veloop.se<\/strong><\/p>\n<p data-start=\"2190\" data-end=\"2341\">Hos <strong data-start=\"2194\" data-end=\"2207\">Veloop.se<\/strong> best\u00e4ller du snabbt och enkelt <strong data-start=\"2239\" data-end=\"2261\">Lundgrens M\u00e5nsk\u00e4ra<\/strong> \u2013 alltid med f\u00e4rskt lager, trygga betalningar och snabb leverans till din d\u00f6rr.<\/p>\n<p data-start=\"2343\" data-end=\"2550\">\ud83d\udc49 <strong data-start=\"2346\" data-end=\"2445\">Best\u00e4ll Lundgrens M\u00e5nsk\u00e4ra All White idag \u2013 f\u00f6r en mild, naturlig och tobaksfri snusupplevelse.<\/strong><br data-start=\"2445\" data-end=\"2448\" \/>\ud83d\udc49 <strong data-start=\"2451\" data-end=\"2489\">Se hela Lundgrens-sortimentet h\u00e4r:<\/strong> <a class=\"\" href=\"https:\/\/snus-malmo.se\/sv\/lundgrens\/\" target=\"_new\" rel=\"noopener\" data-start=\"2490\" data-end=\"2550\">https:\/\/snus-malmo.se\/lundgrens\/<\/a><\/p>","protected":false},"excerpt":{"rendered":"<h1 data-start=\"254\" data-end=\"333\"><strong data-start=\"256\" data-end=\"333\">Lundgrens M\u00e5nsk\u00e4ra All White<\/strong><\/h1>\n<p><strong data-start=\"168\" data-end=\"200\">Lundgrens M\u00e5nsk\u00e4ra All White<\/strong> \u00e4r ett tobaksfritt snus med mild, blommig smak och balanserad nikotinstyrka. Med v\u00e4xtfiberbaserade prillor i All White-format f\u00e5r du en fr\u00e4sch och diskret snusupplevelse \u2013 helt utan tobak.<\/p>\n<p>&nbsp;<\/p>\n<p>\ud83d\udc49 <strong data-start=\"2451\" data-end=\"2489\">Se hela Lundgrens-sortimentet h\u00e4r:<\/strong> <a class=\"\" href=\"https:\/\/snus-malmo.se\/sv\/lundgrens\/\" target=\"_new\" rel=\"noopener\" data-start=\"2490\" data-end=\"2550\">https:\/\/snus-malmo.se\/lundgrens\/<\/a><\/p>","protected":false},"featured_media":60385,"comment_status":"open","ping_status":"closed","template":"","meta":[],"product_brand":[358],"product_cat":[136,104,135],"product_tag":[],"class_list":{"0":"post-53449","1":"product","2":"type-product","3":"status-publish","4":"has-post-thumbnail","6":"product_brand-lundgrens","7":"product_cat-all-whites","8":"product_cat-lundgrens","9":"product_cat-white-portion","11":"first","12":"instock","13":"taxable","14":"shipping-taxable","15":"purchasable","16":"product-type-variable"},"_links":{"self":[{"href":"https:\/\/snus-malmo.se\/sv\/wp-json\/wp\/v2\/product\/53449","targetHints":{"allow":["GET"]}}],"collection":[{"href":"https:\/\/snus-malmo.se\/sv\/wp-json\/wp\/v2\/product"}],"about":[{"href":"https:\/\/snus-malmo.se\/sv\/wp-json\/wp\/v2\/types\/product"}],"replies":[{"embeddable":true,"href":"https:\/\/snus-malmo.se\/sv\/wp-json\/wp\/v2\/comments?post=53449"}],"version-history":[{"count":0,"href":"https:\/\/snus-malmo.se\/sv\/wp-json\/wp\/v2\/product\/53449\/revisions"}],"wp:featuredmedia":[{"embeddable":true,"href":"https:\/\/snus-malmo.se\/sv\/wp-json\/wp\/v2\/media\/60385"}],"wp:attachment":[{"href":"https:\/\/snus-malmo.se\/sv\/wp-json\/wp\/v2\/media?parent=53449"}],"wp:term":[{"taxonomy":"product_brand","embeddable":true,"href":"https:\/\/snus-malmo.se\/sv\/wp-json\/wp\/v2\/product_brand?post=53449"},{"taxonomy":"product_cat","embeddable":true,"href":"https:\/\/snus-malmo.se\/sv\/wp-json\/wp\/v2\/product_cat?post=53449"},{"taxonomy":"product_tag","embeddable":true,"href":"https:\/\/snus-malmo.se\/sv\/wp-json\/wp\/v2\/product_tag?post=53449"}],"curies":[{"name":"wp","href":"https:\/\/api.w.org\/{rel}","templated":true}]}}