{"id":53483,"date":"2025-05-23T16:57:05","date_gmt":"2025-05-23T16:57:05","guid":{"rendered":"https:\/\/snus-malmo.se\/?post_type=product&#038;p=53483"},"modified":"2025-07-14T09:49:27","modified_gmt":"2025-07-14T09:49:27","slug":"kapten-original-portion-stark","status":"publish","type":"product","link":"https:\/\/snus-malmo.se\/sv\/produkt\/kapten-original-portion-stark\/","title":{"rendered":"Kapten Original Portion Stark"},"content":{"rendered":"<h1 class=\"mb-16 sm:mb-24\">Kapten Original Portion Stark<\/h1>\n<h2 data-start=\"123\" data-end=\"165\">\u2693\ufe0f <strong data-start=\"130\" data-end=\"163\">Kapten Original Portion Stark<\/strong><\/h2>\n<h3 data-start=\"166\" data-end=\"227\"><strong data-start=\"166\" data-end=\"227\">\u2693\ufe0f Klassisk Tobakssmak med Extra Styrka i Originalportion<\/strong><\/h3>\n<p data-start=\"229\" data-end=\"547\"><strong data-start=\"229\" data-end=\"262\">Kapten Original Portion Stark<\/strong> erbjuder den klassiska och runda tobakssmaken fr\u00e5n Kapten \u2013 men med en tydligt f\u00f6rst\u00e4rkt nikotinhalt f\u00f6r dig som vill ha lite mer kraft i varje prilla. Den v\u00e4lbalanserade och smakrika profilen kombineras med en starkare kick, vilket g\u00f6r detta till ett popul\u00e4rt val bland vana snusare.<\/p>\n<p data-start=\"549\" data-end=\"770\">De fuktiga originalportionerna s\u00e4kerst\u00e4ller snabb och j\u00e4mn smakrelease, vilket ger en autentisk och njutbar snusupplevelse. Kapten Stark \u00e4r perfekt f\u00f6r dig som vill ha styrka utan att kompromissa med den klassiska smaken.<\/p>\n<hr data-start=\"772\" data-end=\"775\" \/>\n<h3 data-start=\"777\" data-end=\"836\">\ud83d\udd0d <strong data-start=\"780\" data-end=\"834\">Produktinformation \u2013 Kapten Original Portion Stark<\/strong><\/h3>\n<ul data-start=\"837\" data-end=\"1137\">\n<li data-start=\"837\" data-end=\"862\">\n<p data-start=\"839\" data-end=\"862\"><strong data-start=\"839\" data-end=\"853\">Varum\u00e4rke:<\/strong> Kapten<\/p>\n<\/li>\n<li data-start=\"863\" data-end=\"898\">\n<p data-start=\"865\" data-end=\"898\"><strong data-start=\"865\" data-end=\"873\">Typ:<\/strong> Stark Original Portion<\/p>\n<\/li>\n<li data-start=\"899\" data-end=\"920\">\n<p data-start=\"901\" data-end=\"920\"><strong data-start=\"901\" data-end=\"912\">Format:<\/strong> Large<\/p>\n<\/li>\n<li data-start=\"921\" data-end=\"984\">\n<p data-start=\"923\" data-end=\"984\"><strong data-start=\"923\" data-end=\"938\">Smakprofil:<\/strong> Klassisk tobak med rund och fyllig karakt\u00e4r<\/p>\n<\/li>\n<li data-start=\"985\" data-end=\"1006\">\n<p data-start=\"987\" data-end=\"1006\"><strong data-start=\"987\" data-end=\"998\">Styrka:<\/strong> Stark<\/p>\n<\/li>\n<li data-start=\"1007\" data-end=\"1054\">\n<p data-start=\"1009\" data-end=\"1054\"><strong data-start=\"1009\" data-end=\"1025\">Nikotinhalt:<\/strong> ca 1,2 % (ca 12 mg\/prilla)<\/p>\n<\/li>\n<li data-start=\"1055\" data-end=\"1086\">\n<p data-start=\"1057\" data-end=\"1086\"><strong data-start=\"1057\" data-end=\"1075\">Antal prillor:<\/strong> ca 24 st<\/p>\n<\/li>\n<li data-start=\"1087\" data-end=\"1115\">\n<p data-start=\"1089\" data-end=\"1115\"><strong data-start=\"1089\" data-end=\"1103\">Nettovikt:<\/strong> ca 21,6 g<\/p>\n<\/li>\n<li data-start=\"1116\" data-end=\"1137\">\n<p data-start=\"1118\" data-end=\"1137\"><strong data-start=\"1118\" data-end=\"1131\">Fukthalt:<\/strong> H\u00f6g<\/p>\n<\/li>\n<\/ul>\n<hr data-start=\"1139\" data-end=\"1142\" \/>\n<p data-start=\"1144\" data-end=\"1453\">\u2b50 <strong data-start=\"1146\" data-end=\"1193\">Varf\u00f6r v\u00e4lja Kapten Original Portion Stark:<\/strong><br data-start=\"1193\" data-end=\"1196\" \/>\u2705 Klassisk tobakssmak med extra styrka<br data-start=\"1234\" data-end=\"1237\" \/>\u2705 Fuktig originalportion f\u00f6r snabb och effektiv smak- och nikotinrelease<br data-start=\"1309\" data-end=\"1312\" \/>\u2705 Ett starkt alternativ f\u00f6r vana snusare som vill ha kraft och kvalitet<br data-start=\"1383\" data-end=\"1386\" \/>\u2705 Ett popul\u00e4rt val f\u00f6r dig som s\u00f6ker tradition med lite extra kraft<\/p>\n<hr data-start=\"1455\" data-end=\"1458\" \/>\n<p data-start=\"1460\" data-end=\"1693\">\ud83d\uded2 <strong data-start=\"1463\" data-end=\"1514\">K\u00f6p Kapten Original Portion Stark hos Veloop.se<\/strong><br data-start=\"1514\" data-end=\"1517\" \/>Hos <strong data-start=\"1521\" data-end=\"1534\">Veloop.se<\/strong> f\u00e5r du alltid f\u00e4rskt snus med snabb leverans och bra priser. Uppt\u00e4ck varf\u00f6r Kapten Original Portion Stark \u00e4r ett favoritval bland starksnusare i hela Sverige.<\/p>\n<p data-start=\"1695\" data-end=\"1800\">\ud83d\udc49 <strong data-start=\"1698\" data-end=\"1800\">Best\u00e4ll idag och upplev styrkan och smaken i Kapten Original Portion Stark \u2013 endast hos Veloop.se!<\/strong><\/p>","protected":false},"excerpt":{"rendered":"<h1 class=\"mb-16 sm:mb-24\">Kapten Original Portion Stark<\/h1>\n<h2 data-start=\"123\" data-end=\"165\">\u2693\ufe0f <strong data-start=\"130\" data-end=\"163\">Kapten Original Portion Stark<\/strong><\/h2>\n<h3 data-start=\"166\" data-end=\"227\"><strong data-start=\"166\" data-end=\"227\">\u2693\ufe0f Klassisk Tobakssmak med Extra Styrka i Originalportion<\/strong><\/h3>\n<p><strong data-start=\"1858\" data-end=\"1891\">Kapten Original Portion Stark<\/strong> \u2013 klassiskt snus med rund tobakssmak och extra styrka i fuktig originalportion. Perfekt f\u00f6r vana snusare.<\/p>","protected":false},"featured_media":61280,"comment_status":"open","ping_status":"closed","template":"","meta":[],"product_brand":[373],"product_cat":[96,362,73,368,354],"product_tag":[],"class_list":{"0":"post-53483","1":"product","2":"type-product","3":"status-publish","4":"has-post-thumbnail","6":"product_brand-kapten-snus","7":"product_cat-kapten","8":"product_cat-original-portion","9":"product_cat-portionssnus","10":"product_cat-snus-tobakssnus-traditionellt-snus","11":"product_cat-strongstark","13":"first","14":"instock","15":"taxable","16":"shipping-taxable","17":"purchasable","18":"product-type-simple"},"_links":{"self":[{"href":"https:\/\/snus-malmo.se\/sv\/wp-json\/wp\/v2\/product\/53483","targetHints":{"allow":["GET"]}}],"collection":[{"href":"https:\/\/snus-malmo.se\/sv\/wp-json\/wp\/v2\/product"}],"about":[{"href":"https:\/\/snus-malmo.se\/sv\/wp-json\/wp\/v2\/types\/product"}],"replies":[{"embeddable":true,"href":"https:\/\/snus-malmo.se\/sv\/wp-json\/wp\/v2\/comments?post=53483"}],"version-history":[{"count":0,"href":"https:\/\/snus-malmo.se\/sv\/wp-json\/wp\/v2\/product\/53483\/revisions"}],"wp:featuredmedia":[{"embeddable":true,"href":"https:\/\/snus-malmo.se\/sv\/wp-json\/wp\/v2\/media\/61280"}],"wp:attachment":[{"href":"https:\/\/snus-malmo.se\/sv\/wp-json\/wp\/v2\/media?parent=53483"}],"wp:term":[{"taxonomy":"product_brand","embeddable":true,"href":"https:\/\/snus-malmo.se\/sv\/wp-json\/wp\/v2\/product_brand?post=53483"},{"taxonomy":"product_cat","embeddable":true,"href":"https:\/\/snus-malmo.se\/sv\/wp-json\/wp\/v2\/product_cat?post=53483"},{"taxonomy":"product_tag","embeddable":true,"href":"https:\/\/snus-malmo.se\/sv\/wp-json\/wp\/v2\/product_tag?post=53483"}],"curies":[{"name":"wp","href":"https:\/\/api.w.org\/{rel}","templated":true}]}}