{"id":53486,"date":"2025-05-23T16:57:05","date_gmt":"2025-05-23T16:57:05","guid":{"rendered":"https:\/\/snus-malmo.se\/?post_type=product&#038;p=53486"},"modified":"2025-07-25T12:58:33","modified_gmt":"2025-07-25T12:58:33","slug":"nick-johnny-red-hot-portion-extra-strong","status":"publish","type":"product","link":"https:\/\/snus-malmo.se\/sv\/produkt\/nick-johnny-red-hot-portion-extra-strong\/","title":{"rendered":"Nick &#038; Johnny Red Hot Portion Extra Strong"},"content":{"rendered":"<h1 class=\"mb-16 sm:mb-24\">Nick &amp; Johnny Red Hot Portion Extra Strong<\/h1>\n<h1 data-start=\"187\" data-end=\"242\">\ud83d\udd34 <strong data-start=\"194\" data-end=\"240\">Nick &amp; Johnny Red Hot Portion Extra Strong<\/strong><\/h1>\n<h2 data-start=\"243\" data-end=\"313\"><strong data-start=\"243\" data-end=\"313\">\ud83d\udd34 Het Tobak med Kanel, Chili &amp; Kryddnejlika i Extra Stark Portion<\/strong><\/h2>\n<p data-start=\"315\" data-end=\"591\"><strong data-start=\"315\" data-end=\"361\">Nick &amp; Johnny Red Hot Portion Extra Strong<\/strong> \u00e4r ett kraftfullt snus f\u00f6r dig som s\u00f6ker intensitet i b\u00e5de smak och styrka. Med en smakprofil som f\u00f6renar m\u00f6rk tobak med hetta fr\u00e5n kanel, chili, pomerans och kryddnejlika, erbjuder denna produkt en unik och eldig snusupplevelse.<\/p>\n<p data-start=\"593\" data-end=\"816\">Fuktiga originalportioner i stort format ger en omedelbar smak- och nikotineffekt. Med en nikotinhalt p\u00e5 ca <strong data-start=\"701\" data-end=\"723\">16,5 mg per prilla<\/strong> riktar sig Red Hot till vana snusare som vill ha ett tydligt sting \u2013 b\u00e5de i smak och styrka.<\/p>\n<hr data-start=\"818\" data-end=\"821\" \/>\n<h3 data-start=\"823\" data-end=\"893\">\ud83d\udd0d <strong data-start=\"826\" data-end=\"893\">Produktinformation \u2013 Nick &amp; Johnny Red Hot Portion Extra Strong<\/strong><\/h3>\n<ul data-start=\"895\" data-end=\"1230\">\n<li data-start=\"895\" data-end=\"927\">\n<p data-start=\"897\" data-end=\"927\"><strong data-start=\"897\" data-end=\"911\">Varum\u00e4rke:<\/strong> Nick &amp; Johnny<\/p>\n<\/li>\n<li data-start=\"928\" data-end=\"970\">\n<p data-start=\"930\" data-end=\"970\"><strong data-start=\"930\" data-end=\"938\">Typ:<\/strong> Extra Strong Original Portion<\/p>\n<\/li>\n<li data-start=\"971\" data-end=\"992\">\n<p data-start=\"973\" data-end=\"992\"><strong data-start=\"973\" data-end=\"984\">Format:<\/strong> Large<\/p>\n<\/li>\n<li data-start=\"993\" data-end=\"1061\">\n<p data-start=\"995\" data-end=\"1061\"><strong data-start=\"995\" data-end=\"1010\">Smakprofil:<\/strong> M\u00f6rk tobak, kanel, chili, kryddnejlika, pomerans<\/p>\n<\/li>\n<li data-start=\"1062\" data-end=\"1090\">\n<p data-start=\"1064\" data-end=\"1090\"><strong data-start=\"1064\" data-end=\"1075\">Styrka:<\/strong> Extra Strong<\/p>\n<\/li>\n<li data-start=\"1091\" data-end=\"1140\">\n<p data-start=\"1093\" data-end=\"1140\"><strong data-start=\"1093\" data-end=\"1109\">Nikotinhalt:<\/strong> ca 1,5\u202f% (ca 16,5 mg\/prilla)<\/p>\n<\/li>\n<li data-start=\"1141\" data-end=\"1172\">\n<p data-start=\"1143\" data-end=\"1172\"><strong data-start=\"1143\" data-end=\"1161\">Antal prillor:<\/strong> ca 20 st<\/p>\n<\/li>\n<li data-start=\"1173\" data-end=\"1199\">\n<p data-start=\"1175\" data-end=\"1199\"><strong data-start=\"1175\" data-end=\"1189\">Nettovikt:<\/strong> ca 22 g<\/p>\n<\/li>\n<li data-start=\"1200\" data-end=\"1230\">\n<p data-start=\"1202\" data-end=\"1230\"><strong data-start=\"1202\" data-end=\"1219\">Portionsvikt:<\/strong> ca 1,1 g<\/p>\n<\/li>\n<\/ul>\n<hr data-start=\"1232\" data-end=\"1235\" \/>\n<p data-start=\"1237\" data-end=\"1468\">\u2b50 <strong data-start=\"1239\" data-end=\"1287\">D\u00e4rf\u00f6r v\u00e4ljer snusare Nick &amp; Johnny Red Hot:<\/strong><br data-start=\"1287\" data-end=\"1290\" \/>\u2705 Kraftfull smak med kryddig hetta och s\u00f6tma<br data-start=\"1334\" data-end=\"1337\" \/>\u2705 Extra stark nikotinhalt f\u00f6r vana anv\u00e4ndare<br data-start=\"1381\" data-end=\"1384\" \/>\u2705 Fuktig originalportion f\u00f6r snabb smakrelease<br data-start=\"1430\" data-end=\"1433\" \/>\u2705 En dj\u00e4rv snus med unik smakprofil<\/p>\n<hr data-start=\"1470\" data-end=\"1473\" \/>\n<p data-start=\"1475\" data-end=\"1719\">\ud83d\uded2 <strong data-start=\"1478\" data-end=\"1542\">K\u00f6p Nick &amp; Johnny Red Hot Portion Extra Strong hos Veloop.se<\/strong><br data-start=\"1542\" data-end=\"1545\" \/>Hos <strong data-start=\"1549\" data-end=\"1562\">Veloop.se<\/strong> f\u00e5r du alltid f\u00e4rskt snus, snabb leverans och bra priser. Red Hot \u00e4r ett perfekt val f\u00f6r dig som s\u00f6ker en smakrik snus med extra styrka och tydlig karakt\u00e4r.<\/p>\n<p data-start=\"1721\" data-end=\"1805\">\ud83d\udc49 <strong data-start=\"1724\" data-end=\"1805\">Best\u00e4ll idag och upplev kraften i Nick &amp; Johnny Red Hot \u2013 bara hos Veloop.se!<\/strong><\/p>","protected":false},"excerpt":{"rendered":"<h1 class=\"mb-16 sm:mb-24\">Nick &amp; Johnny Red Hot Portion Extra Strong<\/h1>\n<h1 data-start=\"187\" data-end=\"242\">\ud83d\udd34 <strong data-start=\"194\" data-end=\"240\">Nick &amp; Johnny Red Hot Portion Extra Strong<\/strong><\/h1>\n<h2 data-start=\"243\" data-end=\"313\"><strong data-start=\"243\" data-end=\"313\">\ud83d\udd34 Het Tobak med Kanel, Chili &amp; Kryddnejlika i Extra Stark Portion<\/strong><\/h2>\n<p><strong data-start=\"1864\" data-end=\"1910\">Nick &amp; Johnny Red Hot Portion Extra Strong<\/strong> \u2013 smakrik snus med m\u00f6rk tobak, kanel, chili och kryddnejlika. Extra stark (ca 16,5 mg\/prilla) i klassiskt originalformat.<\/p>","protected":false},"featured_media":61250,"comment_status":"open","ping_status":"closed","template":"","meta":[],"product_brand":[363],"product_cat":[107,362,73,368,354],"product_tag":[],"class_list":{"0":"post-53486","1":"product","2":"type-product","3":"status-publish","4":"has-post-thumbnail","6":"product_brand-nick-johnny","7":"product_cat-nick-johnny","8":"product_cat-original-portion","9":"product_cat-portionssnus","10":"product_cat-snus-tobakssnus-traditionellt-snus","11":"product_cat-strongstark","13":"first","14":"instock","15":"taxable","16":"shipping-taxable","17":"purchasable","18":"product-type-variable"},"_links":{"self":[{"href":"https:\/\/snus-malmo.se\/sv\/wp-json\/wp\/v2\/product\/53486","targetHints":{"allow":["GET"]}}],"collection":[{"href":"https:\/\/snus-malmo.se\/sv\/wp-json\/wp\/v2\/product"}],"about":[{"href":"https:\/\/snus-malmo.se\/sv\/wp-json\/wp\/v2\/types\/product"}],"replies":[{"embeddable":true,"href":"https:\/\/snus-malmo.se\/sv\/wp-json\/wp\/v2\/comments?post=53486"}],"version-history":[{"count":0,"href":"https:\/\/snus-malmo.se\/sv\/wp-json\/wp\/v2\/product\/53486\/revisions"}],"wp:featuredmedia":[{"embeddable":true,"href":"https:\/\/snus-malmo.se\/sv\/wp-json\/wp\/v2\/media\/61250"}],"wp:attachment":[{"href":"https:\/\/snus-malmo.se\/sv\/wp-json\/wp\/v2\/media?parent=53486"}],"wp:term":[{"taxonomy":"product_brand","embeddable":true,"href":"https:\/\/snus-malmo.se\/sv\/wp-json\/wp\/v2\/product_brand?post=53486"},{"taxonomy":"product_cat","embeddable":true,"href":"https:\/\/snus-malmo.se\/sv\/wp-json\/wp\/v2\/product_cat?post=53486"},{"taxonomy":"product_tag","embeddable":true,"href":"https:\/\/snus-malmo.se\/sv\/wp-json\/wp\/v2\/product_tag?post=53486"}],"curies":[{"name":"wp","href":"https:\/\/api.w.org\/{rel}","templated":true}]}}