{"id":53494,"date":"2025-05-23T16:57:05","date_gmt":"2025-05-23T16:57:05","guid":{"rendered":"https:\/\/snus-malmo.se\/?post_type=product&#038;p=53494"},"modified":"2025-07-14T09:50:43","modified_gmt":"2025-07-14T09:50:43","slug":"general-white-portion-strong","status":"publish","type":"product","link":"https:\/\/snus-malmo.se\/sv\/produkt\/general-white-portion-strong\/","title":{"rendered":"General White Portion Strong"},"content":{"rendered":"<h1 class=\"mb-16 sm:mb-24\">General White Portion Strong<\/h1>\n<h2 data-start=\"251\" data-end=\"316\">General White Portion Strong \u2013 Klassisk smak med extra styrka<\/h2>\n<p data-start=\"318\" data-end=\"654\"><strong data-start=\"318\" data-end=\"350\">General White Portion Strong<\/strong> \u00e4r ett premiumval f\u00f6r dig som vill ha den v\u00e4lk\u00e4nda, klassiska Generalsmaken med extra kraftfull nikotinhalt. Denna vita portion kombinerar den tidl\u00f6sa smaken av <strong data-start=\"512\" data-end=\"540\">ljus tobak och bergamott<\/strong> med en <strong data-start=\"548\" data-end=\"595\">starkare och mer intensiv nikotinupplevelse<\/strong> \u2013 perfekt f\u00f6r vana snusare som s\u00f6ker b\u00e5de smak och styrka.<\/p>\n<p data-start=\"656\" data-end=\"900\">Den torra ytan och fuktiga insidan ger en <strong data-start=\"698\" data-end=\"741\">l\u00e5g rinnighet och l\u00e5ngvarig smakrelease<\/strong>, vilket g\u00f6r att du kan njuta av snuset l\u00e4ngre utan obehag. Formatet \u00e4r ergonomiskt och sitter bekv\u00e4mt under l\u00e4ppen f\u00f6r en diskret och effektiv snusupplevelse.<\/p>\n<p data-start=\"902\" data-end=\"1030\">\ud83d\udfe6 Vill du se hela v\u00e5rt utbud av vita portioner? Bes\u00f6k v\u00e5rt <a class=\"\" href=\"https:\/\/snus-malmo.se\/sv\/white-portion\/\" target=\"_new\" rel=\"noopener\" data-start=\"962\" data-end=\"1029\"><strong data-start=\"963\" data-end=\"994\">White Portion-sortiment h\u00e4r<\/strong><\/a>.<\/p>\n<hr data-start=\"1032\" data-end=\"1035\" \/>\n<h3 data-start=\"1037\" data-end=\"1061\">Produktinformation:<\/h3>\n<ul data-start=\"1063\" data-end=\"1409\">\n<li data-start=\"1063\" data-end=\"1089\">\n<p data-start=\"1065\" data-end=\"1089\"><strong data-start=\"1065\" data-end=\"1079\">Varum\u00e4rke:<\/strong> General<\/p>\n<\/li>\n<li data-start=\"1090\" data-end=\"1123\">\n<p data-start=\"1092\" data-end=\"1123\"><strong data-start=\"1092\" data-end=\"1107\">Produkttyp:<\/strong> White Portion<\/p>\n<\/li>\n<li data-start=\"1124\" data-end=\"1146\">\n<p data-start=\"1126\" data-end=\"1146\"><strong data-start=\"1126\" data-end=\"1137\">Format:<\/strong> Normal<\/p>\n<\/li>\n<li data-start=\"1147\" data-end=\"1188\">\n<p data-start=\"1149\" data-end=\"1188\"><strong data-start=\"1149\" data-end=\"1164\">Smakprofil:<\/strong> Ljus tobak, Bergamott<\/p>\n<\/li>\n<li data-start=\"1189\" data-end=\"1210\">\n<p data-start=\"1191\" data-end=\"1210\"><strong data-start=\"1191\" data-end=\"1202\">Styrka:<\/strong> Stark<\/p>\n<\/li>\n<li data-start=\"1211\" data-end=\"1240\">\n<p data-start=\"1213\" data-end=\"1240\"><strong data-start=\"1213\" data-end=\"1229\">Nikotinhalt:<\/strong> ca 1,0 %<\/p>\n<\/li>\n<li data-start=\"1241\" data-end=\"1276\">\n<p data-start=\"1243\" data-end=\"1276\"><strong data-start=\"1243\" data-end=\"1266\">Nikotin per prilla:<\/strong> ca 8 mg<\/p>\n<\/li>\n<li data-start=\"1277\" data-end=\"1317\">\n<p data-start=\"1279\" data-end=\"1317\"><strong data-start=\"1279\" data-end=\"1306\">Antal prillor per dosa:<\/strong> ca 22 st<\/p>\n<\/li>\n<li data-start=\"1318\" data-end=\"1343\">\n<p data-start=\"1320\" data-end=\"1343\"><strong data-start=\"1320\" data-end=\"1333\">Fukthalt:<\/strong> ca 45 %<\/p>\n<\/li>\n<li data-start=\"1344\" data-end=\"1377\">\n<p data-start=\"1346\" data-end=\"1377\"><strong data-start=\"1346\" data-end=\"1366\">Vikt per prilla:<\/strong> ca 0,9 g<\/p>\n<\/li>\n<li data-start=\"1378\" data-end=\"1409\">\n<p data-start=\"1380\" data-end=\"1409\"><strong data-start=\"1380\" data-end=\"1399\">Nettovikt\/dosa:<\/strong> ca 20 g<\/p>\n<\/li>\n<\/ul>\n<hr data-start=\"1411\" data-end=\"1414\" \/>\n<h3 data-start=\"1416\" data-end=\"1471\">D\u00e4rf\u00f6r v\u00e4ljer snusare General White Portion Strong:<\/h3>\n<p data-start=\"1473\" data-end=\"1696\">\u2705 Klassisk Generalsmak med extra styrka<br data-start=\"1512\" data-end=\"1515\" \/>\u2705 White portion \u2013 l\u00e5g rinnighet och j\u00e4mn smakrelease<br data-start=\"1567\" data-end=\"1570\" \/>\u2705 Stark nikotinhalt f\u00f6r vana snusare<br data-start=\"1606\" data-end=\"1609\" \/>\u2705 Bekv\u00e4mt och diskret format f\u00f6r hela dagen<br data-start=\"1652\" data-end=\"1655\" \/>\u2705 Snabb och s\u00e4ker leverans fr\u00e5n Veloop.se<\/p>\n<hr data-start=\"1698\" data-end=\"1701\" \/>\n<p data-start=\"1703\" data-end=\"1831\">Best\u00e4ll <strong data-start=\"1711\" data-end=\"1743\">General White Portion Strong<\/strong> fr\u00e5n <strong data-start=\"1749\" data-end=\"1762\">Veloop.se<\/strong> och njut av en stark, klassisk snusupplevelse med Generals karakt\u00e4r.<\/p>","protected":false},"excerpt":{"rendered":"<h1 class=\"mb-16 sm:mb-24\">General White Portion Strong<\/h1>\n<h2 data-start=\"251\" data-end=\"316\">General White Portion Strong \u2013 Klassisk smak med extra styrka<\/h2>\n<p data-start=\"1856\" data-end=\"2098\"><strong data-start=\"1856\" data-end=\"1888\">General White Portion Strong<\/strong> erbjuder klassisk Generalsmak med extra kraft och l\u00e5g rinnighet \u2013 perfekt f\u00f6r den som vill ha stark snus.<br data-start=\"1994\" data-end=\"1997\" \/>\ud83d\udc49 Se fler vita portioner i v\u00e5rt <a class=\"\" href=\"https:\/\/snus-malmo.se\/sv\/white-portion\/\" target=\"_new\" rel=\"noopener\" data-start=\"2030\" data-end=\"2097\"><strong data-start=\"2031\" data-end=\"2062\">White Portion-sortiment h\u00e4r<\/strong><\/a>.<\/p>","protected":false},"featured_media":61508,"comment_status":"open","ping_status":"closed","template":"","meta":[],"product_brand":[],"product_cat":[88,73,368,354,135],"product_tag":[],"class_list":{"0":"post-53494","1":"product","2":"type-product","3":"status-publish","4":"has-post-thumbnail","6":"product_cat-general","7":"product_cat-portionssnus","8":"product_cat-snus-tobakssnus-traditionellt-snus","9":"product_cat-strongstark","10":"product_cat-white-portion","12":"first","13":"instock","14":"taxable","15":"shipping-taxable","16":"purchasable","17":"product-type-variable"},"_links":{"self":[{"href":"https:\/\/snus-malmo.se\/sv\/wp-json\/wp\/v2\/product\/53494","targetHints":{"allow":["GET"]}}],"collection":[{"href":"https:\/\/snus-malmo.se\/sv\/wp-json\/wp\/v2\/product"}],"about":[{"href":"https:\/\/snus-malmo.se\/sv\/wp-json\/wp\/v2\/types\/product"}],"replies":[{"embeddable":true,"href":"https:\/\/snus-malmo.se\/sv\/wp-json\/wp\/v2\/comments?post=53494"}],"version-history":[{"count":0,"href":"https:\/\/snus-malmo.se\/sv\/wp-json\/wp\/v2\/product\/53494\/revisions"}],"wp:featuredmedia":[{"embeddable":true,"href":"https:\/\/snus-malmo.se\/sv\/wp-json\/wp\/v2\/media\/61508"}],"wp:attachment":[{"href":"https:\/\/snus-malmo.se\/sv\/wp-json\/wp\/v2\/media?parent=53494"}],"wp:term":[{"taxonomy":"product_brand","embeddable":true,"href":"https:\/\/snus-malmo.se\/sv\/wp-json\/wp\/v2\/product_brand?post=53494"},{"taxonomy":"product_cat","embeddable":true,"href":"https:\/\/snus-malmo.se\/sv\/wp-json\/wp\/v2\/product_cat?post=53494"},{"taxonomy":"product_tag","embeddable":true,"href":"https:\/\/snus-malmo.se\/sv\/wp-json\/wp\/v2\/product_tag?post=53494"}],"curies":[{"name":"wp","href":"https:\/\/api.w.org\/{rel}","templated":true}]}}