{"id":53517,"date":"2025-05-23T16:57:07","date_gmt":"2025-05-23T16:57:07","guid":{"rendered":"https:\/\/snus-malmo.se\/?post_type=product&#038;p=53517"},"modified":"2025-07-22T21:06:04","modified_gmt":"2025-07-22T21:06:04","slug":"skruf-xtra-stark-portion-no-29","status":"publish","type":"product","link":"https:\/\/snus-malmo.se\/sv\/produkt\/skruf-xtra-stark-portion-no-29\/","title":{"rendered":"Skruf Xtra Stark Portion no.29"},"content":{"rendered":"<h1>Skruf Xtra Stark Portion no.29<\/h1>\n<h2 data-start=\"290\" data-end=\"363\"><strong data-start=\"294\" data-end=\"363\">Skruf Xtra Stark Portion No.29 \u2013 Klassisk smak med maximal styrka<\/strong><\/h2>\n<p data-start=\"365\" data-end=\"647\"><strong data-start=\"365\" data-end=\"399\">Skruf Xtra Stark Portion No.29<\/strong> \u00e4r ett <strong data-start=\"407\" data-end=\"432\">original portionssnus<\/strong> f\u00f6r dig som s\u00f6ker en <strong data-start=\"454\" data-end=\"485\">kraftfull nikotinupplevelse<\/strong> med en <strong data-start=\"493\" data-end=\"517\">autentisk tobakssmak<\/strong>. Den klassiska smaken avrundas med subtila toner av <strong data-start=\"570\" data-end=\"597\">bergamott och rosenolja<\/strong>, vilket ger en v\u00e4lbalanserad och djup smakprofil.<\/p>\n<p data-start=\"649\" data-end=\"944\">Till skillnad fr\u00e5n white portion \u00e4r original portionen n\u00e5got fuktigare, vilket ger en <strong data-start=\"735\" data-end=\"772\">snabbare smak- och nikotinrelease<\/strong>. Med en <strong data-start=\"781\" data-end=\"806\">extra h\u00f6g nikotinhalt<\/strong> \u2013 omkring <strong data-start=\"817\" data-end=\"831\">18\u201320 mg\/g<\/strong> \u2013 passar denna produkt utm\u00e4rkt f\u00f6r erfarna snusare som vill ha <strong data-start=\"895\" data-end=\"928\">intensiv effekt och full smak<\/strong> i varje prilla.<\/p>\n<hr data-start=\"946\" data-end=\"949\" \/>\n<h2 data-start=\"951\" data-end=\"1011\"><strong data-start=\"956\" data-end=\"1011\">Produktinformation \u2013 Skruf No.29 Xtra Stark Portion<\/strong><\/h2>\n<ul data-start=\"1012\" data-end=\"1350\">\n<li data-start=\"1012\" data-end=\"1084\">\n<p data-start=\"1014\" data-end=\"1084\"><strong data-start=\"1014\" data-end=\"1028\">Smakprofil<\/strong>: Klassisk tobak med inslag av bergamott och rosenolja<\/p>\n<\/li>\n<li data-start=\"1085\" data-end=\"1150\">\n<p data-start=\"1087\" data-end=\"1150\"><strong data-start=\"1087\" data-end=\"1094\">Typ<\/strong>: Original Portion \u2013 fuktig prilla f\u00f6r snabbare effekt<\/p>\n<\/li>\n<li data-start=\"1151\" data-end=\"1178\">\n<p data-start=\"1153\" data-end=\"1178\"><strong data-start=\"1153\" data-end=\"1163\">Styrka<\/strong>: Extra stark<\/p>\n<\/li>\n<li data-start=\"1179\" data-end=\"1245\">\n<p data-start=\"1181\" data-end=\"1245\"><strong data-start=\"1181\" data-end=\"1196\">Nikotinhalt<\/strong>: ca 18\u201320 mg\/g <em data-start=\"1212\" data-end=\"1243\">(kan variera n\u00e5got per batch)<\/em><\/p>\n<\/li>\n<li data-start=\"1246\" data-end=\"1283\">\n<p data-start=\"1248\" data-end=\"1283\"><strong data-start=\"1248\" data-end=\"1274\">Antal prillor per dosa<\/strong>: 24 st<\/p>\n<\/li>\n<li data-start=\"1284\" data-end=\"1316\">\n<p data-start=\"1286\" data-end=\"1316\"><strong data-start=\"1286\" data-end=\"1303\">Vikt per dosa<\/strong>: ca 21,6 g<\/p>\n<\/li>\n<li data-start=\"1317\" data-end=\"1350\">\n<p data-start=\"1319\" data-end=\"1350\"><strong data-start=\"1319\" data-end=\"1338\">Vikt per prilla<\/strong>: ca 0,9 g<\/p>\n<\/li>\n<\/ul>\n<hr data-start=\"1352\" data-end=\"1355\" \/>\n<h3 data-start=\"1357\" data-end=\"1378\"><strong data-start=\"1362\" data-end=\"1378\">Ingredienser<\/strong><\/h3>\n<p data-start=\"1379\" data-end=\"1495\">Tobak, vatten, fuktighetsbevarande medel (E1520), surhetsreglerande medel (E500), smakf\u00f6rst\u00e4rkare (koksalt), aromer.<\/p>\n<hr data-start=\"1497\" data-end=\"1500\" \/>\n<p data-start=\"1502\" data-end=\"1677\">\ud83d\udc49 <strong data-start=\"1505\" data-end=\"1557\">K\u00f6p Skruf Xtra Stark Portion No.29 hos veloop.se<\/strong>:<br data-start=\"1558\" data-end=\"1561\" \/><a class=\"\" href=\"https:\/\/snus-malmo.se\/sv\/produkt-kategori\/alla-produkter\/skruf\/\" target=\"_new\" rel=\"noopener\" data-start=\"1561\" data-end=\"1677\">https:\/\/snus-malmo.se\/product-category\/alla-produkter\/skruf\/<\/a><\/p>\n<p data-start=\"1679\" data-end=\"1916\">\ud83d\udd25 Utforska fler <a class=\"\" href=\"https:\/\/snus-malmo.se\/sv\/produkt-kategori\/alla-produkter\/skruf\/\" target=\"_new\" rel=\"noopener\" data-start=\"1696\" data-end=\"1781\">extra starka portionssnus<\/a><br data-start=\"1781\" data-end=\"1784\" \/>\ud83d\udd0d Se hela v\u00e5rt utbud av <a class=\"\" href=\"https:\/\/snus-malmo.se\/sv\/produkt-kategori\/alla-produkter\/skruf\/\" target=\"_new\" rel=\"noopener\" data-start=\"1809\" data-end=\"1879\">Skruf snus<\/a> \u2013 klassisk kvalitet och modern smak.<\/p>","protected":false},"excerpt":{"rendered":"<h1>Skruf Xtra Stark Portion no.29<\/h1>\n<p><strong data-start=\"1991\" data-end=\"2025\">Skruf Xtra Stark Portion No.29<\/strong> \u00e4r ett fuktigt originalsnus med kraftig tobakssmak och extra h\u00f6g nikotinhalt. 24 portioner per dosa \u2013 intensiv smak, snabb effekt.<\/p>\n<p data-start=\"1502\" data-end=\"1677\">\ud83d\udc49 <strong data-start=\"1505\" data-end=\"1557\">K\u00f6p Skruf Xtra Stark Portion No.29 hos veloop.se<\/strong>:<br data-start=\"1558\" data-end=\"1561\" \/><a class=\"\" href=\"https:\/\/snus-malmo.se\/sv\/produkt-kategori\/alla-produkter\/skruf\/\" target=\"_new\" rel=\"noopener\" data-start=\"1561\" data-end=\"1677\">https:\/\/snus-malmo.se\/product-category\/alla-produkter\/skruf\/<\/a><\/p>\n<p data-start=\"1679\" data-end=\"1916\">\ud83d\udd25 Utforska fler <a class=\"\" href=\"https:\/\/snus-malmo.se\/sv\/produkt-kategori\/alla-produkter\/skruf\/\" target=\"_new\" rel=\"noopener\" data-start=\"1696\" data-end=\"1781\">extra starka portionssnus<\/a><br data-start=\"1781\" data-end=\"1784\" \/>\ud83d\udd0d Se hela v\u00e5rt utbud av <a class=\"\" href=\"https:\/\/snus-malmo.se\/sv\/produkt-kategori\/alla-produkter\/skruf\/\" target=\"_new\" rel=\"noopener\" data-start=\"1809\" data-end=\"1879\">Skruf snus<\/a> \u2013 klassisk kvalitet och modern smak.<\/p>","protected":false},"featured_media":62454,"comment_status":"open","ping_status":"closed","template":"","meta":[],"product_brand":[360],"product_cat":[355,73,117],"product_tag":[],"class_list":{"0":"post-53517","1":"product","2":"type-product","3":"status-publish","4":"has-post-thumbnail","6":"product_brand-skruf","7":"product_cat-extra-strongextra-stark","8":"product_cat-portionssnus","9":"product_cat-skruf","11":"first","12":"instock","13":"taxable","14":"shipping-taxable","15":"purchasable","16":"product-type-variable"},"_links":{"self":[{"href":"https:\/\/snus-malmo.se\/sv\/wp-json\/wp\/v2\/product\/53517","targetHints":{"allow":["GET"]}}],"collection":[{"href":"https:\/\/snus-malmo.se\/sv\/wp-json\/wp\/v2\/product"}],"about":[{"href":"https:\/\/snus-malmo.se\/sv\/wp-json\/wp\/v2\/types\/product"}],"replies":[{"embeddable":true,"href":"https:\/\/snus-malmo.se\/sv\/wp-json\/wp\/v2\/comments?post=53517"}],"version-history":[{"count":0,"href":"https:\/\/snus-malmo.se\/sv\/wp-json\/wp\/v2\/product\/53517\/revisions"}],"wp:featuredmedia":[{"embeddable":true,"href":"https:\/\/snus-malmo.se\/sv\/wp-json\/wp\/v2\/media\/62454"}],"wp:attachment":[{"href":"https:\/\/snus-malmo.se\/sv\/wp-json\/wp\/v2\/media?parent=53517"}],"wp:term":[{"taxonomy":"product_brand","embeddable":true,"href":"https:\/\/snus-malmo.se\/sv\/wp-json\/wp\/v2\/product_brand?post=53517"},{"taxonomy":"product_cat","embeddable":true,"href":"https:\/\/snus-malmo.se\/sv\/wp-json\/wp\/v2\/product_cat?post=53517"},{"taxonomy":"product_tag","embeddable":true,"href":"https:\/\/snus-malmo.se\/sv\/wp-json\/wp\/v2\/product_tag?post=53517"}],"curies":[{"name":"wp","href":"https:\/\/api.w.org\/{rel}","templated":true}]}}