{"id":53527,"date":"2025-05-23T16:57:08","date_gmt":"2025-05-23T16:57:08","guid":{"rendered":"https:\/\/snus-malmo.se\/?post_type=product&#038;p=53527"},"modified":"2025-07-25T13:00:04","modified_gmt":"2025-07-25T13:00:04","slug":"nick-johnny-crushed-ice-portion-extra-strong","status":"publish","type":"product","link":"https:\/\/snus-malmo.se\/sv\/produkt\/nick-johnny-crushed-ice-portion-extra-strong\/","title":{"rendered":"Nick &#038; Johnny Crushed Ice Portion Extra Strong"},"content":{"rendered":"<h1 class=\"mb-16 sm:mb-24\">Nick &amp; Johnny Crushed Ice Portion Extra Strong<\/h1>\n<h1 data-start=\"141\" data-end=\"200\">\ud83d\udd35 <strong data-start=\"148\" data-end=\"198\">Nick &amp; Johnny Crushed Ice Portion Extra Strong<\/strong><\/h1>\n<h2 data-start=\"201\" data-end=\"265\"><strong data-start=\"201\" data-end=\"265\">\ud83d\udd35 Frisk Mint &amp; Iskall Kylning i Extra Stark Original portion<\/strong><\/h2>\n<p data-start=\"267\" data-end=\"520\"><strong data-start=\"267\" data-end=\"317\">Nick &amp; Johnny Crushed Ice Portion Extra Strong<\/strong> erbjuder en kraftfull och fr\u00e4sch snusupplevelse med tydlig smak av iskall mint och krispig kylning. Den m\u00f6rka tobaken balanseras med en kylande mintkarakt\u00e4r som ger en svalkande effekt med varje prilla.<\/p>\n<p data-start=\"522\" data-end=\"789\">Den extra starka nikotinstyrkan p\u00e5 ca <strong data-start=\"560\" data-end=\"582\">16,5 mg per prilla<\/strong> g\u00f6r Crushed Ice till ett sj\u00e4lvklart val f\u00f6r dig som vill ha b\u00e5de styrka och en uppfriskande smak i ett smalt originalformat. Fuktiga portioner s\u00e4kerst\u00e4ller snabb smak- och nikotinrelease f\u00f6r maximal effekt.<\/p>\n<hr data-start=\"791\" data-end=\"794\" \/>\n<h3 data-start=\"796\" data-end=\"872\">\ud83d\udd0d <strong data-start=\"799\" data-end=\"870\">Produktinformation \u2013 Nick &amp; Johnny Crushed Ice Portion Extra Strong<\/strong><\/h3>\n<ul data-start=\"873\" data-end=\"1195\">\n<li data-start=\"873\" data-end=\"905\">\n<p data-start=\"875\" data-end=\"905\"><strong data-start=\"875\" data-end=\"889\">Varum\u00e4rke:<\/strong> Nick &amp; Johnny<\/p>\n<\/li>\n<li data-start=\"906\" data-end=\"948\">\n<p data-start=\"908\" data-end=\"948\"><strong data-start=\"908\" data-end=\"916\">Typ:<\/strong> Extra Strong Original Portion<\/p>\n<\/li>\n<li data-start=\"949\" data-end=\"970\">\n<p data-start=\"951\" data-end=\"970\"><strong data-start=\"951\" data-end=\"962\">Format:<\/strong> Large<\/p>\n<\/li>\n<li data-start=\"971\" data-end=\"1026\">\n<p data-start=\"973\" data-end=\"1026\"><strong data-start=\"973\" data-end=\"988\">Smakprofil:<\/strong> M\u00f6rk tobak, frisk mint, iskall kyla<\/p>\n<\/li>\n<li data-start=\"1027\" data-end=\"1055\">\n<p data-start=\"1029\" data-end=\"1055\"><strong data-start=\"1029\" data-end=\"1040\">Styrka:<\/strong> Extra Strong<\/p>\n<\/li>\n<li data-start=\"1056\" data-end=\"1105\">\n<p data-start=\"1058\" data-end=\"1105\"><strong data-start=\"1058\" data-end=\"1074\">Nikotinhalt:<\/strong> ca 1,5\u202f% (ca 16,5 mg\/prilla)<\/p>\n<\/li>\n<li data-start=\"1106\" data-end=\"1137\">\n<p data-start=\"1108\" data-end=\"1137\"><strong data-start=\"1108\" data-end=\"1126\">Antal prillor:<\/strong> ca 20 st<\/p>\n<\/li>\n<li data-start=\"1138\" data-end=\"1164\">\n<p data-start=\"1140\" data-end=\"1164\"><strong data-start=\"1140\" data-end=\"1154\">Nettovikt:<\/strong> ca 22 g<\/p>\n<\/li>\n<li data-start=\"1165\" data-end=\"1195\">\n<p data-start=\"1167\" data-end=\"1195\"><strong data-start=\"1167\" data-end=\"1184\">Portionsvikt:<\/strong> ca 1,1 g<\/p>\n<\/li>\n<\/ul>\n<hr data-start=\"1197\" data-end=\"1200\" \/>\n<p data-start=\"1202\" data-end=\"1475\">\u2b50 <strong data-start=\"1204\" data-end=\"1256\">Varf\u00f6r snusare v\u00e4ljer Nick &amp; Johnny Crushed Ice:<\/strong><br data-start=\"1256\" data-end=\"1259\" \/>\u2705 Frisk och kylande mintsmak som ger en svalkande upplevelse<br data-start=\"1319\" data-end=\"1322\" \/>\u2705 Extra stark nikotinhalt f\u00f6r vana snusare<br data-start=\"1364\" data-end=\"1367\" \/>\u2705 Fuktig originalportion f\u00f6r snabb smak och nikotinrelease<br data-start=\"1425\" data-end=\"1428\" \/>\u2705 En perfekt kombination av styrka och fr\u00e4sch\u00f6r<\/p>\n<hr data-start=\"1477\" data-end=\"1480\" \/>\n<p data-start=\"1482\" data-end=\"1766\">\ud83d\uded2 <strong data-start=\"1485\" data-end=\"1545\">K\u00f6p Nick &amp; Johnny Crushed Ice Extra Strong hos Veloop.se<\/strong><br data-start=\"1545\" data-end=\"1548\" \/>Hos <strong data-start=\"1552\" data-end=\"1565\">Veloop.se<\/strong> hittar du alltid f\u00e4rskt snus med snabb leverans och konkurrenskraftiga priser. Uppt\u00e4ck varf\u00f6r Crushed Ice Extra Strong \u00e4r ett popul\u00e4rt val f\u00f6r dig som vill ha kraftfull kyla och styrka i samma prilla.<\/p>\n<p data-start=\"1768\" data-end=\"1871\">\ud83d\udc49 <strong data-start=\"1771\" data-end=\"1871\">Best\u00e4ll idag och k\u00e4nn den iskalla styrkan fr\u00e5n Nick &amp; Johnny Crushed Ice \u2013 endast hos Veloop.se!<\/strong><\/p>","protected":false},"excerpt":{"rendered":"<h1 class=\"mb-16 sm:mb-24\">Nick &amp; Johnny Crushed Ice Portion Extra Strong<\/h1>\n<h1 data-start=\"141\" data-end=\"200\">\ud83d\udd35 <strong data-start=\"148\" data-end=\"198\">Nick &amp; Johnny Crushed Ice Portion Extra Strong<\/strong><\/h1>\n<h2 data-start=\"201\" data-end=\"265\"><strong data-start=\"201\" data-end=\"265\">\ud83d\udd35 Frisk Mint &amp; Iskall Kylning i Extra Stark Original portion<\/strong><\/h2>\n<p><strong data-start=\"1929\" data-end=\"1979\">Nick &amp; Johnny Crushed Ice Portion Extra Strong<\/strong> \u2013 extra starkt snus med m\u00f6rk tobak och frisk mint. Kylande originalportion med 16,5 mg nikotin per prilla.<\/p>","protected":false},"featured_media":61257,"comment_status":"open","ping_status":"closed","template":"","meta":[],"product_brand":[363],"product_cat":[107,362,73,368,354],"product_tag":[],"class_list":{"0":"post-53527","1":"product","2":"type-product","3":"status-publish","4":"has-post-thumbnail","6":"product_brand-nick-johnny","7":"product_cat-nick-johnny","8":"product_cat-original-portion","9":"product_cat-portionssnus","10":"product_cat-snus-tobakssnus-traditionellt-snus","11":"product_cat-strongstark","13":"first","14":"instock","15":"taxable","16":"shipping-taxable","17":"purchasable","18":"product-type-variable"},"_links":{"self":[{"href":"https:\/\/snus-malmo.se\/sv\/wp-json\/wp\/v2\/product\/53527","targetHints":{"allow":["GET"]}}],"collection":[{"href":"https:\/\/snus-malmo.se\/sv\/wp-json\/wp\/v2\/product"}],"about":[{"href":"https:\/\/snus-malmo.se\/sv\/wp-json\/wp\/v2\/types\/product"}],"replies":[{"embeddable":true,"href":"https:\/\/snus-malmo.se\/sv\/wp-json\/wp\/v2\/comments?post=53527"}],"version-history":[{"count":0,"href":"https:\/\/snus-malmo.se\/sv\/wp-json\/wp\/v2\/product\/53527\/revisions"}],"wp:featuredmedia":[{"embeddable":true,"href":"https:\/\/snus-malmo.se\/sv\/wp-json\/wp\/v2\/media\/61257"}],"wp:attachment":[{"href":"https:\/\/snus-malmo.se\/sv\/wp-json\/wp\/v2\/media?parent=53527"}],"wp:term":[{"taxonomy":"product_brand","embeddable":true,"href":"https:\/\/snus-malmo.se\/sv\/wp-json\/wp\/v2\/product_brand?post=53527"},{"taxonomy":"product_cat","embeddable":true,"href":"https:\/\/snus-malmo.se\/sv\/wp-json\/wp\/v2\/product_cat?post=53527"},{"taxonomy":"product_tag","embeddable":true,"href":"https:\/\/snus-malmo.se\/sv\/wp-json\/wp\/v2\/product_tag?post=53527"}],"curies":[{"name":"wp","href":"https:\/\/api.w.org\/{rel}","templated":true}]}}