{"id":53536,"date":"2025-05-23T16:57:08","date_gmt":"2025-05-23T16:57:08","guid":{"rendered":"https:\/\/snus-malmo.se\/?post_type=product&#038;p=53536"},"modified":"2025-11-22T09:37:28","modified_gmt":"2025-11-22T09:37:28","slug":"granit-original-portion-large","status":"publish","type":"product","link":"https:\/\/snus-malmo.se\/sv\/produkt\/granit-original-portion-large\/","title":{"rendered":"Granit Original Portion Large"},"content":{"rendered":"<p>Granit Portionssnus har en klassisk, traditionsenlig smak som m\u00e5nga k\u00e4nner igen.<\/p>\n<p>Granit Portion \u00e4r ett klassiskt portionssnus med uttalad och tydlig smak av tobak. Den \u00e4r n\u00e5got pepprig och f\u00f6r den vane snusaren \u00e4r smaken v\u00e4lk\u00e4nd. Granit Portionssnus \u00e4r ett snus fr\u00e5n Fiedler &amp; Lundgren och var en av de f\u00f6rsta snusvarum\u00e4rkena som utmanade monopolet.<\/p>\n<table class=\"product-specs\">\n<thead>\n<tr>\n<th>Fakta om produkten<\/th>\n<th class=\"text-right\"><\/th>\n<\/tr>\n<\/thead>\n<tbody>\n<tr>\n<td class=\"spec-key\">Varum\u00e4rke<\/td>\n<td class=\"spec-value text-right\">Granit<\/td>\n<\/tr>\n<tr>\n<td class=\"spec-key\">Produkttyp<\/td>\n<td class=\"spec -value text-right\">original portion<\/td>\n<\/tr>\n<tr>\n<td class=\"spec-key\">Nikotinstyrka<\/td>\n<td class=\"spec -value text-right\">normal<\/td>\n<\/tr>\n<tr>\n<td class=\"spec-key\">Nikotinhalt<\/td>\n<td class=\"spec -value text-right\">9 mg\/g<\/td>\n<\/tr>\n<tr>\n<td class=\"spec-key\">Smak<\/td>\n<td class=\"spec -value text-right\">Traditionell<\/td>\n<\/tr>\n<tr>\n<td class=\"spec-key\">Inneh\u00e5ll\/f\u00f6rpackning<\/td>\n<td class=\"spec -value text-right\">18,7 g<\/td>\n<\/tr>\n<tr>\n<td class=\"spec-key\">Snustyp<\/td>\n<td class=\"spec -value text-right\">Portion<\/td>\n<\/tr>\n<tr>\n<td class=\"spec-key\">Format<\/td>\n<td class=\"spec -value text-right\">Normal<\/td>\n<\/tr>\n<tr>\n<td class=\"spec-key\">Producent<\/td>\n<td class=\"spec-value text-right\">BAT<\/td>\n<\/tr>\n<\/tbody>\n<\/table>","protected":false},"excerpt":{"rendered":"<p>Granit Portionssnus har en klassisk, traditionsenlig smak som m\u00e5nga k\u00e4nner igen.<\/p>\n<p>Granit Portion \u00e4r ett klassiskt portionssnus med uttalad och tydlig smak av tobak. Den \u00e4r n\u00e5got pepprig och f\u00f6r den vane snusaren \u00e4r smaken v\u00e4lk\u00e4nd. Granit Portionssnus \u00e4r ett snus fr\u00e5n Fiedler &amp; Lundgren och var en av de f\u00f6rsta snusvarum\u00e4rkena som utmanade monopolet.<\/p>","protected":false},"featured_media":17643,"comment_status":"open","ping_status":"closed","template":"","meta":[],"product_brand":[],"product_cat":[87,362,73,368],"product_tag":[],"class_list":{"0":"post-53536","1":"product","2":"type-product","3":"status-publish","4":"has-post-thumbnail","6":"product_cat-granit","7":"product_cat-original-portion","8":"product_cat-portionssnus","9":"product_cat-snus-tobakssnus-traditionellt-snus","11":"first","12":"instock","13":"taxable","14":"shipping-taxable","15":"purchasable","16":"product-type-variable"},"_links":{"self":[{"href":"https:\/\/snus-malmo.se\/sv\/wp-json\/wp\/v2\/product\/53536","targetHints":{"allow":["GET"]}}],"collection":[{"href":"https:\/\/snus-malmo.se\/sv\/wp-json\/wp\/v2\/product"}],"about":[{"href":"https:\/\/snus-malmo.se\/sv\/wp-json\/wp\/v2\/types\/product"}],"replies":[{"embeddable":true,"href":"https:\/\/snus-malmo.se\/sv\/wp-json\/wp\/v2\/comments?post=53536"}],"version-history":[{"count":0,"href":"https:\/\/snus-malmo.se\/sv\/wp-json\/wp\/v2\/product\/53536\/revisions"}],"wp:featuredmedia":[{"embeddable":true,"href":"https:\/\/snus-malmo.se\/sv\/wp-json\/wp\/v2\/media\/17643"}],"wp:attachment":[{"href":"https:\/\/snus-malmo.se\/sv\/wp-json\/wp\/v2\/media?parent=53536"}],"wp:term":[{"taxonomy":"product_brand","embeddable":true,"href":"https:\/\/snus-malmo.se\/sv\/wp-json\/wp\/v2\/product_brand?post=53536"},{"taxonomy":"product_cat","embeddable":true,"href":"https:\/\/snus-malmo.se\/sv\/wp-json\/wp\/v2\/product_cat?post=53536"},{"taxonomy":"product_tag","embeddable":true,"href":"https:\/\/snus-malmo.se\/sv\/wp-json\/wp\/v2\/product_tag?post=53536"}],"curies":[{"name":"wp","href":"https:\/\/api.w.org\/{rel}","templated":true}]}}