{"id":53541,"date":"2025-05-23T16:57:08","date_gmt":"2025-05-23T16:57:08","guid":{"rendered":"https:\/\/snus-malmo.se\/?post_type=product&#038;p=53541"},"modified":"2025-07-16T01:16:40","modified_gmt":"2025-07-16T01:16:40","slug":"kapten-original-portion","status":"publish","type":"product","link":"https:\/\/snus-malmo.se\/sv\/produkt\/kapten-original-portion\/","title":{"rendered":"Kapten Original Portion"},"content":{"rendered":"<h1 class=\"mb-16 sm:mb-24\">Kapten Original Portion<\/h1>\n<h2 data-start=\"127\" data-end=\"163\">\u2693\ufe0f <strong data-start=\"134\" data-end=\"161\">Kapten Original Portion<\/strong><\/h2>\n<h3 data-start=\"164\" data-end=\"226\"><strong data-start=\"164\" data-end=\"226\">\u2693\ufe0f Klassisk Tobakssmak med Mjuk Karakt\u00e4r i Originalportion<\/strong><\/h3>\n<p data-start=\"228\" data-end=\"485\"><strong data-start=\"228\" data-end=\"255\">Kapten Original Portion<\/strong> \u00e4r ett traditionellt snus som erbjuder en v\u00e4lbalanserad och mild tobakssmak med en mjuk och rund karakt\u00e4r. Den klassiska profilen passar dig som uppskattar ett snus med genuin smak och h\u00f6g kvalitet i ett klassiskt portionsformat.<\/p>\n<p data-start=\"487\" data-end=\"710\">Fuktiga originalportioner g\u00f6r att smaken frig\u00f6rs snabbt och j\u00e4mnt, vilket ger en behaglig och autentisk snusupplevelse varje g\u00e5ng. Kapten \u00e4r ett p\u00e5litligt val f\u00f6r dig som vill ha en smakrik men mild tobak med en len finish.<\/p>\n<hr data-start=\"712\" data-end=\"715\" \/>\n<h4 data-start=\"717\" data-end=\"770\">\ud83d\udd0d <strong data-start=\"720\" data-end=\"768\">Produktinformation \u2013 Kapten Original Portion<\/strong><\/h4>\n<ul data-start=\"771\" data-end=\"1063\">\n<li data-start=\"771\" data-end=\"796\">\n<p data-start=\"773\" data-end=\"796\"><strong data-start=\"773\" data-end=\"787\">Varum\u00e4rke:<\/strong> Kapten<\/p>\n<\/li>\n<li data-start=\"797\" data-end=\"826\">\n<p data-start=\"799\" data-end=\"826\"><strong data-start=\"799\" data-end=\"807\">Typ:<\/strong> Original Portion<\/p>\n<\/li>\n<li data-start=\"827\" data-end=\"848\">\n<p data-start=\"829\" data-end=\"848\"><strong data-start=\"829\" data-end=\"840\">Format:<\/strong> Large<\/p>\n<\/li>\n<li data-start=\"849\" data-end=\"910\">\n<p data-start=\"851\" data-end=\"910\"><strong data-start=\"851\" data-end=\"866\">Smakprofil:<\/strong> Klassisk tobak med mild och rund karakt\u00e4r<\/p>\n<\/li>\n<li data-start=\"911\" data-end=\"933\">\n<p data-start=\"913\" data-end=\"933\"><strong data-start=\"913\" data-end=\"924\">Styrka:<\/strong> Normal<\/p>\n<\/li>\n<li data-start=\"934\" data-end=\"980\">\n<p data-start=\"936\" data-end=\"980\"><strong data-start=\"936\" data-end=\"952\">Nikotinhalt:<\/strong> ca 0,8 % (ca 8 mg\/prilla)<\/p>\n<\/li>\n<li data-start=\"981\" data-end=\"1012\">\n<p data-start=\"983\" data-end=\"1012\"><strong data-start=\"983\" data-end=\"1001\">Antal prillor:<\/strong> ca 24 st<\/p>\n<\/li>\n<li data-start=\"1013\" data-end=\"1041\">\n<p data-start=\"1015\" data-end=\"1041\"><strong data-start=\"1015\" data-end=\"1029\">Nettovikt:<\/strong> ca 21,6 g<\/p>\n<\/li>\n<li data-start=\"1042\" data-end=\"1063\">\n<p data-start=\"1044\" data-end=\"1063\"><strong data-start=\"1044\" data-end=\"1057\">Fukthalt:<\/strong> H\u00f6g<\/p>\n<\/li>\n<\/ul>\n<hr data-start=\"1065\" data-end=\"1068\" \/>\n<p data-start=\"1070\" data-end=\"1344\">\u2b50 <strong data-start=\"1072\" data-end=\"1113\">Varf\u00f6r v\u00e4lja Kapten Original Portion:<\/strong><br data-start=\"1113\" data-end=\"1116\" \/>\u2705 Mild och balanserad tobakssmak<br data-start=\"1148\" data-end=\"1151\" \/>\u2705 Fuktig originalportion f\u00f6r snabb och j\u00e4mn smakrelease<br data-start=\"1206\" data-end=\"1209\" \/>\u2705 Perfekt f\u00f6r dig som vill ha ett klassiskt, l\u00e4ttsnusat alternativ<br data-start=\"1275\" data-end=\"1278\" \/>\u2705 En trogen favorit bland snusare som s\u00f6ker kvalitet och tradition<\/p>\n<hr data-start=\"1346\" data-end=\"1349\" \/>\n<p data-start=\"1351\" data-end=\"1597\">\ud83d\uded2 <strong data-start=\"1354\" data-end=\"1399\">K\u00f6p Kapten Original Portion hos Veloop.se<\/strong><br data-start=\"1399\" data-end=\"1402\" \/>Hos <strong data-start=\"1406\" data-end=\"1419\">Veloop.se<\/strong> erbjuder vi alltid f\u00e4rskt snus, snabb leverans och konkurrenskraftiga priser. Uppt\u00e4ck varf\u00f6r Kapten Original Portion \u00e4r ett tryggt och popul\u00e4rt val bland snusare i hela Sverige.<\/p>\n<p data-start=\"1599\" data-end=\"1704\">\ud83d\udc49 <strong data-start=\"1602\" data-end=\"1704\">Best\u00e4ll idag och njut av klassisk snuskvalitet med Kapten Original Portion \u2013 endast hos Veloop.se!<\/strong><\/p>","protected":false},"excerpt":{"rendered":"<h1 class=\"mb-16 sm:mb-24\">Kapten Original Portion<\/h1>\n<h2 data-start=\"127\" data-end=\"163\">\u2693\ufe0f <strong data-start=\"134\" data-end=\"161\">Kapten Original Portion<\/strong><\/h2>\n<h3 data-start=\"164\" data-end=\"226\"><strong data-start=\"164\" data-end=\"226\">\u2693\ufe0f Klassisk Tobakssmak med Mjuk Karakt\u00e4r i Originalportion<\/strong><\/h3>\n<p><strong data-start=\"1762\" data-end=\"1789\">Kapten Original Portion<\/strong> \u2013 klassiskt snus med mild och rund tobakssmak i fuktig originalportion. Perfekt f\u00f6r dig som vill ha ett l\u00e4ttsnusat alternativ.<\/p>","protected":false},"featured_media":61274,"comment_status":"open","ping_status":"closed","template":"","meta":[],"product_brand":[373],"product_cat":[96,362,73,368],"product_tag":[],"class_list":{"0":"post-53541","1":"product","2":"type-product","3":"status-publish","4":"has-post-thumbnail","6":"product_brand-kapten-snus","7":"product_cat-kapten","8":"product_cat-original-portion","9":"product_cat-portionssnus","10":"product_cat-snus-tobakssnus-traditionellt-snus","12":"first","13":"instock","14":"taxable","15":"shipping-taxable","16":"purchasable","17":"product-type-variable"},"_links":{"self":[{"href":"https:\/\/snus-malmo.se\/sv\/wp-json\/wp\/v2\/product\/53541","targetHints":{"allow":["GET"]}}],"collection":[{"href":"https:\/\/snus-malmo.se\/sv\/wp-json\/wp\/v2\/product"}],"about":[{"href":"https:\/\/snus-malmo.se\/sv\/wp-json\/wp\/v2\/types\/product"}],"replies":[{"embeddable":true,"href":"https:\/\/snus-malmo.se\/sv\/wp-json\/wp\/v2\/comments?post=53541"}],"version-history":[{"count":0,"href":"https:\/\/snus-malmo.se\/sv\/wp-json\/wp\/v2\/product\/53541\/revisions"}],"wp:featuredmedia":[{"embeddable":true,"href":"https:\/\/snus-malmo.se\/sv\/wp-json\/wp\/v2\/media\/61274"}],"wp:attachment":[{"href":"https:\/\/snus-malmo.se\/sv\/wp-json\/wp\/v2\/media?parent=53541"}],"wp:term":[{"taxonomy":"product_brand","embeddable":true,"href":"https:\/\/snus-malmo.se\/sv\/wp-json\/wp\/v2\/product_brand?post=53541"},{"taxonomy":"product_cat","embeddable":true,"href":"https:\/\/snus-malmo.se\/sv\/wp-json\/wp\/v2\/product_cat?post=53541"},{"taxonomy":"product_tag","embeddable":true,"href":"https:\/\/snus-malmo.se\/sv\/wp-json\/wp\/v2\/product_tag?post=53541"}],"curies":[{"name":"wp","href":"https:\/\/api.w.org\/{rel}","templated":true}]}}