{"id":53555,"date":"2025-05-23T16:57:10","date_gmt":"2025-05-23T16:57:10","guid":{"rendered":"https:\/\/snus-malmo.se\/?post_type=product&#038;p=53555"},"modified":"2025-07-27T17:27:05","modified_gmt":"2025-07-27T17:27:05","slug":"avant-cool-ice-tea-strong","status":"publish","type":"product","link":"https:\/\/snus-malmo.se\/sv\/produkt\/avant-cool-ice-tea-strong\/","title":{"rendered":"Avant Cool Ice Tea Strong"},"content":{"rendered":"<article class=\"product-text\">Avant Cool Ice Tea Strong \u00e4r en produkt med smak av Is te, persika, och stark nikotinhalt. Den har slim-format och inneh\u00e5ller 20 prillor per dosa. Produkten \u00e4r av typen vitt snus.<\/p>\n<\/article>\n<div class=\"buy-pane\">\n<div class=\"tab-content buy-tabs-content\">\n<div id=\"buy\" class=\"tab-pane active\">\n<div>\n<div class=\"variants list\">\n<h2>Om produkten Avant Cool Ice Tea Strong<\/h2>\n<p>Avant Cool Ice Tea Strong tillverkad av Kurbits Snus AB \u00e4r en produkt av typen vitt snus. Produkten har ett slim-format, vilket inneb\u00e4r att prillorna \u00e4r l\u00e4ngre och smalare j\u00e4mf\u00f6rt med traditionella snusprillor. Produkten inneh\u00e5ller inte tobak men har en nikotinhalt. Produkten definieras som stark, vilket inneb\u00e4r att nikotinhalten \u00e4r h\u00f6gre \u00e4n i genomsnittliga snusprodukter.<\/p>\n<h2>Avant Cool Ice Tea Strong: Smak &amp; Nikotinhalt<\/h2>\n<p>Avant Cool Ice Tea Strong \u00e4r av typen vitt snus som presenterar smak av Is te, persika i slim-format. Nikotinhalten per prilla \u00e4r 10,4mg och den totala nikotinhalten per gram \u00e4r 16,0mg. Produkten definieras som stark, vilket tyder p\u00e5 en h\u00f6gre nikotinhalt.<\/p>\n<h3>Prillaformat: Slim<\/h3>\n<p>Avant Cool Ice Tea Strong finns i slim-format, vilket inneb\u00e4r att prillorna \u00e4r l\u00e4ngre och smalare j\u00e4mf\u00f6rt med traditionella prillor.<\/p>\n<h3>Fakta om Avant Cool Ice Tea Strong:<\/h3>\n<ul>\n<li><strong>Kategori:<\/strong>\u00a0Vitt snus<\/li>\n<li><strong>Smaksegment:<\/strong>\u00a0Is te, persika<\/li>\n<li><strong>Nikotinhalt Mg\/prilla:<\/strong>\u00a010,4<\/li>\n<li><strong>Antal prillor per dosa:<\/strong>\u00a020<\/li>\n<li><strong>Tillverkare:<\/strong>\u00a0Kurbits Snus AB<\/li>\n<\/ul>\n<h3>Mer om m\u00e4rket Avant<\/h3>\n<p>Avant \u00e4r ett varum\u00e4rke fr\u00e5n Kurbits Snus AB. De erbjuder snusprodukter med olika smaker och format, och deras sortiment inkluderar b\u00e5de tobaksfria och tobaksbaserade produkter.<\/p>\n<\/div>\n<\/div>\n<\/div>\n<\/div>\n<\/div>","protected":false},"excerpt":{"rendered":"<article class=\"product-text\">Avant Cool Ice Tea Strong \u00e4r en produkt med smak av Is te, persika, och stark nikotinhalt. Den har slim-format och inneh\u00e5ller 20 prillor per dosa. Produkten \u00e4r av typen vitt snus.<\/p>\n<\/article>\n<div class=\"buy-pane\">\n<div class=\"tab-content buy-tabs-content\">\n<div id=\"buy\" class=\"tab-pane active\">\n<div>\n<div class=\"variants list\">\n<h2>Om produkten Avant Cool Ice Tea Strong<\/h2>\n<p>Avant Cool Ice Tea Strong tillverkad av Kurbits Snus AB \u00e4r en produkt av typen vitt snus. Produkten har ett slim-format, vilket inneb\u00e4r att prillorna \u00e4r l\u00e4ngre och smalare j\u00e4mf\u00f6rt med traditionella snusprillor. Produkten inneh\u00e5ller inte tobak men har en nikotinhalt. Produkten definieras som stark, vilket inneb\u00e4r att nikotinhalten \u00e4r h\u00f6gre \u00e4n i genomsnittliga snusprodukter.<\/p>\n<\/div>\n<\/div>\n<\/div>\n<\/div>\n<\/div>","protected":false},"featured_media":17664,"comment_status":"open","ping_status":"closed","template":"","meta":[],"product_brand":[],"product_cat":[136,174,137],"product_tag":[],"class_list":{"0":"post-53555","1":"product","2":"type-product","3":"status-publish","4":"has-post-thumbnail","6":"product_cat-all-whites","7":"product_cat-avant","8":"product_cat-slim","10":"first","11":"instock","12":"taxable","13":"shipping-taxable","14":"purchasable","15":"product-type-variable"},"_links":{"self":[{"href":"https:\/\/snus-malmo.se\/sv\/wp-json\/wp\/v2\/product\/53555","targetHints":{"allow":["GET"]}}],"collection":[{"href":"https:\/\/snus-malmo.se\/sv\/wp-json\/wp\/v2\/product"}],"about":[{"href":"https:\/\/snus-malmo.se\/sv\/wp-json\/wp\/v2\/types\/product"}],"replies":[{"embeddable":true,"href":"https:\/\/snus-malmo.se\/sv\/wp-json\/wp\/v2\/comments?post=53555"}],"version-history":[{"count":0,"href":"https:\/\/snus-malmo.se\/sv\/wp-json\/wp\/v2\/product\/53555\/revisions"}],"wp:featuredmedia":[{"embeddable":true,"href":"https:\/\/snus-malmo.se\/sv\/wp-json\/wp\/v2\/media\/17664"}],"wp:attachment":[{"href":"https:\/\/snus-malmo.se\/sv\/wp-json\/wp\/v2\/media?parent=53555"}],"wp:term":[{"taxonomy":"product_brand","embeddable":true,"href":"https:\/\/snus-malmo.se\/sv\/wp-json\/wp\/v2\/product_brand?post=53555"},{"taxonomy":"product_cat","embeddable":true,"href":"https:\/\/snus-malmo.se\/sv\/wp-json\/wp\/v2\/product_cat?post=53555"},{"taxonomy":"product_tag","embeddable":true,"href":"https:\/\/snus-malmo.se\/sv\/wp-json\/wp\/v2\/product_tag?post=53555"}],"curies":[{"name":"wp","href":"https:\/\/api.w.org\/{rel}","templated":true}]}}