{"id":53560,"date":"2025-05-23T16:57:10","date_gmt":"2025-05-23T16:57:10","guid":{"rendered":"https:\/\/snus-malmo.se\/?post_type=product&#038;p=53560"},"modified":"2025-07-16T14:58:14","modified_gmt":"2025-07-16T14:58:14","slug":"coco-mighty-fresh-slim-strong","status":"publish","type":"product","link":"https:\/\/snus-malmo.se\/sv\/produkt\/coco-mighty-fresh-slim-strong\/","title":{"rendered":"COCO Mighty Fresh Slim Strong"},"content":{"rendered":"<article class=\"product-text\">COCO Mighty Fresh Slim Strong \u00e4r ett starkt, vitt snus med en mint-smak. Produkten levereras i slim-format och inkluderar 20 prillor per dosa.<\/p>\n<\/article>\n<div class=\"buy-pane\">\n<div class=\"tab-content buy-tabs-content\">\n<div id=\"buy\" class=\"tab-pane active\">\n<div>\n<div class=\"variants list\">\n<h2>Om produkten COCO Mighty Fresh Slim Strong<\/h2>\n<p>COCO Mighty Fresh Slim Strong \u00e4r av kategorin vitt snus, framst\u00e4llt av SpectrumLeaf AB under varum\u00e4rket COCO.\u00a0 Produkten inneh\u00e5ller nikotin men \u00e4r tobaksfri och klassificeras som stark. Produkten har ett slim-format, vilket skiljer sig fr\u00e5n traditionellt snus.<\/p>\n<h2>COCO Mighty Fresh Slim Strong: Smak och Styrka<\/h2>\n<p>COCO Mighty Fresh Slim Strong \u00e4r ett vitt snus som framf\u00f6r allt har en smak av mint. Denna produkt \u00e4r tillg\u00e4nglig i slim-format och har en stark styrka. Nikotinhalten per portion \u00e4r 13,5 mg och per gram \u00e4r det 30 mg.<\/p>\n<h3>Portionsformat: Slim<\/h3>\n<p>COCO Mighty Fresh Slim Strong levereras i slim-format.<\/p>\n<h3>Information om COCO Mighty Fresh Slim Strong:<\/h3>\n<ul>\n<li>Kategori: Vitt snus<\/li>\n<li>Smaksegment: Mint<\/li>\n<li>Styrkadefinition: Stark<\/li>\n<li>Tillverkare: SpectrumLeaf AB<\/li>\n<li>Nikotinhalt Mg\/portion: 13,5<\/li>\n<li>Antal prillor per dosa: 20<\/li>\n<\/ul>\n<h3>Information om COCO<\/h3>\n<p>COCO \u00e4r ett varum\u00e4rke som erbjuder alternativ utan tobak. Deras produktsortiment str\u00e4cker sig fr\u00e5n vitt snus till nikotinprodukter med olika styrkor, alla framst\u00e4llda utan att understryka kvalitet eller karakteristisk smak.<\/p>\n<\/div>\n<\/div>\n<\/div>\n<\/div>\n<\/div>","protected":false},"excerpt":{"rendered":"<article class=\"product-text\">COCO Mighty Fresh Slim Strong \u00e4r ett starkt, vitt snus med en mint-smak. Produkten levereras i slim-format och inkluderar 20 prillor per dosa.<\/p>\n<\/article>\n<div class=\"buy-pane\">\n<div class=\"tab-content buy-tabs-content\">\n<div id=\"buy\" class=\"tab-pane active\">\n<div>\n<div class=\"variants list\">\n<h2>Om produkten COCO Mighty Fresh Slim Strong<\/h2>\n<p>COCO Mighty Fresh Slim Strong \u00e4r av kategorin vitt snus, framst\u00e4llt av SpectrumLeaf AB under varum\u00e4rket COCO.\u00a0 Produkten inneh\u00e5ller nikotin men \u00e4r tobaksfri och klassificeras som stark. Produkten har ett slim-format, vilket skiljer sig fr\u00e5n traditionellt snus.<\/p>\n<\/div>\n<\/div>\n<\/div>\n<\/div>\n<\/div>","protected":false},"featured_media":17672,"comment_status":"open","ping_status":"closed","template":"","meta":[],"product_brand":[],"product_cat":[135],"product_tag":[],"class_list":{"0":"post-53560","1":"product","2":"type-product","3":"status-publish","4":"has-post-thumbnail","6":"product_cat-white-portion","8":"first","9":"instock","10":"taxable","11":"shipping-taxable","12":"purchasable","13":"product-type-variable"},"_links":{"self":[{"href":"https:\/\/snus-malmo.se\/sv\/wp-json\/wp\/v2\/product\/53560","targetHints":{"allow":["GET"]}}],"collection":[{"href":"https:\/\/snus-malmo.se\/sv\/wp-json\/wp\/v2\/product"}],"about":[{"href":"https:\/\/snus-malmo.se\/sv\/wp-json\/wp\/v2\/types\/product"}],"replies":[{"embeddable":true,"href":"https:\/\/snus-malmo.se\/sv\/wp-json\/wp\/v2\/comments?post=53560"}],"version-history":[{"count":0,"href":"https:\/\/snus-malmo.se\/sv\/wp-json\/wp\/v2\/product\/53560\/revisions"}],"wp:featuredmedia":[{"embeddable":true,"href":"https:\/\/snus-malmo.se\/sv\/wp-json\/wp\/v2\/media\/17672"}],"wp:attachment":[{"href":"https:\/\/snus-malmo.se\/sv\/wp-json\/wp\/v2\/media?parent=53560"}],"wp:term":[{"taxonomy":"product_brand","embeddable":true,"href":"https:\/\/snus-malmo.se\/sv\/wp-json\/wp\/v2\/product_brand?post=53560"},{"taxonomy":"product_cat","embeddable":true,"href":"https:\/\/snus-malmo.se\/sv\/wp-json\/wp\/v2\/product_cat?post=53560"},{"taxonomy":"product_tag","embeddable":true,"href":"https:\/\/snus-malmo.se\/sv\/wp-json\/wp\/v2\/product_tag?post=53560"}],"curies":[{"name":"wp","href":"https:\/\/api.w.org\/{rel}","templated":true}]}}