{"id":53575,"date":"2025-05-23T16:57:11","date_gmt":"2025-05-23T16:57:11","guid":{"rendered":"https:\/\/snus-malmo.se\/?post_type=product&#038;p=53575"},"modified":"2025-11-22T09:24:05","modified_gmt":"2025-11-22T09:24:05","slug":"xr-apple-slim-white-portion","status":"publish","type":"product","link":"https:\/\/snus-malmo.se\/sv\/produkt\/xr-apple-slim-white-portion\/","title":{"rendered":"XR Apple Slim White Portion"},"content":{"rendered":"<h1 data-start=\"250\" data-end=\"324\">XR Apple Slim White Portion<\/h1>\n<h2 data-start=\"250\" data-end=\"324\">XR Apple Slim White Portion \u2013 Frisk \u00e4ppelsmak i ett diskret slimformat<\/h2>\n<p data-start=\"326\" data-end=\"619\"><strong data-start=\"326\" data-end=\"357\">XR Apple Slim White Portion<\/strong> bjuder p\u00e5 en <strong data-start=\"371\" data-end=\"429\">modern snusupplevelse med friska inslag av gr\u00f6nt \u00e4pple<\/strong>, balanserat med en <strong data-start=\"449\" data-end=\"493\">ljus tobakskarakt\u00e4r och en mild \u00f6rtighet<\/strong>. Resultatet \u00e4r en <strong data-start=\"512\" data-end=\"551\">fruktig och uppfriskande smakprofil<\/strong> som tilltalar b\u00e5de nya och vana snusare som s\u00f6ker n\u00e5got annorlunda.<\/p>\n<p data-start=\"621\" data-end=\"927\">Tack vare det <strong data-start=\"635\" data-end=\"656\">slimmade formatet<\/strong> sitter prillan <strong data-start=\"672\" data-end=\"708\">bekv\u00e4mt och diskret under l\u00e4ppen<\/strong>, samtidigt som <strong data-start=\"724\" data-end=\"770\">white portion-teknologin minskar rinnighet<\/strong> och f\u00f6rl\u00e4nger smakupplevelsen. Den h\u00e4r produkten passar perfekt f\u00f6r dig som vill ha en <strong data-start=\"858\" data-end=\"894\">fruktig, fr\u00e4sch och stilren snus<\/strong> med en <strong data-start=\"902\" data-end=\"926\">normal nikotinstyrka<\/strong>.<\/p>\n<p data-start=\"929\" data-end=\"1064\">\ud83d\udfe6 Vill du uppt\u00e4cka fler fruktiga och vita portioner? Se hela v\u00e5rt <a class=\"\" href=\"https:\/\/snus-malmo.se\/sv\/white-portion\/\" target=\"_new\" rel=\"noopener\" data-start=\"996\" data-end=\"1063\"><strong data-start=\"997\" data-end=\"1028\">White Portion-sortiment h\u00e4r<\/strong><\/a>.<\/p>\n<hr data-start=\"1066\" data-end=\"1069\" \/>\n<h3 data-start=\"1071\" data-end=\"1095\">Produktinformation:<\/h3>\n<ul data-start=\"1097\" data-end=\"1450\">\n<li data-start=\"1097\" data-end=\"1118\">\n<p data-start=\"1099\" data-end=\"1118\"><strong data-start=\"1099\" data-end=\"1113\">Varum\u00e4rke:<\/strong> XR<\/p>\n<\/li>\n<li data-start=\"1119\" data-end=\"1152\">\n<p data-start=\"1121\" data-end=\"1152\"><strong data-start=\"1121\" data-end=\"1136\">Produkttyp:<\/strong> White Portion<\/p>\n<\/li>\n<li data-start=\"1153\" data-end=\"1173\">\n<p data-start=\"1155\" data-end=\"1173\"><strong data-start=\"1155\" data-end=\"1166\">Format:<\/strong> Slim<\/p>\n<\/li>\n<li data-start=\"1174\" data-end=\"1222\">\n<p data-start=\"1176\" data-end=\"1222\"><strong data-start=\"1176\" data-end=\"1191\">Smakprofil:<\/strong> Gr\u00f6nt \u00e4pple, Tobak, \u00d6rtighet<\/p>\n<\/li>\n<li data-start=\"1223\" data-end=\"1245\">\n<p data-start=\"1225\" data-end=\"1245\"><strong data-start=\"1225\" data-end=\"1236\">Styrka:<\/strong> Normal<\/p>\n<\/li>\n<li data-start=\"1246\" data-end=\"1276\">\n<p data-start=\"1248\" data-end=\"1276\"><strong data-start=\"1248\" data-end=\"1264\">Nikotinhalt:<\/strong> ca 0,92 %<\/p>\n<\/li>\n<li data-start=\"1277\" data-end=\"1314\">\n<p data-start=\"1279\" data-end=\"1314\"><strong data-start=\"1279\" data-end=\"1302\">Nikotin per prilla:<\/strong> ca 8,5 mg<\/p>\n<\/li>\n<li data-start=\"1315\" data-end=\"1355\">\n<p data-start=\"1317\" data-end=\"1355\"><strong data-start=\"1317\" data-end=\"1344\">Antal prillor per dosa:<\/strong> ca 21 st<\/p>\n<\/li>\n<li data-start=\"1356\" data-end=\"1381\">\n<p data-start=\"1358\" data-end=\"1381\"><strong data-start=\"1358\" data-end=\"1371\">Fukthalt:<\/strong> ca 44 %<\/p>\n<\/li>\n<li data-start=\"1382\" data-end=\"1416\">\n<p data-start=\"1384\" data-end=\"1416\"><strong data-start=\"1384\" data-end=\"1404\">Vikt per prilla:<\/strong> ca 0,73 g<\/p>\n<\/li>\n<li data-start=\"1417\" data-end=\"1450\">\n<p data-start=\"1419\" data-end=\"1450\"><strong data-start=\"1419\" data-end=\"1438\">Nettovikt\/dosa:<\/strong> ca 15,4 g<\/p>\n<\/li>\n<\/ul>\n<hr data-start=\"1452\" data-end=\"1455\" \/>\n<h3 data-start=\"1457\" data-end=\"1511\">D\u00e4rf\u00f6r v\u00e4ljer snusare XR Apple Slim White Portion:<\/h3>\n<p data-start=\"1513\" data-end=\"1737\">\u2705 Frisk och fruktig smak av gr\u00f6nt \u00e4pple<br data-start=\"1552\" data-end=\"1555\" \/>\u2705 Slim-format \u2013 diskret och bekv\u00e4mt under l\u00e4ppen<br data-start=\"1603\" data-end=\"1606\" \/>\u2705 White portion \u2013 l\u00e5g rinnighet, l\u00e5ngvarig smak<br data-start=\"1653\" data-end=\"1656\" \/>\u2705 Balanserad nikotin f\u00f6r dagligt bruk<br data-start=\"1693\" data-end=\"1696\" \/>\u2705 Trygg och snabb leverans fr\u00e5n Veloop.se<\/p>\n<hr data-start=\"1739\" data-end=\"1742\" \/>\n<p data-start=\"1744\" data-end=\"1863\">Best\u00e4ll <strong data-start=\"1752\" data-end=\"1783\">XR Apple Slim White Portion<\/strong> fr\u00e5n <strong data-start=\"1789\" data-end=\"1802\">Veloop.se<\/strong> \u2013 ett fr\u00e4scht snusalternativ med \u00e4ppelsmak i modernt format.<\/p>","protected":false},"excerpt":{"rendered":"<h1 data-start=\"250\" data-end=\"324\">XR Apple Slim White Portion<\/h1>\n<h2 data-start=\"250\" data-end=\"324\">XR Apple Slim White Portion \u2013 Frisk \u00e4ppelsmak i ett diskret slimformat<\/h2>\n<p><strong data-start=\"1888\" data-end=\"1919\">XR Apple Slim White Portion<\/strong> \u00e4r en fr\u00e4sch och fruktig white portion med smak av gr\u00f6nt \u00e4pple i diskret slimformat.<br data-start=\"2004\" data-end=\"2007\" \/>\ud83d\udc49 Uppt\u00e4ck fler <a class=\"\" href=\"https:\/\/snus-malmo.se\/sv\/white-portion\/\" target=\"_new\" rel=\"noopener\" data-start=\"2023\" data-end=\"2090\"><strong data-start=\"2024\" data-end=\"2055\">White Portion-produkter h\u00e4r<\/strong><\/a>.<\/p>","protected":false},"featured_media":61467,"comment_status":"open","ping_status":"closed","template":"","meta":[],"product_brand":[372],"product_cat":[73,137,368,135,128],"product_tag":[],"class_list":{"0":"post-53575","1":"product","2":"type-product","3":"status-publish","4":"has-post-thumbnail","6":"product_brand-xr","7":"product_cat-portionssnus","8":"product_cat-slim","9":"product_cat-snus-tobakssnus-traditionellt-snus","10":"product_cat-white-portion","11":"product_cat-xrgoteborgsrape","13":"first","14":"instock","15":"taxable","16":"shipping-taxable","17":"purchasable","18":"product-type-variable"},"_links":{"self":[{"href":"https:\/\/snus-malmo.se\/sv\/wp-json\/wp\/v2\/product\/53575","targetHints":{"allow":["GET"]}}],"collection":[{"href":"https:\/\/snus-malmo.se\/sv\/wp-json\/wp\/v2\/product"}],"about":[{"href":"https:\/\/snus-malmo.se\/sv\/wp-json\/wp\/v2\/types\/product"}],"replies":[{"embeddable":true,"href":"https:\/\/snus-malmo.se\/sv\/wp-json\/wp\/v2\/comments?post=53575"}],"version-history":[{"count":0,"href":"https:\/\/snus-malmo.se\/sv\/wp-json\/wp\/v2\/product\/53575\/revisions"}],"wp:featuredmedia":[{"embeddable":true,"href":"https:\/\/snus-malmo.se\/sv\/wp-json\/wp\/v2\/media\/61467"}],"wp:attachment":[{"href":"https:\/\/snus-malmo.se\/sv\/wp-json\/wp\/v2\/media?parent=53575"}],"wp:term":[{"taxonomy":"product_brand","embeddable":true,"href":"https:\/\/snus-malmo.se\/sv\/wp-json\/wp\/v2\/product_brand?post=53575"},{"taxonomy":"product_cat","embeddable":true,"href":"https:\/\/snus-malmo.se\/sv\/wp-json\/wp\/v2\/product_cat?post=53575"},{"taxonomy":"product_tag","embeddable":true,"href":"https:\/\/snus-malmo.se\/sv\/wp-json\/wp\/v2\/product_tag?post=53575"}],"curies":[{"name":"wp","href":"https:\/\/api.w.org\/{rel}","templated":true}]}}