{"id":53590,"date":"2025-05-23T16:57:13","date_gmt":"2025-05-23T16:57:13","guid":{"rendered":"https:\/\/snus-malmo.se\/?post_type=product&#038;p=53590"},"modified":"2025-10-09T08:25:54","modified_gmt":"2025-10-09T08:25:54","slug":"one-gra-white-portion","status":"publish","type":"product","link":"https:\/\/snus-malmo.se\/sv\/produkt\/one-gra-white-portion\/","title":{"rendered":"ONE Gr\u00e5 White Portion"},"content":{"rendered":"<h1 class=\"mb-16 sm:mb-24\">ONE Gr\u00e5 White Portion<\/h1>\n<h2 data-start=\"240\" data-end=\"299\">ONE Gr\u00e5 White Portion \u2013 Djup tobakssmak med modern edge<\/h2>\n<p data-start=\"301\" data-end=\"594\"><strong data-start=\"301\" data-end=\"326\">ONE Gr\u00e5 White Portion<\/strong> \u00e4r framtagen f\u00f6r dig som uppskattar en <strong data-start=\"366\" data-end=\"432\">klassisk tobakskarakt\u00e4r med ett robust och balanserat smakdjup<\/strong>. Den bjuder p\u00e5 en <strong data-start=\"451\" data-end=\"478\">rik och rund tobakssmak<\/strong> med subtila inslag av <strong data-start=\"501\" data-end=\"521\">citrus och \u00f6rter<\/strong>, som tillsammans skapar en snusupplevelse med b\u00e5de tradition och nyt\u00e4nk.<\/p>\n<p data-start=\"596\" data-end=\"968\">Prillorna kommer i ett <strong data-start=\"619\" data-end=\"648\">slim white portion-format<\/strong>, vilket inneb\u00e4r att de har <strong data-start=\"676\" data-end=\"747\">torr yta f\u00f6r minimal rinnighet och en diskret passform under l\u00e4ppen<\/strong>. Samtidigt har de en l\u00e4tt fuktad insida f\u00f6r att ge en <strong data-start=\"802\" data-end=\"836\">j\u00e4mn och l\u00e5ngvarig smakrelease<\/strong>. Med <strong data-start=\"842\" data-end=\"865\">stark nikotinstyrka<\/strong> \u00e4r detta snuset f\u00f6r den mer vana anv\u00e4ndaren som s\u00f6ker n\u00e5got <strong data-start=\"926\" data-end=\"967\">stilrent, kraftfullt och funktionellt<\/strong>.<\/p>\n<p data-start=\"970\" data-end=\"1114\">ONE Gr\u00e5 \u00e4r en del av den moderna ONE-serien \u2013 utvecklad i samarbete med snusare f\u00f6r att m\u00f6ta h\u00f6ga krav p\u00e5 <strong data-start=\"1076\" data-end=\"1113\">smak, komfort och nikotinleverans<\/strong>.<\/p>\n<p data-start=\"1116\" data-end=\"1253\">\ud83d\udfe6 Letar du efter fler vita portionssnus med karakt\u00e4r? Se v\u00e5rt fulla <a class=\"\" href=\"https:\/\/snus-malmo.se\/sv\/white-portion\/\" target=\"_new\" rel=\"noopener\" data-start=\"1185\" data-end=\"1252\"><strong data-start=\"1186\" data-end=\"1217\">White Portion-sortiment h\u00e4r<\/strong><\/a>.<\/p>\n<hr data-start=\"1255\" data-end=\"1258\" \/>\n<h3 data-start=\"1260\" data-end=\"1284\">Produktinformation:<\/h3>\n<ul data-start=\"1286\" data-end=\"1640\">\n<li data-start=\"1286\" data-end=\"1308\">\n<p data-start=\"1288\" data-end=\"1308\"><strong data-start=\"1288\" data-end=\"1302\">Varum\u00e4rke:<\/strong> ONE<\/p>\n<\/li>\n<li data-start=\"1309\" data-end=\"1342\">\n<p data-start=\"1311\" data-end=\"1342\"><strong data-start=\"1311\" data-end=\"1326\">Produkttyp:<\/strong> White Portion<\/p>\n<\/li>\n<li data-start=\"1343\" data-end=\"1363\">\n<p data-start=\"1345\" data-end=\"1363\"><strong data-start=\"1345\" data-end=\"1356\">Format:<\/strong> Slim<\/p>\n<\/li>\n<li data-start=\"1364\" data-end=\"1409\">\n<p data-start=\"1366\" data-end=\"1409\"><strong data-start=\"1366\" data-end=\"1381\">Smakprofil:<\/strong> M\u00f6rk tobak, \u00d6rter, Citrus<\/p>\n<\/li>\n<li data-start=\"1410\" data-end=\"1431\">\n<p data-start=\"1412\" data-end=\"1431\"><strong data-start=\"1412\" data-end=\"1423\">Styrka:<\/strong> Stark<\/p>\n<\/li>\n<li data-start=\"1432\" data-end=\"1465\">\n<p data-start=\"1434\" data-end=\"1465\"><strong data-start=\"1434\" data-end=\"1450\">Nikotinhalt:<\/strong> ca 1,2\u20131,4 %<\/p>\n<\/li>\n<li data-start=\"1466\" data-end=\"1505\">\n<p data-start=\"1468\" data-end=\"1505\"><strong data-start=\"1468\" data-end=\"1491\">Nikotin per prilla:<\/strong> ca 11\u201314 mg<\/p>\n<\/li>\n<li data-start=\"1506\" data-end=\"1546\">\n<p data-start=\"1508\" data-end=\"1546\"><strong data-start=\"1508\" data-end=\"1535\">Antal prillor per dosa:<\/strong> ca 22 st<\/p>\n<\/li>\n<li data-start=\"1547\" data-end=\"1572\">\n<p data-start=\"1549\" data-end=\"1572\"><strong data-start=\"1549\" data-end=\"1562\">Fukthalt:<\/strong> ca 46 %<\/p>\n<\/li>\n<li data-start=\"1573\" data-end=\"1606\">\n<p data-start=\"1575\" data-end=\"1606\"><strong data-start=\"1575\" data-end=\"1595\">Vikt per prilla:<\/strong> ca 0,7 g<\/p>\n<\/li>\n<li data-start=\"1607\" data-end=\"1640\">\n<p data-start=\"1609\" data-end=\"1640\"><strong data-start=\"1609\" data-end=\"1628\">Nettovikt\/dosa:<\/strong> ca 15,4 g<\/p>\n<\/li>\n<\/ul>\n<hr data-start=\"1642\" data-end=\"1645\" \/>\n<h3 data-start=\"1647\" data-end=\"1695\">D\u00e4rf\u00f6r v\u00e4ljer snusare ONE Gr\u00e5 White Portion:<\/h3>\n<p data-start=\"1697\" data-end=\"1907\">\u2705 Tydlig och m\u00f6rk tobakskarakt\u00e4r<br data-start=\"1729\" data-end=\"1732\" \/>\u2705 Slim white portion \u2013 l\u00e5g rinnighet, diskret k\u00e4nsla<br data-start=\"1784\" data-end=\"1787\" \/>\u2705 Stark styrka \u2013 passar vana anv\u00e4ndare<br data-start=\"1825\" data-end=\"1828\" \/>\u2705 Framtagen tillsammans med snusare<br data-start=\"1863\" data-end=\"1866\" \/>\u2705 Snabb och s\u00e4ker leverans fr\u00e5n Veloop.se<\/p>\n<hr data-start=\"1909\" data-end=\"1912\" \/>\n<p data-start=\"1914\" data-end=\"2030\">Best\u00e4ll <strong data-start=\"1922\" data-end=\"1947\">ONE Gr\u00e5 White Portion<\/strong> fr\u00e5n <strong data-start=\"1953\" data-end=\"1966\">Veloop.se<\/strong> \u2013 en djup smakupplevelse i ett modernt format med stark effekt.<\/p>","protected":false},"excerpt":{"rendered":"<h1 class=\"mb-16 sm:mb-24\">ONE Gr\u00e5 White Portion<\/h1>\n<h2 data-start=\"240\" data-end=\"299\">ONE Gr\u00e5 White Portion \u2013 Djup tobakssmak med modern edge<\/h2>\n<p><strong data-start=\"2055\" data-end=\"2080\">ONE Gr\u00e5 White Portion<\/strong> \u00e4r ett starkt, slimformat snus med kraftfull tobakssmak och inslag av \u00f6rter och citrus \u2013 perfekt f\u00f6r dig som vill ha n\u00e5got robust och diskret.<br data-start=\"2223\" data-end=\"2226\" \/>\ud83d\udc49 Se hela v\u00e5rt <a class=\"\" href=\"https:\/\/snus-malmo.se\/sv\/white-portion\/\" target=\"_new\" rel=\"noopener\" data-start=\"2242\" data-end=\"2309\"><strong data-start=\"2243\" data-end=\"2274\">White Portion-sortiment h\u00e4r<\/strong><\/a>.<\/p>","protected":false},"featured_media":61427,"comment_status":"open","ping_status":"closed","template":"","meta":[],"product_brand":[],"product_cat":[111,73,348,368,135],"product_tag":[],"class_list":{"0":"post-53590","1":"product","2":"type-product","3":"status-publish","4":"has-post-thumbnail","6":"product_cat-one","7":"product_cat-portionssnus","8":"product_cat-regular-large","9":"product_cat-snus-tobakssnus-traditionellt-snus","10":"product_cat-white-portion","12":"first","13":"instock","14":"taxable","15":"shipping-taxable","16":"purchasable","17":"product-type-variable"},"_links":{"self":[{"href":"https:\/\/snus-malmo.se\/sv\/wp-json\/wp\/v2\/product\/53590","targetHints":{"allow":["GET"]}}],"collection":[{"href":"https:\/\/snus-malmo.se\/sv\/wp-json\/wp\/v2\/product"}],"about":[{"href":"https:\/\/snus-malmo.se\/sv\/wp-json\/wp\/v2\/types\/product"}],"replies":[{"embeddable":true,"href":"https:\/\/snus-malmo.se\/sv\/wp-json\/wp\/v2\/comments?post=53590"}],"version-history":[{"count":0,"href":"https:\/\/snus-malmo.se\/sv\/wp-json\/wp\/v2\/product\/53590\/revisions"}],"wp:featuredmedia":[{"embeddable":true,"href":"https:\/\/snus-malmo.se\/sv\/wp-json\/wp\/v2\/media\/61427"}],"wp:attachment":[{"href":"https:\/\/snus-malmo.se\/sv\/wp-json\/wp\/v2\/media?parent=53590"}],"wp:term":[{"taxonomy":"product_brand","embeddable":true,"href":"https:\/\/snus-malmo.se\/sv\/wp-json\/wp\/v2\/product_brand?post=53590"},{"taxonomy":"product_cat","embeddable":true,"href":"https:\/\/snus-malmo.se\/sv\/wp-json\/wp\/v2\/product_cat?post=53590"},{"taxonomy":"product_tag","embeddable":true,"href":"https:\/\/snus-malmo.se\/sv\/wp-json\/wp\/v2\/product_tag?post=53590"}],"curies":[{"name":"wp","href":"https:\/\/api.w.org\/{rel}","templated":true}]}}